{"id":738,"date":"2011-12-27T19:47:55","date_gmt":"2011-12-27T17:47:55","guid":{"rendered":"https:\/\/webs.uab.cat\/grai\/competencia-lectora\/"},"modified":"2011-12-27T19:47:55","modified_gmt":"2011-12-27T17:47:55","slug":"competencia-lectora","status":"publish","type":"page","link":"https:\/\/webs.uab.cat\/grai\/competencia-lectora\/","title":{"rendered":"Compet\u00e8ncia lectora"},"content":{"rendered":"<p style=\"text-align: justify;\">La <strong>compet\u00e8ncia lectora<\/strong> \u00e9s el tercer fonament conceptual del programa.<\/p>\n<p style=\"text-align: justify;\">Com ja sabem, la compet\u00e8ncia lectora compr\u00e8n un conjunt de coneixements, habilitats i estrat\u00e8gies que es construeixen al llarg de la vida en diferents contextos i comunitats en les que l\u2019individu interv\u00e9 i participa i en la que el lector pren un paper protagonista reflexionant i interpretant el significat del text. Segons apunta l\u2019OECD (2009) es pot definir com la capacitat de comprendre i utilitzar textos escrits i de reflexionar i implicar-s\u2019hi personalment amb la finalitat d\u2019assolir els objectius propis, desenvolupar el coneixement i el potencial personal i participar en la societat.<\/p>\n<p style=\"text-align: justify;\">El programa <strong>Llegim en parella<\/strong> intenta crear situacions de comprensi\u00f3 lectora aut\u00e8ntiques, a l\u2019estil de PISA, presentant textos reals. Aquests textos s\u00f3n seleccionats amb tres criteris: varietat de formats, complexitat adequada a l\u2019edat i continguts potencialment interessants amb unitat de significat. Es presenten en <em>Fulls d\u2019activitat<\/em> estructurats en tres apartats: el previ, abans de llegir, en el que es formulen preguntes que ajudin a explorar les caracter\u00edstiques del text; a fer hip\u00f2tesis o prediccions del contingut i a activar els coneixements previs. El de lectura pr\u00f2piament dit, durant el qual es realitzen diverses lectures i en el que tutor i tutorat seguiran el m\u00e8tode de lectura en parella PPP (pausa, pista, ponderaci\u00f3). I, en darrer lloc, l\u2019apartat de comprensi\u00f3, despr\u00e9s de llegir es plantegen preguntes o activitats de comprensi\u00f3 lectora amb formats variats i que inclouen tant activitats de comprensi\u00f3 literal com d\u2019altres que estimulen la interpretaci\u00f3 i la reflexi\u00f3.<\/p>\n<p>&nbsp;<\/p>\n<p>&nbsp;<\/p>\n<p><a href=\"http:\/\/grupsderecerca.uab.cat\/grai\/content\/fonaments-conceptuals\"><img loading=\"lazy\" decoding=\"async\" style=\"float: right;\" src=\"http:\/\/grupsderecerca.uab.cat\/grai\/sites\/grupsderecerca.uab.cat.grai\/files\/inici_3.jpg\" alt=\"\" width=\"95\" height=\"71\" \/><\/a><\/p>\n","protected":false},"excerpt":{"rendered":"<p>La compet\u00e8ncia lectora \u00e9s el tercer fonament conceptual del programa. Com ja sabem, la compet\u00e8ncia lectora compr\u00e8n un conjunt de coneixements, habilitats i estrat\u00e8gies que es construeixen al llarg de la vida en diferents contextos i comunitats en les que l\u2019individu interv\u00e9 i participa i en la que el lector pren un paper protagonista reflexionant [&hellip;]<\/p>\n","protected":false},"author":20,"featured_media":739,"parent":0,"menu_order":0,"comment_status":"closed","ping_status":"closed","template":"","meta":{"footnotes":""},"class_list":["post-738","page","type-page","status-publish","has-post-thumbnail","hentry"],"_links":{"self":[{"href":"https:\/\/webs.uab.cat\/grai\/wp-json\/wp\/v2\/pages\/738","targetHints":{"allow":["GET"]}}],"collection":[{"href":"https:\/\/webs.uab.cat\/grai\/wp-json\/wp\/v2\/pages"}],"about":[{"href":"https:\/\/webs.uab.cat\/grai\/wp-json\/wp\/v2\/types\/page"}],"author":[{"embeddable":true,"href":"https:\/\/webs.uab.cat\/grai\/wp-json\/wp\/v2\/users\/20"}],"replies":[{"embeddable":true,"href":"https:\/\/webs.uab.cat\/grai\/wp-json\/wp\/v2\/comments?post=738"}],"version-history":[{"count":0,"href":"https:\/\/webs.uab.cat\/grai\/wp-json\/wp\/v2\/pages\/738\/revisions"}],"wp:featuredmedia":[{"embeddable":true,"href":"https:\/\/webs.uab.cat\/grai\/wp-json\/wp\/v2\/media\/739"}],"wp:attachment":[{"href":"https:\/\/webs.uab.cat\/grai\/wp-json\/wp\/v2\/media?parent=738"}],"curies":[{"name":"wp","href":"https:\/\/api.w.org\/{rel}","templated":true}]}}