{"id":753,"date":"2011-12-27T20:07:38","date_gmt":"2011-12-27T18:07:38","guid":{"rendered":"https:\/\/webs.uab.cat\/grai\/materials\/"},"modified":"2011-12-27T20:07:38","modified_gmt":"2011-12-27T18:07:38","slug":"materials","status":"publish","type":"page","link":"https:\/\/webs.uab.cat\/grai\/materials\/","title":{"rendered":"Materials"},"content":{"rendered":"<p style=\"text-align: justify;\">El principal material s\u00f3n els<a href=\"http:\/\/grupsderecerca.uab.cat\/grai\/sites\/grupsderecerca.uab.cat.grai\/files\/fullactivitat_0.doc\"> <\/a><a href=\"http:\/\/grupsderecerca.uab.cat\/grai\/sites\/grupsderecerca.uab.cat.grai\/files\/fullactivitat_0.doc\">Fulls d\u2019Activitat<\/a> que modularen la interacci\u00f3 i guiaren als seus membres a aconseguir amb \u00e8xit la compet\u00e8ncia lectora. Aquests fulls s\u00f3n elaborats dins de les Xarxes pels mestres participants; sota les orientacions i criteris de qualitat establerts dins del programa. \u00c9s recomanable crear situacions de comprensi\u00f3 lectora aut\u00e8ntiques a l\u2019estil de PISA, presentant textos reals i seleccionats amb tres criteris: varietat de formats, complexitat adequada a l\u2019edat i continguts potencialment interessants amb unitat de significat. Els fulls s&#8217;estructuren de la forma seg\u00fcent:<\/p>\n<p style=\"text-align: justify;\">&nbsp;<\/p>\n<p style=\"text-align: justify;\"><img loading=\"lazy\" decoding=\"async\" src=\"http:\/\/grupsderecerca.uab.cat\/grai\/sites\/grupsderecerca.uab.cat.grai\/files\/abansdellegir.jpg\" alt=\"\" width=\"724\" height=\"445\" \/><\/p>\n<p style=\"text-align: justify;\">&nbsp;<\/p>\n<p style=\"text-align: justify;\">&nbsp;<\/p>\n<p><a href=\"http:\/\/grupsderecerca.uab.cat\/grai\/content\/llegim-en-parella-0\"><img loading=\"lazy\" decoding=\"async\" style=\"float: right;\" src=\"http:\/\/grupsderecerca.uab.cat\/grai\/sites\/grupsderecerca.uab.cat.grai\/files\/inici_6.jpg\" alt=\"\" width=\"97\" height=\"74\" \/><\/a><\/p>\n","protected":false},"excerpt":{"rendered":"<p>El principal material s\u00f3n els Fulls d\u2019Activitat que modularen la interacci\u00f3 i guiaren als seus membres a aconseguir amb \u00e8xit la compet\u00e8ncia lectora. Aquests fulls s\u00f3n elaborats dins de les Xarxes pels mestres participants; sota les orientacions i criteris de qualitat establerts dins del programa. \u00c9s recomanable crear situacions de comprensi\u00f3 lectora aut\u00e8ntiques a l\u2019estil [&hellip;]<\/p>\n","protected":false},"author":20,"featured_media":754,"parent":0,"menu_order":0,"comment_status":"closed","ping_status":"closed","template":"","meta":{"footnotes":""},"class_list":["post-753","page","type-page","status-publish","has-post-thumbnail","hentry"],"_links":{"self":[{"href":"https:\/\/webs.uab.cat\/grai\/wp-json\/wp\/v2\/pages\/753","targetHints":{"allow":["GET"]}}],"collection":[{"href":"https:\/\/webs.uab.cat\/grai\/wp-json\/wp\/v2\/pages"}],"about":[{"href":"https:\/\/webs.uab.cat\/grai\/wp-json\/wp\/v2\/types\/page"}],"author":[{"embeddable":true,"href":"https:\/\/webs.uab.cat\/grai\/wp-json\/wp\/v2\/users\/20"}],"replies":[{"embeddable":true,"href":"https:\/\/webs.uab.cat\/grai\/wp-json\/wp\/v2\/comments?post=753"}],"version-history":[{"count":0,"href":"https:\/\/webs.uab.cat\/grai\/wp-json\/wp\/v2\/pages\/753\/revisions"}],"wp:featuredmedia":[{"embeddable":true,"href":"https:\/\/webs.uab.cat\/grai\/wp-json\/wp\/v2\/media\/754"}],"wp:attachment":[{"href":"https:\/\/webs.uab.cat\/grai\/wp-json\/wp\/v2\/media?parent=753"}],"curies":[{"name":"wp","href":"https:\/\/api.w.org\/{rel}","templated":true}]}}