{"id":770,"date":"2011-12-27T20:32:05","date_gmt":"2011-12-27T18:32:05","guid":{"rendered":"https:\/\/webs.uab.cat\/grai\/xarxa-de-centres\/"},"modified":"2011-12-27T20:32:05","modified_gmt":"2011-12-27T18:32:05","slug":"xarxa-de-centres","status":"publish","type":"page","link":"https:\/\/webs.uab.cat\/grai\/xarxa-de-centres\/","title":{"rendered":"Xarxa de centres"},"content":{"rendered":"<p style=\"text-align: justify;\">La Xarxa de centres <em><strong>Llegim en parella <\/strong><\/em>va ser creada el 2006 pel Grup d\u2019Investigaci\u00f3 sobre Aprenentatge entre Iguals (GRAI) i es configura com un espai semipresencial de treball en xarxa entre centres amb un doble objectiu:<\/p>\n<ul style=\"text-align: justify;\">\n<li>oferir formaci\u00f3 als docents i condicions de suport mutu entre ells per al desenvolupament del programa;<\/li>\n<li>garantir un cert nivell d\u2019\u00e8xit en l\u2019aprenentatge dels participants que permeti que la innovaci\u00f3 sigui sostenible i incorporada al repertori d\u2019actuacions educatives habituals dels centres.<\/li>\n<\/ul>\n<p style=\"text-align: justify;\">\u00c9s per aquest motiu que s\u2019atorga rellev\u00e0ncia al paper de les d\u00edades de mestres intracentres i intercentres en l\u2019aprenentatge dels docents implicats i en el desenvolupament de la formaci\u00f3, dotant-los d\u2019eines col\u00b7laboratives i reflexives.<\/p>\n<p style=\"text-align: justify;\">S\u2019adopta un model de formaci\u00f3 amb dues formadores (preferiblement) que treballen tamb\u00e9 conjuntament organitzant, gestionant i dinamitzant la xarxa. Les tres sessions de formaci\u00f3 presencial al llarg del curs dedicades a presentar el programa i fer-ne el seguiment de la implementaci\u00f3 i l\u2019avaluaci\u00f3 final, es combinen amb la participaci\u00f3 en una aula virtual en la que es comparteix documentaci\u00f3, dubtes, reflexions, calendari d\u2019implementaci\u00f3, visites, avaluaci\u00f3 i totes aquelles actuacions que tenen a veure amb el programa.<\/p>\n<p style=\"text-align: justify;\">Hi ha xarxes de professorat treballant de manera col\u00b7laborativa a Catalunya, Balears, Saragossa i Euskadi en tres lleng\u00fces: catal\u00e0, castell\u00e0 i euskera.:<\/p>\n<ul style=\"text-align: justify;\">\n<li><strong><span style=\"text-decoration: underline;\">Xarxa Catalunya (des del 2006):<\/span><\/strong><\/li>\n<\/ul>\n<p style=\"text-align: justify;\">CEIP Riera de Ribes&nbsp; (St. Pere de Ribes),CEIP Antoni Grau Minguell (Sant Quint\u00ed&nbsp;de&nbsp;Mediona), Escola Sagrat Cor (Montcada i Reixac), CEIP Pau Casals (St. Lloren\u00e7 d\u2019Hortons), CEIP St. Jordi (Nav\u00e0s), IES Jacint Verdaguer (Sant Sadurn\u00ed d\u2019Anoia), IES Jaume I (Salou), Escola Bergant\u00ed (El Masnou), CEIP Mestre Morera (Barcelona), CEIP Alfred Mata (Puig-reig), CEIP Verd\u00fa (Verd\u00fa), CEIP La Plana (Vila-seca), CEIP Pere Calders (Poliny\u00e0), CEIP St. Josep de Calasan\u00e7 (Lleida), ZER Moian\u00e8s (Moi\u00e0), IES Bernat El Ferrer (Molins de Rei), Escola Vedruna (Art\u00e9s), Escola El Cim (Vilanova i la Geltr\u00fa), Escola Federico Garc\u00eda Lorca (Mollet del Vall\u00e8s), Escola Pau Casals (Vacarisses), Escola P\u00e9rez Iborra (Barcelona), Escola Santa Eul\u00e0lia (Berga), Escola Ginesta (Vilanova i la Geltr\u00fa), IES Pablo Picasso (Barcelona).<\/p>\n<p style=\"text-align: justify;\"><strong>A partir del curs escolar 2012-13 forma part del <\/strong><strong>Pla d&#8217;Impuls a la Lectura <\/strong><strong>del Departament d&#8217;Ensenyament de la Generalitat de Catalunya i s&#8217;est\u00e0 portant a terme a 38 centres de prim\u00e0ria i secund\u00e0ria repartits per tot el territori catal\u00e0.<\/strong><\/p>\n<ul style=\"text-align: justify;\">\n<li><strong><span style=\"text-decoration: underline;\">Xarxa de Mallorca (des del 2009):<\/span><\/strong><strong>&nbsp;<\/strong><\/li>\n<\/ul>\n<p style=\"text-align: justify;\">CP Es Vivero (Palma), CP Melcior Rossell\u00f3 i Simonet (Santa Maria del Cam\u00ed), CP Badies (Gran-Llucmajor), CP Pare Bartomeu Pou (Algaida), CP Els Tamarells (Palma), CP Mestre Colom (Bunyola), CP La Porci\u00fancula (S\u2019Arenal-Palma), CEIP Rafa Vell (Palma), CP Mata de Jonc (Palma), CP S\u2019Aranjassa (Palma), Col.legi Sant Vicen\u00e7 de Pa\u00fcl (S\u00f3ller).<\/p>\n<ul style=\"text-align: justify;\">\n<li><strong><span style=\"text-decoration: underline;\">Xarxa de Menorca (des del 2011):<\/span><\/strong><\/li>\n<\/ul>\n<p style=\"text-align: justify;\">CP Pere Casanovas (Ciutadella), CC Sant Francesc de Sales (Ciutadella), CP Tramuntana (Ma\u00f3), CP Antoni Juan Alemany (Ma\u00f3), CP Sant Llu\u00eds (Sant Llu\u00eds), CP Mare de D\u00e9u del Toro (Es Mercadal).<\/p>\n<ul style=\"text-align: justify;\">\n<li><strong><span style=\"text-decoration: underline;\">Xarxa de Saragossa (des del 2008) amb el programa Leemos en pareja en castell\u00e0:<\/span><\/strong><\/li>\n<\/ul>\n<p style=\"text-align: justify;\">CEIP Antonio Mart\u00ednez Garay (Casetas), CEIP Fernandez Vizarra (Monzalbarba), CEIP&nbsp; Odon de Buen (Zuera), CEIP Los Albares (ex Emiliano Labarta)- (La Puebla de Alfind\u00e9n), CEIP&nbsp; Andr\u00e9s Olv\u00e1n (San Juan de Mozarrifar), CEIP Joaqu\u00edn Costa (Zaragoza), CEIP Eugenio Lopez y Lopez (Zaragoza), CEIP Gustavo Adolfo Becquer (Garrapinillos), Colegio Nuestra Sra. del Carmen (Zaragoza), CEIP Parque Europa (Utebo), CEIP La Portalada (Pastriz), Colegio Guillermo (Fatas-Zaragoza), CEIP Mariano Castillo (Villamayor), Colegio San Gabriel (Zuera).<em>&nbsp;<\/em><\/p>\n<ul style=\"text-align: justify;\">\n<li><em>&nbsp;<\/em><strong><span style=\"text-decoration: underline;\">Xarxa d&#8217;Euskadi (des del 2009): amb el Bikoteka Irakurtzen, treballen b\u00e0sicament en euskera i alguns centres en castell\u00e0<\/span><\/strong><\/li>\n<\/ul>\n<p style=\"text-align: justify;\">Cristobal Gam\u00f3n LHI (Errenteria), Langaitz BHI (Errenteria), Ama Guadalupekoa BHI (Hondarribia), Toki Alai LH (Irun), Karmengo Ama LHI (Pasaia), Aitxuri (Zegama), Alkartasuna Lizeoa (Beasain), Talaia Hondarribiko Eskola (Hondarribia), Gainzuri (Urretxu), S. Andres (Ormaiztegi), La Salle (S. Jose-Beasain), Jakintza Ikastola (Ordizia), Gallego Gorria LHI (Bilbao), Pagasarribide LHI (Bilbao), Intxixu Ikastola (Bilbao), Basurto (Bilbao), Orbegozo (Bilbao), 7 Campas (Bilbao), Cervantes (Bilbao), Alonsotegi (Bilbao), Deusto (Bilbao), Zurbaran (Bilbao), Zamakola (Bilbao), lkartasuna Lizeoa&nbsp; LH (Beasain), J.M.Barandiaran (Ataun), Ugaro (Legorreta), Laiotz (Segura), Belaskoenea (Ir\u00fan), Beraun Berri (Errenteria), Cristobal Gam\u00f3n LHI (Errenteria), Dunboa BHI (Ir\u00fan), Dunboa LH (Ir\u00fan), Koldo Mitxelena LHI (Errenteria), Langaitz LH (Errenteria), Aitor Ikastola (Donostia), Arantzazuko Ama (Donostia), Catalina De Erauso (Donostia), Orixe Ikastola (Donostia), La Anunciata (Donostia), La Salle (Donostia), Jesuitinas (Donostia), M\u00aa Auxiliadora (Donostia), La Salle Berrozpe (Andoain), Fatima (Bilbao), Orereta Ikastola LH (Errenteria), Telleri Lh-BH (Errenteria), Gamon LH ( Errenteria), Elatzeta (Ir\u00fan), Lezo LH (Lezo), Toki Alai BHI (Ir\u00fan), Ugaro LH (Legorreta), Lardizabal Herri Eskola (Zaldibia), Itsasondoko Herri Eskola (Itsasondo), Beasaingo BHI (Beasain), La Salle Legazpi (Zumarraga), Jm.Iparragirre BHI (Urretxu), Ikasbide (Bilbao), San Inazio (Bilbao), Fray Juan (Bilbao), Rekaldeberri BHI (Bilbao), Zorroza BHI (Bilbao), Ispaster LH (Ispaster), Amoroto LHI (Amoroto), M Zubizarreta LHI (Etxebarria), Antoniano (Zarautz), Zestoa Herri Ikastetxea (Zarautz), CEIP Arroa HLHI (Zarautz), Karmelo Etxegarai Ikastola (Zarautz), Basakaitz&nbsp; L.H.I (Zarautz), Andatza LHI (Zarautz), San Martin (Zarautz), Lizardi (Zarautz).<\/p>\n<ul>\n<li><strong>&nbsp; <span style=\"text-decoration: underline;\">Xarxa de Navarra Leemos en pareja\/Bikoteka Irakurtzen(2012-13)<\/span><\/strong><\/li>\n<\/ul>\n<p style=\"text-align: justify;\">Aquest curs escolar (2012-13) s\u2019ha iniciat una nova xarxa del Llegim en parella, la \u201cRed de Navarra Leemos en pareja\/Bikoteka Irakurtzen\u201d, impulsada pel Departamento de Educaci\u00f3n del Gobierno de Navarra i coordinada des del GRAI per la professora Ester Miquel. Es treballa b\u00e0sicament en llengua castellana per\u00f2 tamb\u00e9 hi ha diversos grups que ho fan en euskera i en angl\u00e8s. Hi participen 12 centres: els col\u00b7legis p\u00fablics de Pamplona San Francisco, Do\u00f1a Mayor, Cardenal Ilund\u00e1in i Iturrama; i els centres San Juan (Lumbier), Cerro de la Cruz i IESO Bardenas Reales (Cortes), Mendialdea I (Berriozar), Virgen de la Cerca (Andosilla), \u00c1lvara \u00c1lvarez (Falces), IES Alhama (Corella) i Atakondoa (Irurtzun).&#8221;<\/p>\n<p style=\"text-align: justify;\"><a href=\"http:\/\/grupsderecerca.uab.cat\/grai\/content\/llegim-en-parella-0\"><img loading=\"lazy\" decoding=\"async\" style=\"float: right;\" src=\"http:\/\/grupsderecerca.uab.cat\/grai\/sites\/grupsderecerca.uab.cat.grai\/files\/inici_8.jpg\" alt=\"\" width=\"91\" height=\"69\" \/><\/a><\/p>\n","protected":false},"excerpt":{"rendered":"<p>La Xarxa de centres Llegim en parella va ser creada el 2006 pel Grup d\u2019Investigaci\u00f3 sobre Aprenentatge entre Iguals (GRAI) i es configura com un espai semipresencial de treball en xarxa entre centres amb un doble objectiu: oferir formaci\u00f3 als docents i condicions de suport mutu entre ells per al desenvolupament del programa; garantir un [&hellip;]<\/p>\n","protected":false},"author":20,"featured_media":771,"parent":0,"menu_order":0,"comment_status":"closed","ping_status":"closed","template":"","meta":{"footnotes":""},"class_list":["post-770","page","type-page","status-publish","has-post-thumbnail","hentry"],"_links":{"self":[{"href":"https:\/\/webs.uab.cat\/grai\/wp-json\/wp\/v2\/pages\/770","targetHints":{"allow":["GET"]}}],"collection":[{"href":"https:\/\/webs.uab.cat\/grai\/wp-json\/wp\/v2\/pages"}],"about":[{"href":"https:\/\/webs.uab.cat\/grai\/wp-json\/wp\/v2\/types\/page"}],"author":[{"embeddable":true,"href":"https:\/\/webs.uab.cat\/grai\/wp-json\/wp\/v2\/users\/20"}],"replies":[{"embeddable":true,"href":"https:\/\/webs.uab.cat\/grai\/wp-json\/wp\/v2\/comments?post=770"}],"version-history":[{"count":0,"href":"https:\/\/webs.uab.cat\/grai\/wp-json\/wp\/v2\/pages\/770\/revisions"}],"wp:featuredmedia":[{"embeddable":true,"href":"https:\/\/webs.uab.cat\/grai\/wp-json\/wp\/v2\/media\/771"}],"wp:attachment":[{"href":"https:\/\/webs.uab.cat\/grai\/wp-json\/wp\/v2\/media?parent=770"}],"curies":[{"name":"wp","href":"https:\/\/api.w.org\/{rel}","templated":true}]}}