{"id":19,"date":"2012-09-18T21:59:26","date_gmt":"2012-09-18T21:59:26","guid":{"rendered":"https:\/\/webs.uab.cat\/gramm\/inici\/"},"modified":"2022-08-24T08:47:33","modified_gmt":"2022-08-24T08:47:33","slug":"inici","status":"publish","type":"page","link":"https:\/\/webs.uab.cat\/gramm\/","title":{"rendered":"Home"},"content":{"rendered":"\n<p>[Eng]<\/p>\n\n\n\n<p>GRAMM is a research group devoted to mathematical modelling and to the applications of mathematics to the industry, the administration and the society in general. The team constitutes the core staff supporting the <a href=\"http:\/\/www.mcs-uab.com\">Mathematical Consulting Service<\/a>.<\/p>\n\n\n\n<p>We run an informal monthly seminar, open to the research community, the industry, and to any interested person. To stay informed, follow us on Twitter, or send us an e-mail and we shall add your address to our mailing list.<\/p>\n\n\n\n<hr class=\"wp-block-separator has-alpha-channel-opacity\"\/>\n\n\n\n<p>[Cat]<\/p>\n\n\n\n<p>El GRAMM es dedica a la recerca en temes de modelitzaci\u00f3 matem\u00e0tica i en les aplicacions de la matem\u00e0tica a l&#8217;a ind\u00fastria, l&#8217;administraci\u00f3 i la societat en general. El personal del grup constitueix el nucli principal de suport del <a href=\"http:\/\/www.mcs-uab.cat\">Servei de Consultoria Matem\u00e0tica<\/a>.<\/p>\n\n\n\n<p>El GRAMM proposa un seminari mensual, de caire informal, obert a la comunitat universit\u00e0ria, a la ind\u00fastria, i a qualsevol persona interesada. Per mantenir-vos informats, seguiu-nos a Twitter, o envieu-nos un correu electr\u00f2nic i us afegirem a la nostra llista de correu.<\/p>\n\n\n\n<p>(Aquest lloc web es mant\u00e9 nom\u00e9s en angl\u00e8s.)<\/p>\n\n\n\n<figure class=\"wp-block-image\"><img decoding=\"async\" src=\"\/%7Egramm\/images\/twitter_newbird_blue.png\" alt=\"\"\/><\/figure>\n\n\n\n<hr class=\"wp-block-separator has-alpha-channel-opacity\"\/>\n\n\n\n<p><a class=\"twitter-follow-button\" href=\"https:\/\/twitter.com\/GRAMM_UAB\">Follow @GRAMM_UAB<\/a><\/p>\n","protected":false},"excerpt":{"rendered":"<p>[Eng] GRAMM is a research group devoted to mathematical modelling and to the applications of mathematics to the industry, the administration and the society in general. The team constitutes the core staff supporting the Mathematical Consulting Service. We run an informal monthly seminar, open to the research community, the industry, and to any interested person. [&hellip;]<\/p>\n","protected":false},"author":20,"featured_media":0,"parent":0,"menu_order":0,"comment_status":"closed","ping_status":"closed","template":"","meta":{"footnotes":""},"class_list":["post-19","page","type-page","status-publish","hentry"],"_links":{"self":[{"href":"https:\/\/webs.uab.cat\/gramm\/wp-json\/wp\/v2\/pages\/19","targetHints":{"allow":["GET"]}}],"collection":[{"href":"https:\/\/webs.uab.cat\/gramm\/wp-json\/wp\/v2\/pages"}],"about":[{"href":"https:\/\/webs.uab.cat\/gramm\/wp-json\/wp\/v2\/types\/page"}],"author":[{"embeddable":true,"href":"https:\/\/webs.uab.cat\/gramm\/wp-json\/wp\/v2\/users\/20"}],"replies":[{"embeddable":true,"href":"https:\/\/webs.uab.cat\/gramm\/wp-json\/wp\/v2\/comments?post=19"}],"version-history":[{"count":2,"href":"https:\/\/webs.uab.cat\/gramm\/wp-json\/wp\/v2\/pages\/19\/revisions"}],"predecessor-version":[{"id":69,"href":"https:\/\/webs.uab.cat\/gramm\/wp-json\/wp\/v2\/pages\/19\/revisions\/69"}],"wp:attachment":[{"href":"https:\/\/webs.uab.cat\/gramm\/wp-json\/wp\/v2\/media?parent=19"}],"curies":[{"name":"wp","href":"https:\/\/api.w.org\/{rel}","templated":true}]}}