{"id":16,"date":"2024-10-30T10:44:32","date_gmt":"2024-10-30T08:44:32","guid":{"rendered":"https:\/\/webs.uab.cat\/gramp\/?page_id=16"},"modified":"2024-11-18T15:06:47","modified_gmt":"2024-11-18T13:06:47","slug":"projectes","status":"publish","type":"page","link":"https:\/\/webs.uab.cat\/gramp\/projectes\/","title":{"rendered":"Projectes"},"content":{"rendered":"\n<h2 class=\"wp-block-heading alignwide has-verd-tropic-color has-text-color has-link-color wp-elements-9df0dabc5c84d5576e7e01b142fcaac2\">Los fuegos holocenos en la configuraci\u00f3n de los espacios abiertos de la monta\u00f1a del Norte peninsular. Herramientas para la gesti\u00f3n de los incendios en \u00e1reas protegidas (CALIB-FIRE) (2024-2028)<\/h2>\n\n\n\n<div class=\"wp-block-columns alignwide has-gris-pubilla-background-color has-background is-layout-flex wp-container-core-columns-is-layout-9d6595d7 wp-block-columns-is-layout-flex\">\n<div class=\"wp-block-column is-layout-flow wp-block-column-is-layout-flow\" style=\"flex-basis:33.33%\">\n<figure class=\"wp-block-image size-full\"><img loading=\"lazy\" decoding=\"async\" width=\"1024\" height=\"579\" src=\"https:\/\/webs.uab.cat\/gramp\/wp-content\/uploads\/sites\/531\/2024\/11\/image-1.png\" alt=\"\" class=\"wp-image-51\" srcset=\"https:\/\/webs.uab.cat\/gramp\/wp-content\/uploads\/sites\/531\/2024\/11\/image-1.png 1024w, https:\/\/webs.uab.cat\/gramp\/wp-content\/uploads\/sites\/531\/2024\/11\/image-1-300x170.png 300w, https:\/\/webs.uab.cat\/gramp\/wp-content\/uploads\/sites\/531\/2024\/11\/image-1-768x434.png 768w\" sizes=\"auto, (max-width: 1024px) 100vw, 1024px\" \/><\/figure>\n<\/div>\n\n\n\n<div class=\"wp-block-column is-layout-flow wp-block-column-is-layout-flow\" style=\"flex-basis:66.66%\">\n<ul class=\"wp-block-list\">\n<li><strong>Entitat finan\u00e7adora:<\/strong> Ministerio de Ciencia, Innovaci\u00f3n y Universidades (PID2023-151124NB-I00).<\/li>\n\n\n\n<li><strong>Entitats participants: <\/strong>Universitat Aut\u00f2noma de Barcelona y Universidad de Cantabria.<\/li>\n\n\n\n<li><strong>Data d&#8217;inici:<\/strong>\u00a001\/09\/2024\u00a0<\/li>\n\n\n\n<li><strong>Data finalitzaci\u00f3:<\/strong>  31\/08\/2028\u00a0 <\/li>\n\n\n\n<li><strong>Quantitat de la subvenci\u00f3:<\/strong> 93.875,00 \u20ac<\/li>\n\n\n\n<li><strong>Investigadors responsables: <\/strong>Albert P\u00e8lachs (IP1) i Anna Badia Perpiny\u00e0 (IP2).<\/li>\n\n\n\n<li><strong>Nombre d\u2019investigadors participants:<\/strong> 7<\/li>\n<\/ul>\n<\/div>\n<\/div>\n\n\n\n<h2 class=\"wp-block-heading alignwide has-verd-tropic-color has-text-color has-link-color wp-elements-7fc8651e06e0cb06eb3d5ee2f2ccb6d6\">(Re)pensar la gesti\u00f3 dels espais oberts i de la ramaderia extensiva a l&#8217;Alt Pirineu en el context del Canvi clim\u00e0tic (RePiCa) (2024-2025)<\/h2>\n\n\n\n<div class=\"wp-block-columns alignwide has-gris-pubilla-background-color has-background is-layout-flex wp-container-core-columns-is-layout-9d6595d7 wp-block-columns-is-layout-flex\">\n<div class=\"wp-block-column is-layout-flow wp-block-column-is-layout-flow\" style=\"flex-basis:33.33%\">\n<figure class=\"wp-block-image size-large\"><img loading=\"lazy\" decoding=\"async\" width=\"1024\" height=\"576\" src=\"https:\/\/webs.uab.cat\/gramp\/wp-content\/uploads\/sites\/531\/2024\/11\/image-2-1024x576.png\" alt=\"\" class=\"wp-image-52\" srcset=\"https:\/\/webs.uab.cat\/gramp\/wp-content\/uploads\/sites\/531\/2024\/11\/image-2-1024x576.png 1024w, https:\/\/webs.uab.cat\/gramp\/wp-content\/uploads\/sites\/531\/2024\/11\/image-2-300x169.png 300w, https:\/\/webs.uab.cat\/gramp\/wp-content\/uploads\/sites\/531\/2024\/11\/image-2-768x432.png 768w, https:\/\/webs.uab.cat\/gramp\/wp-content\/uploads\/sites\/531\/2024\/11\/image-2-1536x864.png 1536w, https:\/\/webs.uab.cat\/gramp\/wp-content\/uploads\/sites\/531\/2024\/11\/image-2-2048x1152.png 2048w, https:\/\/webs.uab.cat\/gramp\/wp-content\/uploads\/sites\/531\/2024\/11\/image-2-1200x675.png 1200w, https:\/\/webs.uab.cat\/gramp\/wp-content\/uploads\/sites\/531\/2024\/11\/image-2-1980x1114.png 1980w\" sizes=\"auto, (max-width: 1024px) 100vw, 1024px\" \/><\/figure>\n<\/div>\n\n\n\n<div class=\"wp-block-column is-layout-flow wp-block-column-is-layout-flow\" style=\"flex-basis:66.66%\">\n<ul class=\"wp-block-list\">\n<li><strong>Entitat finan\u00e7adora:<\/strong> AGAUR \u2013 Generalitat de Catalunya (2023 CLIMA 00085).<\/li>\n\n\n\n<li><strong>Entitats participants: <\/strong>Universitat Aut\u00f2noma de Barcelona, CREAF, Universitat de Vic, CSIC-Mil\u00e0 i Fontals, ISGlobal, Universitat de Barcelona, CEAB-CSIC, Universitat de Lleida, Museu de Ci\u00e8ncia Natural de Granollers, Parc Natural de l\u2019Alt Pirineu, Projecte Boscos, Parc Nacional d\u2019Aig\u00fcestortes i Estany de Sant Maurici, Montanyanes, Associaci\u00f3 Rurbans-Escola de Pastors, Associaci\u00f3 professional de ramaders de ra\u00e7a bruna dels Pirineus del Pallars Sobir\u00e0, Universidad de C\u00f3rdoba.<\/li>\n\n\n\n<li><strong>Data d&#8217;inici:<\/strong>\u00a001\/01\/2024\u00a0<\/li>\n\n\n\n<li><strong>Data finalitzaci\u00f3:<\/strong>  31\/12\/2025\u00a0 <\/li>\n\n\n\n<li><strong>Quantitat de la subvenci\u00f3:<\/strong> 354.376,44 \u20ac<\/li>\n\n\n\n<li><strong>Investigadora responsable: <\/strong>Anna Badia Perpiny\u00e0.<\/li>\n\n\n\n<li><strong>Nombre d\u2019investigadors participants:<\/strong> 36<\/li>\n<\/ul>\n<\/div>\n<\/div>\n\n\n\n<h2 class=\"wp-block-heading alignwide has-verd-tropic-color has-text-color has-link-color wp-elements-efbd57c01203afe3c2f59efbbf19d574\">Calibraci\u00f3n de indicadores de influencia humana y clim\u00e1tica para la (re)interpretaci\u00f3n de la expansi\u00f3n postglacial y de las din\u00e1micas de los bosques en los \u00faltimos 18.000 a\u00f1os (2020-2024)<\/h2>\n\n\n\n<div class=\"wp-block-columns alignwide has-gris-pubilla-background-color has-background is-layout-flex wp-container-core-columns-is-layout-9d6595d7 wp-block-columns-is-layout-flex\">\n<div class=\"wp-block-column is-layout-flow wp-block-column-is-layout-flow\" style=\"flex-basis:33.33%\">\n<figure class=\"wp-block-image size-full\"><img loading=\"lazy\" decoding=\"async\" width=\"1024\" height=\"576\" src=\"https:\/\/webs.uab.cat\/gramp\/wp-content\/uploads\/sites\/531\/2024\/11\/image-3.png\" alt=\"\" class=\"wp-image-53\" srcset=\"https:\/\/webs.uab.cat\/gramp\/wp-content\/uploads\/sites\/531\/2024\/11\/image-3.png 1024w, https:\/\/webs.uab.cat\/gramp\/wp-content\/uploads\/sites\/531\/2024\/11\/image-3-300x169.png 300w, https:\/\/webs.uab.cat\/gramp\/wp-content\/uploads\/sites\/531\/2024\/11\/image-3-768x432.png 768w\" sizes=\"auto, (max-width: 1024px) 100vw, 1024px\" \/><\/figure>\n<\/div>\n\n\n\n<div class=\"wp-block-column is-layout-flow wp-block-column-is-layout-flow\" style=\"flex-basis:66.66%\">\n<ul class=\"wp-block-list\">\n<li><strong>Entitat finan\u00e7adora:<\/strong> Ministerio de Ciencia e Innovaci\u00f3n (PID2019-108282GB-I00).<\/li>\n\n\n\n<li><strong>Entitats participants:<\/strong> Universitat Aut\u00f2noma de Barcelona, Universidad de Cantabria, Universidad de Oviedo y Universitat de Barcelona.<\/li>\n\n\n\n<li><strong>Data d&#8217;inici:<\/strong>\u00a001\/06\/2020\u00a0<\/li>\n\n\n\n<li><strong>Data finalitzaci\u00f3:<\/strong>  31\/05\/2024\u00a0 <\/li>\n\n\n\n<li><strong>Quantitat de la subvenci\u00f3:<\/strong> 48.400 \u20ac<\/li>\n\n\n\n<li><strong>Investigadors responsables: <\/strong>Albert P\u00e8lachs (IP1) i Anna Badia Perpiny\u00e0 (IP2).<\/li>\n\n\n\n<li><strong>Nombre d\u2019investigadors participants:<\/strong> 13<\/li>\n<\/ul>\n<\/div>\n<\/div>\n\n\n\n<h2 class=\"wp-block-heading alignwide has-verd-tropic-color has-text-color has-link-color wp-elements-66f882db01a53d4093c8cd1eaa6af236\">Los bosques del pasado como clave para comprender los bosques del futuro: din\u00e1mica hist\u00f3rica de los abetales en la vertiente sudoriental pirenaica (2017-2019)<\/h2>\n\n\n\n<div class=\"wp-block-columns alignwide has-gris-pubilla-background-color has-background is-layout-flex wp-container-core-columns-is-layout-9d6595d7 wp-block-columns-is-layout-flex\">\n<div class=\"wp-block-column is-layout-flow wp-block-column-is-layout-flow\" style=\"flex-basis:33.33%\">\n<figure class=\"wp-block-image size-large is-resized\"><img loading=\"lazy\" decoding=\"async\" width=\"1024\" height=\"678\" src=\"https:\/\/webs.uab.cat\/gramp\/wp-content\/uploads\/sites\/531\/2024\/11\/projecteEstudio-biogeografico-historico-1024x678.jpg\" alt=\"\" class=\"wp-image-54\" style=\"object-fit:cover;width:372px;height:215px\" srcset=\"https:\/\/webs.uab.cat\/gramp\/wp-content\/uploads\/sites\/531\/2024\/11\/projecteEstudio-biogeografico-historico-1024x678.jpg 1024w, https:\/\/webs.uab.cat\/gramp\/wp-content\/uploads\/sites\/531\/2024\/11\/projecteEstudio-biogeografico-historico-300x199.jpg 300w, https:\/\/webs.uab.cat\/gramp\/wp-content\/uploads\/sites\/531\/2024\/11\/projecteEstudio-biogeografico-historico-768x509.jpg 768w, https:\/\/webs.uab.cat\/gramp\/wp-content\/uploads\/sites\/531\/2024\/11\/projecteEstudio-biogeografico-historico-1536x1017.jpg 1536w, https:\/\/webs.uab.cat\/gramp\/wp-content\/uploads\/sites\/531\/2024\/11\/projecteEstudio-biogeografico-historico-2048x1356.jpg 2048w, https:\/\/webs.uab.cat\/gramp\/wp-content\/uploads\/sites\/531\/2024\/11\/projecteEstudio-biogeografico-historico-1200x795.jpg 1200w, https:\/\/webs.uab.cat\/gramp\/wp-content\/uploads\/sites\/531\/2024\/11\/projecteEstudio-biogeografico-historico-1980x1311.jpg 1980w\" sizes=\"auto, (max-width: 1024px) 100vw, 1024px\" \/><\/figure>\n<\/div>\n\n\n\n<div class=\"wp-block-column is-layout-flow wp-block-column-is-layout-flow\" style=\"flex-basis:66.66%\">\n<ul class=\"wp-block-list\">\n<li><strong>Entitat finan\u00e7adora:<\/strong> Ministerio de Economia y Competitividad (CSO2015-74008-JIN).<\/li>\n\n\n\n<li><strong>Entitats participants:<\/strong> Universitat Aut\u00f2noma de Barcelona i Universidad da Coru\u00f1a.<\/li>\n\n\n\n<li><strong>Data d&#8217;inici:<\/strong>\u00a001\/01\/2016\u00a0<\/li>\n\n\n\n<li><strong>Data finalitzaci\u00f3:<\/strong>  31\/12\/2019\u00a0 <\/li>\n\n\n\n<li><strong>Quantitat de la subvenci\u00f3:<\/strong> 41.100 \u20ac<\/li>\n\n\n\n<li><strong>Investigadors responsables: <\/strong>Albert P\u00e8lachs (IP1) y Joan Manuel Soriano L\u00f3pez (IP2).<\/li>\n\n\n\n<li><strong>Nombre d\u2019investigadors participants:<\/strong> 8<\/li>\n<\/ul>\n<\/div>\n<\/div>\n\n\n\n<h2 class=\"wp-block-heading alignwide has-verd-tropic-color has-text-color has-link-color wp-elements-4510a9281566732d3f85596bd646a740\">An\u00e1lisis ecol\u00f3gico de la culturizaci\u00f3n del paisaje de alta monta\u00f1a desde el Neol\u00edtico: los Parques Nacionales de monta\u00f1a como modelo (CUL-PA) (2013-2016)<\/h2>\n\n\n\n<div class=\"wp-block-columns alignwide has-gris-pubilla-background-color has-background is-layout-flex wp-container-core-columns-is-layout-9d6595d7 wp-block-columns-is-layout-flex\">\n<div class=\"wp-block-column is-layout-flow wp-block-column-is-layout-flow\" style=\"flex-basis:33.33%\">\n<figure class=\"wp-block-image size-large is-resized\"><img loading=\"lazy\" decoding=\"async\" width=\"1024\" height=\"576\" src=\"https:\/\/webs.uab.cat\/gramp\/wp-content\/uploads\/sites\/531\/2024\/11\/ParcNacional_2013-1024x576.jpg\" alt=\"\" class=\"wp-image-55\" style=\"object-fit:cover;width:372px;height:215px\" srcset=\"https:\/\/webs.uab.cat\/gramp\/wp-content\/uploads\/sites\/531\/2024\/11\/ParcNacional_2013-1024x576.jpg 1024w, https:\/\/webs.uab.cat\/gramp\/wp-content\/uploads\/sites\/531\/2024\/11\/ParcNacional_2013-300x169.jpg 300w, https:\/\/webs.uab.cat\/gramp\/wp-content\/uploads\/sites\/531\/2024\/11\/ParcNacional_2013-768x432.jpg 768w, https:\/\/webs.uab.cat\/gramp\/wp-content\/uploads\/sites\/531\/2024\/11\/ParcNacional_2013-1536x864.jpg 1536w, https:\/\/webs.uab.cat\/gramp\/wp-content\/uploads\/sites\/531\/2024\/11\/ParcNacional_2013-2048x1152.jpg 2048w, https:\/\/webs.uab.cat\/gramp\/wp-content\/uploads\/sites\/531\/2024\/11\/ParcNacional_2013-1200x675.jpg 1200w, https:\/\/webs.uab.cat\/gramp\/wp-content\/uploads\/sites\/531\/2024\/11\/ParcNacional_2013-1980x1114.jpg 1980w\" sizes=\"auto, (max-width: 1024px) 100vw, 1024px\" \/><\/figure>\n<\/div>\n\n\n\n<div class=\"wp-block-column is-layout-flow wp-block-column-is-layout-flow\" style=\"flex-basis:66.66%\">\n<ul class=\"wp-block-list\">\n<li><strong>Entitat finan\u00e7adora:<\/strong> Organismo Aut\u00f3nomo de Parques Nacionales, Ministerio de agricultura, alimentaci\u00f3n y Medio Ambiente. (Ref. 998\/2013).<\/li>\n\n\n\n<li><strong>Entitats participants:<\/strong> Centre de Recerques Ecol\u00f2giques i Aplicacions Forestals(CREAF)-CSIC, Centre Tecnol\u00f2gic Forestal de Catalunya (CTFC), Instituto Pirenaico de Ecolog\u00eda (IPE)-CSIC, Universidad de Granada, Universitat Aut\u00f2noma de Barcelona, Institut Mil\u00e0 i Fontanals (IMF)-CSIC, Universidad de Zaragoza, Universitat de Barcelona, Centre d\u2019Estudis Ambientals de Blanes (CEAMB)-CSIC y Institut Ci\u00e8ncies de la Terra Jaume Almera (ICTJA)-CSIC.<\/li>\n\n\n\n<li><strong>Data d&#8217;inici:<\/strong>\u00a029\/11\/2013\u00a0<\/li>\n\n\n\n<li><strong>Data finalitzaci\u00f3:<\/strong>  30\/11\/2016\u00a0 <\/li>\n\n\n\n<li><strong>Quantitat de la subvenci\u00f3:<\/strong> 74.562,55 \u20ac<\/li>\n\n\n\n<li><strong>Investigador responsable: <\/strong>Jordi Catalan.<\/li>\n\n\n\n<li><strong>Nombre d\u2019investigadors participants:<\/strong> 30<\/li>\n<\/ul>\n<\/div>\n<\/div>\n\n\n\n<h2 class=\"wp-block-heading alignwide has-verd-tropic-color has-text-color has-link-color wp-elements-eb354841b9a392c032d879f85b81946c\">Geohistoria ambiental del fuego en el Holoceno. Patrones culturales y gesti\u00f3n territorial desde el inicio de la ganader\u00eda y la agricultura en la monta\u00f1a Cant\u00e1brica y Pirineo (2013-2015)<\/h2>\n\n\n\n<div class=\"wp-block-columns alignwide has-gris-pubilla-background-color has-background is-layout-flex wp-container-core-columns-is-layout-9d6595d7 wp-block-columns-is-layout-flex\">\n<div class=\"wp-block-column is-layout-flow wp-block-column-is-layout-flow\" style=\"flex-basis:33.33%\">\n<figure class=\"wp-block-image size-large is-resized\"><img loading=\"lazy\" decoding=\"async\" width=\"1024\" height=\"684\" src=\"https:\/\/webs.uab.cat\/gramp\/wp-content\/uploads\/sites\/531\/2024\/11\/ProjecteGeohistoria-ambiental-del-fuego-1024x684.jpg\" alt=\"\" class=\"wp-image-56\" style=\"object-fit:cover;width:372px;height:215px\" srcset=\"https:\/\/webs.uab.cat\/gramp\/wp-content\/uploads\/sites\/531\/2024\/11\/ProjecteGeohistoria-ambiental-del-fuego-1024x684.jpg 1024w, https:\/\/webs.uab.cat\/gramp\/wp-content\/uploads\/sites\/531\/2024\/11\/ProjecteGeohistoria-ambiental-del-fuego-300x200.jpg 300w, https:\/\/webs.uab.cat\/gramp\/wp-content\/uploads\/sites\/531\/2024\/11\/ProjecteGeohistoria-ambiental-del-fuego-768x513.jpg 768w, https:\/\/webs.uab.cat\/gramp\/wp-content\/uploads\/sites\/531\/2024\/11\/ProjecteGeohistoria-ambiental-del-fuego-1536x1025.jpg 1536w, https:\/\/webs.uab.cat\/gramp\/wp-content\/uploads\/sites\/531\/2024\/11\/ProjecteGeohistoria-ambiental-del-fuego-2048x1367.jpg 2048w, https:\/\/webs.uab.cat\/gramp\/wp-content\/uploads\/sites\/531\/2024\/11\/ProjecteGeohistoria-ambiental-del-fuego-1200x801.jpg 1200w, https:\/\/webs.uab.cat\/gramp\/wp-content\/uploads\/sites\/531\/2024\/11\/ProjecteGeohistoria-ambiental-del-fuego-1980x1322.jpg 1980w\" sizes=\"auto, (max-width: 1024px) 100vw, 1024px\" \/><\/figure>\n<\/div>\n\n\n\n<div class=\"wp-block-column is-layout-flow wp-block-column-is-layout-flow\" style=\"flex-basis:66.66%\">\n<ul class=\"wp-block-list\">\n<li><strong>Entitat finan\u00e7adora:<\/strong> Ministerio de Econom\u00eda y Competitividad (CSO2012-39680-C02-02).<\/li>\n\n\n\n<li><strong>Entitat participant:<\/strong> Universitat Aut\u00f2noma de Barcelona.<\/li>\n\n\n\n<li><strong>Data d&#8217;inici:<\/strong>\u00a001\/01\/2013\u00a0<\/li>\n\n\n\n<li><strong>Data finalitzaci\u00f3:<\/strong>  31\/12\/2015\u00a0 <\/li>\n\n\n\n<li><strong>Quantitat de la subvenci\u00f3:<\/strong> 37.908 \u20ac<\/li>\n\n\n\n<li><strong>Investigador responsable: <\/strong>Albert P\u00e8lachs.<\/li>\n\n\n\n<li><strong>Nombre d\u2019investigadors participants:<\/strong> 10<\/li>\n<\/ul>\n<\/div>\n<\/div>\n","protected":false},"excerpt":{"rendered":"<p>Los fuegos holocenos en la configuraci\u00f3n de los espacios abiertos de la monta\u00f1a del Norte peninsular. Herramientas para la gesti\u00f3n de los incendios en \u00e1reas protegidas (CALIB-FIRE) (2024-2028) (Re)pensar la gesti\u00f3 dels espais oberts i de la ramaderia extensiva a l&#8217;Alt Pirineu en el context del Canvi clim\u00e0tic (RePiCa) (2024-2025) Calibraci\u00f3n de indicadores de influencia [&hellip;]<\/p>\n","protected":false},"author":2819,"featured_media":0,"parent":0,"menu_order":0,"comment_status":"closed","ping_status":"closed","template":"","meta":{"footnotes":""},"class_list":["post-16","page","type-page","status-publish","hentry"],"_links":{"self":[{"href":"https:\/\/webs.uab.cat\/gramp\/wp-json\/wp\/v2\/pages\/16","targetHints":{"allow":["GET"]}}],"collection":[{"href":"https:\/\/webs.uab.cat\/gramp\/wp-json\/wp\/v2\/pages"}],"about":[{"href":"https:\/\/webs.uab.cat\/gramp\/wp-json\/wp\/v2\/types\/page"}],"author":[{"embeddable":true,"href":"https:\/\/webs.uab.cat\/gramp\/wp-json\/wp\/v2\/users\/2819"}],"replies":[{"embeddable":true,"href":"https:\/\/webs.uab.cat\/gramp\/wp-json\/wp\/v2\/comments?post=16"}],"version-history":[{"count":2,"href":"https:\/\/webs.uab.cat\/gramp\/wp-json\/wp\/v2\/pages\/16\/revisions"}],"predecessor-version":[{"id":57,"href":"https:\/\/webs.uab.cat\/gramp\/wp-json\/wp\/v2\/pages\/16\/revisions\/57"}],"wp:attachment":[{"href":"https:\/\/webs.uab.cat\/gramp\/wp-json\/wp\/v2\/media?parent=16"}],"curies":[{"name":"wp","href":"https:\/\/api.w.org\/{rel}","templated":true}]}}