{"id":2,"date":"2023-12-15T11:52:01","date_gmt":"2023-12-15T09:52:01","guid":{"rendered":"https:\/\/webs.uab.cat\/gramp\/?page_id=2"},"modified":"2024-10-30T10:36:46","modified_gmt":"2024-10-30T08:36:46","slug":"pagina-exemple","status":"publish","type":"page","link":"https:\/\/webs.uab.cat\/gramp\/","title":{"rendered":"Inici"},"content":{"rendered":"\n<p>Geografia hist\u00f2rica ambiental de les \u00e0rees de muntanya a partir de t\u00e8cniques paleobot\u00e0niques, indicadors del medi f\u00edsic actuals i fonts documentals.<\/p>\n\n\n\n<figure class=\"wp-block-image size-large\"><img loading=\"lazy\" decoding=\"async\" width=\"1024\" height=\"576\" src=\"https:\/\/webs.uab.cat\/gramp\/wp-content\/uploads\/sites\/531\/2024\/10\/gramp-1024x576.jpg\" alt=\"\" class=\"wp-image-5\" srcset=\"https:\/\/webs.uab.cat\/gramp\/wp-content\/uploads\/sites\/531\/2024\/10\/gramp-1024x576.jpg 1024w, https:\/\/webs.uab.cat\/gramp\/wp-content\/uploads\/sites\/531\/2024\/10\/gramp-300x169.jpg 300w, https:\/\/webs.uab.cat\/gramp\/wp-content\/uploads\/sites\/531\/2024\/10\/gramp-768x432.jpg 768w, https:\/\/webs.uab.cat\/gramp\/wp-content\/uploads\/sites\/531\/2024\/10\/gramp-1536x864.jpg 1536w, https:\/\/webs.uab.cat\/gramp\/wp-content\/uploads\/sites\/531\/2024\/10\/gramp-2048x1152.jpg 2048w, https:\/\/webs.uab.cat\/gramp\/wp-content\/uploads\/sites\/531\/2024\/10\/gramp-1200x675.jpg 1200w, https:\/\/webs.uab.cat\/gramp\/wp-content\/uploads\/sites\/531\/2024\/10\/gramp-1980x1114.jpg 1980w\" sizes=\"auto, (max-width: 1024px) 100vw, 1024px\" \/><\/figure>\n","protected":false},"excerpt":{"rendered":"<p>Geografia hist\u00f2rica ambiental de les \u00e0rees de muntanya a partir de t\u00e8cniques paleobot\u00e0niques, indicadors del medi f\u00edsic actuals i fonts documentals.<\/p>\n","protected":false},"author":2819,"featured_media":0,"parent":0,"menu_order":0,"comment_status":"closed","ping_status":"open","template":"","meta":{"footnotes":""},"class_list":["post-2","page","type-page","status-publish","hentry"],"_links":{"self":[{"href":"https:\/\/webs.uab.cat\/gramp\/wp-json\/wp\/v2\/pages\/2","targetHints":{"allow":["GET"]}}],"collection":[{"href":"https:\/\/webs.uab.cat\/gramp\/wp-json\/wp\/v2\/pages"}],"about":[{"href":"https:\/\/webs.uab.cat\/gramp\/wp-json\/wp\/v2\/types\/page"}],"author":[{"embeddable":true,"href":"https:\/\/webs.uab.cat\/gramp\/wp-json\/wp\/v2\/users\/2819"}],"replies":[{"embeddable":true,"href":"https:\/\/webs.uab.cat\/gramp\/wp-json\/wp\/v2\/comments?post=2"}],"version-history":[{"count":1,"href":"https:\/\/webs.uab.cat\/gramp\/wp-json\/wp\/v2\/pages\/2\/revisions"}],"predecessor-version":[{"id":6,"href":"https:\/\/webs.uab.cat\/gramp\/wp-json\/wp\/v2\/pages\/2\/revisions\/6"}],"wp:attachment":[{"href":"https:\/\/webs.uab.cat\/gramp\/wp-json\/wp\/v2\/media?parent=2"}],"curies":[{"name":"wp","href":"https:\/\/api.w.org\/{rel}","templated":true}]}}