{"id":20,"date":"2024-10-30T10:49:21","date_gmt":"2024-10-30T08:49:21","guid":{"rendered":"https:\/\/webs.uab.cat\/gramp\/?page_id=20"},"modified":"2025-05-08T12:08:14","modified_gmt":"2025-05-08T10:08:14","slug":"congressos","status":"publish","type":"page","link":"https:\/\/webs.uab.cat\/gramp\/congressos\/","title":{"rendered":"Congressos"},"content":{"rendered":"\n<h2 class=\"wp-block-heading alignwide has-verd-tropic-color has-text-color has-link-color wp-elements-08a38c95599f653b098c9306f5de8fa4\">2024<\/h2>\n\n\n\n<div class=\"wp-block-columns alignwide has-gris-pubilla-background-color has-background is-layout-flex wp-container-core-columns-is-layout-9d6595d7 wp-block-columns-is-layout-flex\">\n<div class=\"wp-block-column is-layout-flow wp-block-column-is-layout-flow\" style=\"flex-basis:33.33%\">\n<figure class=\"wp-block-image size-large\"><img loading=\"lazy\" decoding=\"async\" width=\"1024\" height=\"814\" src=\"https:\/\/webs.uab.cat\/gramp\/wp-content\/uploads\/sites\/531\/2025\/05\/2025-05-08-11_42_42-Configuracio-1024x814.png\" alt=\"\" class=\"wp-image-93\" srcset=\"https:\/\/webs.uab.cat\/gramp\/wp-content\/uploads\/sites\/531\/2025\/05\/2025-05-08-11_42_42-Configuracio-1024x814.png 1024w, https:\/\/webs.uab.cat\/gramp\/wp-content\/uploads\/sites\/531\/2025\/05\/2025-05-08-11_42_42-Configuracio-300x239.png 300w, https:\/\/webs.uab.cat\/gramp\/wp-content\/uploads\/sites\/531\/2025\/05\/2025-05-08-11_42_42-Configuracio-768x611.png 768w, https:\/\/webs.uab.cat\/gramp\/wp-content\/uploads\/sites\/531\/2025\/05\/2025-05-08-11_42_42-Configuracio.png 1064w\" sizes=\"auto, (max-width: 1024px) 100vw, 1024px\" \/><\/figure>\n<\/div>\n\n\n\n<div class=\"wp-block-column is-layout-flow wp-block-column-is-layout-flow\" style=\"flex-basis:66.66%\">\n<p><strong>XXXVII Jornadas de campo de Geograf\u00eda F\u00edsica. Pirineos-2024<\/strong><\/p>\n\n\n\n<ul class=\"wp-block-list\">\n<li><strong>\u00c0mbit:<\/strong> Asociaci\u00f3n de Ge\u00f3grafos Espa\u00f1oles (AGE) i Departament de Geografia de la  Universitat Aut\u00f2noma de Barcelona (UAB)<br><\/li>\n\n\n\n<li><strong>Dates<\/strong>: 29\/06\/2024 &#8211; 29\/06\/2024<\/li>\n<\/ul>\n\n\n\n<div class=\"wp-block-buttons is-layout-flex wp-block-buttons-is-layout-flex\">\n<div class=\"wp-block-button\"><a class=\"wp-block-button__link wp-element-button\" href=\"https:\/\/webs.uab.cat\/pirineu2024\/\">M\u00e9s informaci\u00f3<\/a><\/div>\n<\/div>\n<\/div>\n<\/div>\n\n\n\n<h2 class=\"wp-block-heading alignwide has-verd-tropic-color has-text-color has-link-color wp-elements-3e7fd0856c57e39244e85f580c9e0342\">2012<\/h2>\n\n\n\n<div class=\"wp-block-columns alignwide has-gris-pubilla-background-color has-background is-layout-flex wp-container-core-columns-is-layout-9d6595d7 wp-block-columns-is-layout-flex\">\n<div class=\"wp-block-column is-layout-flow wp-block-column-is-layout-flow\" style=\"flex-basis:33.33%\">\n<figure class=\"wp-block-image size-large\"><img loading=\"lazy\" decoding=\"async\" width=\"1024\" height=\"721\" src=\"https:\/\/webs.uab.cat\/gramp\/wp-content\/uploads\/sites\/531\/2025\/05\/2025-05-08-11_40_35-Webs-GR-Meritxell.Gisbert@uab.cat-Outlook-1024x721.png\" alt=\"\" class=\"wp-image-91\" srcset=\"https:\/\/webs.uab.cat\/gramp\/wp-content\/uploads\/sites\/531\/2025\/05\/2025-05-08-11_40_35-Webs-GR-Meritxell.Gisbert@uab.cat-Outlook-1024x721.png 1024w, https:\/\/webs.uab.cat\/gramp\/wp-content\/uploads\/sites\/531\/2025\/05\/2025-05-08-11_40_35-Webs-GR-Meritxell.Gisbert@uab.cat-Outlook-300x211.png 300w, https:\/\/webs.uab.cat\/gramp\/wp-content\/uploads\/sites\/531\/2025\/05\/2025-05-08-11_40_35-Webs-GR-Meritxell.Gisbert@uab.cat-Outlook-768x541.png 768w, https:\/\/webs.uab.cat\/gramp\/wp-content\/uploads\/sites\/531\/2025\/05\/2025-05-08-11_40_35-Webs-GR-Meritxell.Gisbert@uab.cat-Outlook-1200x845.png 1200w, https:\/\/webs.uab.cat\/gramp\/wp-content\/uploads\/sites\/531\/2025\/05\/2025-05-08-11_40_35-Webs-GR-Meritxell.Gisbert@uab.cat-Outlook.png 1285w\" sizes=\"auto, (max-width: 1024px) 100vw, 1024px\" \/><\/figure>\n<\/div>\n\n\n\n<div class=\"wp-block-column is-layout-flow wp-block-column-is-layout-flow\" style=\"flex-basis:66.66%\">\n<p><strong>VII Congreso Espa\u00f1ol de Biogeograf\u00eda<\/strong><\/p>\n\n\n\n<ul class=\"wp-block-list\">\n<li><strong>\u00c0mbit:<\/strong> Asociaci\u00f3n de Ge\u00f3grafos Espa\u00f1oles (AGE) i Departament de Geografia de la  Universitat Aut\u00f2noma de Barcelona (UAB)<br><\/li>\n\n\n\n<li><strong>Dates<\/strong>: 03\/09\/2012 &#8211; 07\/09\/2012<\/li>\n<\/ul>\n\n\n\n<div class=\"wp-block-buttons is-layout-flex wp-block-buttons-is-layout-flex\">\n<div class=\"wp-block-button\"><a class=\"wp-block-button__link wp-element-button\" href=\"https:\/\/webs.uab.cat\/gramp\/wp-content\/uploads\/sites\/531\/2025\/05\/tercera_circular_vii_congreso_biogeografia.pdf\">M\u00e9s informaci\u00f3<\/a><\/div>\n<\/div>\n<\/div>\n<\/div>\n\n\n\n<h2 class=\"wp-block-heading alignwide has-verd-tropic-color has-text-color has-link-color wp-elements-df5e70e92a5164be8d7051544748965b\">2001<\/h2>\n\n\n\n<div class=\"wp-block-columns alignwide has-gris-pubilla-background-color has-background is-layout-flex wp-container-core-columns-is-layout-9d6595d7 wp-block-columns-is-layout-flex\">\n<div class=\"wp-block-column is-layout-flow wp-block-column-is-layout-flow\" style=\"flex-basis:33.33%\">\n<figure class=\"wp-block-image size-large\"><img loading=\"lazy\" decoding=\"async\" width=\"1024\" height=\"768\" src=\"https:\/\/webs.uab.cat\/gramp\/wp-content\/uploads\/sites\/531\/2025\/05\/JCGFUAB-070701-480-APA-1024x768.jpg\" alt=\"\" class=\"wp-image-94\" srcset=\"https:\/\/webs.uab.cat\/gramp\/wp-content\/uploads\/sites\/531\/2025\/05\/JCGFUAB-070701-480-APA-1024x768.jpg 1024w, https:\/\/webs.uab.cat\/gramp\/wp-content\/uploads\/sites\/531\/2025\/05\/JCGFUAB-070701-480-APA-300x225.jpg 300w, https:\/\/webs.uab.cat\/gramp\/wp-content\/uploads\/sites\/531\/2025\/05\/JCGFUAB-070701-480-APA-768x576.jpg 768w, https:\/\/webs.uab.cat\/gramp\/wp-content\/uploads\/sites\/531\/2025\/05\/JCGFUAB-070701-480-APA-1536x1152.jpg 1536w, https:\/\/webs.uab.cat\/gramp\/wp-content\/uploads\/sites\/531\/2025\/05\/JCGFUAB-070701-480-APA-2048x1536.jpg 2048w, https:\/\/webs.uab.cat\/gramp\/wp-content\/uploads\/sites\/531\/2025\/05\/JCGFUAB-070701-480-APA-1200x900.jpg 1200w, https:\/\/webs.uab.cat\/gramp\/wp-content\/uploads\/sites\/531\/2025\/05\/JCGFUAB-070701-480-APA-1980x1485.jpg 1980w\" sizes=\"auto, (max-width: 1024px) 100vw, 1024px\" \/><\/figure>\n<\/div>\n\n\n\n<div class=\"wp-block-column is-layout-flow wp-block-column-is-layout-flow\" style=\"flex-basis:66.66%\">\n<p><strong>XVI Jornadas de Campo de Geograf\u00eda F\u00edsica\u00a0<\/strong><\/p>\n\n\n\n<ul class=\"wp-block-list\">\n<li><strong>\u00c0mbit:<\/strong> Asociaci\u00f3n de Ge\u00f3grafos Espa\u00f1oles (AGE) i Departament de Geografia de la  Universitat Aut\u00f2noma de Barcelona (UAB)<br><\/li>\n\n\n\n<li><strong>Dates<\/strong>: 02\/07\/2001 &#8211; 08\/07\/2001<\/li>\n<\/ul>\n<\/div>\n<\/div>\n","protected":false},"excerpt":{"rendered":"<p>2024 XXXVII Jornadas de campo de Geograf\u00eda F\u00edsica. Pirineos-2024 2012 VII Congreso Espa\u00f1ol de Biogeograf\u00eda 2001 XVI Jornadas de Campo de Geograf\u00eda F\u00edsica\u00a0<\/p>\n","protected":false},"author":2819,"featured_media":0,"parent":0,"menu_order":0,"comment_status":"closed","ping_status":"closed","template":"","meta":{"footnotes":""},"class_list":["post-20","page","type-page","status-publish","hentry"],"_links":{"self":[{"href":"https:\/\/webs.uab.cat\/gramp\/wp-json\/wp\/v2\/pages\/20","targetHints":{"allow":["GET"]}}],"collection":[{"href":"https:\/\/webs.uab.cat\/gramp\/wp-json\/wp\/v2\/pages"}],"about":[{"href":"https:\/\/webs.uab.cat\/gramp\/wp-json\/wp\/v2\/types\/page"}],"author":[{"embeddable":true,"href":"https:\/\/webs.uab.cat\/gramp\/wp-json\/wp\/v2\/users\/2819"}],"replies":[{"embeddable":true,"href":"https:\/\/webs.uab.cat\/gramp\/wp-json\/wp\/v2\/comments?post=20"}],"version-history":[{"count":4,"href":"https:\/\/webs.uab.cat\/gramp\/wp-json\/wp\/v2\/pages\/20\/revisions"}],"predecessor-version":[{"id":97,"href":"https:\/\/webs.uab.cat\/gramp\/wp-json\/wp\/v2\/pages\/20\/revisions\/97"}],"wp:attachment":[{"href":"https:\/\/webs.uab.cat\/gramp\/wp-json\/wp\/v2\/media?parent=20"}],"curies":[{"name":"wp","href":"https:\/\/api.w.org\/{rel}","templated":true}]}}