{"id":61,"date":"2024-11-18T15:12:40","date_gmt":"2024-11-18T13:12:40","guid":{"rendered":"https:\/\/webs.uab.cat\/gramp\/?page_id=61"},"modified":"2025-05-08T11:05:40","modified_gmt":"2025-05-08T09:05:40","slug":"historic","status":"publish","type":"page","link":"https:\/\/webs.uab.cat\/gramp\/historic\/","title":{"rendered":"Hist\u00f2ric"},"content":{"rendered":"\n<div class=\"wp-block-columns alignwide is-layout-flex wp-container-core-columns-is-layout-9d6595d7 wp-block-columns-is-layout-flex\">\n<div class=\"wp-block-column has-gris-pubilla-background-color has-background is-layout-flow wp-block-column-is-layout-flow\">\n<p class=\"has-text-align-center has-large-font-size\"><strong>Abel Albet Mas<\/strong><\/p>\n\n\n\n<p class=\"has-text-align-center\">Departament de Geografia<br>Universitat Aut\u00f2noma de Barcelona<\/p>\n<\/div>\n\n\n\n<div class=\"wp-block-column has-gris-pubilla-background-color has-background is-layout-flow wp-block-column-is-layout-flow\">\n<p class=\"has-text-align-center has-large-font-size\"><strong>Maria Barrachina Jim\u00e9nez<\/strong><\/p>\n\n\n\n<p class=\"has-text-align-center\">Departament de Geografia<br>Universitat Aut\u00f2noma de Barcelona<\/p>\n<\/div>\n\n\n\n<div class=\"wp-block-column has-gris-pubilla-background-color has-background is-layout-flow wp-block-column-is-layout-flow\">\n<p class=\"has-text-align-center has-large-font-size\"><strong>Mart\u00ed Boada Junc\u00e0<\/strong><\/p>\n\n\n\n<p class=\"has-text-align-center\">Departament de Geografia<br>Universitat Aut\u00f2noma de Barcelona<\/p>\n<\/div>\n<\/div>\n\n\n\n<div class=\"wp-block-columns alignwide is-layout-flex wp-container-core-columns-is-layout-9d6595d7 wp-block-columns-is-layout-flex\">\n<div class=\"wp-block-column has-gris-pubilla-background-color has-background is-layout-flow wp-block-column-is-layout-flow\">\n<p class=\"has-text-align-center has-large-font-size\"><strong>Carles Guirado Gonz\u00e1lez<\/strong><\/p>\n\n\n\n<p class=\"has-text-align-center\">Departament de Geografia<br>Universitat Aut\u00f2noma de Barcelona<\/p>\n<\/div>\n\n\n\n<div class=\"wp-block-column has-gris-pubilla-background-color has-background is-layout-flow wp-block-column-is-layout-flow\">\n<p class=\"has-text-align-center has-large-font-size\"><strong>N\u00faria Matamala Fargas<\/strong><\/p>\n\n\n\n<p class=\"has-text-align-center\">Departament de Geografia<br>Universitat Aut\u00f2noma de Barcelona<\/p>\n<\/div>\n\n\n\n<div class=\"wp-block-column has-gris-pubilla-background-color has-background is-layout-flow wp-block-column-is-layout-flow\">\n<p class=\"has-text-align-center has-large-font-size\"><strong>Enric Mendiz\u00e0bal Riera<\/strong><\/p>\n\n\n\n<p class=\"has-text-align-center\">Departament de Geografia<br>Universitat Aut\u00f2noma de Barcelona<\/p>\n<\/div>\n<\/div>\n\n\n\n<div class=\"wp-block-columns alignwide is-layout-flex wp-container-core-columns-is-layout-9d6595d7 wp-block-columns-is-layout-flex\">\n<div class=\"wp-block-column has-gris-pubilla-background-color has-background is-layout-flow wp-block-column-is-layout-flow\">\n<p class=\"has-text-align-center has-large-font-size\"><strong>Joan Nunes Alonso<\/strong><\/p>\n\n\n\n<p class=\"has-text-align-center\">Departament de Geografia<br>Universitat Aut\u00f2noma de Barcelona<\/p>\n<\/div>\n\n\n\n<div class=\"wp-block-column has-gris-pubilla-background-color has-background is-layout-flow wp-block-column-is-layout-flow\">\n<p class=\"has-text-align-center has-large-font-size\"><strong>Aimada Sol\u00e9 Figueras<\/strong><\/p>\n\n\n\n<p class=\"has-text-align-center\">Departament de Geografia<br>Universitat Aut\u00f2noma de Barcelona<\/p>\n<\/div>\n\n\n\n<div class=\"wp-block-column has-gris-pubilla-background-color has-background is-layout-flow wp-block-column-is-layout-flow\">\n<p class=\"has-text-align-center has-large-font-size\"><strong>Joan Manuel Soriano L\u00f3pez<\/strong><\/p>\n\n\n\n<p class=\"has-text-align-center\">Departament de Geografia<br>Universitat Aut\u00f2noma de Barcelona<\/p>\n<\/div>\n<\/div>\n\n\n\n<div class=\"wp-block-columns alignwide is-layout-flex wp-container-core-columns-is-layout-9d6595d7 wp-block-columns-is-layout-flex\">\n<div class=\"wp-block-column has-gris-pubilla-background-color has-background is-layout-flow wp-block-column-is-layout-flow\">\n<p class=\"has-text-align-center has-large-font-size\"><strong>Ana Vera Mart\u00edn<\/strong><\/p>\n\n\n\n<p class=\"has-text-align-center\">Departament de Geografia<br>Universitat Aut\u00f2noma de Barcelona<\/p>\n<\/div>\n\n\n\n<div class=\"wp-block-column has-blanc-coco-background-color has-background is-layout-flow wp-block-column-is-layout-flow\">\n<p class=\"has-text-align-center has-large-font-size\"><\/p>\n<\/div>\n\n\n\n<div class=\"wp-block-column has-blanc-coco-background-color has-background is-layout-flow wp-block-column-is-layout-flow\">\n<p class=\"has-text-align-center has-large-font-size\"><\/p>\n<\/div>\n<\/div>\n","protected":false},"excerpt":{"rendered":"<p>Abel Albet Mas Departament de GeografiaUniversitat Aut\u00f2noma de Barcelona Maria Barrachina Jim\u00e9nez Departament de GeografiaUniversitat Aut\u00f2noma de Barcelona Mart\u00ed Boada Junc\u00e0 Departament de GeografiaUniversitat Aut\u00f2noma de Barcelona Carles Guirado Gonz\u00e1lez Departament de GeografiaUniversitat Aut\u00f2noma de Barcelona N\u00faria Matamala Fargas Departament de GeografiaUniversitat Aut\u00f2noma de Barcelona Enric Mendiz\u00e0bal Riera Departament de GeografiaUniversitat Aut\u00f2noma de Barcelona Joan [&hellip;]<\/p>\n","protected":false},"author":2819,"featured_media":0,"parent":0,"menu_order":0,"comment_status":"closed","ping_status":"closed","template":"","meta":{"footnotes":""},"class_list":["post-61","page","type-page","status-publish","hentry"],"_links":{"self":[{"href":"https:\/\/webs.uab.cat\/gramp\/wp-json\/wp\/v2\/pages\/61","targetHints":{"allow":["GET"]}}],"collection":[{"href":"https:\/\/webs.uab.cat\/gramp\/wp-json\/wp\/v2\/pages"}],"about":[{"href":"https:\/\/webs.uab.cat\/gramp\/wp-json\/wp\/v2\/types\/page"}],"author":[{"embeddable":true,"href":"https:\/\/webs.uab.cat\/gramp\/wp-json\/wp\/v2\/users\/2819"}],"replies":[{"embeddable":true,"href":"https:\/\/webs.uab.cat\/gramp\/wp-json\/wp\/v2\/comments?post=61"}],"version-history":[{"count":2,"href":"https:\/\/webs.uab.cat\/gramp\/wp-json\/wp\/v2\/pages\/61\/revisions"}],"predecessor-version":[{"id":80,"href":"https:\/\/webs.uab.cat\/gramp\/wp-json\/wp\/v2\/pages\/61\/revisions\/80"}],"wp:attachment":[{"href":"https:\/\/webs.uab.cat\/gramp\/wp-json\/wp\/v2\/media?parent=61"}],"curies":[{"name":"wp","href":"https:\/\/api.w.org\/{rel}","templated":true}]}}