{"id":136,"date":"2024-01-18T15:04:22","date_gmt":"2024-01-18T15:04:22","guid":{"rendered":"https:\/\/webs.uab.cat\/grampo-sappo\/?page_id=136"},"modified":"2024-03-11T11:04:20","modified_gmt":"2024-03-11T11:04:20","slug":"projectes-catalunya","status":"publish","type":"page","link":"https:\/\/webs.uab.cat\/grampo-sappo\/projectes-catalunya\/","title":{"rendered":"Projectes Catalunya"},"content":{"rendered":"\n<div class=\"wp-block-columns alignwide is-layout-flex wp-container-core-columns-is-layout-9d6595d7 wp-block-columns-is-layout-flex\">\n<div class=\"wp-block-column is-layout-flow wp-block-column-is-layout-flow\">\n<p>El grup de recerca\u00a0<a href=\"https:\/\/webs.uab.cat\/grampo-sappo\/\">SAPPO-GRAMPO<\/a> desenvolupa un conjunt de projectes que es porten a terme en diferents espais geogr\u00e0fics de l&#8217;\u00e0mbit catal\u00e0. Els projectes que s&#8217;estan desenvolupant a l&#8217;actualitat s\u00f3n els seg\u00fcents:<\/p>\n<\/div>\n<\/div>\n\n\n\n<div class=\"wp-block-columns alignwide is-layout-flex wp-container-core-columns-is-layout-9d6595d7 wp-block-columns-is-layout-flex\">\n<div class=\"wp-block-column is-layout-flow wp-block-column-is-layout-flow\">\n<div class=\"wp-block-columns alignwide is-layout-flex wp-container-core-columns-is-layout-9d6595d7 wp-block-columns-is-layout-flex\">\n<div class=\"wp-block-column is-layout-flow wp-block-column-is-layout-flow\">\n<div class=\"wp-block-cover is-light\" style=\"min-height:283px;aspect-ratio:unset;\"><span aria-hidden=\"true\" class=\"wp-block-cover__background has-background-dim\"><\/span><img loading=\"lazy\" decoding=\"async\" width=\"1043\" height=\"695\" class=\"wp-block-cover__image-background wp-image-365\" alt=\"\" src=\"https:\/\/webs.uab.cat\/grampo-sappo\/wp-content\/uploads\/sites\/386\/2024\/03\/Vilanera_1.png\" data-object-fit=\"cover\" srcset=\"https:\/\/webs.uab.cat\/grampo-sappo\/wp-content\/uploads\/sites\/386\/2024\/03\/Vilanera_1.png 1043w, https:\/\/webs.uab.cat\/grampo-sappo\/wp-content\/uploads\/sites\/386\/2024\/03\/Vilanera_1-300x200.png 300w, https:\/\/webs.uab.cat\/grampo-sappo\/wp-content\/uploads\/sites\/386\/2024\/03\/Vilanera_1-1024x682.png 1024w, https:\/\/webs.uab.cat\/grampo-sappo\/wp-content\/uploads\/sites\/386\/2024\/03\/Vilanera_1-768x512.png 768w\" sizes=\"auto, (max-width: 1043px) 100vw, 1043px\" \/><div class=\"wp-block-cover__inner-container is-layout-flow wp-block-cover-is-layout-flow\">\n<p class=\"has-text-align-center has-large-font-size\"><strong><mark style=\"background-color:var(--color-blanc)\" class=\"has-inline-color\">VILANERA<\/mark><\/strong><\/p>\n<\/div><\/div>\n\n\n\n<div class=\"wp-block-columns is-layout-flex wp-container-core-columns-is-layout-9d6595d7 wp-block-columns-is-layout-flex\">\n<div class=\"wp-block-column is-layout-flow wp-block-column-is-layout-flow\">\n<div class=\"wp-block-buttons is-content-justification-center is-layout-flex wp-container-core-buttons-is-layout-16018d1d wp-block-buttons-is-layout-flex\">\n<div class=\"wp-block-button has-custom-width wp-block-button__width-50\"><a class=\"wp-block-button__link wp-element-button\" href=\"https:\/\/webs.uab.cat\/grampo-sappo\/vilanera\/\">+ informaci\u00f3<\/a><\/div>\n<\/div>\n<\/div>\n<\/div>\n<\/div>\n\n\n\n<div class=\"wp-block-column is-layout-flow wp-block-column-is-layout-flow\">\n<div class=\"wp-block-cover\" style=\"min-height:283px;aspect-ratio:unset;\"><span aria-hidden=\"true\" class=\"wp-block-cover__background has-background-dim\"><\/span><img loading=\"lazy\" decoding=\"async\" width=\"1588\" height=\"980\" class=\"wp-block-cover__image-background wp-image-368\" alt=\"\" src=\"https:\/\/webs.uab.cat\/grampo-sappo\/wp-content\/uploads\/sites\/386\/2024\/03\/PLA-DE-barcelona.jpg\" data-object-fit=\"cover\" srcset=\"https:\/\/webs.uab.cat\/grampo-sappo\/wp-content\/uploads\/sites\/386\/2024\/03\/PLA-DE-barcelona.jpg 1588w, https:\/\/webs.uab.cat\/grampo-sappo\/wp-content\/uploads\/sites\/386\/2024\/03\/PLA-DE-barcelona-300x185.jpg 300w, https:\/\/webs.uab.cat\/grampo-sappo\/wp-content\/uploads\/sites\/386\/2024\/03\/PLA-DE-barcelona-1024x632.jpg 1024w, https:\/\/webs.uab.cat\/grampo-sappo\/wp-content\/uploads\/sites\/386\/2024\/03\/PLA-DE-barcelona-768x474.jpg 768w, https:\/\/webs.uab.cat\/grampo-sappo\/wp-content\/uploads\/sites\/386\/2024\/03\/PLA-DE-barcelona-1536x948.jpg 1536w, https:\/\/webs.uab.cat\/grampo-sappo\/wp-content\/uploads\/sites\/386\/2024\/03\/PLA-DE-barcelona-1200x741.jpg 1200w\" sizes=\"auto, (max-width: 1588px) 100vw, 1588px\" \/><div class=\"wp-block-cover__inner-container is-layout-flow wp-block-cover-is-layout-flow\">\n<p class=\"has-text-align-center has-large-font-size\"><strong><mark style=\"background-color:var(--color-blanc)\" class=\"has-inline-color\">PLA DE BARCELONA<\/mark><\/strong><\/p>\n<\/div><\/div>\n\n\n\n<div class=\"wp-block-buttons is-content-justification-center is-layout-flex wp-container-core-buttons-is-layout-16018d1d wp-block-buttons-is-layout-flex\">\n<div class=\"wp-block-button\"><a class=\"wp-block-button__link wp-element-button\" href=\"https:\/\/webs.uab.cat\/grampo-sappo\/pla-de-barcelona\/\">+ informaci\u00f3<\/a><\/div>\n<\/div>\n<\/div>\n\n\n\n<div class=\"wp-block-column is-layout-flow wp-block-column-is-layout-flow\">\n<div class=\"wp-block-cover is-light\" style=\"min-height:283px;aspect-ratio:unset;\"><span aria-hidden=\"true\" class=\"wp-block-cover__background has-background-dim\"><\/span><img loading=\"lazy\" decoding=\"async\" width=\"1600\" height=\"1200\" class=\"wp-block-cover__image-background wp-image-359\" alt=\"\" src=\"https:\/\/webs.uab.cat\/grampo-sappo\/wp-content\/uploads\/sites\/386\/2024\/03\/RIBERA-SALADA.jpg\" style=\"object-position:45% 71%\" data-object-fit=\"cover\" data-object-position=\"45% 71%\" srcset=\"https:\/\/webs.uab.cat\/grampo-sappo\/wp-content\/uploads\/sites\/386\/2024\/03\/RIBERA-SALADA.jpg 1600w, https:\/\/webs.uab.cat\/grampo-sappo\/wp-content\/uploads\/sites\/386\/2024\/03\/RIBERA-SALADA-300x225.jpg 300w, https:\/\/webs.uab.cat\/grampo-sappo\/wp-content\/uploads\/sites\/386\/2024\/03\/RIBERA-SALADA-1024x768.jpg 1024w, https:\/\/webs.uab.cat\/grampo-sappo\/wp-content\/uploads\/sites\/386\/2024\/03\/RIBERA-SALADA-768x576.jpg 768w, https:\/\/webs.uab.cat\/grampo-sappo\/wp-content\/uploads\/sites\/386\/2024\/03\/RIBERA-SALADA-1536x1152.jpg 1536w, https:\/\/webs.uab.cat\/grampo-sappo\/wp-content\/uploads\/sites\/386\/2024\/03\/RIBERA-SALADA-1200x900.jpg 1200w\" sizes=\"auto, (max-width: 1600px) 100vw, 1600px\" \/><div class=\"wp-block-cover__inner-container is-layout-flow wp-block-cover-is-layout-flow\">\n<p class=\"has-text-align-center has-large-font-size\"> <strong><mark style=\"background-color:var(--color-blanc)\" class=\"has-inline-color\">RIBERA SALADA<\/mark><\/strong><\/p>\n<\/div><\/div>\n\n\n\n<div class=\"wp-block-buttons is-content-justification-center is-layout-flex wp-container-core-buttons-is-layout-16018d1d wp-block-buttons-is-layout-flex\">\n<div class=\"wp-block-button\"><a class=\"wp-block-button__link wp-element-button\" href=\"https:\/\/webs.uab.cat\/grampo-sappo\/ribera-salada\/\">+ informaci\u00f3<\/a><\/div>\n<\/div>\n<\/div>\n<\/div>\n\n\n\n<div class=\"wp-block-columns alignwide is-layout-flex wp-container-core-columns-is-layout-9d6595d7 wp-block-columns-is-layout-flex\">\n<div class=\"wp-block-column is-layout-flow wp-block-column-is-layout-flow\">\n<div class=\"wp-block-cover is-light\" style=\"min-height:283px;aspect-ratio:unset;\"><span aria-hidden=\"true\" class=\"wp-block-cover__background has-background-dim\"><\/span><img loading=\"lazy\" decoding=\"async\" width=\"2560\" height=\"1901\" class=\"wp-block-cover__image-background wp-image-356\" alt=\"\" src=\"https:\/\/webs.uab.cat\/grampo-sappo\/wp-content\/uploads\/sites\/386\/2024\/03\/EBRE-scaled.jpg\" data-object-fit=\"cover\" srcset=\"https:\/\/webs.uab.cat\/grampo-sappo\/wp-content\/uploads\/sites\/386\/2024\/03\/EBRE-scaled.jpg 2560w, https:\/\/webs.uab.cat\/grampo-sappo\/wp-content\/uploads\/sites\/386\/2024\/03\/EBRE-300x223.jpg 300w, https:\/\/webs.uab.cat\/grampo-sappo\/wp-content\/uploads\/sites\/386\/2024\/03\/EBRE-1024x761.jpg 1024w, https:\/\/webs.uab.cat\/grampo-sappo\/wp-content\/uploads\/sites\/386\/2024\/03\/EBRE-768x570.jpg 768w, https:\/\/webs.uab.cat\/grampo-sappo\/wp-content\/uploads\/sites\/386\/2024\/03\/EBRE-1536x1141.jpg 1536w, https:\/\/webs.uab.cat\/grampo-sappo\/wp-content\/uploads\/sites\/386\/2024\/03\/EBRE-2048x1521.jpg 2048w, https:\/\/webs.uab.cat\/grampo-sappo\/wp-content\/uploads\/sites\/386\/2024\/03\/EBRE-1200x891.jpg 1200w, https:\/\/webs.uab.cat\/grampo-sappo\/wp-content\/uploads\/sites\/386\/2024\/03\/EBRE-1980x1471.jpg 1980w\" sizes=\"auto, (max-width: 2560px) 100vw, 2560px\" \/><div class=\"wp-block-cover__inner-container is-layout-flow wp-block-cover-is-layout-flow\">\n<p class=\"has-text-align-center has-large-font-size\"><strong><mark style=\"background-color:var(--color-blanc)\" class=\"has-inline-color\">EBRE<\/mark><\/strong><\/p>\n<\/div><\/div>\n\n\n\n<div class=\"wp-block-columns is-layout-flex wp-container-core-columns-is-layout-9d6595d7 wp-block-columns-is-layout-flex\">\n<div class=\"wp-block-column is-layout-flow wp-block-column-is-layout-flow\">\n<ul class=\"wp-block-list\">\n<li>Cova del Vidres<\/li>\n\n\n\n<li>Barranc del Regatxol<\/li>\n\n\n\n<li>Terrasses fluvials<\/li>\n\n\n\n<li>&#8230;<\/li>\n<\/ul>\n<\/div>\n\n\n\n<div class=\"wp-block-column is-layout-flow wp-block-column-is-layout-flow\">\n<div class=\"wp-block-buttons is-content-justification-center is-layout-flex wp-container-core-buttons-is-layout-16018d1d wp-block-buttons-is-layout-flex\">\n<div class=\"wp-block-button\"><a class=\"wp-block-button__link wp-element-button\" href=\"https:\/\/webs.uab.cat\/grampo-sappo\/ebre\/\">+ informaci\u00f3<\/a><\/div>\n<\/div>\n<\/div>\n<\/div>\n<\/div>\n\n\n\n<div class=\"wp-block-column is-layout-flow wp-block-column-is-layout-flow\">\n<div class=\"wp-block-cover\" style=\"min-height:283px;aspect-ratio:unset;\"><span aria-hidden=\"true\" class=\"wp-block-cover__background has-background-dim\"><\/span><img loading=\"lazy\" decoding=\"async\" width=\"1461\" height=\"999\" class=\"wp-block-cover__image-background wp-image-362\" alt=\"\" src=\"https:\/\/webs.uab.cat\/grampo-sappo\/wp-content\/uploads\/sites\/386\/2024\/03\/Tavertet.jpg\" data-object-fit=\"cover\" srcset=\"https:\/\/webs.uab.cat\/grampo-sappo\/wp-content\/uploads\/sites\/386\/2024\/03\/Tavertet.jpg 1461w, https:\/\/webs.uab.cat\/grampo-sappo\/wp-content\/uploads\/sites\/386\/2024\/03\/Tavertet-300x205.jpg 300w, https:\/\/webs.uab.cat\/grampo-sappo\/wp-content\/uploads\/sites\/386\/2024\/03\/Tavertet-1024x700.jpg 1024w, https:\/\/webs.uab.cat\/grampo-sappo\/wp-content\/uploads\/sites\/386\/2024\/03\/Tavertet-768x525.jpg 768w, https:\/\/webs.uab.cat\/grampo-sappo\/wp-content\/uploads\/sites\/386\/2024\/03\/Tavertet-1200x821.jpg 1200w\" sizes=\"auto, (max-width: 1461px) 100vw, 1461px\" \/><div class=\"wp-block-cover__inner-container is-layout-flow wp-block-cover-is-layout-flow\">\n<p class=\"has-text-align-center has-large-font-size\"><strong><mark style=\"background-color:var(--color-blanc)\" class=\"has-inline-color\">TAVERTET<\/mark><\/strong><\/p>\n<\/div><\/div>\n\n\n\n<div class=\"wp-block-columns is-layout-flex wp-container-core-columns-is-layout-9d6595d7 wp-block-columns-is-layout-flex\">\n<div class=\"wp-block-column is-layout-flow wp-block-column-is-layout-flow\">\n<ul class=\"wp-block-list\">\n<li>Pla del Castell<\/li>\n\n\n\n<li>Cova de les Pixarelles<\/li>\n\n\n\n<li>Grup megal\u00edtic de Tavertet<\/li>\n\n\n\n<li>&#8230;<\/li>\n<\/ul>\n<\/div>\n\n\n\n<div class=\"wp-block-column is-layout-flow wp-block-column-is-layout-flow\">\n<div class=\"wp-block-buttons is-content-justification-center is-layout-flex wp-container-core-buttons-is-layout-16018d1d wp-block-buttons-is-layout-flex\">\n<div class=\"wp-block-button\"><a class=\"wp-block-button__link wp-element-button\" href=\"https:\/\/webs.uab.cat\/grampo-sappo\/valls-de-sau-i-cabrares\/\">+ informaci\u00f3<\/a><\/div>\n<\/div>\n<\/div>\n<\/div>\n<\/div>\n<\/div>\n<\/div>\n<\/div>\n","protected":false},"excerpt":{"rendered":"<p>El grup de recerca\u00a0SAPPO-GRAMPO desenvolupa un conjunt de projectes que es porten a terme en diferents espais geogr\u00e0fics de l&#8217;\u00e0mbit catal\u00e0. Els projectes que s&#8217;estan desenvolupant a l&#8217;actualitat s\u00f3n els seg\u00fcents:<\/p>\n","protected":false},"author":2843,"featured_media":0,"parent":0,"menu_order":0,"comment_status":"closed","ping_status":"closed","template":"","meta":{"footnotes":""},"class_list":["post-136","page","type-page","status-publish","hentry"],"_links":{"self":[{"href":"https:\/\/webs.uab.cat\/grampo-sappo\/wp-json\/wp\/v2\/pages\/136","targetHints":{"allow":["GET"]}}],"collection":[{"href":"https:\/\/webs.uab.cat\/grampo-sappo\/wp-json\/wp\/v2\/pages"}],"about":[{"href":"https:\/\/webs.uab.cat\/grampo-sappo\/wp-json\/wp\/v2\/types\/page"}],"author":[{"embeddable":true,"href":"https:\/\/webs.uab.cat\/grampo-sappo\/wp-json\/wp\/v2\/users\/2843"}],"replies":[{"embeddable":true,"href":"https:\/\/webs.uab.cat\/grampo-sappo\/wp-json\/wp\/v2\/comments?post=136"}],"version-history":[{"count":7,"href":"https:\/\/webs.uab.cat\/grampo-sappo\/wp-json\/wp\/v2\/pages\/136\/revisions"}],"predecessor-version":[{"id":483,"href":"https:\/\/webs.uab.cat\/grampo-sappo\/wp-json\/wp\/v2\/pages\/136\/revisions\/483"}],"wp:attachment":[{"href":"https:\/\/webs.uab.cat\/grampo-sappo\/wp-json\/wp\/v2\/media?parent=136"}],"curies":[{"name":"wp","href":"https:\/\/api.w.org\/{rel}","templated":true}]}}