{"id":74,"date":"2015-07-17T12:27:06","date_gmt":"2015-07-17T12:27:06","guid":{"rendered":"https:\/\/webs.uab.cat\/grampo\/inici\/"},"modified":"2024-03-07T12:33:40","modified_gmt":"2024-03-07T12:33:40","slug":"inici","status":"publish","type":"page","link":"https:\/\/webs.uab.cat\/grampo-sappo\/","title":{"rendered":"Inici"},"content":{"rendered":"\n<div class=\"wp-block-columns alignwide is-layout-flex wp-container-core-columns-is-layout-9d6595d7 wp-block-columns-is-layout-flex\">\n<div class=\"wp-block-column is-vertically-aligned-center is-layout-flow wp-block-column-is-layout-flow\" style=\"flex-basis:66.66%\">\n<p class=\"has-drop-cap\">El Seminari d\u2019Arqueologia Prehist\u00f2rica del Pr\u00f2xim Orient (SAPPO) reconegut l\u2019any 2004 com a Grup de Recerca de Qualitat (Convocat\u00f2ries 2005 i 2009) forma part del Grup de Recerca Arqueol\u00f2gica\u00a0 de la Mediterr\u00e0nia i del Pr\u00f2xim Orient (2021 SGR 00744) del <a href=\"https:\/\/www.uab.cat\/ca\/prehistoria\">Departament de Prehist\u00f2ria<\/a> de la Facultat de Lletres de la UAB.<\/p>\n\n\n\n<p>Aquest SGR t\u00e9 com a objectiu fonamental seguir desenvolupant la recerca iniciada l&#8217;any 1989 sobre l\u2019<strong><a href=\"https:\/\/webs.uab.cat\/grampo-sappo\/objectius-del-grup\/\">origen i el desenvolupament de les comunitats agr\u00edcoles<\/a><\/strong> a la Mediterr\u00e0nia i al Pr\u00f2xim Orient. La dualitat espacial ha perm\u00e8s constituir un SGR viu i din\u00e0mic, a l\u2019hora que competitiu, de car\u00e0cter interdisciplinari que desenvolupa les seves activitats de recerca en l\u2019\u00e0mbit de la prehist\u00f2ria recent.&nbsp;<\/p>\n\n\n\n<p><strong>\u00c9s l\u2019\u00fanic grup de l\u2019estat que desenvolupa recerques en prehist\u00f2ria recent en diferents parts de la <a href=\"https:\/\/webs.uab.cat\/grampo-sappo\/projectes-catalunya\/\">Mediterr\u00e0nia<\/a> i del <a href=\"https:\/\/webs.uab.cat\/grampo-sappo\/projectes-orient\/\" data-type=\"URL\" data-id=\"https:\/\/webs.uab.cat\/grampo-sappo\/projectes-orient\/\">Pr\u00f2xim Orient<\/a><\/strong>, amb excavacions arqueol\u00f2giques estables i plenament contrastades, des de fa anys.<\/p>\n\n\n\n<p>Els projectes realitzats tenen una amplia base d&#8217;<strong>interdisciplinarietat<\/strong> combinant els treballs de camp amb els estudis i les noves tend\u00e8ncies en les anal\u00edtiques, l\u2019arqueologia prehist\u00f2ria i amb projectes.<\/p>\n\n\n\n<p>La forta <strong>internacionalitzaci\u00f3<\/strong> de la recerca realitzada ha estat una caracter\u00edstica del grup, i ha facilitat el reconeixement de la traject\u00f2ria del grup en els f\u00f2rum internacionals de la recerca, aix\u00ed com que ha facilitat el desenvolupament d\u2019una amplia xarxa de col\u00b7laboracions internacionals tan amb la realitzaci\u00f3 de projectes com en publicacions.<\/p>\n\n\n\n<div class=\"wp-block-buttons is-layout-flex wp-block-buttons-is-layout-flex\">\n<div class=\"wp-block-button\"><a class=\"wp-block-button__link wp-element-button\">DESCOBREIX M\u00c9S<\/a><\/div>\n<\/div>\n<\/div>\n\n\n\n<div class=\"wp-block-column is-layout-flow wp-block-column-is-layout-flow\" style=\"flex-basis:33.33%\">\n<figure class=\"wp-block-embed is-type-rich is-provider-twitter wp-block-embed-twitter\"><div class=\"wp-block-embed__wrapper\">\n<a class=\"twitter-timeline\" data-width=\"580\" data-height=\"870\" data-dnt=\"true\" href=\"https:\/\/twitter.com\/Sappo_UAB?ref_src=twsrc%5Etfw\">Tweets by Sappo_UAB<\/a><script async src=\"https:\/\/platform.twitter.com\/widgets.js\" charset=\"utf-8\"><\/script>\n<\/div><\/figure>\n<\/div>\n<\/div>\n\n\n\n<figure class=\"wp-block-image alignwide\"><img loading=\"lazy\" decoding=\"async\" width=\"869\" height=\"201\" src=\"https:\/\/webs.uab.cat\/grampo\/wp-content\/uploads\/sites\/386\/2015\/07\/capcal_0.png\" alt=\"\" class=\"wp-image-71\" srcset=\"https:\/\/webs.uab.cat\/grampo-sappo\/wp-content\/uploads\/sites\/386\/2015\/07\/capcal_0.png 869w, https:\/\/webs.uab.cat\/grampo-sappo\/wp-content\/uploads\/sites\/386\/2015\/07\/capcal_0-300x69.png 300w, https:\/\/webs.uab.cat\/grampo-sappo\/wp-content\/uploads\/sites\/386\/2015\/07\/capcal_0-768x178.png 768w\" sizes=\"auto, (max-width: 869px) 100vw, 869px\" \/><\/figure>\n","protected":false},"excerpt":{"rendered":"<p>El Seminari d\u2019Arqueologia Prehist\u00f2rica del Pr\u00f2xim Orient (SAPPO) reconegut l\u2019any 2004 com a Grup de Recerca de Qualitat (Convocat\u00f2ries 2005 i 2009) forma part del Grup de Recerca Arqueol\u00f2gica\u00a0 de la Mediterr\u00e0nia i del Pr\u00f2xim Orient (2021 SGR 00744) del Departament de Prehist\u00f2ria de la Facultat de Lletres de la UAB. Aquest SGR t\u00e9 com [&hellip;]<\/p>\n","protected":false},"author":44,"featured_media":0,"parent":0,"menu_order":0,"comment_status":"closed","ping_status":"closed","template":"","meta":{"footnotes":""},"class_list":["post-74","page","type-page","status-publish","hentry"],"_links":{"self":[{"href":"https:\/\/webs.uab.cat\/grampo-sappo\/wp-json\/wp\/v2\/pages\/74","targetHints":{"allow":["GET"]}}],"collection":[{"href":"https:\/\/webs.uab.cat\/grampo-sappo\/wp-json\/wp\/v2\/pages"}],"about":[{"href":"https:\/\/webs.uab.cat\/grampo-sappo\/wp-json\/wp\/v2\/types\/page"}],"author":[{"embeddable":true,"href":"https:\/\/webs.uab.cat\/grampo-sappo\/wp-json\/wp\/v2\/users\/44"}],"replies":[{"embeddable":true,"href":"https:\/\/webs.uab.cat\/grampo-sappo\/wp-json\/wp\/v2\/comments?post=74"}],"version-history":[{"count":16,"href":"https:\/\/webs.uab.cat\/grampo-sappo\/wp-json\/wp\/v2\/pages\/74\/revisions"}],"predecessor-version":[{"id":411,"href":"https:\/\/webs.uab.cat\/grampo-sappo\/wp-json\/wp\/v2\/pages\/74\/revisions\/411"}],"wp:attachment":[{"href":"https:\/\/webs.uab.cat\/grampo-sappo\/wp-json\/wp\/v2\/media?parent=74"}],"curies":[{"name":"wp","href":"https:\/\/api.w.org\/{rel}","templated":true}]}}