{"id":83,"date":"2015-07-20T10:33:16","date_gmt":"2015-07-20T10:33:16","guid":{"rendered":"https:\/\/webs.uab.cat\/grampo\/som\/"},"modified":"2024-01-18T15:37:26","modified_gmt":"2024-01-18T15:37:26","slug":"som","status":"publish","type":"page","link":"https:\/\/webs.uab.cat\/grampo-sappo\/som\/","title":{"rendered":"On som?"},"content":{"rendered":"\n<div class=\"wp-block-media-text alignwide is-stacked-on-mobile\"><figure class=\"wp-block-media-text__media\"><a href=\"https:\/\/www.uab.cat\/web\/servicios\/espacios-disponibles\/mra-1345674563952.html\"><img loading=\"lazy\" decoding=\"async\" width=\"480\" height=\"270\" src=\"https:\/\/webs.uab.cat\/grampo-sappo\/wp-content\/uploads\/sites\/386\/2024\/01\/MRAweb-1.jpg\" alt=\"\" class=\"wp-image-182 size-full\" srcset=\"https:\/\/webs.uab.cat\/grampo-sappo\/wp-content\/uploads\/sites\/386\/2024\/01\/MRAweb-1.jpg 480w, https:\/\/webs.uab.cat\/grampo-sappo\/wp-content\/uploads\/sites\/386\/2024\/01\/MRAweb-1-300x169.jpg 300w\" sizes=\"auto, (max-width: 480px) 100vw, 480px\" \/><\/a><\/figure><div class=\"wp-block-media-text__content\">\n<p>El grup de recerca GRAMPO est\u00e0 situat a l&#8217;<a href=\"https:\/\/www.google.es\/maps\/place\/IGOP\/@41.5038833,2.1052281,17z\/data=!4m2!3m1!1s0x12a495d533bd4d63:0x399e553ae0f810b0\">edifici MRA<\/a>, davant de la biblioteca d&#8217;Humanitats &nbsp;i al costat de la facultat de Traducci\u00f3 i interpretaci\u00f3, del Campus de Bellaterra de la UAB.<\/p>\n\n\n\n<p>Email: miquel.molist@uab.cat<\/p>\n\n\n\n<p>Telefon: 935814310\/\/935868829<\/p>\n\n\n\n<p>&nbsp;Twitter:&nbsp;<a href=\"https:\/\/twitter.com\/Sappo_UAB\" data-type=\"URL\" data-id=\"https:\/\/twitter.com\/Sappo_UAB\">https:\/\/twitter.com\/Sappo_UAB<\/a><\/p>\n<\/div><\/div>\n","protected":false},"excerpt":{"rendered":"<p>El grup de recerca GRAMPO est\u00e0 situat a l&#8217;edifici MRA, davant de la biblioteca d&#8217;Humanitats &nbsp;i al costat de la facultat de Traducci\u00f3 i interpretaci\u00f3, del Campus de Bellaterra de la UAB. Email: miquel.molist@uab.cat Telefon: 935814310\/\/935868829 &nbsp;Twitter:&nbsp;https:\/\/twitter.com\/Sappo_UAB<\/p>\n","protected":false},"author":44,"featured_media":0,"parent":0,"menu_order":0,"comment_status":"closed","ping_status":"closed","template":"","meta":{"footnotes":""},"class_list":["post-83","page","type-page","status-publish","hentry"],"_links":{"self":[{"href":"https:\/\/webs.uab.cat\/grampo-sappo\/wp-json\/wp\/v2\/pages\/83","targetHints":{"allow":["GET"]}}],"collection":[{"href":"https:\/\/webs.uab.cat\/grampo-sappo\/wp-json\/wp\/v2\/pages"}],"about":[{"href":"https:\/\/webs.uab.cat\/grampo-sappo\/wp-json\/wp\/v2\/types\/page"}],"author":[{"embeddable":true,"href":"https:\/\/webs.uab.cat\/grampo-sappo\/wp-json\/wp\/v2\/users\/44"}],"replies":[{"embeddable":true,"href":"https:\/\/webs.uab.cat\/grampo-sappo\/wp-json\/wp\/v2\/comments?post=83"}],"version-history":[{"count":5,"href":"https:\/\/webs.uab.cat\/grampo-sappo\/wp-json\/wp\/v2\/pages\/83\/revisions"}],"predecessor-version":[{"id":186,"href":"https:\/\/webs.uab.cat\/grampo-sappo\/wp-json\/wp\/v2\/pages\/83\/revisions\/186"}],"wp:attachment":[{"href":"https:\/\/webs.uab.cat\/grampo-sappo\/wp-json\/wp\/v2\/media?parent=83"}],"curies":[{"name":"wp","href":"https:\/\/api.w.org\/{rel}","templated":true}]}}