{"id":12,"date":"2015-05-13T11:34:45","date_gmt":"2015-05-13T11:34:45","guid":{"rendered":"http:\/\/geografia.uab.cat\/grats\/?page_id=12"},"modified":"2024-03-14T14:26:03","modified_gmt":"2024-03-14T12:26:03","slug":"membres-del-grup","status":"publish","type":"page","link":"https:\/\/webs.uab.cat\/grats\/membres-del-grup\/","title":{"rendered":"Membres del GRATS"},"content":{"rendered":"\n<h3 class=\"wp-block-heading\"><\/h3>\n\n\n\n<figure class=\"wp-block-table is-style-stripes\"><table><tbody><tr><td rowspan=\"4\"><a href=\"https:\/\/webs.uab.cat\/grats\/wp-content\/uploads\/sites\/533\/2015\/05\/IMG_0425-2-e1466066123475.jpg\"><img loading=\"lazy\" decoding=\"async\" class=\"alignnone wp-image-179\" src=\"https:\/\/webs.uab.cat\/grats\/wp-content\/uploads\/sites\/533\/2015\/05\/IMG_0425-2-e1466066123475-150x150.jpg\" alt=\"IMG_0425 (2)\" width=\"143\" height=\"143\"><\/a><\/td><td rowspan=\"4\"><strong>David Saur\u00ed Pujol (Coordinador del Grup)<br><\/strong>Doctor en Geografia<br>Catedr\u00e0tic de Geografia Humana (UAB)<strong><br><\/strong> <a href=\"mailto:david.sauri@uab.cat\">david.sauri@uab.cat<\/a><\/td><\/tr><\/tbody><\/table><\/figure>\n\n\n\n<figure class=\"wp-block-table is-style-stripes\"><table><tbody><tr><td><a href=\"https:\/\/webs.uab.cat\/grats\/wp-content\/uploads\/sites\/533\/2015\/05\/llurdes-e1432030512993.jpg\"><img loading=\"lazy\" decoding=\"async\" class=\"alignnone size-full wp-image-59\" src=\"https:\/\/webs.uab.cat\/grats\/wp-content\/uploads\/sites\/533\/2015\/05\/llurdes-e1432030512993.jpg\" alt=\"llurdes\" width=\"75\" height=\"106\"><\/a><\/td><td><strong>Joan Carles Llurd\u00e9s Coit<\/strong><br>Doctor en Geografia<br>Professor Titular de Geografia Humana (UAB)<br><a href=\"mailto:JoanCarles.Llurdes@uab.cat\">JoanCarles.Llurdes@uab.cat<\/a><\/td><td>&nbsp;<\/td><td><img loading=\"lazy\" decoding=\"async\" class=\"alignnone wp-image-180 size-full\" src=\"https:\/\/webs.uab.cat\/grats\/wp-content\/uploads\/sites\/533\/2015\/05\/JoanDavidTabara-2-e1710418106911.jpg\" alt=\"\" width=\"100\" height=\"151\"><\/td><td><strong>Joan David T\u00e0bara Villalba<\/strong><br>Doctor en Ci\u00e8ncies Econ\u00f2miques&nbsp;(Sociologia)<br>Investigador S\u00e8nior Associat (ICTA)<br><a href=\"mailto:JoanDavid.Tabara@uab.cat\">joandavid.tabara@uab.ca<\/a>t<\/td><\/tr><tr><td>&nbsp;<\/td><td>&nbsp;<\/td><td>&nbsp;<\/td><td>&nbsp;<\/td><td>&nbsp;<\/td><\/tr><tr><td><a href=\"https:\/\/webs.uab.cat\/grats\/wp-content\/uploads\/sites\/533\/2015\/05\/AnnaRibas.jpg\"><img loading=\"lazy\" decoding=\"async\" class=\"alignnone size-full wp-image-67\" src=\"https:\/\/webs.uab.cat\/grats\/wp-content\/uploads\/sites\/533\/2015\/05\/AnnaRibas.jpg\" alt=\"AnnaRibas\" width=\"100\" height=\"100\"><\/a><\/td><td><strong>Anna Ribas Palom<\/strong><br>Doctora en Geografia<br>Professora Titular de Geografia Humana (UdG)<br><a href=\"mailto:anna.ribas@udg.edu\">anna.ribas@udg.edu<\/a><\/td><td>&nbsp;<\/td><td><a href=\"https:\/\/webs.uab.cat\/grats\/wp-content\/uploads\/sites\/533\/2015\/05\/JosepVila.jpg\"><img loading=\"lazy\" decoding=\"async\" class=\"alignnone size-full wp-image-85\" src=\"https:\/\/webs.uab.cat\/grats\/wp-content\/uploads\/sites\/533\/2015\/05\/JosepVila.jpg\" alt=\"JosepVila\" width=\"100\" height=\"100\"><\/a><\/td><td><strong>Josep Vila Subir\u00f3s<\/strong><br>Doctor en Geografia<br>Professor Titular de Geografia F\u00edsica (UdG)<br><a href=\"mailto:josep.vila@udg.edu\">josep.vila@udg.edu<\/a><\/td><\/tr><tr><td>&nbsp;<\/td><td>&nbsp;<\/td><td>&nbsp;<\/td><td>&nbsp;<\/td><td>&nbsp;<\/td><\/tr><tr><td><a href=\"https:\/\/webs.uab.cat\/grats\/wp-content\/uploads\/sites\/533\/2015\/05\/DavidPavon.jpg\"><img loading=\"lazy\" decoding=\"async\" class=\"alignnone size-full wp-image-73\" src=\"https:\/\/webs.uab.cat\/grats\/wp-content\/uploads\/sites\/533\/2015\/05\/DavidPavon.jpg\" alt=\"DavidPavon\" width=\"100\" height=\"100\"><\/a><\/td><td><strong>David Pav\u00f3n Gamero<\/strong><br>Doctor en Geografia<br>Professor&nbsp;Agregat de Geografia Humana (UdG)<br><a href=\"mailto:david.pavon@udg.edu\">david.pavon@udg.edu<\/a><\/td><td>&nbsp;<\/td><td><a href=\"https:\/\/webs.uab.cat\/grats\/wp-content\/uploads\/sites\/533\/2015\/05\/CarlesBarriocanal.jpg\"><img loading=\"lazy\" decoding=\"async\" class=\" size-full wp-image-71 alignnone\" src=\"https:\/\/webs.uab.cat\/grats\/wp-content\/uploads\/sites\/533\/2015\/05\/CarlesBarriocanal.jpg\" alt=\"CarlesBarriocanal\" width=\"100\" height=\"100\"><\/a><\/td><td><strong>Carles Barriocanal Lozano<\/strong><br>Doctor en Geografia<br>Professor&nbsp;Associat de Geografia F\u00edsica (UdG)<br><a href=\"mailto:carles.barriocanal@udg.edu\">carles.barriocanal@udg.edu<\/a><\/td><\/tr><tr><td>&nbsp;<\/td><td>&nbsp;<\/td><td>&nbsp;<\/td><td>&nbsp;<\/td><td>&nbsp;<\/td><\/tr><tr><td><a href=\"https:\/\/webs.uab.cat\/grats\/wp-content\/uploads\/sites\/533\/2015\/05\/HugMarch.jpg\"><img loading=\"lazy\" decoding=\"async\" class=\"alignnone size-full wp-image-78\" src=\"https:\/\/webs.uab.cat\/grats\/wp-content\/uploads\/sites\/533\/2015\/05\/HugMarch.jpg\" alt=\"HugMarch\" width=\"100\" height=\"100\"><\/a><\/td><td><strong>Hug March Corbella<\/strong><br>Doctor en Ci\u00e8ncies Ambientals<br>Investigador S\u00e8nior (UOC)<br><a href=\"mailto:hmarch@uoc.edu\">hmarch@uoc.edu<\/a><\/td><td>&nbsp;<\/td><td><a href=\"https:\/\/webs.uab.cat\/grats\/wp-content\/uploads\/sites\/533\/2015\/05\/RamonRibera.jpg\"><img loading=\"lazy\" decoding=\"async\" class=\"alignnone size-full wp-image-92\" src=\"https:\/\/webs.uab.cat\/grats\/wp-content\/uploads\/sites\/533\/2015\/05\/RamonRibera.jpg\" alt=\"RamonRibera\" width=\"100\" height=\"100\"><\/a><\/td><td><strong>Ramon Ribera Fumaz<\/strong><br>Doctor en Geografia<br>Professor&nbsp;Associat (UOC)<br><a href=\"mailto:rriberaf@uoc.edu\">rriberaf@uoc.edu<\/a><\/td><\/tr><tr><td>&nbsp;<\/td><td>&nbsp;<\/td><td>&nbsp;<\/td><td>&nbsp;<\/td><td>&nbsp;<\/td><\/tr><tr><td><a href=\"https:\/\/webs.uab.cat\/grats\/wp-content\/uploads\/sites\/533\/2015\/05\/AlbertLlausas.jpg\"><img loading=\"lazy\" decoding=\"async\" class=\"alignnone size-full wp-image-64\" src=\"https:\/\/webs.uab.cat\/grats\/wp-content\/uploads\/sites\/533\/2015\/05\/AlbertLlausas.jpg\" alt=\"AlbertLlausas\" width=\"100\" height=\"100\"><\/a><\/td><td><strong>Albert Llaus\u00e0s Pascual<\/strong><br>Doctor en&nbsp;Ci\u00e8ncies Ambientals<br>Investigador postdoctoral&nbsp;(UAB)<br><a href=\"mailto:Albert.Llausas@uab.cat\">Albert.Llausas@uab.cat<\/a><\/td><td>&nbsp;<\/td><td><a href=\"https:\/\/webs.uab.cat\/grats\/wp-content\/uploads\/sites\/533\/2015\/05\/EduardMasjuan.jpg\"><img loading=\"lazy\" decoding=\"async\" class=\"alignnone size-full wp-image-75\" src=\"https:\/\/webs.uab.cat\/grats\/wp-content\/uploads\/sites\/533\/2015\/05\/EduardMasjuan.jpg\" alt=\"EduardMasjuan\" width=\"100\" height=\"100\"><\/a><\/td><td><strong>Eduard Masjuan Bracons<\/strong><br>Doctor en Hist\u00f2ria Econ\u00f2mica<br>Professor Associat (UB)<br><a href=\"mailto:masjuan@ub.edu\">masjuan@ub.edu<\/a><\/td><\/tr><tr><td>&nbsp;<\/td><td>&nbsp;<\/td><td>&nbsp;<\/td><td>&nbsp;<\/td><td>&nbsp;<\/td><\/tr><tr><td><a href=\"https:\/\/webs.uab.cat\/grats\/wp-content\/uploads\/sites\/533\/2015\/05\/NubiaDeborah.jpg\"><img loading=\"lazy\" decoding=\"async\" class=\"alignnone size-full wp-image-90\" src=\"https:\/\/webs.uab.cat\/grats\/wp-content\/uploads\/sites\/533\/2015\/05\/NubiaDeborah.jpg\" alt=\"NubiaDeborah\" width=\"100\" height=\"100\"><\/a><\/td><td><strong>Nubia Deborah Araujo Caramello<\/strong><br>Llicenciada en Geografia i Pedagogia<br>Bec\u00e0ria de recerca predoctoral (UAB)<br><a href=\"mailto:nubiacaramello@yahoo.com.br\">nubiacaramello@yahoo.com.br<\/a><\/td><td>&nbsp;<\/td><td><a href=\"https:\/\/webs.uab.cat\/grats\/wp-content\/uploads\/sites\/533\/2015\/05\/MariaValles.jpg\"><img loading=\"lazy\" decoding=\"async\" class=\"alignnone size-full wp-image-89\" src=\"https:\/\/webs.uab.cat\/grats\/wp-content\/uploads\/sites\/533\/2015\/05\/MariaValles.jpg\" alt=\"MariaValles\" width=\"100\" height=\"100\"><\/a><\/td><td><strong>Maria Vall\u00e8s i Casas<\/strong><br>Llicenciada en Ci\u00e8ncies Ambientals<br>Bec\u00e0ria de recerca predoctoral (UAB)<br><a href=\"mailto:Maria.Valles@uab.cat\">Maria.Valles@uab.cat<\/a><\/td><\/tr><tr><td>&nbsp;<\/td><td>&nbsp;<\/td><td>&nbsp;<\/td><td>&nbsp;<\/td><td>&nbsp;<\/td><\/tr><tr><td><a href=\"https:\/\/webs.uab.cat\/grats\/wp-content\/uploads\/sites\/533\/2015\/05\/Hyerim-Yoon.jpg\"><img loading=\"lazy\" decoding=\"async\" class=\"alignnone size-full wp-image-79\" src=\"https:\/\/webs.uab.cat\/grats\/wp-content\/uploads\/sites\/533\/2015\/05\/Hyerim-Yoon.jpg\" alt=\"Hyerim Yoon\" width=\"100\" height=\"100\"><\/a><\/td><td><strong>Hyerim Yoon<\/strong><br>Llicenciada en Enginyeria Qu\u00edmica<br>Bec\u00e0ria de recerca predoctoral (UAB)<br><a href=\"mailto:Hyerim.Yoon@uab.cat\">Hyerim.Yoon@uab.cat<\/a><\/td><td>&nbsp;<\/td><td><a href=\"https:\/\/webs.uab.cat\/grats\/wp-content\/uploads\/sites\/533\/2015\/05\/JosepPadulles.jpg\"><img loading=\"lazy\" decoding=\"async\" class=\"alignnone size-full wp-image-83\" src=\"https:\/\/webs.uab.cat\/grats\/wp-content\/uploads\/sites\/533\/2015\/05\/JosepPadulles.jpg\" alt=\"JosepPadulles\" width=\"100\" height=\"100\"><\/a><\/td><td><strong>Josep Padull\u00e9s Cubino<br><\/strong>Doctor en Ci\u00e8ncies Ambientals<br>Investigador contractat (UdG)<br><a href=\"mailto:josep.padulles@udg.edu\">josep.padulles@udg.edu<\/a><\/td><\/tr><tr><td>&nbsp;<\/td><td>&nbsp;<\/td><td>&nbsp;<\/td><td>&nbsp;<\/td><td>&nbsp;<\/td><\/tr><tr><td><a href=\"https:\/\/webs.uab.cat\/grats\/wp-content\/uploads\/sites\/533\/2015\/05\/AriadnaGabarda.jpg\"><img loading=\"lazy\" decoding=\"async\" class=\"alignnone size-full wp-image-70\" src=\"https:\/\/webs.uab.cat\/grats\/wp-content\/uploads\/sites\/533\/2015\/05\/AriadnaGabarda.jpg\" alt=\"AriadnaGabarda\" width=\"100\" height=\"100\"><\/a><\/td><td><strong>Ariadna Gabarda Mallorqu\u00ed<\/strong><br>Llicenciada en Geografia<br>Bec\u00e0ria de recerca predoctoral (IMA-UdG)<br><a href=\"mailto:ariadna.gabarda@udg.edu\">ariadna.gabarda@udg.edu<\/a><\/td><td>&nbsp;<\/td><td><a href=\"https:\/\/webs.uab.cat\/grats\/wp-content\/uploads\/sites\/533\/2015\/05\/JosepPueyo.jpg\"><img loading=\"lazy\" decoding=\"async\" class=\"alignnone size-full wp-image-84\" src=\"https:\/\/webs.uab.cat\/grats\/wp-content\/uploads\/sites\/533\/2015\/05\/JosepPueyo.jpg\" alt=\"JosepPueyo\" width=\"100\" height=\"100\"><\/a><\/td><td><strong>Josep Pueyo Ros<\/strong><br>Llicenciat en Geografia<br>Becari de recerca predoctoral (IMA-UdG)<br><a href=\"mailto:josep.pueyo@udg.edu\">josep.pueyo@udg.edu<\/a><\/td><\/tr><tr><td>&nbsp;<\/td><td>&nbsp;<\/td><td>&nbsp;<\/td><td>&nbsp;<\/td><td>&nbsp;<\/td><\/tr><tr><td><a href=\"https:\/\/webs.uab.cat\/grats\/wp-content\/uploads\/sites\/533\/2015\/05\/DolorsRoset.jpg\"><img loading=\"lazy\" decoding=\"async\" class=\"alignnone wp-image-182 size-full\" src=\"https:\/\/webs.uab.cat\/grats\/wp-content\/uploads\/sites\/533\/2015\/05\/DolorsRoset.jpg\" alt=\"DolorsRoset\" width=\"80\" height=\"100\"><\/a><\/td><td><strong>Dolors Roset Pag\u00e8s<br><\/strong>Llicenciada en Geografia<br>Investigadora contractada (UdG)<br><a href=\"mailto:Dolors.roset@udg.edu\">Dolors.roset@udg.edu<\/a><\/td><td>&nbsp;<\/td><td>&nbsp;<\/td><td>&nbsp;<\/td><\/tr><\/tbody><\/table><\/figure>\n\n\n\n<h3 class=\"wp-block-heading\"><strong>Investigadors associats<\/strong><\/h3>\n\n\n\n<hr class=\"wp-block-separator has-alpha-channel-opacity\" \/>\n\n\n\n<figure class=\"wp-block-table is-style-stripes\"><table><tbody><tr><td><a href=\"https:\/\/webs.uab.cat\/grats\/wp-content\/uploads\/sites\/533\/2015\/05\/MariaHernandez.jpg\"><img loading=\"lazy\" decoding=\"async\" class=\"alignnone size-full wp-image-88\" src=\"https:\/\/webs.uab.cat\/grats\/wp-content\/uploads\/sites\/533\/2015\/05\/MariaHernandez.jpg\" alt=\"MariaHernandez\" width=\"100\" height=\"100\"><\/a><\/td><td><strong>Mar\u00eda Hern\u00e1ndez Hern\u00e1ndez<br><\/strong>Doctora en Geografia<br>Catedr\u00e0tica&nbsp;universitat (UA)<br><a href=\"mailto:maria.hernandez@ua.es\">maria.hernandez@ua.es<\/a><\/td><td>&nbsp;<\/td><td><a href=\"https:\/\/webs.uab.cat\/grats\/wp-content\/uploads\/sites\/533\/2015\/05\/AntonioRico.jpg\"><img loading=\"lazy\" decoding=\"async\" class=\"alignnone size-full wp-image-69\" src=\"https:\/\/webs.uab.cat\/grats\/wp-content\/uploads\/sites\/533\/2015\/05\/AntonioRico.jpg\" alt=\"AntonioRico\" width=\"100\" height=\"100\"><\/a><\/td><td><strong>Antonio Manuel Rico Amor\u00f3s<\/strong><br>Doctor en Geografia<br>Catedr\u00e0tic&nbsp;Universitat (UA)<br><a href=\"mailto:AM.Rico@ua.es\">AM.Rico@ua.es<\/a><\/td><\/tr><tr><td>&nbsp;<\/td><td>&nbsp;<\/td><td>&nbsp;<\/td><td>&nbsp;<\/td><td>&nbsp;<\/td><\/tr><tr><td><a href=\"https:\/\/webs.uab.cat\/grats\/wp-content\/uploads\/sites\/533\/2015\/05\/JorgeOlcina.jpg\"><img loading=\"lazy\" decoding=\"async\" class=\"alignnone size-full wp-image-82\" src=\"https:\/\/webs.uab.cat\/grats\/wp-content\/uploads\/sites\/533\/2015\/05\/JorgeOlcina.jpg\" alt=\"JorgeOlcina\" width=\"100\" height=\"100\"><\/a><\/td><td><strong>Jorge Olcina Cantos<\/strong><br>Doctor en Geografia<br>Catedr\u00e0tic&nbsp;Universitat (UA)<br><a href=\"mailto:jorge.olcina@ua.es\">jorge.olcina@ua.es<\/a><\/td><td>&nbsp;<\/td><td><a href=\"https:\/\/webs.uab.cat\/grats\/wp-content\/uploads\/sites\/533\/2015\/05\/CarlosJavierBanos.jpg\"><img loading=\"lazy\" decoding=\"async\" class=\"alignnone size-full wp-image-109\" src=\"https:\/\/webs.uab.cat\/grats\/wp-content\/uploads\/sites\/533\/2015\/05\/CarlosJavierBanos.jpg\" alt=\"CarlosJavierBanos\" width=\"100\" height=\"100\"><\/a><\/td><td><strong>Carlos Ba\u00f1os Casti\u00f1eira<\/strong><br>Doctor en Geografia<br>Professor&nbsp;Titular&nbsp;Universitat<br><a href=\"mailto:carlos.banos@ua.es\">carlos.banos@ua.es<\/a><\/td><\/tr><tr><td>&nbsp;<\/td><td>&nbsp;<\/td><td>&nbsp;<\/td><td>&nbsp;<\/td><td>&nbsp;<\/td><\/tr><tr><td><a href=\"https:\/\/webs.uab.cat\/grats\/wp-content\/uploads\/sites\/533\/2015\/05\/AnaArahuetes-.jpg\"><img loading=\"lazy\" decoding=\"async\" class=\"alignnone size-full wp-image-66\" src=\"https:\/\/webs.uab.cat\/grats\/wp-content\/uploads\/sites\/533\/2015\/05\/AnaArahuetes-.jpg\" alt=\"AnaArahuetes\" width=\"100\" height=\"100\"><\/a><\/td><td><strong>Ana Arahuetes Hidalgo<\/strong><br>Llicenciada en enginyeria geol\u00f2gica<br>Bec\u00e0ria de recerca predoctoral (UA)<br><a href=\"mailto:ana.arahuetes@ua.es\">ana.arahuetes@ua.es<\/a><\/td><td>&nbsp;<\/td><td><a href=\"https:\/\/webs.uab.cat\/grats\/wp-content\/uploads\/sites\/533\/2015\/05\/AlvaroMorote.jpg\"><img loading=\"lazy\" decoding=\"async\" class=\"alignnone size-full wp-image-65\" src=\"https:\/\/webs.uab.cat\/grats\/wp-content\/uploads\/sites\/533\/2015\/05\/AlvaroMorote.jpg\" alt=\"AlvaroMorote\" width=\"100\" height=\"100\"><\/a><\/td><td><strong>\u00c1lvaro Morote Seguido<\/strong><br>Doctor&nbsp;en Geografia<br>Investigador contractat&nbsp;(UA)<br><a href=\"mailto:alvaro.morote@ua.es\">alvaro.morote@ua.es<\/a><\/td><\/tr><tr><td>&nbsp;<\/td><td>&nbsp;<\/td><td>&nbsp;<\/td><td>&nbsp;<\/td><td>&nbsp;<\/td><\/tr><tr><td><a href=\"https:\/\/webs.uab.cat\/grats\/wp-content\/uploads\/sites\/533\/2015\/05\/Sandra-Ricart.jpg\"><img loading=\"lazy\" decoding=\"async\" class=\"alignnone size-full wp-image-93\" src=\"https:\/\/webs.uab.cat\/grats\/wp-content\/uploads\/sites\/533\/2015\/05\/Sandra-Ricart.jpg\" alt=\"Sandra Ricart\" width=\"100\" height=\"100\"><\/a><\/td><td><strong>Sandra Ricart i Casadevall<\/strong><br>Doctora en Geografia<br>Investigadora postdoctoral Juan de la Cierva (UA)<br><a class=\"moz-txt-link-abbreviated\" href=\"mailto:sandra.ricart@ua.es\">sandra.ricart@ua.es<\/a><\/td><td>&nbsp;<\/td><td><a href=\"https:\/\/webs.uab.cat\/grats\/wp-content\/uploads\/sites\/533\/2015\/05\/XavierGarcia.jpg\"><img loading=\"lazy\" decoding=\"async\" class=\"alignnone size-full wp-image-95\" src=\"https:\/\/webs.uab.cat\/grats\/wp-content\/uploads\/sites\/533\/2015\/05\/XavierGarcia.jpg\" alt=\"XavierGarcia\" width=\"100\" height=\"100\"><\/a><\/td><td><strong>Xavier Garcia Acosta<\/strong><br>Doctor en&nbsp;Ci\u00e8ncies Ambientals<br>Investigador&nbsp;contractat (UIC)<br><a href=\"mailto:xavier.garciaacosta@udg.edu\">xgarciaa@uic.es<\/a><\/td><\/tr><tr><td>&nbsp;<\/td><td>&nbsp;<\/td><td>&nbsp;<\/td><td>&nbsp;<\/td><td>&nbsp;<\/td><\/tr><tr><td><a href=\"https:\/\/webs.uab.cat\/grats\/wp-content\/uploads\/sites\/533\/2015\/05\/LaiaDomenech.png\"><img loading=\"lazy\" decoding=\"async\" class=\"alignnone size-full wp-image-86\" src=\"https:\/\/webs.uab.cat\/grats\/wp-content\/uploads\/sites\/533\/2015\/05\/LaiaDomenech.png\" alt=\"LaiaDomenech\" width=\"100\" height=\"100\"><\/a><\/td><td><strong>Laia Dom\u00e8nech Pretus<\/strong><br>Doctora en Ci\u00e8ncies Ambientals<br>Investigadora visitant CIAT (Per\u00fa)<br><a href=\"mailto:domenech.laia@gmail.com\">domenech.laia@gmail.com<\/a><\/td><td>&nbsp;<\/td><td><a href=\"https:\/\/webs.uab.cat\/grats\/wp-content\/uploads\/sites\/533\/2015\/05\/AnnaSerraLlobet.jpg\"><img loading=\"lazy\" decoding=\"async\" class=\"alignnone size-full wp-image-68\" src=\"https:\/\/webs.uab.cat\/grats\/wp-content\/uploads\/sites\/533\/2015\/05\/AnnaSerraLlobet.jpg\" alt=\"AnnaSerraLlobet\" width=\"100\" height=\"100\"><\/a><\/td><td><strong>Anna Serra Llobet<\/strong><br>Doctora en Ci\u00e8ncies Ambientals<br>Investigadora associada (UC Berkeley)<br><a href=\"mailto:annaserrallobet@gmail.com\">annaserrallobet@gmail.com<\/a><\/td><\/tr><tr><td>&nbsp;<\/td><td>&nbsp;<\/td><td>&nbsp;<\/td><td>&nbsp;<\/td><td>&nbsp;<\/td><\/tr><tr><td><a href=\"https:\/\/webs.uab.cat\/grats\/wp-content\/uploads\/sites\/533\/2015\/05\/SantiagoGorostiza.jpg\"><img loading=\"lazy\" decoding=\"async\" class=\"alignnone size-full wp-image-94\" src=\"https:\/\/webs.uab.cat\/grats\/wp-content\/uploads\/sites\/533\/2015\/05\/SantiagoGorostiza.jpg\" alt=\"SantiagoGorostiza\" width=\"100\" height=\"100\"><\/a><\/td><td><strong>Santiago Gorostiza Landa<\/strong><br>Llicenciat en Hist\u00f2ria i Ci\u00e8ncies Ambientals<br>Becari de recerca predoctoral (U. de Coimbra)<br><a href=\"mailto:sgorostiza@ces.uc.pt\">sgorostiza@ces.uc.pt<\/a><\/td><td>&nbsp;<\/td><td><a href=\"https:\/\/webs.uab.cat\/grats\/wp-content\/uploads\/sites\/533\/2015\/05\/ElenaDomene.jpg\"><img loading=\"lazy\" decoding=\"async\" class=\"alignnone size-full wp-image-76\" src=\"https:\/\/webs.uab.cat\/grats\/wp-content\/uploads\/sites\/533\/2015\/05\/ElenaDomene.jpg\" alt=\"ElenaDomene\" width=\"100\" height=\"100\"><\/a><\/td><td><strong>Elena Domene G\u00f3mez<\/strong><br>Doctora en Ci\u00e8ncies Ambientals<br>Investigadora&nbsp;(IERMB)<br><a href=\"mailto:elena.domene@uab.cat\">elena.domene@uab.cat<\/a><\/td><\/tr><tr><td>&nbsp;<\/td><td>&nbsp;<\/td><td>&nbsp;<\/td><td>&nbsp;<\/td><td>&nbsp;<\/td><\/tr><tr><td><a href=\"https:\/\/webs.uab.cat\/grats\/wp-content\/uploads\/sites\/533\/2015\/05\/ElenaRidolfi.jpg\"><img loading=\"lazy\" decoding=\"async\" class=\"alignnone size-full wp-image-77\" src=\"https:\/\/webs.uab.cat\/grats\/wp-content\/uploads\/sites\/533\/2015\/05\/ElenaRidolfi.jpg\" alt=\"ElenaRidolfi\" width=\"100\" height=\"100\"><\/a><\/td><td><strong>Elena Ridolfi<\/strong><br>Doctorada en Geografia, Planificaci\u00f3 espacial i Pol\u00edtiques P\u00fabliques (UAB-IUAV)<br>Investigadora associada GRATS<br><a href=\"mailto:elena.ridolfi.ueir@gmail.com\">elena.ridolfi.ueir@gmail.com<\/a><\/td><td>&nbsp;<\/td><td>&nbsp;<\/td><td>&nbsp;<\/td><\/tr><\/tbody><\/table><\/figure>\n","protected":false},"excerpt":{"rendered":"<p>David Saur\u00ed Pujol (Coordinador del Grup)Doctor en GeografiaCatedr\u00e0tic de Geografia Humana (UAB) david.sauri@uab.cat Joan Carles Llurd\u00e9s CoitDoctor en GeografiaProfessor Titular de Geografia Humana (UAB)JoanCarles.Llurdes@uab.cat &nbsp; Joan David T\u00e0bara VillalbaDoctor en Ci\u00e8ncies Econ\u00f2miques&nbsp;(Sociologia)Investigador S\u00e8nior Associat (ICTA)joandavid.tabara@uab.cat &nbsp; &nbsp; &nbsp; &nbsp; &nbsp; Anna Ribas PalomDoctora en GeografiaProfessora Titular de Geografia Humana (UdG)anna.ribas@udg.edu &nbsp; Josep Vila Subir\u00f3sDoctor en [&hellip;]<\/p>\n","protected":false},"author":2826,"featured_media":0,"parent":0,"menu_order":0,"comment_status":"closed","ping_status":"closed","template":"","meta":{"footnotes":""},"class_list":["post-12","page","type-page","status-publish","hentry"],"_links":{"self":[{"href":"https:\/\/webs.uab.cat\/grats\/wp-json\/wp\/v2\/pages\/12","targetHints":{"allow":["GET"]}}],"collection":[{"href":"https:\/\/webs.uab.cat\/grats\/wp-json\/wp\/v2\/pages"}],"about":[{"href":"https:\/\/webs.uab.cat\/grats\/wp-json\/wp\/v2\/types\/page"}],"author":[{"embeddable":true,"href":"https:\/\/webs.uab.cat\/grats\/wp-json\/wp\/v2\/users\/2826"}],"replies":[{"embeddable":true,"href":"https:\/\/webs.uab.cat\/grats\/wp-json\/wp\/v2\/comments?post=12"}],"version-history":[{"count":7,"href":"https:\/\/webs.uab.cat\/grats\/wp-json\/wp\/v2\/pages\/12\/revisions"}],"predecessor-version":[{"id":381,"href":"https:\/\/webs.uab.cat\/grats\/wp-json\/wp\/v2\/pages\/12\/revisions\/381"}],"wp:attachment":[{"href":"https:\/\/webs.uab.cat\/grats\/wp-json\/wp\/v2\/media?parent=12"}],"curies":[{"name":"wp","href":"https:\/\/api.w.org\/{rel}","templated":true}]}}