{"id":128,"date":"2015-07-09T07:36:06","date_gmt":"2015-07-09T07:36:06","guid":{"rendered":"http:\/\/geografia.uab.cat\/grats\/?page_id=128"},"modified":"2015-07-09T07:36:06","modified_gmt":"2015-07-09T07:36:06","slug":"projectes-competitius","status":"publish","type":"page","link":"https:\/\/webs.uab.cat\/grats\/projectes-competitius\/","title":{"rendered":"Projectes competitius"},"content":{"rendered":"<table style=\"border: 1px solid #f5f5f5;width: 628px;height: 1491px\" border=\"1\" rules=\"all\" cellspacing=\"0\" cellpadding=\"1\">\n<tbody>\n<tr>\n<td><strong>Decision-making framework for the participatory rehabilitation of urban river corridors<br \/>\n<\/strong>Entitat finan\u00e7adora: AjutRecercaixa (\u201cLa Caixa\u201d)<br \/>\nEntitats participants: Universitat Internacional de Catalunya i Universitat de Girona<br \/>\nPer\u00edode: 2016-2018<br \/>\nPressupost del projecte: 80.645 \u20ac<strong><br \/>\n<\/strong>Investigador principal: Pere Vall i Anna Ribas<\/td>\n<\/tr>\n<tr style=\"height: 111px\">\n<td style=\"width: 624px;height: 111px;background-color: #d3d3d3\"><strong>Uso de recursos h\u00eddricos no convencionales y adaptaci\u00f3n a las sequ\u00edas en el litoral mediterr\u00e1neo: realidades y propuestas para una planificaci\u00f3n resiliente del agua<br \/>\n<\/strong>Entitat finan\u00e7adora: Spanish CICYT<br \/>\nEntitats participants: Universitat Aut\u00f2noma de Barcelona, Universidad de Alicante<br \/>\nPer\u00edode: 2016-2019<br \/>\nPressupost del projecte: 29.000 \u20ac<br \/>\nInvestigador principal (UAB): David Saur\u00ed<\/td>\n<\/tr>\n<tr style=\"height: 66px\">\n<td style=\"height: 66px;width: 624px\"><strong>Patrimonio fluvial europeo: valorizaci\u00f3n de peque\u00f1os cursos fluviales y canales hist\u00f3ricos como paisajes culturales (EUWATHER)<br \/>\n<\/strong>Entitat finan\u00e7adora: HERITAGE PLUS Joint Cal (UE) i MINECO<br \/>\nEntitats participants:\u00a0Universit\u00e0 Ca\u2019 Foscari (Venezia), University of Brighton, Universiteit Leiden i Universitat de Girona<br \/>\nPer\u00edode: 2015-2017<br \/>\nPressupost del projecte: 60.000 \u20ac<strong><br \/>\n<\/strong>Investigador principal:\u00a0Anna Ribas<\/td>\n<\/tr>\n<tr style=\"height: 179px\">\n<td style=\"height: 179px;width: 624px;background-color: #d3d3d3\"><strong>La potencialidad del regad\u00edo en la mitigaci\u00f3n del cambio clim\u00e1tico: seminario para afianzar el consorcio espa\u00f1ol que lidera el proyecto IRRIGEU<br \/>\n<\/strong>Entitat finan\u00e7adora: Instituto Nacional de Investigaci\u00f3n y Tecnolog\u00eda Agraria y Alimentaria (INIA)<br \/>\nEntitats participants: Fundaci\u00f3 Agroterritori<br \/>\nPer\u00edode: 2015-2015<br \/>\nPressupost del projecte: 2.000 \u20ac<strong><br \/>\n<\/strong>Investigador principal:\u00a0Josep Vila<\/td>\n<\/tr>\n<tr style=\"height: 174px\">\n<td style=\"height: 174px;width: 624px\"><strong>Acci\u00f3n de dinamizaci\u00f3n del proyecto IRRIGEU: Gesti\u00f3n integrada del regad\u00edo sur europeo, herramientas y estrategias para reducir el CO2 y mitigar el cambio clim\u00e1tico<br \/>\n<\/strong>Entitat finan\u00e7adora:\u00a0Ministerio de Econom\u00eda y Competitividad.<br \/>\nEntitats participants: Fundaci\u00f3 Agroterritori, Universitat de Lleida (ETSEA).<br \/>\nPer\u00edode: 2013-2015<br \/>\nPressupost del projecte: 19.537 \u20ac<br \/>\nInvestigador principal:\u00a0Josep Vila<\/td>\n<\/tr>\n<tr style=\"height: 242px\">\n<td style=\"width: 624px;height: 242px;background-color: #d3d3d3\" valign=\"top\"><strong>Urban rainwater harvesting from niche to mainstream: challenges and opportunities for planning<br \/>\n<\/strong>Entitat finan\u00e7adora: Swedish Research Council for Environment, Agricultural Sciences and Spatial Planning (\u201cFORMAS\u201d)<br \/>\nEntitats participants: University of the Royal Institute of Technology (Su\u00e8cia); Leibniz Institute for Regional Development and Structural Planning, IRS- Erkner (Alemanya), University of Newcastle (UK), Universitat Aut\u00f2noma de Barcelona.<br \/>\nPer\u00edode: 2014-2017<br \/>\nPressupost del projecte: 92.000 \u20ac<br \/>\nInvestigador principal (UAB): David Saur\u00ed<\/td>\n<\/tr>\n<tr style=\"height: 144px\">\n<td style=\"width: 624px;height: 144px\"><strong>Futuros cotidianos: vidas urbanas en tiempos de austeridad y cambio<\/strong><br \/>\nEntitat finan\u00e7adora: Ministerio de Econom\u00eda y Competitividad<br \/>\nEntitats participants: Universitat Oberta de Catalunya. Estudis d&#8217;Humanitats<br \/>\nPer\u00edode: 2014-2016<br \/>\nPressupost del projecte: 30.000 \u20ac<br \/>\nInvestigador principal: Nat\u00e0lia Cant\u00f3, Ramon Ribera-Fumaz<\/td>\n<\/tr>\n<tr style=\"height: 108px\">\n<td style=\"width: 624px;height: 108px;background-color: #d3d3d3\"><strong>An\u00e0lisi de tend\u00e8ncies i estrat\u00e8gies de resili\u00e8ncia en els usos i el consum d&#8217;aigua en espais tur\u00edstics. El cas de la Costa Brava<br \/>\n<\/strong>Entitat finan\u00e7adora: Ministerio de Econom\u00eda y Competitividad<br \/>\nEntitats participants: Universitat de Girona<br \/>\nPer\u00edode: 2014-2016<br \/>\nPressupost del projecte: 34.000\u20ac<br \/>\nInvestigador principal:\u00a0Anna Ribas<\/td>\n<\/tr>\n<tr style=\"height: 84px\">\n<td style=\"width: 624px;height: 84px\"><strong>Water governance in touristic areas. Cases of study: mature destination (Costa Brava, Spain) Vs non-consolidated destination (Litoral Norte de Sao Paulo, Brazil)<br \/>\n<\/strong>Entitat finan\u00e7adora: Universitat de Girona<br \/>\nEntitats participants: Universitat de Girona i Universidade de Sao Paulo<br \/>\nPer\u00edode: 2014-2015<br \/>\nPressupost del projecte: 12.000 \u20ac<br \/>\nInvestigador principal:\u00a0Anna Ribas<\/td>\n<\/tr>\n<tr style=\"height: 191px\">\n<td style=\"width: 624px;height: 191px;background-color: #d3d3d3\" valign=\"top\"><strong>Propuesta te\u00f3rica y metodol\u00f3gica para el an\u00e1lisis del metabolismo h\u00eddrico en entornos urbano tur\u00edsticos del litoral mediterr\u00e1neo espa\u00f1ol<\/strong><br \/>\nEntitat finan\u00e7adora: CICYT (Pla Nacional)<br \/>\nEntitats participants: Universitat Aut\u00f2noma de Barcelona, Universidad de Alicante<br \/>\nPer\u00edode: 2013-2015<br \/>\nPressupost del projecte: 70.000 \u20ac<br \/>\nInvestigador principal:David Saur\u00ed<\/td>\n<\/tr>\n<tr style=\"height: 181px\">\n<td style=\"width: 624px;height: 181px\" valign=\"top\"><strong>An\u00e0lisi de Cicle de Vida i Petjada de Caborni de la producci\u00f3 de llet de <em>vaca<\/em><br \/>\n<\/strong>Entitat finan\u00e7adora: AGAUR i Departament d&#8217;Agricultura, Ramaderia, Pesca i Medi Natural<br \/>\nEntitats participants: Institut de Medi Ambient i Fundaci\u00f3 Agroterritori<br \/>\nPer\u00edode: 2013-2014<br \/>\nPressupost del projecte: 14.045\u00a0\u20ac<br \/>\nInvestigador principal: Josep Vila<\/td>\n<\/tr>\n<tr style=\"height: 161px\">\n<td style=\"width: 624px;height: 161px;background-color: #d3d3d3\" valign=\"top\"><strong>Noves pautes de consum i gesti\u00f3 de l&#8217;aigua en espais urbanotur\u00edstics de baixa densitat. El cas de la Costa Brava (Girona)<br \/>\n<\/strong>Entitat finan\u00e7adora: Ministerio de Educaci\u00f3n e Innovaci\u00f3n<br \/>\nEntitats participants: Universitat de Girona<br \/>\nPer\u00edode: 2011-2013<br \/>\nPressupost del projecte: 20.000\u00a0\u20ac<br \/>\nInvestigador principal:\u00a0Anna Ribas<\/td>\n<\/tr>\n<tr style=\"height: 197px\">\n<td style=\"width: 624px;height: 197px\" valign=\"top\"><strong>Assessing the Ecosystem status, including fisheries, within the Mediterranean marine coastal areas of North African countries (MEDINA)<\/strong><br \/>\nEntitat finan\u00e7adora: European Union 7th Framework Programme<br \/>\nEntitats participants: Consortium of European Research Centers and Universities<br \/>\nPer\u00edode: 2011-2014<br \/>\nPressupost del projecte: 190.000 \u20ac<br \/>\nInvestigador principal (UAB): Fran\u00e7oise Breton<\/td>\n<\/tr>\n<tr style=\"height: 146px\">\n<td style=\"width: 624px;height: 146px;background-color: #d3d3d3\"><strong>Crisis y transformaci\u00f3n urbana: un estudio transdisciplinar de la ciudad como loaboratorio de ideas y experiencias<\/strong><br \/>\nEntitat finan\u00e7adora: (subprograma GEOG) Ministerio de Econom\u00eda y Competitividad<br \/>\nEntitats participants: Fundaci\u00f3 per la Universitat Oberta de Catalunya<br \/>\nPer\u00edode: 2011-2013<br \/>\nPressupost del projecte: 27.000<br \/>\nInvestigador principal: Ramon Ribera-Fumaz<\/td>\n<\/tr>\n<tr style=\"height: 64px\">\n<td style=\"width: 624px;height: 64px\" valign=\"top\"><strong>Global System Dynamics and Policies (GSDP) <\/strong><br \/>\nEntitat finan\u00e7adora: UE, DG Research<br \/>\nPer\u00edode: 2010-2013<br \/>\nPressupost del projecte: 25.000 \u20ac<br \/>\nInvestigador principal (UAB): Louis Lemkow &amp; J. David T\u00e0bara<\/td>\n<\/tr>\n<tr style=\"height: 150px\">\n<td style=\"width: 624px;height: 150px;background-color: #d3d3d3\" valign=\"top\"><strong>Factores condicionantes de la demanda dom\u00e9stica de agua. Estudio para el litoral mediterr\u00e1neo espa\u00f1ol<\/strong><br \/>\nEntitat finan\u00e7adora: CICYT (Pla Nacional)<br \/>\nEntitats participants: Universitat Aut\u00f2noma de Barcelona, Universidad de Alicante<br \/>\nPer\u00edode: 2010-2012<br \/>\nPressupost del projecte: 30.000 \u20ac<br \/>\nInvestigador principal: David Saur\u00ed<\/td>\n<\/tr>\n<tr style=\"height: 168px\">\n<td style=\"width: 624px;height: 168px\" valign=\"top\"><strong>ESPON-Climate<\/strong><br \/>\nEntitat finan\u00e7adora: ESPON (Uni\u00f3 Europea)<br \/>\nEntitats participants: Consortium of European Research Centers and Universities<br \/>\nPer\u00edode: 2008-2011<br \/>\nPressupost del projecte: 65.000 \u20ac<br \/>\nInvestigador principal (UAB): David Saur\u00ed<\/td>\n<\/tr>\n<\/tbody>\n<\/table>\n","protected":false},"excerpt":{"rendered":"<p>Decision-making framework for the participatory rehabilitation of urban river corridors Entitat finan\u00e7adora: AjutRecercaixa (\u201cLa Caixa\u201d) Entitats participants: Universitat Internacional de Catalunya i Universitat de Girona Per\u00edode: 2016-2018 Pressupost del projecte: 80.645 \u20ac Investigador principal: Pere Vall i Anna Ribas Uso de recursos h\u00eddricos no convencionales y adaptaci\u00f3n a las sequ\u00edas en el litoral mediterr\u00e1neo: realidades [&hellip;]<\/p>\n","protected":false},"author":2826,"featured_media":0,"parent":0,"menu_order":0,"comment_status":"closed","ping_status":"closed","template":"","meta":{"footnotes":""},"class_list":["post-128","page","type-page","status-publish","hentry"],"_links":{"self":[{"href":"https:\/\/webs.uab.cat\/grats\/wp-json\/wp\/v2\/pages\/128","targetHints":{"allow":["GET"]}}],"collection":[{"href":"https:\/\/webs.uab.cat\/grats\/wp-json\/wp\/v2\/pages"}],"about":[{"href":"https:\/\/webs.uab.cat\/grats\/wp-json\/wp\/v2\/types\/page"}],"author":[{"embeddable":true,"href":"https:\/\/webs.uab.cat\/grats\/wp-json\/wp\/v2\/users\/2826"}],"replies":[{"embeddable":true,"href":"https:\/\/webs.uab.cat\/grats\/wp-json\/wp\/v2\/comments?post=128"}],"version-history":[{"count":0,"href":"https:\/\/webs.uab.cat\/grats\/wp-json\/wp\/v2\/pages\/128\/revisions"}],"wp:attachment":[{"href":"https:\/\/webs.uab.cat\/grats\/wp-json\/wp\/v2\/media?parent=128"}],"curies":[{"name":"wp","href":"https:\/\/api.w.org\/{rel}","templated":true}]}}