{"id":151,"date":"2015-07-09T10:41:22","date_gmt":"2015-07-09T10:41:22","guid":{"rendered":"http:\/\/geografia.uab.cat\/grats\/?page_id=151"},"modified":"2015-07-09T10:41:22","modified_gmt":"2015-07-09T10:41:22","slug":"xarxes-de-recerca","status":"publish","type":"page","link":"https:\/\/webs.uab.cat\/grats\/xarxes-de-recerca\/","title":{"rendered":"Xarxes de recerca"},"content":{"rendered":"<p><strong>WATERLAT-GOBACIT:<\/strong> xarxa inter i transdisciplinar dedicada a l&#8217;intercanvi de coneixements, la recerca i l&#8217;acci\u00f3 pr\u00e0ctica en pol\u00edtica i gesti\u00f3 de l&#8217;aigua i dels serveis h\u00eddrics.\u00a0<a href=\"http:\/\/waterlat.org\/\" target=\"_blank\" rel=\"noopener\">[+]<\/a><\/p>\n","protected":false},"excerpt":{"rendered":"<p>WATERLAT-GOBACIT: xarxa inter i transdisciplinar dedicada a l&#8217;intercanvi de coneixements, la recerca i l&#8217;acci\u00f3 pr\u00e0ctica en pol\u00edtica i gesti\u00f3 de l&#8217;aigua i dels serveis h\u00eddrics.\u00a0[+]<\/p>\n","protected":false},"author":2826,"featured_media":0,"parent":0,"menu_order":0,"comment_status":"closed","ping_status":"closed","template":"","meta":{"footnotes":""},"class_list":["post-151","page","type-page","status-publish","hentry"],"_links":{"self":[{"href":"https:\/\/webs.uab.cat\/grats\/wp-json\/wp\/v2\/pages\/151","targetHints":{"allow":["GET"]}}],"collection":[{"href":"https:\/\/webs.uab.cat\/grats\/wp-json\/wp\/v2\/pages"}],"about":[{"href":"https:\/\/webs.uab.cat\/grats\/wp-json\/wp\/v2\/types\/page"}],"author":[{"embeddable":true,"href":"https:\/\/webs.uab.cat\/grats\/wp-json\/wp\/v2\/users\/2826"}],"replies":[{"embeddable":true,"href":"https:\/\/webs.uab.cat\/grats\/wp-json\/wp\/v2\/comments?post=151"}],"version-history":[{"count":0,"href":"https:\/\/webs.uab.cat\/grats\/wp-json\/wp\/v2\/pages\/151\/revisions"}],"wp:attachment":[{"href":"https:\/\/webs.uab.cat\/grats\/wp-json\/wp\/v2\/media?parent=151"}],"curies":[{"name":"wp","href":"https:\/\/api.w.org\/{rel}","templated":true}]}}