{"id":9,"date":"2023-10-04T09:55:14","date_gmt":"2023-10-04T07:55:14","guid":{"rendered":"https:\/\/webs.uab.cat\/grdec\/?page_id=9"},"modified":"2026-03-27T12:42:50","modified_gmt":"2026-03-27T10:42:50","slug":"seminars","status":"publish","type":"page","link":"https:\/\/webs.uab.cat\/grdec\/seminars\/","title":{"rendered":"Seminars"},"content":{"rendered":"\n<p class=\"has-large-font-size\"><strong>Future Seminars<\/strong><\/p>\n\n\n\n<details class=\"wp-block-mamaduka-toggles wp-block-toggles\"><summary>April 14, 2026 13:00<br>TBC<\/summary><div class=\"wp-block-toggles__content\">\n<p>Charlotte Cavaill\u00e9 (University of Michigan)<\/p>\n\n\n\n<p>Venue: Sala de Juntes (UAB, Facultat de Ci\u00e8ncies Pol\u00edtiques i Sociologia). <\/p>\n\n\n\n<p>Discussant: Alina Vranceanu (UAB)<\/p>\n<\/div><\/details>\n\n\n\n<details class=\"wp-block-mamaduka-toggles wp-block-toggles\"><summary>May 5, 2026 13:00<br>TBC<\/summary><div class=\"wp-block-toggles__content\">\n<p>Sergi Mart\u00ednez (Universitat de Barcelona)<\/p>\n\n\n\n<p>Venue: Sala de Juntes (UAB, Facultat de Ci\u00e8ncies Pol\u00edtiques i Sociologia). <\/p>\n\n\n\n<p>Discussant: TBC<\/p>\n<\/div><\/details>\n\n\n\n<details class=\"wp-block-mamaduka-toggles wp-block-toggles\"><summary>May 26, 2026 13:00<br>Democratic Commitment: Why Citizens Tolerate Democratic Backsliding (Book)<\/summary><div class=\"wp-block-toggles__content\">\n<p>Natascha Wunsch (University of Fribourg)<\/p>\n\n\n\n<p>Venue: Sala de Juntes (UAB, Facultat de Ci\u00e8ncies Pol\u00edtiques i Sociologia). <\/p>\n\n\n\n<p>Discussant: TBC<\/p>\n<\/div><\/details>\n\n\n\n<details class=\"wp-block-mamaduka-toggles wp-block-toggles\"><summary>July 21, 2026 13:00<br>TBC<\/summary><div class=\"wp-block-toggles__content\">\n<p>Marcia Oceno (Florida International University)<\/p>\n\n\n\n<p>Venue: Sala de Juntes (UAB, Facultat de Ci\u00e8ncies Pol\u00edtiques i Sociologia). <\/p>\n\n\n\n<p>Discussant: TBC<\/p>\n<\/div><\/details>\n\n\n\n<p><\/p>\n\n\n\n<p class=\"has-large-font-size\"><strong>Past Seminars<\/strong><\/p>\n\n\n\n<details class=\"wp-block-mamaduka-toggles wp-block-toggles\"><summary>March 24, 2026 13:00<br>Rental housing discrimination against Chinese minorities in Spain: a new instant messaging correspondence test<\/summary><div class=\"wp-block-toggles__content\">\n<p>Javier San Mil\u00e1n (TU Delft)<\/p>\n\n\n\n<p>Venue: Sala de Juntes (UAB, Facultat de Ci\u00e8ncies Pol\u00edtiques i Sociologia). <\/p>\n\n\n\n<p>Discussant: Dani Marinova (UAB)<\/p>\n<\/div><\/details>\n\n\n\n<details class=\"wp-block-mamaduka-toggles wp-block-toggles\"><summary>March 17, 2026 13:00<br>Socializing actors in a polycrisis era: The role of Podemos in shaping youth political attitudes<\/summary><div class=\"wp-block-toggles__content\">\n<p><strong>Giorgio Dolci&nbsp;(Universit\u00e0 degli Studi di Milano)&nbsp;<\/strong><\/p>\n\n\n\n<p>Venue: <strong>Seminari A<\/strong> (UAB, Facultat de Ci\u00e8ncies Pol\u00edtiques i Sociologia).<\/p>\n\n\n\n<p>Discussant: Mar\u00eda Ruiz (UAB)<\/p>\n<\/div><\/details>\n\n\n\n<details class=\"wp-block-mamaduka-toggles wp-block-toggles\"><summary>March 3, 2026 13:00<br>Public Perceptions of Politicians with Mental Health Problems in the UK<\/summary><div class=\"wp-block-toggles__content\">\n<p>Lucca Bernardi (University of Liverpool)<\/p>\n\n\n\n<p>Venue: Sala de Juntes (UAB, Facultat de Ci\u00e8ncies Pol\u00edtiques i Sociologia). <\/p>\n\n\n\n<p>Discussant: Josep Mar\u00eda Comelles (UAB)<\/p>\n<\/div><\/details>\n\n\n\n<details class=\"wp-block-mamaduka-toggles wp-block-toggles\"><summary>February 17, 2026 13:00<br>The Dimensionality of Party Competition as Seen by Citizen<\/summary><div class=\"wp-block-toggles__content\">\n<p>Ruth Dassonneville (KU Leuven\/Universit\u00e9 de Montr\u00e9al)<\/p>\n\n\n\n<p>Venue: Sala de Juntes (UAB, Facultat de Ci\u00e8ncies Pol\u00edtiques i Sociologia). <\/p>\n\n\n\n<p>Discussant: TBC<\/p>\n<\/div><\/details>\n\n\n\n<details class=\"wp-block-mamaduka-toggles wp-block-toggles\"><summary>January 20, 2026 13:00<br>How does War Look Like on the European Mainstream Media Facebook? A LargeN Comparison of the Media Facebook Posts Covering Ukraine and Gaza in 24 European Countries in Spring 2024<\/summary><div class=\"wp-block-toggles__content\">\n<p>Delia Dumitrescu (Heidelberg University)<\/p>\n\n\n\n<p>Venue: Sala de Juntes (UAB, Facultat de Ci\u00e8ncies Pol\u00edtiques i Sociologia). <\/p>\n\n\n\n<p>Discussant: TBC<\/p>\n<\/div><\/details>\n\n\n\n<details class=\"wp-block-mamaduka-toggles wp-block-toggles\"><summary>January 13, 2026 13:00<br>When Authoritarians Embrace Democracy: The Hidden Hand of Pre-Existing Oligarchies in Brazil\u2019s Transition<\/summary><div class=\"wp-block-toggles__content\">\n<p>Javier Padilla (CUNY)<\/p>\n\n\n\n<p>Venue: Sala de Juntes (UAB, Facultat de Ci\u00e8ncies Pol\u00edtiques i Sociologia). <\/p>\n\n\n\n<p>Discussant: TBC<\/p>\n<\/div><\/details>\n\n\n\n<details class=\"wp-block-mamaduka-toggles wp-block-toggles\"><summary>December 9, 2025 13:00<br>Radical Right Populists at our Table. Unpolitics in the Council of the EU and the Case of Gender Equality<\/summary><div class=\"wp-block-toggles__content\">\n<p>Laurie Beaudonnet (University of Montreal)<\/p>\n\n\n\n<p>Venue: Sala de Juntes (UAB, Facultat de Ci\u00e8ncies Pol\u00edtiques i Sociologia). <\/p>\n\n\n\n<p>Discussant: TBC<\/p>\n<\/div><\/details>\n\n\n\n<details class=\"wp-block-mamaduka-toggles wp-block-toggles\"><summary>December 2, 2025 13:00<br>Does the Mode of Deliberation Make a Difference?<\/summary><div class=\"wp-block-toggles__content\">\n<p>Kimmo Gr\u00f6nlund (\u00c5bo Akademi&nbsp;University)<\/p>\n\n\n\n<p>Venue: Sala de Juntes (UAB, Facultat de Ci\u00e8ncies Pol\u00edtiques i Sociologia). <\/p>\n\n\n\n<p>Discussant: Guillem Rico<\/p>\n<\/div><\/details>\n\n\n\n<details class=\"wp-block-mamaduka-toggles wp-block-toggles\"><summary>November 11, 2025 13:00<br>Estamos Listas: the mobilising effect of identity-based parties for political minorities<\/summary><div class=\"wp-block-toggles__content\">\n<p>Nerea G\u00e1ndara (UC3M) (co-authored with Sergi Mart\u00ednez)<\/p>\n\n\n\n<p>Venue: Sala de Juntes (UAB, Facultat de Ci\u00e8ncies Pol\u00edtiques i Sociologia). <\/p>\n\n\n\n<p>Discussant: TBC<\/p>\n<\/div><\/details>\n\n\n\n<details class=\"wp-block-mamaduka-toggles wp-block-toggles\"><summary>November 4, 2025 13:00<br>How do intra-party divisions affect the success of party policy change?<\/summary><div class=\"wp-block-toggles__content\">\n<p>Felix Lehmann (University of Gothenburg)<\/p>\n\n\n\n<p>Venue: Sala de Juntes (UAB, Facultat de Ci\u00e8ncies Pol\u00edtiques i Sociologia). <\/p>\n\n\n\n<p>Discussant: TBC<\/p>\n<\/div><\/details>\n\n\n\n<details class=\"wp-block-mamaduka-toggles wp-block-toggles\"><summary>October 21, 2025 13:00<br>Trending Voices: How Mainstream Influencers Shape Public Opinion on Gender<br>Equality<\/summary><div class=\"wp-block-toggles__content\">\n<p>Alejandro Tirado Castro (UC3M)<\/p>\n\n\n\n<p>Venue: Sala de Juntes (UAB, Facultat de Ci\u00e8ncies Pol\u00edtiques i Sociologia). <\/p>\n\n\n\n<p>Discussant: TBC <\/p>\n<\/div><\/details>\n\n\n\n<details class=\"wp-block-mamaduka-toggles wp-block-toggles\"><summary>September 30, 2025 13:00<br>Trusting the Label? The Role of Partisanship and Labeling Source in News Credibility Cues<\/summary><div class=\"wp-block-toggles__content\">\n<p>Ana Sof\u00eda Cardenal (Universitat Oberta de Catalunya)<\/p>\n\n\n\n<p>Venue: Sala de Juntes (UAB, Facultat de Ci\u00e8ncies Pol\u00edtiques i Sociologia). <\/p>\n\n\n\n<p>Discussant: TBC<\/p>\n<\/div><\/details>\n\n\n\n<details class=\"wp-block-mamaduka-toggles wp-block-toggles\"><summary>September 22, 2025 13:00<br>Speaking of Women: Tracing the Evolution of Women\u2019s Rights Norms in UN General Debate Speeches<\/summary><div class=\"wp-block-toggles__content\">\n<p>Cecilia Josefsson (Uppsala University)<\/p>\n\n\n\n<p>Venue: Sala de Juntes (UAB, Facultat de Ci\u00e8ncies Pol\u00edtiques i Sociologia). <\/p>\n\n\n\n<p>Discussant: TBC<\/p>\n<\/div><\/details>\n\n\n\n<details class=\"wp-block-mamaduka-toggles wp-block-toggles\"><summary>July 22, 2025 13:00<br>Demographic Trends in Singlehood: Challenges and Opportunities for Social Sciences<\/summary><div class=\"wp-block-toggles__content\">\n<p>Ariane Ophir (CED\/UAB)<\/p>\n\n\n\n<p>Venue: Sala de Juntes (UAB, Facultat de Ci\u00e8ncies Pol\u00edtiques i Sociologia). <\/p>\n\n\n\n<p>Discussant: Mar\u00eda Ruiz (UAB)<\/p>\n<\/div><\/details>\n\n\n\n<details class=\"wp-block-mamaduka-toggles wp-block-toggles\"><summary>June 13, 2025 13:00<br>Living Next Door: Immigrant Arrivals and Native-born Out-Migration<\/summary><div class=\"wp-block-toggles__content\">\n<p>Gloria Gennaro (UCL)<\/p>\n\n\n\n<p>Venue: Sala de Juntes (UAB, Facultat de Ci\u00e8ncies Pol\u00edtiques i Sociologia). <\/p>\n\n\n\n<p>Discussant: Quique Hern\u00e1ndez (UAB)<\/p>\n<\/div><\/details>\n\n\n\n<details class=\"wp-block-mamaduka-toggles wp-block-toggles\"><summary>June 10, 2025 13:00<br>Constructions of peoplehood among far right supporters: how neoliberalism co-opted nationalism through producerist values<\/summary><div class=\"wp-block-toggles__content\">\n<p>Roni Kuppers-Johansson (LSE)<\/p>\n\n\n\n<p>Venue: Sala de Juntes (UAB, Facultat de Ci\u00e8ncies Pol\u00edtiques i Sociologia). <\/p>\n\n\n\n<p>Discussant: TBC<\/p>\n<\/div><\/details>\n\n\n\n<details class=\"wp-block-mamaduka-toggles wp-block-toggles\"><summary>May 27, 2025 13:00<br>Change in Migrants\u2019 Political Attitudes: Acculturation and Cosmopolitanization<\/summary><div class=\"wp-block-toggles__content\">\n<p>Filip Kostelka (European University Institute)<\/p>\n\n\n\n<p>Joint seminar with TransDeM<\/p>\n\n\n\n<p>Venue: Sala de Juntes (UAB, Facultat de Ci\u00e8ncies Pol\u00edtiques i Sociologia). <\/p>\n\n\n\n<p>Discussant: Stefano Camatarri (UAB)<\/p>\n<\/div><\/details>\n\n\n\n<details class=\"wp-block-mamaduka-toggles wp-block-toggles\"><summary>May 13, 2025 13:00<br>Polarization and Cooperation<\/summary><div class=\"wp-block-toggles__content\">\n<p>Sandra Leon (UC3M), Albert Falc\u00b4o (UB) and Ignacio Jurado (UC3M)<\/p>\n\n\n\n<p>Venue: Sala de Juntes (UAB, Facultat de Ci\u00e8ncies Pol\u00edtiques i Sociologia). <\/p>\n\n\n\n<p>Discussant: Eva Anduiza (UAB)<\/p>\n<\/div><\/details>\n\n\n\n<details class=\"wp-block-mamaduka-toggles wp-block-toggles\"><summary>March 25, 2025 13:00<br>How Snap Election Calls Shape Vote Intention Uncertainty: Lessons From Germany and Spain<\/summary><div class=\"wp-block-toggles__content\">\n<p>Klara M\u00fcller (University of Mannheim)<\/p>\n\n\n\n<p>Venue: Sala de Juntes (UAB, Facultat de Ci\u00e8ncies Pol\u00edtiques i Sociologia)<\/p>\n\n\n\n<p>Discussant: TBC<\/p>\n<\/div><\/details>\n\n\n\n<details class=\"wp-block-mamaduka-toggles wp-block-toggles\"><summary>March 18, 2025 13:00<br>How far-right protests change satisfaction with democracy<\/summary><div class=\"wp-block-toggles__content\">\n<p>Xavier Romero-Vidal (Department of Public Policy, Cabinet of the Prime<br>Minister\u2019s Office), Caterina Froio, Pietro Castelli and Andrew Klaassen<\/p>\n\n\n\n<p>Venue: Sala de Juntes (UAB, Facultat de Ci\u00e8ncies Pol\u00edtiques i Sociologia). <\/p>\n\n\n\n<p>Discussant: Damjan Tomic (UAB)<\/p>\n<\/div><\/details>\n\n\n\n<details class=\"wp-block-mamaduka-toggles wp-block-toggles\"><summary>Feb. 18, 2025 13:00<br>Explaining LGBTQ electoral choices: \u2019Voting for those who vote for us<\/summary><div class=\"wp-block-toggles__content\">\n<p>Stuart Turnbull-Dugarte (University of Southampton)<\/p>\n\n\n\n<p>Venue: Sala de Juntes (UAB, Facultat de Ci\u00e8ncies Pol\u00edtiques i Sociologia). <\/p>\n\n\n\n<p>Discussant: Carol Galais (UAB)<\/p>\n<\/div><\/details>\n\n\n\n<details class=\"wp-block-mamaduka-toggles wp-block-toggles\"><summary>Feb. 4, 2025 13:00<br>Ideological Alignment and Evidence-Based Policy Adoption<\/summary><div class=\"wp-block-toggles__content\">\n<p>Pedro Rey Bien (EDADE)<\/p>\n\n\n\n<p>Venue: Sala de Graus (UAB, Facultat de Ci\u00e8ncies Pol\u00edtiques i Sociologia).<\/p>\n\n\n\n<p>Discussant: Open discussion<\/p>\n<\/div><\/details>\n\n\n\n<details class=\"wp-block-mamaduka-toggles wp-block-toggles\"><summary>Jan. 28, 2025 13:00<br>Assessing the Severity and Nature of Losers\u2019 Consent&nbsp;Erosion in Polarized Societies<\/summary><div class=\"wp-block-toggles__content\">\n<p>\u00c1lvaro Canalejo (University of Lucerne) and Morgan Le Corre Juratic (Aarhus University in Denmark)<\/p>\n\n\n\n<p>Venue: Sala de Graus (UAB, Facultat de Ci\u00e8ncies Pol\u00edtiques i Sociologia).<\/p>\n\n\n\n<p>Discussant: Sergi Ferrer (UAB)<\/p>\n<\/div><\/details>\n\n\n\n<details class=\"wp-block-mamaduka-toggles wp-block-toggles\"><summary>Jan. 14, 2025 13:00<br>The Democratic Consequences of Female Political Empowerment under Autocracies<\/summary><div class=\"wp-block-toggles__content\">\n<p>Alba Huidobro (Humboldt) and Pau Vall-Prat (UC3M)<\/p>\n\n\n\n<p>Venue: Sala de Juntes (UAB, Facultat de Ci\u00e8ncies Pol\u00edtiques i Sociologia). <\/p>\n\n\n\n<p>Discussant: TBA<\/p>\n<\/div><\/details>\n\n\n\n<details class=\"wp-block-mamaduka-toggles wp-block-toggles\"><summary>Dec. 17, 2024 13:00<br>PAPEA \u2013 A Modular Pipeline for the Automation of Protest Event Analysis<\/summary><div class=\"wp-block-toggles__content\">\n<p>Sebastian Haunss (University of Bremen)<\/p>\n\n\n\n<p>Venue: Sala de Juntes (UAB, Facultat de Ci\u00e8ncies Pol\u00edtiques i Sociologia). <\/p>\n\n\n\n<p>Discussant: Marc Guinjoan (UAB)<\/p>\n<\/div><\/details>\n\n\n\n<details class=\"wp-block-mamaduka-toggles wp-block-toggles\"><summary>Dec. 3, 2024 13:00<br>The Right Reaction: Evidence of Reactive partisan media Exposure During the<br>2020 Black Lives Matter Protests<\/summary><div class=\"wp-block-toggles__content\">\n<p>Jeff Jensen (NYU)<\/p>\n\n\n\n<p>Venue: Sala de Juntes (UAB, Facultat de Ci\u00e8ncies Pol\u00edtiques i Sociologia). <\/p>\n\n\n\n<p>Discussant: Dani Marinova (UAB)<\/p>\n<\/div><\/details>\n\n\n\n<details class=\"wp-block-mamaduka-toggles wp-block-toggles\"><summary>Nov. 19, 2024 13:00<br>The Effects of Winning and Loosing in the European \u2019Eurovision\u2019 Song Contest <\/summary><div class=\"wp-block-toggles__content\">\n<p>Carol Galais and Roberto Pannico (UAB)<\/p>\n\n\n\n<p>Venue: Sala de Juntes (UAB, Facultat de Ci\u00e8ncies Pol\u00edtiques i Sociologia). <\/p>\n\n\n\n<p>Discussant: Guillem Rico<\/p>\n<\/div><\/details>\n\n\n\n<details class=\"wp-block-mamaduka-toggles wp-block-toggles\"><summary>Sep 12, 2024 13:00<br>The pocket v. the poor. A survey experiment on the role of negativity bias in shaping popular support for welfare reform <\/summary><div class=\"wp-block-toggles__content\">\n<p>Tijs Laenen (Tilburg University and KU Leuven)<\/p>\n\n\n\n<p>Sala de Juntes (UAB, Facultat de Ci\u00e8ncies Pol\u00edtiques i Sociologia). Organised by DEC and IGOP.<\/p>\n<\/div><\/details>\n\n\n\n<details class=\"wp-block-mamaduka-toggles wp-block-toggles\"><summary>May 27, 2024 13:00<br>Theoretical complexities and political stakes of the debates about the concept of gender in Europe<\/summary><div class=\"wp-block-toggles__content\">\n<p>Eszter Kov\u00e1ts (Universit\u00e4t Wien)<\/p>\n\n\n\n<p>Sala de Juntes (UAB)<\/p>\n<\/div><\/details>\n\n\n\n<details class=\"wp-block-mamaduka-toggles wp-block-toggles\"><summary>May 21, 2024 13:00<br>Strategic manipulation of courts in civil law systems<\/summary><div class=\"wp-block-toggles__content\">\n<p>Joan-Josep Vallb\u00e9 (Universitat de Barcelona)<\/p>\n\n\n\n<p>Sala de Juntes (UAB)<\/p>\n\n\n\n<p>Discussant: Marta Vallv\u00e9 (UAB)<\/p>\n<\/div><\/details>\n\n\n\n<details class=\"wp-block-mamaduka-toggles wp-block-toggles\"><summary>May 7, 2024 13:00<br>TBA<\/summary><div class=\"wp-block-toggles__content\">\n<p>Delia Zollinger (University of Zurich)<\/p>\n\n\n\n<p>Sala de Juntes (UAB)<\/p>\n<\/div><\/details>\n\n\n\n<details class=\"wp-block-mamaduka-toggles wp-block-toggles\"><summary>April 16, 2024 13:00<br>How an idea becomes a book: Using the example of &#8220;Voicing Politics&#8221;<\/summary><div class=\"wp-block-toggles__content\">\n<p>Margit Tavits (Washington University in St. Louis)<\/p>\n\n\n\n<p>Sala de Juntes (UAB)<\/p>\n<\/div><\/details>\n\n\n\n<details class=\"wp-block-mamaduka-toggles wp-block-toggles\"><summary>April 2, 2024 13:00<br><strong>Communities without Credit: The Political Implications of Deprivation in Access to Banking Services<\/strong><\/summary><div class=\"wp-block-toggles__content\">\n<p>Pedro Mart\u00edn (European University Institute)<\/p>\n\n\n\n<p>Sala de Juntes (UAB)<\/p>\n\n\n\n<p>Discussant: Rub\u00e9n Garc\u00eda Del Horno (UAB)<\/p>\n<\/div><\/details>\n\n\n\n<details class=\"wp-block-mamaduka-toggles wp-block-toggles\"><summary>March 5, 2024 13:00<br>Exploring public opinion towards feminism: textual, emotional and symbolic meanings of feminism<\/summary><div class=\"wp-block-toggles__content\">\n<p>Paula Zuluaga (UAB)<\/p>\n\n\n\n<p>Sala de Juntes (UAB, Faculty of Political Science and Sociology)<\/p>\n\n\n\n<p>Discussant: Damjan Tomic (UAB)<\/p>\n<\/div><\/details>\n\n\n\n<details class=\"wp-block-mamaduka-toggles wp-block-toggles\"><summary>Feb. 6, 2024 13:00<br><strong>Communist Legacies and Contemporary Attitudes to Socio-Cultural Issues<\/strong><\/summary><div class=\"wp-block-toggles__content\">\n<p>Alina Vranceanu (Universitat Pompeu Fabra)<\/p>\n\n\n\n<p>Sala de Juntes (UAB, Faculty of Political Science and Sociology)<\/p>\n\n\n\n<p>Discussant: Rub\u00e9n Garc\u00eda del Horno (UAB)<\/p>\n<\/div><\/details>\n\n\n\n<details class=\"wp-block-mamaduka-toggles wp-block-toggles\"><summary>Jan. 19, 2024 13:00<br><strong>Authoritarian and democratic imprinting:&nbsp;The long-term impact of education on democratic support<\/strong><\/summary><div class=\"wp-block-toggles__content\">\n<p>Anja Neundorf (University of Glasgow) (with Johannes Gerschweski,&nbsp;&nbsp;Natasha Lindstead, Roman-Gabriel Olar, and&nbsp;Rosalind Shorrocks)<\/p>\n\n\n\n<p>Seminari A (UAB, Faculty of Political Science and Sociology)<\/p>\n\n\n\n<p>Seminar co-hosted by DEC and GEPS research groups<\/p>\n<\/div><\/details>\n\n\n\n<details class=\"wp-block-mamaduka-toggles wp-block-toggles\"><summary>Dec. 19, 2023 13:00<br><strong>Can parties make voters inconsistent? The effect of party communication on policy opinion constraint<\/strong><\/summary><div class=\"wp-block-toggles__content\">\n<p>Marta Gallina (UAB)<\/p>\n\n\n\n<p>Sala de Juntes (UAB)<\/p>\n\n\n\n<p>Discussant: Mar\u00eda Ruiz (UAB)<\/p>\n<\/div><\/details>\n\n\n\n<details class=\"wp-block-mamaduka-toggles wp-block-toggles\"><summary>Dec. 5, 2023 13:00<br>Varieties of elite polarisation in Latin America: a computational linguistics approach to affective and ideological polarisation<\/summary><div class=\"wp-block-toggles__content\">\n<p>Luis Remiro (University of Barcelona)<\/p>\n\n\n\n<p>Sala de Juntes (UAB)<\/p>\n\n\n\n<p>Discussant: Daniel Balinhas (UAB)<\/p>\n<\/div><\/details>\n\n\n\n<details class=\"wp-block-mamaduka-toggles wp-block-toggles\"><summary>Nov. 21, 2023 13:00<br>Feeling our way through misperceptions about climate change: evidence from two survey experiments and an rPPg study measuring heart rate<\/summary><div class=\"wp-block-toggles__content\">\n<p>Lala Muradova (Universitat Pompeu Fabra)<\/p>\n\n\n\n<p>UAB &#8211; Seminari B<\/p>\n\n\n\n<p>Discussant: Pedro Manuel Bell\u00f3n (UAB)<\/p>\n<\/div><\/details>\n\n\n\n<details class=\"wp-block-mamaduka-toggles wp-block-toggles\"><summary>Oct. 10, 2023 13:00<br><strong>Shifting Democratic Social Norms: The Role of Political Elites<\/strong><\/summary><div class=\"wp-block-toggles__content\">\n<p>Morgan Le Corre Juratic (Aarhus University)<\/p>\n\n\n\n<p>UAB &#8211; Sala de Juntes<\/p>\n\n\n\n<p>Discussant: Enrique Prada<\/p>\n<\/div><\/details>\n\n\n\n<details class=\"wp-block-mamaduka-toggles wp-block-toggles\"><summary>June 28, 2023 11:30<br><strong>Parental leave take-up in a segmented labor market: Evidence from the Spanish reforms of paternity leave<\/strong><\/summary><div class=\"wp-block-toggles__content\">\n<p>Danislava Milkova Marinova (Universitat Aut\u00f2noma de Barcelona)<\/p>\n\n\n\n<p>UAB &#8211; Sala de Juntes<\/p>\n<\/div><\/details>\n\n\n\n<details class=\"wp-block-mamaduka-toggles wp-block-toggles\"><summary>June 14, 2023 12:00<br><strong>Ten Thousand Years of Patriarchy!<\/strong><\/summary><div class=\"wp-block-toggles__content\">\n<p>Alice Evans (King\u2019s College London)<\/p>\n\n\n\n<p>UAB &#8211; Sala de Juntes<\/p>\n<\/div><\/details>\n\n\n\n<details class=\"wp-block-mamaduka-toggles wp-block-toggles\"><summary>May 16, 2023 13:00<br>What drives social intolerance? Evidence from conjoint experiments in five multiparty systems<\/summary><div class=\"wp-block-toggles__content\">\n<p>Josep Maria Comelles (Universitat Aut\u00f2noma de Barcelona)<br>Discussant: Marta Vallv\u00e9<br>UAB \u2013 Sala de juntes<\/p>\n<\/div><\/details>\n\n\n\n<details class=\"wp-block-mamaduka-toggles wp-block-toggles\"><summary>April 19, 2023 13:00<br>Seminar on populism<\/summary><div class=\"wp-block-toggles__content\">\n<p>Bruno Castanho Silva (University of Cologne)<br>UAB \u2013 Sala de Juntes<\/p>\n<\/div><\/details>\n\n\n\n<details class=\"wp-block-mamaduka-toggles wp-block-toggles\"><summary>March 14, 2023 13:00<br>Gendered Policy Making? Access of female MPs to legislative committees in German State Legislatures<\/summary><div class=\"wp-block-toggles__content\">\n<p>Verena Fetscher (University of Hamburg)<br>Discussant: Leire Rinc\u00f3n (UAB)<br>UAB \u2013 Sala de Juntes<\/p>\n<\/div><\/details>\n\n\n\n<details class=\"wp-block-mamaduka-toggles wp-block-toggles\"><summary>Feb 7, 2023 13:00<br>Ethnic Conflict, Polarization, and Foot Voting<\/summary><div class=\"wp-block-toggles__content\">\n<p>Jordi Mas (UOC)<br>Discussant: Dani Balinhas<br>UAB \u2013 Sala de Juntes<\/p>\n<\/div><\/details>\n\n\n\n<details class=\"wp-block-mamaduka-toggles wp-block-toggles\"><summary>Jan 10, 2023 13:00<br>White Men Are The Victims\u2019: Radical Right Voter\u2019s Perceptions of Societal Power Structures<\/summary><div class=\"wp-block-toggles__content\">\n<p>Gefjon Off (Gothenburg)<br>Discussant: Dani Marinova<br>UAB \u2013 Sala de Juntes<\/p>\n<\/div><\/details>\n\n\n\n<details class=\"wp-block-mamaduka-toggles wp-block-toggles\"><summary>Dec. 20, 2022 13:00<br>The Political Consequences of Sexual Violence<\/summary><div class=\"wp-block-toggles__content\">\n<p>Leire Rinc\u00f3n (UAB) and Alberto Ortega (UV Amsterdam)<br>Discussant: Eva Anduiza<br>UAB \u2013 Sala de Juntes<\/p>\n<\/div><\/details>\n\n\n\n<details class=\"wp-block-mamaduka-toggles wp-block-toggles\"><summary>Nov. 8, 2022 13:00<br>Left Populism: An Opportunity for Feminist Politics?<\/summary><div class=\"wp-block-toggles__content\">\n<p>Paloma Caravantes Gonz\u00e1lez (UCM\/IBEI)<br>Discussant: Guillem Rico<br>UAB \u2013 Sala de Juntes<\/p>\n<\/div><\/details>\n\n\n\n<details class=\"wp-block-mamaduka-toggles wp-block-toggles\"><summary>Oct. 25, 2022 13:00<br>The Loser\u2019s Consent in Polarized Times: Experimental Evidence<\/summary><div class=\"wp-block-toggles__content\">\n<p>Jordi Mu\u00f1oz (UB), Marc Guinjoan (UOC), Albert Falc\u00f3 (UB), Francesc Amat (UB), Toni Rodon (UPF)<br>Discussant: Enrique Hern\u00e1ndez<br>UAB \u2013 Sala de Juntes<\/p>\n<\/div><\/details>\n","protected":false},"excerpt":{"rendered":"<p>Future Seminars Past Seminars<\/p>\n","protected":false},"author":2768,"featured_media":0,"parent":0,"menu_order":2,"comment_status":"closed","ping_status":"closed","template":"","meta":{"footnotes":""},"class_list":["post-9","page","type-page","status-publish","hentry"],"_links":{"self":[{"href":"https:\/\/webs.uab.cat\/grdec\/wp-json\/wp\/v2\/pages\/9","targetHints":{"allow":["GET"]}}],"collection":[{"href":"https:\/\/webs.uab.cat\/grdec\/wp-json\/wp\/v2\/pages"}],"about":[{"href":"https:\/\/webs.uab.cat\/grdec\/wp-json\/wp\/v2\/types\/page"}],"author":[{"embeddable":true,"href":"https:\/\/webs.uab.cat\/grdec\/wp-json\/wp\/v2\/users\/2768"}],"replies":[{"embeddable":true,"href":"https:\/\/webs.uab.cat\/grdec\/wp-json\/wp\/v2\/comments?post=9"}],"version-history":[{"count":99,"href":"https:\/\/webs.uab.cat\/grdec\/wp-json\/wp\/v2\/pages\/9\/revisions"}],"predecessor-version":[{"id":713,"href":"https:\/\/webs.uab.cat\/grdec\/wp-json\/wp\/v2\/pages\/9\/revisions\/713"}],"wp:attachment":[{"href":"https:\/\/webs.uab.cat\/grdec\/wp-json\/wp\/v2\/media?parent=9"}],"curies":[{"name":"wp","href":"https:\/\/api.w.org\/{rel}","templated":true}]}}