{"id":1114,"date":"2024-06-26T14:08:35","date_gmt":"2024-06-26T14:08:35","guid":{"rendered":"https:\/\/webs.uab.cat\/greab\/?page_id=1114"},"modified":"2024-07-18T21:12:06","modified_gmt":"2024-07-18T21:12:06","slug":"m-pilar-aluja-paris","status":"publish","type":"page","link":"https:\/\/webs.uab.cat\/greab\/ca\/m-pilar-aluja-paris\/","title":{"rendered":"M. Pilar Aluja Par\u00eds"},"content":{"rendered":"\n<div class=\"wp-block-media-text alignwide is-stacked-on-mobile\" style=\"grid-template-columns:31% auto\"><figure class=\"wp-block-media-text__media\"><img loading=\"lazy\" decoding=\"async\" width=\"1024\" height=\"1024\" src=\"https:\/\/webs.uab.cat\/greab\/wp-content\/uploads\/sites\/182\/2024\/06\/fotos-2-6-1024x1024.png\" alt=\"\" class=\"wp-image-713 size-full\" srcset=\"https:\/\/webs.uab.cat\/greab\/wp-content\/uploads\/sites\/182\/2024\/06\/fotos-2-6-1024x1024.png 1024w, https:\/\/webs.uab.cat\/greab\/wp-content\/uploads\/sites\/182\/2024\/06\/fotos-2-6-300x300.png 300w, https:\/\/webs.uab.cat\/greab\/wp-content\/uploads\/sites\/182\/2024\/06\/fotos-2-6-150x150.png 150w, https:\/\/webs.uab.cat\/greab\/wp-content\/uploads\/sites\/182\/2024\/06\/fotos-2-6-768x768.png 768w, https:\/\/webs.uab.cat\/greab\/wp-content\/uploads\/sites\/182\/2024\/06\/fotos-2-6-1536x1536.png 1536w, https:\/\/webs.uab.cat\/greab\/wp-content\/uploads\/sites\/182\/2024\/06\/fotos-2-6-1200x1200.png 1200w, https:\/\/webs.uab.cat\/greab\/wp-content\/uploads\/sites\/182\/2024\/06\/fotos-2-6-1980x1980.png 1980w, https:\/\/webs.uab.cat\/greab\/wp-content\/uploads\/sites\/182\/2024\/06\/fotos-2-6.png 2000w\" sizes=\"auto, (max-width: 1024px) 100vw, 1024px\" \/><\/figure><div class=\"wp-block-media-text__content\">\n<p><strong><a href=\"https:\/\/orcid.org\/0000-0002-0407-9356\" target=\"_blank\" rel=\"noreferrer noopener\">ORCID iD: 0000-0002-0407-9356<\/a><\/strong><\/p>\n\n\n\n<p>S\u00f3c professora d\u00b4Antropologia F\u00edsica de la Universitat Aut\u00f2noma de Barcelona (UAB). Lidero un grup multidisciplinari de recerca consolidat en Antropologia Biol\u00f2gica, el GREAB, reconegut per la Generalitat de Catalunya (ref. 2014 SGR 1420), i el grup d&#8217;Antropologia Molecular i de Poblacions d&#8217;aquesta Universitat que t\u00e9 com a objectiu l&#8217;estudi de la diversitat de les poblacions humanes a nivell biodemogr\u00e0fic-gen\u00e8tic-molecular i la seva aplicaci\u00f3 a la reconstrucci\u00f3 hist\u00f2rica de les poblacions. I coordinate the Biological Anthropology Unit of the Department of Animal Biology, Plant Biology and Ecology at the UAB Faculty of Biosciences. <\/p>\n\n\n\n<div class=\"wp-block-buttons is-layout-flex wp-block-buttons-is-layout-flex\">\n<div class=\"wp-block-button is-style-outline is-style-outline--1\"><a class=\"wp-block-button__link wp-element-button\" href=\"https:\/\/portalrecerca.uab.cat\/es\/persons\/maria-pilar-aluja-paris-4\" target=\"_blank\" rel=\"noreferrer noopener\">https:\/\/portalrecerca.uab.cat\/es\/persons\/maria-pilar-aluja-paris-4<\/a><\/div>\n<\/div>\n<\/div><\/div>\n\n\n\n<div class=\"wp-block-group alignfull has-background\" style=\"background-color:#f2f0e9\"><div class=\"wp-block-group__inner-container is-layout-flow wp-block-group-is-layout-flow\">\n<div class=\"wp-block-columns alignwide are-vertically-aligned-center is-layout-flex wp-container-core-columns-is-layout-9d6595d7 wp-block-columns-is-layout-flex\">\n<div class=\"wp-block-column is-layout-flow wp-block-column-is-layout-flow\" style=\"flex-basis:50%\">\n<p class=\"has-text-color\" style=\"color:#000000;font-size:30px;line-height:1.1\"><strong>Principals \u00e0rees d&#8217;investigaci\u00f3<\/strong><\/p>\n\n\n\n<p><\/p>\n<\/div>\n<\/div>\n\n\n\n<div class=\"wp-block-columns alignwide is-layout-flex wp-container-core-columns-is-layout-9d6595d7 wp-block-columns-is-layout-flex\">\n<div class=\"wp-block-column is-layout-flow wp-block-column-is-layout-flow\">\n<ul class=\"wp-block-list\">\n<li>Estudi evolutiu de les poblacions humanes modernes a nivell molecular.<\/li>\n\n\n\n<li>Aspecte evolutiu de l&#8217;ADN mitocondrial i el seu paper tant en la variabilitat normal com patol\u00f2gica (glioma i malalties cardiovasculars) de la nostra esp\u00e8cie. <\/li>\n<\/ul>\n<\/div>\n<\/div>\n<\/div><\/div>\n","protected":false},"excerpt":{"rendered":"<p>Principals \u00e0rees d&#8217;investigaci\u00f3<\/p>\n","protected":false},"author":2921,"featured_media":0,"parent":0,"menu_order":0,"comment_status":"closed","ping_status":"closed","template":"","meta":{"footnotes":""},"class_list":["post-1114","page","type-page","status-publish","hentry"],"_links":{"self":[{"href":"https:\/\/webs.uab.cat\/greab\/ca\/wp-json\/wp\/v2\/pages\/1114","targetHints":{"allow":["GET"]}}],"collection":[{"href":"https:\/\/webs.uab.cat\/greab\/ca\/wp-json\/wp\/v2\/pages"}],"about":[{"href":"https:\/\/webs.uab.cat\/greab\/ca\/wp-json\/wp\/v2\/types\/page"}],"author":[{"embeddable":true,"href":"https:\/\/webs.uab.cat\/greab\/ca\/wp-json\/wp\/v2\/users\/2921"}],"replies":[{"embeddable":true,"href":"https:\/\/webs.uab.cat\/greab\/ca\/wp-json\/wp\/v2\/comments?post=1114"}],"version-history":[{"count":10,"href":"https:\/\/webs.uab.cat\/greab\/ca\/wp-json\/wp\/v2\/pages\/1114\/revisions"}],"predecessor-version":[{"id":1981,"href":"https:\/\/webs.uab.cat\/greab\/ca\/wp-json\/wp\/v2\/pages\/1114\/revisions\/1981"}],"wp:attachment":[{"href":"https:\/\/webs.uab.cat\/greab\/ca\/wp-json\/wp\/v2\/media?parent=1114"}],"curies":[{"name":"wp","href":"https:\/\/api.w.org\/{rel}","templated":true}]}}