{"id":1144,"date":"2024-06-27T13:59:41","date_gmt":"2024-06-27T13:59:41","guid":{"rendered":"https:\/\/webs.uab.cat\/greab\/?page_id=1144"},"modified":"2024-07-02T17:30:43","modified_gmt":"2024-07-02T17:30:43","slug":"maria-magdalena-gaya-vidal","status":"publish","type":"page","link":"https:\/\/webs.uab.cat\/greab\/ca\/maria-magdalena-gaya-vidal\/","title":{"rendered":"Maria Magdalena Gay\u00e0 Vidal"},"content":{"rendered":"\n<div class=\"wp-block-media-text alignwide is-stacked-on-mobile\" style=\"grid-template-columns:28% auto\"><figure class=\"wp-block-media-text__media\"><img loading=\"lazy\" decoding=\"async\" width=\"1024\" height=\"1024\" src=\"https:\/\/webs.uab.cat\/greab\/wp-content\/uploads\/sites\/182\/2024\/06\/fotos-26-1-1024x1024.png\" alt=\"\" class=\"wp-image-1157 size-full\" srcset=\"https:\/\/webs.uab.cat\/greab\/wp-content\/uploads\/sites\/182\/2024\/06\/fotos-26-1-1024x1024.png 1024w, https:\/\/webs.uab.cat\/greab\/wp-content\/uploads\/sites\/182\/2024\/06\/fotos-26-1-300x300.png 300w, https:\/\/webs.uab.cat\/greab\/wp-content\/uploads\/sites\/182\/2024\/06\/fotos-26-1-150x150.png 150w, https:\/\/webs.uab.cat\/greab\/wp-content\/uploads\/sites\/182\/2024\/06\/fotos-26-1-768x768.png 768w, https:\/\/webs.uab.cat\/greab\/wp-content\/uploads\/sites\/182\/2024\/06\/fotos-26-1-1536x1536.png 1536w, https:\/\/webs.uab.cat\/greab\/wp-content\/uploads\/sites\/182\/2024\/06\/fotos-26-1-1200x1200.png 1200w, https:\/\/webs.uab.cat\/greab\/wp-content\/uploads\/sites\/182\/2024\/06\/fotos-26-1-1980x1980.png 1980w, https:\/\/webs.uab.cat\/greab\/wp-content\/uploads\/sites\/182\/2024\/06\/fotos-26-1.png 2000w\" sizes=\"auto, (max-width: 1024px) 100vw, 1024px\" \/><\/figure><div class=\"wp-block-media-text__content\">\n<p><strong><a href=\"https:\/\/orcid.org\/0000-0002-7042-8948\" target=\"_blank\" rel=\"noreferrer noopener\">ORCID iD: 0000-0002-7042-8948<\/a><\/strong><\/p>\n\n\n\n<p>Soc llicenciada en Biologia per la Universitat de Barcelona (2005) i tinc un m\u00e0ster en Antropologia Biol\u00f2gica (Univ.&nbsp;Toulouse&nbsp;III). Vaig fer el doctorat en co-tutela (UB i&nbsp;Universit\u00e9&nbsp;Toulouse&nbsp;III) centrat en l&#8217;estudi de dues poblacions natives americanes de Bol\u00edvia. Despr\u00e9s, vaig fer un m\u00e0ster en Bioinform\u00e0tica, on vaig cercar signatures de selecci\u00f3 positiva en el llinatge hum\u00e0 en el grup de Gen\u00f2mica Evolutiva de l&#8217;IMIM&nbsp;(PRBB, Barcelona). Vaig fer un postdoctorat a l&#8217;IBB-Universitat Aut\u00f2noma de Barcelona (2012-2014), treballant en un projecte centrat en les inversions polim\u00f2rfiques humanes. Vaig integrar el grup de gen\u00e8tica evolutiva humana (HUMEVOL) del&nbsp;CIBIO, a Porto, Portugal (2014-2024), per estudiar poblacions de diferents regions africanes (Angola, Mo\u00e7ambic, S\u00e3o Tom\u00e9 i Pr\u00edncipe), abordant q\u00fcestions sobre la hist\u00f2ria poblacional d&#8217;aquestes regions, aix\u00ed com analitzar el microbioma oral.<\/p>\n\n\n\n<p>Des de 2024 soc professora lectora a la Unitat d&#8217;Antropologia Biol\u00f2gica de la UAB. La meva recerca se centra en estudiar diferents aspectes de la variabilitat gen\u00e8tica humana. M&#8217;interessa especialment poder reconstruir la hist\u00f2ria de les poblacions i investigar com aquestes s&#8217;han adaptat als nous ambients, i, m\u00e9s recentment, saber quins factors influeixen en el microbioma oral.<\/p>\n\n\n\n<div class=\"wp-block-buttons is-layout-flex wp-block-buttons-is-layout-flex\">\n<div class=\"wp-block-button is-style-outline is-style-outline--1\"><a class=\"wp-block-button__link wp-element-button\" href=\"https:\/\/portalrecerca.uab.cat\/es\/persons\/maria-magdalena-gaya-vidal\" target=\"_blank\" rel=\"noreferrer noopener\">https:\/\/portalrecerca.uab.cat\/es\/persons\/maria-magdalena-gaya-vidal<\/a><\/div>\n<\/div>\n<\/div><\/div>\n\n\n\n<div class=\"wp-block-group alignfull has-background\" style=\"background-color:#f2f0e9\"><div class=\"wp-block-group__inner-container is-layout-flow wp-block-group-is-layout-flow\">\n<div class=\"wp-block-columns alignwide are-vertically-aligned-center is-layout-flex wp-container-core-columns-is-layout-9d6595d7 wp-block-columns-is-layout-flex\">\n<div class=\"wp-block-column is-layout-flow wp-block-column-is-layout-flow\" style=\"flex-basis:50%\">\n<p class=\"has-text-color\" style=\"color:#000000;font-size:30px;line-height:1.1\"><strong>Principals \u00e0rees d&#8217;investigaci\u00f3<\/strong><\/p>\n\n\n\n<p><\/p>\n<\/div>\n\n\n\n<div class=\"wp-block-column is-layout-flow wp-block-column-is-layout-flow\" style=\"flex-basis:50%\"><\/div>\n<\/div>\n\n\n\n<div class=\"wp-block-columns alignwide is-layout-flex wp-container-core-columns-is-layout-9d6595d7 wp-block-columns-is-layout-flex\">\n<div class=\"wp-block-column is-layout-flow wp-block-column-is-layout-flow\">\n<ul class=\"wp-block-list\">\n<li>Gen\u00f2mica de les poblacions humanes&nbsp; &nbsp;<\/li>\n\n\n\n<li>Estudi del microbioma hum\u00e0&nbsp;<\/li>\n<\/ul>\n<\/div>\n<\/div>\n\n\n\n<div style=\"height:40px\" aria-hidden=\"true\" class=\"wp-block-spacer\"><\/div>\n<\/div><\/div>\n","protected":false},"excerpt":{"rendered":"<p>Principals \u00e0rees d&#8217;investigaci\u00f3<\/p>\n","protected":false},"author":2921,"featured_media":0,"parent":0,"menu_order":0,"comment_status":"closed","ping_status":"closed","template":"","meta":{"footnotes":""},"class_list":["post-1144","page","type-page","status-publish","hentry"],"_links":{"self":[{"href":"https:\/\/webs.uab.cat\/greab\/ca\/wp-json\/wp\/v2\/pages\/1144","targetHints":{"allow":["GET"]}}],"collection":[{"href":"https:\/\/webs.uab.cat\/greab\/ca\/wp-json\/wp\/v2\/pages"}],"about":[{"href":"https:\/\/webs.uab.cat\/greab\/ca\/wp-json\/wp\/v2\/types\/page"}],"author":[{"embeddable":true,"href":"https:\/\/webs.uab.cat\/greab\/ca\/wp-json\/wp\/v2\/users\/2921"}],"replies":[{"embeddable":true,"href":"https:\/\/webs.uab.cat\/greab\/ca\/wp-json\/wp\/v2\/comments?post=1144"}],"version-history":[{"count":10,"href":"https:\/\/webs.uab.cat\/greab\/ca\/wp-json\/wp\/v2\/pages\/1144\/revisions"}],"predecessor-version":[{"id":1440,"href":"https:\/\/webs.uab.cat\/greab\/ca\/wp-json\/wp\/v2\/pages\/1144\/revisions\/1440"}],"wp:attachment":[{"href":"https:\/\/webs.uab.cat\/greab\/ca\/wp-json\/wp\/v2\/media?parent=1144"}],"curies":[{"name":"wp","href":"https:\/\/api.w.org\/{rel}","templated":true}]}}