{"id":1315,"date":"2024-07-01T13:28:10","date_gmt":"2024-07-01T13:28:10","guid":{"rendered":"https:\/\/webs.uab.cat\/greab\/?page_id=1315"},"modified":"2024-07-01T13:28:13","modified_gmt":"2024-07-01T13:28:13","slug":"albert-isidro-llorens","status":"publish","type":"page","link":"https:\/\/webs.uab.cat\/greab\/ca\/albert-isidro-llorens\/","title":{"rendered":"Albert Isidro Llorens"},"content":{"rendered":"\n<div class=\"wp-block-media-text alignwide is-stacked-on-mobile\" style=\"grid-template-columns:26% auto\"><figure class=\"wp-block-media-text__media\"><img loading=\"lazy\" decoding=\"async\" width=\"1024\" height=\"1024\" src=\"https:\/\/webs.uab.cat\/greab\/wp-content\/uploads\/sites\/182\/2024\/07\/fotos-29-1024x1024.png\" alt=\"\" class=\"wp-image-1316 size-full\" srcset=\"https:\/\/webs.uab.cat\/greab\/wp-content\/uploads\/sites\/182\/2024\/07\/fotos-29-1024x1024.png 1024w, https:\/\/webs.uab.cat\/greab\/wp-content\/uploads\/sites\/182\/2024\/07\/fotos-29-300x300.png 300w, https:\/\/webs.uab.cat\/greab\/wp-content\/uploads\/sites\/182\/2024\/07\/fotos-29-150x150.png 150w, https:\/\/webs.uab.cat\/greab\/wp-content\/uploads\/sites\/182\/2024\/07\/fotos-29-768x768.png 768w, https:\/\/webs.uab.cat\/greab\/wp-content\/uploads\/sites\/182\/2024\/07\/fotos-29-1536x1536.png 1536w, https:\/\/webs.uab.cat\/greab\/wp-content\/uploads\/sites\/182\/2024\/07\/fotos-29-1200x1200.png 1200w, https:\/\/webs.uab.cat\/greab\/wp-content\/uploads\/sites\/182\/2024\/07\/fotos-29-1980x1980.png 1980w, https:\/\/webs.uab.cat\/greab\/wp-content\/uploads\/sites\/182\/2024\/07\/fotos-29.png 2000w\" sizes=\"auto, (max-width: 1024px) 100vw, 1024px\" \/><\/figure><div class=\"wp-block-media-text__content\">\n<p><strong><strong><a href=\"https:\/\/orcid.org\/0000-0001-8784-2945\" target=\"_blank\" rel=\"noreferrer noopener\">ORCID iD: 0000-0001-8784-2945<\/a><\/strong><\/strong><\/p>\n\n\n\n<p>Soc consultor s\u00e8nior del Servei de Cirurgia Ortop\u00e8dica i Traumatologia de l\u2019Hospital Universitari Sagrat Cor de Barcelona, Tutor de Residents MIR (acreditaci\u00f3 externa) i Professor Associat del Departament de Cirurgia de la Facultat de Medicina de la UB (acreditaci\u00f3 com a Professor Lector en Ci\u00e8ncies de la Salut). Encara que la meva tasca docent est\u00e0 centralitzada en l\u2019ensenyament de la Cirurgia Ortop\u00e8dica i Traumatologia, tant per a estudiants de pregrau com per a residents de COT, la meva tasca investigadora \u00e9s en el camp de la Paleopatolog\u00eda. Des dels anys 90 he estat col\u00b7laborant d\u2019una manera peri\u00f2dica amb la Unitat d\u2019Antropologia Biol\u00f2gica de la Universitat Aut\u00f2noma de Barcelona i el Museu Egipci de Barcelona.<\/p>\n<\/div><\/div>\n\n\n\n<div class=\"wp-block-group alignfull has-background\" style=\"background-color:#f2f0e9\"><div class=\"wp-block-group__inner-container is-layout-flow wp-block-group-is-layout-flow\">\n<div class=\"wp-block-columns alignwide are-vertically-aligned-center is-layout-flex wp-container-core-columns-is-layout-9d6595d7 wp-block-columns-is-layout-flex\">\n<div class=\"wp-block-column is-layout-flow wp-block-column-is-layout-flow\" style=\"flex-basis:50%\">\n<p class=\"has-text-color\" style=\"color:#000000;font-size:30px;line-height:1.1\"><strong>Principals \u00e0rees d&#8217;investigaci\u00f3<\/strong><\/p>\n\n\n\n<p><\/p>\n<\/div>\n\n\n\n<div class=\"wp-block-column is-layout-flow wp-block-column-is-layout-flow\" style=\"flex-basis:50%\"><\/div>\n<\/div>\n\n\n\n<div class=\"wp-block-columns alignwide is-layout-flex wp-container-core-columns-is-layout-9d6595d7 wp-block-columns-is-layout-flex\">\n<div class=\"wp-block-column is-layout-flow wp-block-column-is-layout-flow\">\n<ul class=\"wp-block-list\">\n<li>Paleopatologia.<\/li>\n\n\n\n<li>Evoluci\u00f3 del c\u00e0ncer a partir de restes antigues.<\/li>\n\n\n\n<li>Tumors ossis i de teixits tous: diagn\u00f2stic preco\u00e7, radiologia especial i tractament quir\u00fargic.<\/li>\n<\/ul>\n<\/div>\n<\/div>\n\n\n\n<div style=\"height:40px\" aria-hidden=\"true\" class=\"wp-block-spacer\"><\/div>\n<\/div><\/div>\n","protected":false},"excerpt":{"rendered":"<p>ORCID iD: 0000-0001-8784-2945 Soc consultor s\u00e8nior del Servei de Cirurgia Ortop\u00e8dica i Traumatologia de l\u2019Hospital Universitari Sagrat Cor de Barcelona, Tutor de Residents MIR (acreditaci\u00f3 externa) i Professor Associat del Departament de Cirurgia de la Facultat de Medicina de la UB (acreditaci\u00f3 com a Professor Lector en Ci\u00e8ncies de la Salut). Encara que la meva [&hellip;]<\/p>\n","protected":false},"author":2921,"featured_media":0,"parent":0,"menu_order":0,"comment_status":"closed","ping_status":"closed","template":"","meta":{"footnotes":""},"class_list":["post-1315","page","type-page","status-publish","hentry"],"_links":{"self":[{"href":"https:\/\/webs.uab.cat\/greab\/ca\/wp-json\/wp\/v2\/pages\/1315","targetHints":{"allow":["GET"]}}],"collection":[{"href":"https:\/\/webs.uab.cat\/greab\/ca\/wp-json\/wp\/v2\/pages"}],"about":[{"href":"https:\/\/webs.uab.cat\/greab\/ca\/wp-json\/wp\/v2\/types\/page"}],"author":[{"embeddable":true,"href":"https:\/\/webs.uab.cat\/greab\/ca\/wp-json\/wp\/v2\/users\/2921"}],"replies":[{"embeddable":true,"href":"https:\/\/webs.uab.cat\/greab\/ca\/wp-json\/wp\/v2\/comments?post=1315"}],"version-history":[{"count":1,"href":"https:\/\/webs.uab.cat\/greab\/ca\/wp-json\/wp\/v2\/pages\/1315\/revisions"}],"predecessor-version":[{"id":1319,"href":"https:\/\/webs.uab.cat\/greab\/ca\/wp-json\/wp\/v2\/pages\/1315\/revisions\/1319"}],"wp:attachment":[{"href":"https:\/\/webs.uab.cat\/greab\/ca\/wp-json\/wp\/v2\/media?parent=1315"}],"curies":[{"name":"wp","href":"https:\/\/api.w.org\/{rel}","templated":true}]}}