{"id":1466,"date":"2024-07-03T17:52:12","date_gmt":"2024-07-03T17:52:12","guid":{"rendered":"https:\/\/webs.uab.cat\/greab\/?page_id=1466"},"modified":"2024-07-03T17:52:13","modified_gmt":"2024-07-03T17:52:13","slug":"paloma-salvador-gomez-grandoli","status":"publish","type":"page","link":"https:\/\/webs.uab.cat\/greab\/ca\/paloma-salvador-gomez-grandoli\/","title":{"rendered":"Paloma Salvador G\u00f3mez-Grandoli"},"content":{"rendered":"\n<div class=\"wp-block-media-text alignwide is-stacked-on-mobile\" style=\"grid-template-columns:26% auto\"><figure class=\"wp-block-media-text__media\"><img loading=\"lazy\" decoding=\"async\" width=\"1024\" height=\"1024\" src=\"https:\/\/webs.uab.cat\/greab\/wp-content\/uploads\/sites\/182\/2024\/07\/fotos-1024x1024.png\" alt=\"\" class=\"wp-image-1467 size-full\" srcset=\"https:\/\/webs.uab.cat\/greab\/wp-content\/uploads\/sites\/182\/2024\/07\/fotos-1024x1024.png 1024w, https:\/\/webs.uab.cat\/greab\/wp-content\/uploads\/sites\/182\/2024\/07\/fotos-300x300.png 300w, https:\/\/webs.uab.cat\/greab\/wp-content\/uploads\/sites\/182\/2024\/07\/fotos-150x150.png 150w, https:\/\/webs.uab.cat\/greab\/wp-content\/uploads\/sites\/182\/2024\/07\/fotos-768x768.png 768w, https:\/\/webs.uab.cat\/greab\/wp-content\/uploads\/sites\/182\/2024\/07\/fotos-1536x1536.png 1536w, https:\/\/webs.uab.cat\/greab\/wp-content\/uploads\/sites\/182\/2024\/07\/fotos-1200x1200.png 1200w, https:\/\/webs.uab.cat\/greab\/wp-content\/uploads\/sites\/182\/2024\/07\/fotos-1980x1980.png 1980w, https:\/\/webs.uab.cat\/greab\/wp-content\/uploads\/sites\/182\/2024\/07\/fotos.png 2000w\" sizes=\"auto, (max-width: 1024px) 100vw, 1024px\" \/><\/figure><div class=\"wp-block-media-text__content\">\n<p>Em vaig graduar en Hist\u00f2ria en 2015 a la Universitat de les Illes Balears i vaig realitzar el M\u00e0ster en Antropologia Biol\u00f2gica de la Universitat Aut\u00f2noma de Barcelona el curs 2018-2019. Actualment, estic finalitzant la meva tesi doctoral que realitzo a la Universitat Aut\u00f2noma de Barcelona i a la Universitat de les Illes Balears (UIB) sota la direcci\u00f3 dels Drs. Cristina Santos (UAB) i Manuel Calvo (UIB). <\/p>\n\n\n\n<p>Estic interessada en l\u2019estudi de les comunitats prehist\u00f2riques insulars des d\u2019una perspectiva antropol\u00f2gica que inclogui la paleogen\u00e8tica i l\u2019osteologia. El meu projecte de tesi doctoral se centra, precisament, en l&#8217;an\u00e0lisi d&#8217;una comunitat mallorquina (Illes Balears) de finals de l&#8217;Edat del Ferro (650-123 aC) que va ser enterrada a un lloc amb una forta c\u00e0rrega simb\u00f2lica, el Turriforme Esglaonat de Son Ferrer (Calvi\u00e0, Mallorca), i on la majoria d&#8217;individus enterrats s\u00f3n no-adults perinatals (&lt;40 setmanes de desenvolupament). D&#8217;aquesta manera, el meu treball se centra a investigar sobre les possibles relacions de parentiu entre individus, la seva proced\u00e8ncia geogr\u00e0fica, les relacions amb poblacions del seu entorn, l&#8217;estudi de la mortalitat infantil o les possibles malalties que van patir.<\/p>\n<\/div><\/div>\n\n\n\n<div class=\"wp-block-group alignfull has-background\" style=\"background-color:#f2f0e9\"><div class=\"wp-block-group__inner-container is-layout-flow wp-block-group-is-layout-flow\">\n<div class=\"wp-block-columns alignwide are-vertically-aligned-center is-layout-flex wp-container-core-columns-is-layout-9d6595d7 wp-block-columns-is-layout-flex\">\n<div class=\"wp-block-column is-layout-flow wp-block-column-is-layout-flow\" style=\"flex-basis:50%\">\n<p class=\"has-text-color\" style=\"color:#000000;font-size:30px;line-height:1.1\"><strong>Principals \u00e0rees d&#8217;investigaci\u00f3<\/strong><\/p>\n\n\n\n<p><\/p>\n<\/div>\n<\/div>\n\n\n\n<div class=\"wp-block-columns alignwide is-layout-flex wp-container-core-columns-is-layout-9d6595d7 wp-block-columns-is-layout-flex\">\n<div class=\"wp-block-column is-layout-flow wp-block-column-is-layout-flow\">\n<ul class=\"wp-block-list\">\n<li>Estudi de comunitats prehist\u00f2riques insulars <\/li>\n\n\n\n<li>An\u00e0lisi d\u2019individus infantils des d\u2019una perspectiva paleogen\u00e8tica i osteol\u00f2gica.<\/li>\n<\/ul>\n<\/div>\n<\/div>\n\n\n\n<div style=\"height:40px\" aria-hidden=\"true\" class=\"wp-block-spacer\"><\/div>\n<\/div><\/div>\n","protected":false},"excerpt":{"rendered":"<p>Em vaig graduar en Hist\u00f2ria en 2015 a la Universitat de les Illes Balears i vaig realitzar el M\u00e0ster en Antropologia Biol\u00f2gica de la Universitat Aut\u00f2noma de Barcelona el curs 2018-2019. Actualment, estic finalitzant la meva tesi doctoral que realitzo a la Universitat Aut\u00f2noma de Barcelona i a la Universitat de les Illes Balears (UIB) [&hellip;]<\/p>\n","protected":false},"author":2921,"featured_media":0,"parent":0,"menu_order":0,"comment_status":"closed","ping_status":"closed","template":"","meta":{"footnotes":""},"class_list":["post-1466","page","type-page","status-publish","hentry"],"_links":{"self":[{"href":"https:\/\/webs.uab.cat\/greab\/ca\/wp-json\/wp\/v2\/pages\/1466","targetHints":{"allow":["GET"]}}],"collection":[{"href":"https:\/\/webs.uab.cat\/greab\/ca\/wp-json\/wp\/v2\/pages"}],"about":[{"href":"https:\/\/webs.uab.cat\/greab\/ca\/wp-json\/wp\/v2\/types\/page"}],"author":[{"embeddable":true,"href":"https:\/\/webs.uab.cat\/greab\/ca\/wp-json\/wp\/v2\/users\/2921"}],"replies":[{"embeddable":true,"href":"https:\/\/webs.uab.cat\/greab\/ca\/wp-json\/wp\/v2\/comments?post=1466"}],"version-history":[{"count":1,"href":"https:\/\/webs.uab.cat\/greab\/ca\/wp-json\/wp\/v2\/pages\/1466\/revisions"}],"predecessor-version":[{"id":1470,"href":"https:\/\/webs.uab.cat\/greab\/ca\/wp-json\/wp\/v2\/pages\/1466\/revisions\/1470"}],"wp:attachment":[{"href":"https:\/\/webs.uab.cat\/greab\/ca\/wp-json\/wp\/v2\/media?parent=1466"}],"curies":[{"name":"wp","href":"https:\/\/api.w.org\/{rel}","templated":true}]}}