{"id":1711,"date":"2024-07-11T13:26:13","date_gmt":"2024-07-11T13:26:13","guid":{"rendered":"https:\/\/webs.uab.cat\/greab\/?page_id=1711"},"modified":"2025-05-30T21:02:54","modified_gmt":"2025-05-30T21:02:54","slug":"divulgacio","status":"publish","type":"page","link":"https:\/\/webs.uab.cat\/greab\/ca\/divulgacio\/","title":{"rendered":"Divulgaci\u00f3"},"content":{"rendered":"\n<h2 class=\"wp-block-heading alignwide\">\u00daltimes not\u00edcies<\/h2>\n\n\n\n<div class=\"wp-block-media-text alignwide is-stacked-on-mobile\" style=\"grid-template-columns:38% auto\"><figure class=\"wp-block-media-text__media\"><img loading=\"lazy\" decoding=\"async\" width=\"1024\" height=\"686\" src=\"https:\/\/webs.uab.cat\/greab\/wp-content\/uploads\/sites\/182\/2025\/05\/2024_0_129Vides-jpg-1024x686.webp\" alt=\"\" class=\"wp-image-2414 size-full\" srcset=\"https:\/\/webs.uab.cat\/greab\/wp-content\/uploads\/sites\/182\/2025\/05\/2024_0_129Vides-jpg-1024x686.webp 1024w, https:\/\/webs.uab.cat\/greab\/wp-content\/uploads\/sites\/182\/2025\/05\/2024_0_129Vides-jpg-300x201.webp 300w, https:\/\/webs.uab.cat\/greab\/wp-content\/uploads\/sites\/182\/2025\/05\/2024_0_129Vides-jpg-768x514.webp 768w, https:\/\/webs.uab.cat\/greab\/wp-content\/uploads\/sites\/182\/2025\/05\/2024_0_129Vides-jpg-1200x803.webp 1200w, https:\/\/webs.uab.cat\/greab\/wp-content\/uploads\/sites\/182\/2025\/05\/2024_0_129Vides-jpg.webp 1380w\" sizes=\"auto, (max-width: 1024px) 100vw, 1024px\" \/><\/figure><div class=\"wp-block-media-text__content\">\n<p><strong><strong><strong><strong>129 vides: De quan la pesta negra va arribar a Vilafranca<\/strong><\/strong><\/strong><\/strong><\/p>\n\n\n\n<p>L\u2019exposici\u00f3 dona a con\u00e8ixer una part important del jaciment arqueol\u00f2gic que va apar\u00e8ixer durant les obres de construcci\u00f3 del nou VINSEUM. Amb l\u2019enderroc de l\u2019edifici de Cal Pa i Figues, l\u2019estiu de 2018, va emergir inesperadament una necr\u00f2polis medieval, improvisada per l\u2019arribada de la pesta negra i de la qual s\u2019han recuperat les restes de 129 persones.<\/p>\n<\/div><\/div>\n\n\n\n<hr class=\"wp-block-separator alignwide has-alpha-channel-opacity\" \/>\n\n\n\n<div class=\"wp-block-media-text alignwide is-stacked-on-mobile\" style=\"grid-template-columns:38% auto\"><figure class=\"wp-block-media-text__media\"><img loading=\"lazy\" decoding=\"async\" width=\"670\" height=\"378\" src=\"https:\/\/webs.uab.cat\/greab\/wp-content\/uploads\/sites\/182\/2025\/05\/1742814741052_670.webp\" alt=\"\" class=\"wp-image-2410 size-full\" srcset=\"https:\/\/webs.uab.cat\/greab\/wp-content\/uploads\/sites\/182\/2025\/05\/1742814741052_670.webp 670w, https:\/\/webs.uab.cat\/greab\/wp-content\/uploads\/sites\/182\/2025\/05\/1742814741052_670-300x169.webp 300w\" sizes=\"auto, (max-width: 670px) 100vw, 670px\" \/><\/figure><div class=\"wp-block-media-text__content\">\n<p><strong><strong><strong>Noves dades dels nadons del jaciment iber d&#8217;Ullastret: ni sacrificis, ni selecci\u00f3 per sexe<\/strong><\/strong><\/strong><\/p>\n\n\n\n<p>Els 15 nadons descoberts al jaciment iber d&#8217;Ullastret van tenir mort natural i un enterrament a casa, segons un estudi de la UAB amb les t\u00e8cniques cient\u00edfiques m\u00e9s avan\u00e7ades<\/p>\n\n\n\n<div class=\"wp-block-buttons is-layout-flex wp-block-buttons-is-layout-flex\">\n<div class=\"wp-block-button is-style-outline is-style-outline--1\"><a class=\"wp-block-button__link wp-element-button\" href=\"https:\/\/www.3cat.cat\/324\/noves-dades-dels-nadons-del-jaciment-iber-dullastret-ni-sacrificis-ni-seleccio-per-sexe\/noticia\/3342470\/?fbclid=PAZXh0bgNhZW0CMTEAAaa6bHGmch78fDxE4wj9JazXRQtVWE5Otj9w5aqoJaqHp0GViFUs2Lxv88E_aem_PpIv4QgK7F1dRDOki6WXhw\">NOT\u00cdCIA<\/a><\/div>\n<\/div>\n<\/div><\/div>\n\n\n\n<hr class=\"wp-block-separator alignwide has-alpha-channel-opacity\" \/>\n\n\n\n<div class=\"wp-block-media-text alignwide is-stacked-on-mobile\" style=\"grid-template-columns:38% auto\"><figure class=\"wp-block-media-text__media\"><img loading=\"lazy\" decoding=\"async\" width=\"900\" height=\"506\" src=\"https:\/\/webs.uab.cat\/greab\/wp-content\/uploads\/sites\/182\/2025\/05\/NadonsIbers_webUAB1.jpg\" alt=\"\" class=\"wp-image-2405 size-full\" srcset=\"https:\/\/webs.uab.cat\/greab\/wp-content\/uploads\/sites\/182\/2025\/05\/NadonsIbers_webUAB1.jpg 900w, https:\/\/webs.uab.cat\/greab\/wp-content\/uploads\/sites\/182\/2025\/05\/NadonsIbers_webUAB1-300x169.jpg 300w, https:\/\/webs.uab.cat\/greab\/wp-content\/uploads\/sites\/182\/2025\/05\/NadonsIbers_webUAB1-768x432.jpg 768w\" sizes=\"auto, (max-width: 900px) 100vw, 900px\" \/><\/figure><div class=\"wp-block-media-text__content\">\n<p><strong><strong>L&#8217;estudi microsc\u00f2pic de les dents de llet desvela el misteri de la mort dels nadons ibers enterrats dins les llars<\/strong><\/strong><\/p>\n\n\n\n<p>Un estudi de la UAB amb la col\u00b7laboraci\u00f3 de la UVic-UCC i el Sincrotr\u00f3 ALBA conclou que els nadons de la cultura ibera (VIII-I a. C.) que van ser inhumats en contextos dom\u00e8stics van morir per causes naturals, com ara complicacions del part o prematuritat, i no per pr\u00e0ctiques rituals.<\/p>\n\n\n\n<div class=\"wp-block-buttons is-layout-flex wp-block-buttons-is-layout-flex\">\n<div class=\"wp-block-button is-style-outline is-style-outline--2\"><a class=\"wp-block-button__link wp-element-button\" href=\"https:\/\/www.uab.cat\/web\/sala-de-premsa\/detall-noticia\/l-estudi-microscopic-de-les-dents-de-llet-desvela-el-misteri-de-la-mort-dels-nadons-ibers-enterrats-dins-les-llars-1345829508832.html?detid=1345928902821\">NOT\u00cdCIA<\/a><\/div>\n<\/div>\n<\/div><\/div>\n\n\n\n<hr class=\"wp-block-separator alignwide has-alpha-channel-opacity\" \/>\n\n\n\n<div class=\"wp-block-media-text alignwide is-stacked-on-mobile\" style=\"grid-template-columns:38% auto\"><figure class=\"wp-block-media-text__media\"><img loading=\"lazy\" decoding=\"async\" width=\"1024\" height=\"727\" src=\"https:\/\/webs.uab.cat\/greab\/wp-content\/uploads\/sites\/182\/2025\/05\/GqwA9SVXoAAobuw-1024x727.jpg\" alt=\"\" class=\"wp-image-2400 size-full\" srcset=\"https:\/\/webs.uab.cat\/greab\/wp-content\/uploads\/sites\/182\/2025\/05\/GqwA9SVXoAAobuw-1024x727.jpg 1024w, https:\/\/webs.uab.cat\/greab\/wp-content\/uploads\/sites\/182\/2025\/05\/GqwA9SVXoAAobuw-300x213.jpg 300w, https:\/\/webs.uab.cat\/greab\/wp-content\/uploads\/sites\/182\/2025\/05\/GqwA9SVXoAAobuw-768x545.jpg 768w, https:\/\/webs.uab.cat\/greab\/wp-content\/uploads\/sites\/182\/2025\/05\/GqwA9SVXoAAobuw-1536x1090.jpg 1536w, https:\/\/webs.uab.cat\/greab\/wp-content\/uploads\/sites\/182\/2025\/05\/GqwA9SVXoAAobuw-2048x1453.jpg 2048w, https:\/\/webs.uab.cat\/greab\/wp-content\/uploads\/sites\/182\/2025\/05\/GqwA9SVXoAAobuw-1200x852.jpg 1200w, https:\/\/webs.uab.cat\/greab\/wp-content\/uploads\/sites\/182\/2025\/05\/GqwA9SVXoAAobuw-1980x1405.jpg 1980w\" sizes=\"auto, (max-width: 1024px) 100vw, 1024px\" \/><\/figure><div class=\"wp-block-media-text__content\">\n<p><strong>Identifiquen les restes del germ\u00e0 d\u2019Aurora Picornell i cinc v\u00edctimes m\u00e9s del franquisme a Son Coletes i a Formentera.<\/strong><\/p>\n\n\n\n<p>La troballa correspon a les excavacions realitzades entre 2020 i 2023 a Manacor, dins el II, III i IV Pla de Fosses i en la segona part de les excavacions al cementeri de Formentera (IV Pla de Fosses).<\/p>\n\n\n\n<div class=\"wp-block-buttons is-layout-flex wp-block-buttons-is-layout-flex\">\n<div class=\"wp-block-button is-style-outline is-style-outline--3\"><a class=\"wp-block-button__link wp-element-button\" href=\"https:\/\/www.vilaweb.cat\/noticies\/identifiquen-restes-germa-aurora-picornell\/\">NOT\u00cdCIA<\/a><\/div>\n<\/div>\n<\/div><\/div>\n\n\n\n<hr class=\"wp-block-separator alignwide has-alpha-channel-opacity\" \/>\n\n\n\n<div class=\"wp-block-media-text alignwide is-stacked-on-mobile\" style=\"grid-template-columns:38% auto\"><figure class=\"wp-block-media-text__media\"><img loading=\"lazy\" decoding=\"async\" width=\"1024\" height=\"683\" src=\"https:\/\/webs.uab.cat\/greab\/wp-content\/uploads\/sites\/182\/2024\/07\/940d84c6-287c-4ec2-a8ed-b206ad208973-1236x824-3-1024x683.jpg\" alt=\"\" class=\"wp-image-2169 size-full\" srcset=\"https:\/\/webs.uab.cat\/greab\/wp-content\/uploads\/sites\/182\/2024\/07\/940d84c6-287c-4ec2-a8ed-b206ad208973-1236x824-3-1024x683.jpg 1024w, https:\/\/webs.uab.cat\/greab\/wp-content\/uploads\/sites\/182\/2024\/07\/940d84c6-287c-4ec2-a8ed-b206ad208973-1236x824-3-300x200.jpg 300w, https:\/\/webs.uab.cat\/greab\/wp-content\/uploads\/sites\/182\/2024\/07\/940d84c6-287c-4ec2-a8ed-b206ad208973-1236x824-3-768x512.jpg 768w, https:\/\/webs.uab.cat\/greab\/wp-content\/uploads\/sites\/182\/2024\/07\/940d84c6-287c-4ec2-a8ed-b206ad208973-1236x824-3-1200x800.jpg 1200w, https:\/\/webs.uab.cat\/greab\/wp-content\/uploads\/sites\/182\/2024\/07\/940d84c6-287c-4ec2-a8ed-b206ad208973-1236x824-3.jpg 1236w\" sizes=\"auto, (max-width: 1024px) 100vw, 1024px\" \/><\/figure><div class=\"wp-block-media-text__content\">\n<p><strong>Identificat el bacteri de la pesta negra<\/strong>, <em>Yersinia pestis<\/em>, en un individu que va ser enterrat al cementiri del Castell de Besora, a la comarca d\u2019Osona, el segle XIV.<\/p>\n\n\n\n<div class=\"wp-block-buttons is-layout-flex wp-block-buttons-is-layout-flex\">\n<div class=\"wp-block-button is-style-outline is-style-outline--4\"><a class=\"wp-block-button__link wp-element-button\" href=\"https:\/\/www.uab.cat\/web\/sala-de-premsa\/detall-noticia\/localitzades-victimes-de-la-pesta-negra-del-segle-xiv-a-la-catalunya-central-1345829508832.html?detid=1345922736217\">Localitzades v\u00edctimes de la pesta negra del segle XIV a la Catalunya central<\/a><\/div>\n<\/div>\n<\/div><\/div>\n\n\n\n<hr class=\"wp-block-separator alignwide has-alpha-channel-opacity\" \/>\n\n\n\n<div class=\"wp-block-media-text alignwide is-stacked-on-mobile\" style=\"grid-template-columns:21% auto\"><figure class=\"wp-block-media-text__media\"><img loading=\"lazy\" decoding=\"async\" width=\"320\" height=\"320\" src=\"https:\/\/webs.uab.cat\/greab\/wp-content\/uploads\/sites\/182\/2024\/07\/baixa.jpg\" alt=\"\" class=\"wp-image-2031 size-full\" srcset=\"https:\/\/webs.uab.cat\/greab\/wp-content\/uploads\/sites\/182\/2024\/07\/baixa.jpg 320w, https:\/\/webs.uab.cat\/greab\/wp-content\/uploads\/sites\/182\/2024\/07\/baixa-300x300.jpg 300w, https:\/\/webs.uab.cat\/greab\/wp-content\/uploads\/sites\/182\/2024\/07\/baixa-150x150.jpg 150w\" sizes=\"auto, (max-width: 320px) 100vw, 320px\" \/><\/figure><div class=\"wp-block-media-text__content\">\n<p><strong>Despertant la Dama de les muntanyes <\/strong>&#8211; Programa especial des del Museu d&#8217;Arqueologia de Catalunya per descobir la Senyora de les Muntanyes i el conjunt sepulcral de la cova de Montanissell (2024). <\/p>\n\n\n\n<p>La descoberta, ara fa 20 anys, de la cova sepulcral de&nbsp;Montanissell (<em>Sallent-Coll de Narg\u00f3, Alt Urgell<\/em>)&nbsp;amb les restes de 8 esquelets pertanyents a una poblaci\u00f3 que va viure en aquesta zona del Prepirineu lleidat\u00e0 fa uns 5500 anys, a l&#8217;edat del Bronze, continua sent un enigma, tot i els importants fruits que ha donat la recerca cient\u00edfica en aquestes d\u00e8cades d&#8217;investigaci\u00f3.<\/p>\n\n\n\n<div class=\"wp-block-buttons is-layout-flex wp-block-buttons-is-layout-flex\">\n<div class=\"wp-block-button is-style-outline is-style-outline--5\"><a class=\"wp-block-button__link wp-element-button\" href=\"https:\/\/www.rtve.es\/play\/audios\/sense-memoria\/despertant-dama-les-muntanyes\/16014268\/\" target=\"_blank\" rel=\"noreferrer noopener\">programa rtve<\/a><\/div>\n<\/div>\n<\/div><\/div>\n\n\n\n<hr class=\"wp-block-separator alignwide has-alpha-channel-opacity\" \/>\n\n\n\n<div class=\"wp-block-media-text alignwide is-stacked-on-mobile\" style=\"grid-template-columns:26% auto\"><figure class=\"wp-block-media-text__media\"><img loading=\"lazy\" decoding=\"async\" width=\"1024\" height=\"602\" src=\"https:\/\/webs.uab.cat\/greab\/wp-content\/uploads\/sites\/182\/2024\/07\/Sense-titol-1024x602.png\" alt=\"\" class=\"wp-image-2045 size-full\" srcset=\"https:\/\/webs.uab.cat\/greab\/wp-content\/uploads\/sites\/182\/2024\/07\/Sense-titol-1024x602.png 1024w, https:\/\/webs.uab.cat\/greab\/wp-content\/uploads\/sites\/182\/2024\/07\/Sense-titol-300x176.png 300w, https:\/\/webs.uab.cat\/greab\/wp-content\/uploads\/sites\/182\/2024\/07\/Sense-titol-768x451.png 768w, https:\/\/webs.uab.cat\/greab\/wp-content\/uploads\/sites\/182\/2024\/07\/Sense-titol-1536x902.png 1536w, https:\/\/webs.uab.cat\/greab\/wp-content\/uploads\/sites\/182\/2024\/07\/Sense-titol-1200x705.png 1200w, https:\/\/webs.uab.cat\/greab\/wp-content\/uploads\/sites\/182\/2024\/07\/Sense-titol.png 1736w\" sizes=\"auto, (max-width: 1024px) 100vw, 1024px\" \/><\/figure><div class=\"wp-block-media-text__content\">\n<p><strong>Les restes trobades a Cal Pa i Figues evidencien el pas de la pesta per Catalunya al segle XIV<\/strong> <strong>(2023).<\/strong> Un estudi antropol\u00f2gic i gen\u00e8tic signat per  N\u00faria Armentano i Cristina Santos ha confirmat les sospites que van sorgir durant l\u2019excavaci\u00f3 arqueol\u00f2gica de Cal Pa i Figues, oberta entre els anys 2018 i 2021 i motivada per les obres de construcci\u00f3 del futur nou VINSEUM: una part dels individus inhumats a la necr\u00f2poli del segle XIV que s\u2019hi va descobrir van morir a causa de la pesta negra.<\/p>\n\n\n\n<div class=\"wp-block-buttons is-layout-flex wp-block-buttons-is-layout-flex\">\n<div class=\"wp-block-button is-style-outline is-style-outline--6\"><a class=\"wp-block-button__link wp-element-button\" href=\"https:\/\/www.rtvvilafranca.cat\/2023\/05\/les-restes-trobades-a-cal-pa-i-figues-evidencien-el-pas-de-la-pesta-per-catalunya-al-segle-xiv\/\" target=\"_blank\" rel=\"noreferrer noopener\">RTV VILAFRANCA<\/a><\/div>\n<\/div>\n<\/div><\/div>\n\n\n\n<hr class=\"wp-block-separator alignwide has-alpha-channel-opacity\" \/>\n\n\n\n<div class=\"wp-block-media-text alignwide is-stacked-on-mobile\" style=\"grid-template-columns:15% auto\"><figure class=\"wp-block-media-text__media\"><img loading=\"lazy\" decoding=\"async\" width=\"178\" height=\"169\" src=\"https:\/\/webs.uab.cat\/greab\/wp-content\/uploads\/sites\/182\/2024\/07\/cll0fuvh4uioqsnevb9j-1.jpg\" alt=\"\" class=\"wp-image-1745 size-full\" \/><\/figure><div class=\"wp-block-media-text__content\">\n<p><strong>F\u00f2rum de ci\u00e8ncia <\/strong>&#8211; Entrevista a Assumpci\u00f3 Malgosa Morera a R\u00e0dio l&#8217;Escala (2022)<\/p>\n\n\n\n<div class=\"wp-block-buttons is-layout-flex wp-block-buttons-is-layout-flex\">\n<div class=\"wp-block-button is-style-outline is-style-outline--7\"><a class=\"wp-block-button__link wp-element-button\" href=\"https:\/\/www.radiolescala.cat\/audio\/34280-forum-de-ciencia-assumpcio-malgosa\" target=\"_blank\" rel=\"noreferrer noopener\">F\u00f2rum de Ci\u00e8ncia &#8211; Assumpci\u00f3 Malgosa &#8211; R\u00e0dio l&#8217;Escala (radiolescala.cat)<\/a><\/div>\n<\/div>\n<\/div><\/div>\n\n\n\n<hr class=\"wp-block-separator alignwide has-alpha-channel-opacity\" \/>\n\n\n\n<div class=\"wp-block-columns alignwide is-layout-flex wp-container-core-columns-is-layout-9d6595d7 wp-block-columns-is-layout-flex\">\n<div class=\"wp-block-column is-layout-flow wp-block-column-is-layout-flow\">\n<figure class=\"wp-block-embed is-type-video is-provider-youtube wp-block-embed-youtube wp-embed-aspect-16-9 wp-has-aspect-ratio\"><div class=\"wp-block-embed__wrapper\">\n<iframe loading=\"lazy\" title=\"Taula rodona: EL CEMENTIRI ISL\u00c0MIC DEL BORN\" width=\"580\" height=\"326\" src=\"https:\/\/www.youtube.com\/embed\/CbOYLivObcg?start=329&#038;feature=oembed\" frameborder=\"0\" allow=\"accelerometer; autoplay; clipboard-write; encrypted-media; gyroscope; picture-in-picture; web-share\" referrerpolicy=\"strict-origin-when-cross-origin\" allowfullscreen><\/iframe>\n<\/div><\/figure>\n<\/div>\n\n\n\n<div class=\"wp-block-column is-layout-flow wp-block-column-is-layout-flow\">\n<p><strong>El cementiri isl\u00e0mic d&#8217;El Born<\/strong> &#8211; Taula rodona amb Assumpci\u00f3 Malgosa, Cristina Santos, N\u00faria Armentano, Dolors Bramon, L\u00eddia Font, Antoni Rigo i Anna Molina (2021)<\/p>\n\n\n\n<p>L\u2019any 1991 a la Pla\u00e7a Comercial es va descobrir l\u2019\u00fanica necr\u00f2polis de ritual funerari isl\u00e0mic trobada a Barcelona. Per primera vegada es documentava a la ciutat una necr\u00f2polis d\u2019aquest tipus, que data aproximadament de l\u2019any 1100. Des d\u2019aleshores, noves intervencions arqueol\u00f2giques han confirmat que l\u2019espai d\u2019enterrament ocupava un gran sector d\u2019aquesta \u00e0rea del barri de la Ribera. Gr\u00e0cies als estudis i a la tecnologia, ara disposem d\u2019informaci\u00f3 diversa sobre les persones enterrades.<\/p>\n<\/div>\n<\/div>\n\n\n\n<div class=\"wp-block-buttons alignwide is-content-justification-center is-layout-flex wp-container-core-buttons-is-layout-16018d1d wp-block-buttons-is-layout-flex\">\n<div class=\"wp-block-button is-style-outline is-style-outline--8\"><a class=\"wp-block-button__link wp-element-button\" href=\"https:\/\/www.uab.cat\/web\/sala-de-premsa\/detall-noticia\/investigadores-de-la-uab-posen-llum-a-les-restes-del-cementiri-islamic-medieval-del-born-1345829508832.html?detid=1345852629647\" target=\"_blank\" rel=\"noreferrer noopener\">Investigadores de la UAB posen llum a les restes del cementiri isl\u00e0mic medieval del born <\/a><\/div>\n<\/div>\n","protected":false},"excerpt":{"rendered":"<p>\u00daltimes not\u00edcies 129 vides: De quan la pesta negra va arribar a Vilafranca L\u2019exposici\u00f3 dona a con\u00e8ixer una part important del jaciment arqueol\u00f2gic que va apar\u00e8ixer durant les obres de construcci\u00f3 del nou VINSEUM. Amb l\u2019enderroc de l\u2019edifici de Cal Pa i Figues, l\u2019estiu de 2018, va emergir inesperadament una necr\u00f2polis medieval, improvisada per l\u2019arribada [&hellip;]<\/p>\n","protected":false},"author":2921,"featured_media":0,"parent":0,"menu_order":0,"comment_status":"closed","ping_status":"closed","template":"","meta":{"footnotes":""},"class_list":["post-1711","page","type-page","status-publish","hentry"],"_links":{"self":[{"href":"https:\/\/webs.uab.cat\/greab\/ca\/wp-json\/wp\/v2\/pages\/1711","targetHints":{"allow":["GET"]}}],"collection":[{"href":"https:\/\/webs.uab.cat\/greab\/ca\/wp-json\/wp\/v2\/pages"}],"about":[{"href":"https:\/\/webs.uab.cat\/greab\/ca\/wp-json\/wp\/v2\/types\/page"}],"author":[{"embeddable":true,"href":"https:\/\/webs.uab.cat\/greab\/ca\/wp-json\/wp\/v2\/users\/2921"}],"replies":[{"embeddable":true,"href":"https:\/\/webs.uab.cat\/greab\/ca\/wp-json\/wp\/v2\/comments?post=1711"}],"version-history":[{"count":36,"href":"https:\/\/webs.uab.cat\/greab\/ca\/wp-json\/wp\/v2\/pages\/1711\/revisions"}],"predecessor-version":[{"id":2425,"href":"https:\/\/webs.uab.cat\/greab\/ca\/wp-json\/wp\/v2\/pages\/1711\/revisions\/2425"}],"wp:attachment":[{"href":"https:\/\/webs.uab.cat\/greab\/ca\/wp-json\/wp\/v2\/media?parent=1711"}],"curies":[{"name":"wp","href":"https:\/\/api.w.org\/{rel}","templated":true}]}}