{"id":2271,"date":"2024-09-03T02:17:35","date_gmt":"2024-09-03T02:17:35","guid":{"rendered":"https:\/\/webs.uab.cat\/greab\/?page_id=2271"},"modified":"2024-09-03T02:20:36","modified_gmt":"2024-09-03T02:20:36","slug":"maria-rosa-campoy-caballero","status":"publish","type":"page","link":"https:\/\/webs.uab.cat\/greab\/ca\/maria-rosa-campoy-caballero\/","title":{"rendered":"Maria Rosa Campoy Caballero"},"content":{"rendered":"\n<div class=\"wp-block-media-text alignwide is-stacked-on-mobile\" style=\"grid-template-columns:26% auto\"><figure class=\"wp-block-media-text__media\"><img loading=\"lazy\" decoding=\"async\" width=\"1024\" height=\"1024\" src=\"https:\/\/webs.uab.cat\/greab\/wp-content\/uploads\/sites\/182\/2024\/09\/fotos-1-2-1024x1024.png\" alt=\"\" class=\"wp-image-2283 size-full\" srcset=\"https:\/\/webs.uab.cat\/greab\/wp-content\/uploads\/sites\/182\/2024\/09\/fotos-1-2-1024x1024.png 1024w, https:\/\/webs.uab.cat\/greab\/wp-content\/uploads\/sites\/182\/2024\/09\/fotos-1-2-300x300.png 300w, https:\/\/webs.uab.cat\/greab\/wp-content\/uploads\/sites\/182\/2024\/09\/fotos-1-2-150x150.png 150w, https:\/\/webs.uab.cat\/greab\/wp-content\/uploads\/sites\/182\/2024\/09\/fotos-1-2-768x768.png 768w, https:\/\/webs.uab.cat\/greab\/wp-content\/uploads\/sites\/182\/2024\/09\/fotos-1-2-1536x1536.png 1536w, https:\/\/webs.uab.cat\/greab\/wp-content\/uploads\/sites\/182\/2024\/09\/fotos-1-2-1200x1200.png 1200w, https:\/\/webs.uab.cat\/greab\/wp-content\/uploads\/sites\/182\/2024\/09\/fotos-1-2-1980x1980.png 1980w, https:\/\/webs.uab.cat\/greab\/wp-content\/uploads\/sites\/182\/2024\/09\/fotos-1-2.png 2000w\" sizes=\"auto, (max-width: 1024px) 100vw, 1024px\" \/><\/figure><div class=\"wp-block-media-text__content\">\n<p><strong><a href=\"https:\/\/orcid.org\/0009-0004-3387-2005\" data-type=\"link\" data-id=\"https:\/\/orcid.org\/0009-0004-3387-2005\" target=\"_blank\" rel=\"noreferrer noopener\">ORCID iD: 0009-0004-3387-2005<\/a><\/strong><\/p>\n\n\n\n<p>Soc graduada en Ci\u00e8ncies Biom\u00e8diques per la Universitat de Barcelona (Espanya) i vaig completar un m\u00e0ster interuniversitari en Antropologia Biol\u00f2gica a la UB\/UAB, especialitzant-me en Diversitat Humana i Aplicacions Biom\u00e8diques. Actualment, estic cursant el doctorat en Biodiversitat a la Universitat Aut\u00f2noma de Barcelona (Espanya) i, de manera parcial, un m\u00e0ster en Bioinform\u00e0tica i Bioestad\u00edstica a la Universitat Oberta de Catalunya.<\/p>\n\n\n\n<p>Durant el meu doctorat, porto a terme investigacions al laboratori d&#8217;ADN antic de la Unitat d\u2019Antropologia Biol\u00f2gica de la UAB, on aplico t\u00e8cniques avan\u00e7ades de seq\u00fcenciaci\u00f3 de nova generaci\u00f3 (NGS) i an\u00e0lisi bioinform\u00e0tica per estudiar mostres d&#8217;individus que van viure durant l&#8217;Edat del Bronze a Catalunya i les Illes Balears. Aquests estudis em permeten explorar les relacions de parentiu entre els individus enterrats, analitzar la diversitat de llinatges materns i paterns, i caracteritzar tant els individus com les seves poblacions. A m\u00e9s, l&#8217;an\u00e0lisi metagen\u00f2mica em facilita la identificaci\u00f3 de microorganismes pat\u00f2gens que podrien haver afectat la salut dels individus i, possiblement, contribuir a la seva mort.<\/p>\n<\/div><\/div>\n\n\n\n<div class=\"wp-block-group alignfull has-background\" style=\"background-color:#f2f0e9\"><div class=\"wp-block-group__inner-container is-layout-flow wp-block-group-is-layout-flow\">\n<div class=\"wp-block-columns alignwide are-vertically-aligned-center is-layout-flex wp-container-core-columns-is-layout-9d6595d7 wp-block-columns-is-layout-flex\">\n<div class=\"wp-block-column is-layout-flow wp-block-column-is-layout-flow\" style=\"flex-basis:50%\">\n<p class=\"has-text-color\" style=\"color:#000000;font-size:30px;line-height:1.1\"><strong>Principals \u00e0rees d&#8217;investigaci\u00f3<\/strong><\/p>\n\n\n\n<p><\/p>\n<\/div>\n\n\n\n<div class=\"wp-block-column is-layout-flow wp-block-column-is-layout-flow\" style=\"flex-basis:50%\"><\/div>\n<\/div>\n\n\n\n<div class=\"wp-block-columns alignwide is-layout-flex wp-container-core-columns-is-layout-9d6595d7 wp-block-columns-is-layout-flex\">\n<div class=\"wp-block-column is-layout-flow wp-block-column-is-layout-flow\">\n<ul class=\"wp-block-list\">\n<li>Paleogen\u00f2mica i an\u00e0lisi d&#8217;ADN antic\u00a0<\/li>\n\n\n\n<li>Caracteritzaci\u00f3 gen\u00e8tica de poblacions humanes de l&#8217;Edat del Bronze a Catalunya i les Balears\u00a0<\/li>\n\n\n\n<li>Bioinform\u00e0tica i an\u00e0lisi de dades\u00a0<\/li>\n\n\n\n<li>An\u00e0lisi metagen\u00f2mica per identificar microorganismes en restes esquel\u00e8tiques<\/li>\n<\/ul>\n<\/div>\n<\/div>\n\n\n\n<div style=\"height:40px\" aria-hidden=\"true\" class=\"wp-block-spacer\"><\/div>\n<\/div><\/div>\n","protected":false},"excerpt":{"rendered":"<p>ORCID iD: 0009-0004-3387-2005 Soc graduada en Ci\u00e8ncies Biom\u00e8diques per la Universitat de Barcelona (Espanya) i vaig completar un m\u00e0ster interuniversitari en Antropologia Biol\u00f2gica a la UB\/UAB, especialitzant-me en Diversitat Humana i Aplicacions Biom\u00e8diques. Actualment, estic cursant el doctorat en Biodiversitat a la Universitat Aut\u00f2noma de Barcelona (Espanya) i, de manera parcial, un m\u00e0ster en Bioinform\u00e0tica [&hellip;]<\/p>\n","protected":false},"author":2921,"featured_media":0,"parent":0,"menu_order":0,"comment_status":"closed","ping_status":"closed","template":"","meta":{"footnotes":""},"class_list":["post-2271","page","type-page","status-publish","hentry"],"_links":{"self":[{"href":"https:\/\/webs.uab.cat\/greab\/ca\/wp-json\/wp\/v2\/pages\/2271","targetHints":{"allow":["GET"]}}],"collection":[{"href":"https:\/\/webs.uab.cat\/greab\/ca\/wp-json\/wp\/v2\/pages"}],"about":[{"href":"https:\/\/webs.uab.cat\/greab\/ca\/wp-json\/wp\/v2\/types\/page"}],"author":[{"embeddable":true,"href":"https:\/\/webs.uab.cat\/greab\/ca\/wp-json\/wp\/v2\/users\/2921"}],"replies":[{"embeddable":true,"href":"https:\/\/webs.uab.cat\/greab\/ca\/wp-json\/wp\/v2\/comments?post=2271"}],"version-history":[{"count":3,"href":"https:\/\/webs.uab.cat\/greab\/ca\/wp-json\/wp\/v2\/pages\/2271\/revisions"}],"predecessor-version":[{"id":2287,"href":"https:\/\/webs.uab.cat\/greab\/ca\/wp-json\/wp\/v2\/pages\/2271\/revisions\/2287"}],"wp:attachment":[{"href":"https:\/\/webs.uab.cat\/greab\/ca\/wp-json\/wp\/v2\/media?parent=2271"}],"curies":[{"name":"wp","href":"https:\/\/api.w.org\/{rel}","templated":true}]}}