{"id":40,"date":"2009-05-25T13:22:03","date_gmt":"2009-05-25T13:22:03","guid":{"rendered":"https:\/\/webs.uab.cat\/greab\/projectes-rd\/"},"modified":"2024-07-18T20:51:37","modified_gmt":"2024-07-18T20:51:37","slug":"projectes-rd","status":"publish","type":"page","link":"https:\/\/webs.uab.cat\/greab\/ca\/projectes-rd\/","title":{"rendered":"Projectes R+D"},"content":{"rendered":"\n<p>Projectes R+D del grup:<\/p>\n\n\n\n<p><a href=\"https:\/\/webs.uab.cat\/greab\/ca\/fons-publics\/\" target=\"_blank\" rel=\"noreferrer noopener\">Finan\u00e7ats amb fons p\u00fablics<\/a><\/p>\n\n\n\n<p><a href=\"https:\/\/webs.uab.cat\/greab\/ca\/fons-privats\/\" target=\"_blank\" rel=\"noreferrer noopener\">Finan\u00e7ats amb fons privats<\/a><\/p>\n","protected":false},"excerpt":{"rendered":"<p>Projectes R+D del grup: Finan\u00e7ats amb fons p\u00fablics Finan\u00e7ats amb fons privats<\/p>\n","protected":false},"author":20,"featured_media":0,"parent":0,"menu_order":0,"comment_status":"closed","ping_status":"closed","template":"","meta":{"footnotes":""},"class_list":["post-40","page","type-page","status-publish","hentry"],"_links":{"self":[{"href":"https:\/\/webs.uab.cat\/greab\/ca\/wp-json\/wp\/v2\/pages\/40","targetHints":{"allow":["GET"]}}],"collection":[{"href":"https:\/\/webs.uab.cat\/greab\/ca\/wp-json\/wp\/v2\/pages"}],"about":[{"href":"https:\/\/webs.uab.cat\/greab\/ca\/wp-json\/wp\/v2\/types\/page"}],"author":[{"embeddable":true,"href":"https:\/\/webs.uab.cat\/greab\/ca\/wp-json\/wp\/v2\/users\/20"}],"replies":[{"embeddable":true,"href":"https:\/\/webs.uab.cat\/greab\/ca\/wp-json\/wp\/v2\/comments?post=40"}],"version-history":[{"count":2,"href":"https:\/\/webs.uab.cat\/greab\/ca\/wp-json\/wp\/v2\/pages\/40\/revisions"}],"predecessor-version":[{"id":1971,"href":"https:\/\/webs.uab.cat\/greab\/ca\/wp-json\/wp\/v2\/pages\/40\/revisions\/1971"}],"wp:attachment":[{"href":"https:\/\/webs.uab.cat\/greab\/ca\/wp-json\/wp\/v2\/media?parent=40"}],"curies":[{"name":"wp","href":"https:\/\/api.w.org\/{rel}","templated":true}]}}