{"id":41,"date":"2009-05-25T13:22:59","date_gmt":"2009-05-25T13:22:59","guid":{"rendered":"https:\/\/webs.uab.cat\/greab\/serveis\/"},"modified":"2025-05-30T20:24:52","modified_gmt":"2025-05-30T20:24:52","slug":"serveis","status":"publish","type":"page","link":"https:\/\/webs.uab.cat\/greab\/ca\/serveis\/","title":{"rendered":"Serveis"},"content":{"rendered":"\n<div class=\"wp-block-columns alignwide is-layout-flex wp-container-core-columns-is-layout-9d6595d7 wp-block-columns-is-layout-flex\">\n<div class=\"wp-block-column is-layout-flow wp-block-column-is-layout-flow\">\n<div class=\"wp-block-cover\" style=\"min-height:137px;aspect-ratio:unset;\"><span aria-hidden=\"true\" class=\"wp-block-cover__background has-background-dim\"><\/span><img loading=\"lazy\" decoding=\"async\" width=\"980\" height=\"588\" class=\"wp-block-cover__image-background wp-image-1875\" alt=\"\" src=\"https:\/\/webs.uab.cat\/greab\/wp-content\/uploads\/sites\/182\/2024\/07\/portada-articulo-cientifico.jpg\" data-object-fit=\"cover\" srcset=\"https:\/\/webs.uab.cat\/greab\/wp-content\/uploads\/sites\/182\/2024\/07\/portada-articulo-cientifico.jpg 980w, https:\/\/webs.uab.cat\/greab\/wp-content\/uploads\/sites\/182\/2024\/07\/portada-articulo-cientifico-300x180.jpg 300w, https:\/\/webs.uab.cat\/greab\/wp-content\/uploads\/sites\/182\/2024\/07\/portada-articulo-cientifico-768x461.jpg 768w\" sizes=\"auto, (max-width: 980px) 100vw, 980px\" \/><div class=\"wp-block-cover__inner-container is-layout-constrained wp-block-cover-is-layout-constrained\">\n<p class=\"has-text-align-center has-large-font-size\"><\/p>\n<\/div><\/div>\n\n\n\n<details class=\"wp-block-details is-layout-flow wp-block-details-is-layout-flow\"><summary>Caracteritzaci\u00f3 gen\u00e8tica de poblacions antigues<\/summary>\n<ul class=\"wp-block-list\">\n<li><strong>An\u00e0lisi gen\u00e8tica per a la captura especifica del genoma de Yersinia pestis de 16 mostres d\u2019individus del jaciment arqueol\u00f2gic de Cal Pa i Figues (Vilafranca del Pened\u00e8s, Alt Pened\u00e8s)<\/strong>, Servei del Patrimoni Arqueol\u00f2gic i Paleontol\u00f2gic, Departament de Cultura, Generalitat de Catalunya, 2024-2025<\/li>\n\n\n\n<li><strong>An\u00e0lisi gen\u00e8tica de seq\u00fcenciaci\u00f3 del genoma a baixa cobertura de 14 individus de la Necr\u00f2polis Jueva de les Roquetes (T\u00e0rrega, Urgell)<\/strong>. Servei del Patrimoni Arqueol\u00f2gic i Paleontol\u00f2gic, Departament de Cultura, Generalitat de Catalunya, 2024-2025<\/li>\n\n\n\n<li><strong>An\u00e0lisis gen\u00e8tiques dels individus de la Necr\u00f2polis Romana de Can Batll\u00f3 amb l\u2019objectiu de fer la determinaci\u00f3 sexual, establir parentiu per via materna i determinar l\u2019origen poblacional dels individus. <\/strong>ATICS SL. 2022-2023, 2024-2025. <\/li>\n\n\n\n<li><strong>An\u00e0lisis gen\u00e8tiques de restes \u00f2ssies de dos individus, un adult i un infantil, trobades a un enterrament de Serrat dels Espinyers per posteriorment comparar els perfils gen\u00e8tics i analitzar una possible relaci\u00f3 familiar. <\/strong>Departament d&#8217;Hist\u00f2ria i Arqueologia de la Universitat de Barcelona. 2022.<\/li>\n\n\n\n<li><strong>Recerca d\u2019evid\u00e8ncies gen\u00e8tiques de virus o bacteris que aportin informaci\u00f3 sobre la causa la mort dels individus enterrats a la necr\u00f2poli del segle XIV de Cal Pa i Figues (Vilafranca del Pened\u00e8s, Alt Pened\u00e8s)<\/strong>. Departament de Cultura de la Generalitat de Catalunya. 2021-2022. Investigador principal: Assumpci\u00f3 Malgosa i Cristina Santos.<\/li>\n\n\n\n<li><strong>An\u00e0lisi d&#8217;ADN mitocondrial de les restes esquel\u00e8tiques de 18 individus dels enterraments isl\u00e0mics localitzats en el jaciment del carrer Comercial al barri del Born de Barcelona.<\/strong> Servei d&#8217;Arqueologia de Barcelona, Direcci\u00f3 de Mem\u00f2ria, Hist\u00f2ria i Patrimoni<strong>. <\/strong>2019-2020<\/li>\n\n\n\n<li><strong>An\u00e0lisi d&#8217;ADN mitocondrial de les restes esquel\u00e8tiques d\u2019un individu recuperat en la M\u00e8rida Romana per determinar l\u2019origen poblacional. <\/strong>Centro de Investiga\u00e7\u00e3o em Antropologia e Sa\u00fade (CIAS), Departamento de Ci\u00eancias da Vida da Universidade de Coimbra (Portugal). 2019<\/li>\n<\/ul>\n<\/details>\n<\/div>\n\n\n\n<div class=\"wp-block-column is-layout-flow wp-block-column-is-layout-flow\">\n<div class=\"wp-block-cover\" style=\"min-height:137px;aspect-ratio:unset;\"><span aria-hidden=\"true\" class=\"wp-block-cover__background has-background-dim\"><\/span><img loading=\"lazy\" decoding=\"async\" width=\"960\" height=\"720\" class=\"wp-block-cover__image-background wp-image-2184\" alt=\"\" src=\"https:\/\/webs.uab.cat\/greab\/wp-content\/uploads\/sites\/182\/2024\/07\/Genetica-c.jpg\" data-object-fit=\"cover\" srcset=\"https:\/\/webs.uab.cat\/greab\/wp-content\/uploads\/sites\/182\/2024\/07\/Genetica-c.jpg 960w, https:\/\/webs.uab.cat\/greab\/wp-content\/uploads\/sites\/182\/2024\/07\/Genetica-c-300x225.jpg 300w, https:\/\/webs.uab.cat\/greab\/wp-content\/uploads\/sites\/182\/2024\/07\/Genetica-c-768x576.jpg 768w\" sizes=\"auto, (max-width: 960px) 100vw, 960px\" \/><div class=\"wp-block-cover__inner-container is-layout-constrained wp-block-cover-is-layout-constrained\">\n<p class=\"has-text-align-center has-large-font-size\"><\/p>\n<\/div><\/div>\n\n\n\n<details class=\"wp-block-details is-layout-flow wp-block-details-is-layout-flow\"><summary>Caracteritzaci\u00f3 gen\u00e8tica de poblacions modernes<\/summary>\n<p><\/p>\n<\/details>\n<\/div>\n<\/div>\n\n\n\n<div class=\"wp-block-columns alignwide is-layout-flex wp-container-core-columns-is-layout-9d6595d7 wp-block-columns-is-layout-flex\">\n<div class=\"wp-block-column is-layout-flow wp-block-column-is-layout-flow\">\n<div class=\"wp-block-cover\" style=\"min-height:137px;aspect-ratio:unset;\"><span aria-hidden=\"true\" class=\"wp-block-cover__background has-background-dim\"><\/span><img loading=\"lazy\" decoding=\"async\" width=\"2200\" height=\"1100\" class=\"wp-block-cover__image-background wp-image-2191\" alt=\"\" src=\"https:\/\/webs.uab.cat\/greab\/wp-content\/uploads\/sites\/182\/2024\/07\/genetica-forense-portada-epb.jpg\" data-object-fit=\"cover\" srcset=\"https:\/\/webs.uab.cat\/greab\/wp-content\/uploads\/sites\/182\/2024\/07\/genetica-forense-portada-epb.jpg 2200w, https:\/\/webs.uab.cat\/greab\/wp-content\/uploads\/sites\/182\/2024\/07\/genetica-forense-portada-epb-300x150.jpg 300w, https:\/\/webs.uab.cat\/greab\/wp-content\/uploads\/sites\/182\/2024\/07\/genetica-forense-portada-epb-1024x512.jpg 1024w, https:\/\/webs.uab.cat\/greab\/wp-content\/uploads\/sites\/182\/2024\/07\/genetica-forense-portada-epb-768x384.jpg 768w, https:\/\/webs.uab.cat\/greab\/wp-content\/uploads\/sites\/182\/2024\/07\/genetica-forense-portada-epb-1536x768.jpg 1536w, https:\/\/webs.uab.cat\/greab\/wp-content\/uploads\/sites\/182\/2024\/07\/genetica-forense-portada-epb-2048x1024.jpg 2048w, https:\/\/webs.uab.cat\/greab\/wp-content\/uploads\/sites\/182\/2024\/07\/genetica-forense-portada-epb-1200x600.jpg 1200w, https:\/\/webs.uab.cat\/greab\/wp-content\/uploads\/sites\/182\/2024\/07\/genetica-forense-portada-epb-1980x990.jpg 1980w\" sizes=\"auto, (max-width: 2200px) 100vw, 2200px\" \/><div class=\"wp-block-cover__inner-container is-layout-constrained wp-block-cover-is-layout-constrained\">\n<p class=\"has-text-align-center has-large-font-size\"><\/p>\n<\/div><\/div>\n\n\n\n<details class=\"wp-block-details is-layout-flow wp-block-details-is-layout-flow\"><summary>Estudis gen\u00e8tico-forenses<\/summary>\n<ul class=\"wp-block-list\">\n<li><strong>Excavaci\u00f3, exhumaci\u00f3 i identificaci\u00f3 de cossos trobats a les fosses de la Guerra Civil, t\u00e8cnic coordinador, estudi antropol\u00f2gic i hist\u00f2ric.<\/strong> Consejer\u00eda de Administraciones P\u00fablicas y Modernizaci\u00f3n. Illes Balears. Participant d&#8217;identificaci\u00f3 gen\u00e8tica. Universitat Aut\u00f2noma de Barcelona (UAB). 2019-2020, 2021-2022, 2023-2024 i 2025-2026.<\/li>\n\n\n\n<li><strong>An\u00e0lisi d\u2019ADN i confirmaci\u00f3 i identificaci\u00f3 de difunts. <\/strong>Investigador principal: Assumpci\u00f3 Malgosa. Empresa\/Administraci\u00f3 finan\u00e7adora: Cementiris de Barcelona SAU.  01\/03\/2018 &#8211; 31\/12\/2018. 2023-2025.<\/li>\n<\/ul>\n<\/details>\n<\/div>\n\n\n\n<div class=\"wp-block-column is-layout-flow wp-block-column-is-layout-flow\">\n<div class=\"wp-block-cover\" style=\"min-height:138px;aspect-ratio:unset;\"><span aria-hidden=\"true\" class=\"wp-block-cover__background has-background-dim\"><\/span><img loading=\"lazy\" decoding=\"async\" width=\"1920\" height=\"1280\" class=\"wp-block-cover__image-background wp-image-1893\" alt=\"\" src=\"https:\/\/webs.uab.cat\/greab\/wp-content\/uploads\/sites\/182\/2024\/07\/big-data-grundlagen.jpg\" data-object-fit=\"cover\" srcset=\"https:\/\/webs.uab.cat\/greab\/wp-content\/uploads\/sites\/182\/2024\/07\/big-data-grundlagen.jpg 1920w, https:\/\/webs.uab.cat\/greab\/wp-content\/uploads\/sites\/182\/2024\/07\/big-data-grundlagen-300x200.jpg 300w, https:\/\/webs.uab.cat\/greab\/wp-content\/uploads\/sites\/182\/2024\/07\/big-data-grundlagen-1024x683.jpg 1024w, https:\/\/webs.uab.cat\/greab\/wp-content\/uploads\/sites\/182\/2024\/07\/big-data-grundlagen-768x512.jpg 768w, https:\/\/webs.uab.cat\/greab\/wp-content\/uploads\/sites\/182\/2024\/07\/big-data-grundlagen-1536x1024.jpg 1536w, https:\/\/webs.uab.cat\/greab\/wp-content\/uploads\/sites\/182\/2024\/07\/big-data-grundlagen-1200x800.jpg 1200w\" sizes=\"auto, (max-width: 1920px) 100vw, 1920px\" \/><div class=\"wp-block-cover__inner-container is-layout-constrained wp-block-cover-is-layout-constrained\">\n<p class=\"has-text-align-center has-large-font-size\"><\/p>\n<\/div><\/div>\n\n\n\n<details class=\"wp-block-details is-layout-flow wp-block-details-is-layout-flow\"><summary>Estudis epidemiol\u00f2gics i estad\u00edstics: entrada de dades i an\u00e0lisi estad\u00edstica<\/summary>\n<p><\/p>\n<\/details>\n<\/div>\n<\/div>\n\n\n\n<div class=\"wp-block-columns alignwide is-layout-flex wp-container-core-columns-is-layout-9d6595d7 wp-block-columns-is-layout-flex\">\n<div class=\"wp-block-column is-layout-flow wp-block-column-is-layout-flow\">\n<div class=\"wp-block-cover\" style=\"min-height:137px;aspect-ratio:unset;\"><span aria-hidden=\"true\" class=\"wp-block-cover__background has-background-dim\"><\/span><img loading=\"lazy\" decoding=\"async\" width=\"916\" height=\"687\" class=\"wp-block-cover__image-background wp-image-2095\" alt=\"\" src=\"https:\/\/webs.uab.cat\/greab\/wp-content\/uploads\/sites\/182\/2024\/07\/Imagen9-1.jpg\" data-object-fit=\"cover\" srcset=\"https:\/\/webs.uab.cat\/greab\/wp-content\/uploads\/sites\/182\/2024\/07\/Imagen9-1.jpg 916w, https:\/\/webs.uab.cat\/greab\/wp-content\/uploads\/sites\/182\/2024\/07\/Imagen9-1-300x225.jpg 300w, https:\/\/webs.uab.cat\/greab\/wp-content\/uploads\/sites\/182\/2024\/07\/Imagen9-1-768x576.jpg 768w\" sizes=\"auto, (max-width: 916px) 100vw, 916px\" \/><div class=\"wp-block-cover__inner-container is-layout-constrained wp-block-cover-is-layout-constrained\">\n<p class=\"has-text-align-center has-large-font-size\"><\/p>\n<\/div><\/div>\n\n\n\n<details class=\"wp-block-details is-layout-flow wp-block-details-is-layout-flow\"><summary>Estudis antropol\u00f2gico-forenses<\/summary>\n<ul class=\"wp-block-list\">\n<li><strong>Serveis de localitzaci\u00f3, recuperaci\u00f3 i an\u00e0lisi antropol\u00f2gica i gen\u00e8tica de restes \u00f2ssies humanes de la Guerra Civil i la dictadura franquista.<\/strong> Departament de Just\u00edcia de la Generalitat de Catalunya. Universitat Aut\u00f2noma de Barcelona (UAB). 2017-2019. 2020-2022. 2023-2025. Cristina Pereira i Assumpci\u00f3 Malgosa.<\/li>\n\n\n\n<li><strong>Estudi antropol\u00f2gic de les restes humanes de la necr\u00f2polis d&#8217;\u00e8poca bizantina de Sa Tanca Vella. <\/strong>Investigador responsable: M. Eul\u00e0lia Subir\u00e0. Durada: 5\/05\/18&nbsp;&#8211;&nbsp;5\/05\/19. <\/li>\n<\/ul>\n<\/details>\n<\/div>\n\n\n\n<div class=\"wp-block-column is-layout-flow wp-block-column-is-layout-flow\">\n<div class=\"wp-block-cover\" style=\"min-height:138px;aspect-ratio:unset;\"><span aria-hidden=\"true\" class=\"wp-block-cover__background has-background-dim\"><\/span><img loading=\"lazy\" decoding=\"async\" width=\"1280\" height=\"720\" class=\"wp-block-cover__image-background wp-image-2075\" alt=\"\" src=\"https:\/\/webs.uab.cat\/greab\/wp-content\/uploads\/sites\/182\/2024\/07\/pompeya1_f5fd5c3b_1280x720.jpg\" data-object-fit=\"cover\" srcset=\"https:\/\/webs.uab.cat\/greab\/wp-content\/uploads\/sites\/182\/2024\/07\/pompeya1_f5fd5c3b_1280x720.jpg 1280w, https:\/\/webs.uab.cat\/greab\/wp-content\/uploads\/sites\/182\/2024\/07\/pompeya1_f5fd5c3b_1280x720-300x169.jpg 300w, https:\/\/webs.uab.cat\/greab\/wp-content\/uploads\/sites\/182\/2024\/07\/pompeya1_f5fd5c3b_1280x720-1024x576.jpg 1024w, https:\/\/webs.uab.cat\/greab\/wp-content\/uploads\/sites\/182\/2024\/07\/pompeya1_f5fd5c3b_1280x720-768x432.jpg 768w, https:\/\/webs.uab.cat\/greab\/wp-content\/uploads\/sites\/182\/2024\/07\/pompeya1_f5fd5c3b_1280x720-1200x675.jpg 1200w\" sizes=\"auto, (max-width: 1280px) 100vw, 1280px\" \/><div class=\"wp-block-cover__inner-container is-layout-constrained wp-block-cover-is-layout-constrained\">\n<p class=\"has-text-align-center has-large-font-size\"><\/p>\n<\/div><\/div>\n\n\n\n<details class=\"wp-block-details is-layout-flow wp-block-details-is-layout-flow\"><summary>Estudis antropol\u00f2gics poblacionals<\/summary>\n<ul class=\"wp-block-list\">\n<li><strong>Estudi de 50 individus procedents de les excavacions arqueol\u00f2giques realitzades a La Sagrera.<\/strong> Investigador principal: Dra. M. Eul\u00e0lia Subir\u00e0. Entitat finan\u00e7adora:&nbsp;Antequem SL. Durada:&nbsp;des de 2018.<\/li>\n\n\n\n<li><strong>Estudi antropol\u00f2gic i patol\u00f2gic de les restes excavades a l\u2019interior de la Casa trinit\u00e0ria d\u2019Avinganya els anys 1986 a 1992. <\/strong>Entitat finan\u00e7adora: Serveis T\u00e8cnics Arqueologia Diputaci\u00f3 de Lleida. Durada: 2018 &#8211; 2021. Investigador principal: M. Eul\u00e0lia Subir\u00e0.<\/li>\n<\/ul>\n<\/details>\n<\/div>\n<\/div>\n","protected":false},"excerpt":{"rendered":"","protected":false},"author":20,"featured_media":0,"parent":0,"menu_order":0,"comment_status":"closed","ping_status":"closed","template":"","meta":{"footnotes":""},"class_list":["post-41","page","type-page","status-publish","hentry"],"_links":{"self":[{"href":"https:\/\/webs.uab.cat\/greab\/ca\/wp-json\/wp\/v2\/pages\/41","targetHints":{"allow":["GET"]}}],"collection":[{"href":"https:\/\/webs.uab.cat\/greab\/ca\/wp-json\/wp\/v2\/pages"}],"about":[{"href":"https:\/\/webs.uab.cat\/greab\/ca\/wp-json\/wp\/v2\/types\/page"}],"author":[{"embeddable":true,"href":"https:\/\/webs.uab.cat\/greab\/ca\/wp-json\/wp\/v2\/users\/20"}],"replies":[{"embeddable":true,"href":"https:\/\/webs.uab.cat\/greab\/ca\/wp-json\/wp\/v2\/comments?post=41"}],"version-history":[{"count":22,"href":"https:\/\/webs.uab.cat\/greab\/ca\/wp-json\/wp\/v2\/pages\/41\/revisions"}],"predecessor-version":[{"id":2387,"href":"https:\/\/webs.uab.cat\/greab\/ca\/wp-json\/wp\/v2\/pages\/41\/revisions\/2387"}],"wp:attachment":[{"href":"https:\/\/webs.uab.cat\/greab\/ca\/wp-json\/wp\/v2\/media?parent=41"}],"curies":[{"name":"wp","href":"https:\/\/api.w.org\/{rel}","templated":true}]}}