{"id":43,"date":"2009-05-25T13:26:58","date_gmt":"2009-05-25T13:26:58","guid":{"rendered":"https:\/\/webs.uab.cat\/greab\/linies-recerca\/"},"modified":"2024-06-25T19:04:57","modified_gmt":"2024-06-25T19:04:57","slug":"linies-recerca","status":"publish","type":"page","link":"https:\/\/webs.uab.cat\/greab\/ca\/linies-recerca\/","title":{"rendered":"L\u00ednies de recerca"},"content":{"rendered":"\n<div class=\"wp-block-columns alignwide is-layout-flex wp-container-core-columns-is-layout-9d6595d7 wp-block-columns-is-layout-flex\">\n<div class=\"wp-block-column is-layout-flow wp-block-column-is-layout-flow\">\n<div class=\"wp-block-cover\" style=\"min-height:133px;aspect-ratio:unset;\"><span aria-hidden=\"true\" class=\"wp-block-cover__background has-background-dim\"><\/span><img loading=\"lazy\" decoding=\"async\" width=\"1000\" height=\"665\" class=\"wp-block-cover__image-background wp-image-512\" alt=\"\" src=\"https:\/\/webs.uab.cat\/greab\/wp-content\/uploads\/sites\/182\/2024\/06\/archaeology-and-archaeometry-ancient-pottery-bna-1.jpg\" data-object-fit=\"cover\" srcset=\"https:\/\/webs.uab.cat\/greab\/wp-content\/uploads\/sites\/182\/2024\/06\/archaeology-and-archaeometry-ancient-pottery-bna-1.jpg 1000w, https:\/\/webs.uab.cat\/greab\/wp-content\/uploads\/sites\/182\/2024\/06\/archaeology-and-archaeometry-ancient-pottery-bna-1-300x200.jpg 300w, https:\/\/webs.uab.cat\/greab\/wp-content\/uploads\/sites\/182\/2024\/06\/archaeology-and-archaeometry-ancient-pottery-bna-1-768x511.jpg 768w\" sizes=\"auto, (max-width: 1000px) 100vw, 1000px\" \/><div class=\"wp-block-cover__inner-container is-layout-constrained wp-block-cover-is-layout-constrained\">\n<p class=\"has-text-align-center has-large-font-size\"><strong>Reconstrucci\u00f3 de poblacions antigues<\/strong><\/p>\n<\/div><\/div>\n\n\n\n<ul class=\"wp-block-list\">\n<li>Desenvolupament de metodologies per l\u2019<strong>estudi de restes humanes <\/strong>de contexts arqueol\u00f2gics i forenses.<\/li>\n\n\n\n<li>Reconstrucci\u00f3 de la <strong>din\u00e0mica poblacional <\/strong>(demografia i relacions filogen\u00e8tiques) i <strong>estil de vida<\/strong> (dieta, patrons d\u2019activitat i estat de salut) de poblacions humanes antigues.<\/li>\n\n\n\n<li>Interpretaci\u00f3 del <strong>context tafon\u00f2mic de restes humanes <\/strong>a partir d\u2019estudis observacionals i experimentals.<\/li>\n\n\n\n<li>Estudis d\u2019<strong>identificaci\u00f3 i reconstrucci\u00f3 de les circumst\u00e0ncies i causes de mort <\/strong>de personatges hist\u00f2rics i de contextos de desaparicions for\u00e7ades (fosses de la Guerra civil) i casos forenses.<\/li>\n<\/ul>\n<\/div>\n\n\n\n<div class=\"wp-block-column is-layout-flow wp-block-column-is-layout-flow\">\n<div class=\"wp-block-cover\" style=\"min-height:132px;aspect-ratio:unset;\"><span aria-hidden=\"true\" class=\"wp-block-cover__background has-background-dim\"><\/span><img loading=\"lazy\" decoding=\"async\" width=\"1600\" height=\"900\" class=\"wp-block-cover__image-background wp-image-668\" alt=\"\" src=\"https:\/\/webs.uab.cat\/greab\/wp-content\/uploads\/sites\/182\/2024\/06\/DNA-strands-concept-illustration.webp\" data-object-fit=\"cover\" srcset=\"https:\/\/webs.uab.cat\/greab\/wp-content\/uploads\/sites\/182\/2024\/06\/DNA-strands-concept-illustration.webp 1600w, https:\/\/webs.uab.cat\/greab\/wp-content\/uploads\/sites\/182\/2024\/06\/DNA-strands-concept-illustration-300x169.webp 300w, https:\/\/webs.uab.cat\/greab\/wp-content\/uploads\/sites\/182\/2024\/06\/DNA-strands-concept-illustration-1024x576.webp 1024w, https:\/\/webs.uab.cat\/greab\/wp-content\/uploads\/sites\/182\/2024\/06\/DNA-strands-concept-illustration-768x432.webp 768w, https:\/\/webs.uab.cat\/greab\/wp-content\/uploads\/sites\/182\/2024\/06\/DNA-strands-concept-illustration-1536x864.webp 1536w, https:\/\/webs.uab.cat\/greab\/wp-content\/uploads\/sites\/182\/2024\/06\/DNA-strands-concept-illustration-1200x675.webp 1200w\" sizes=\"auto, (max-width: 1600px) 100vw, 1600px\" \/><div class=\"wp-block-cover__inner-container is-layout-constrained wp-block-cover-is-layout-constrained\">\n<p class=\"has-text-align-center has-large-font-size\"><strong>Din\u00e0mica de poblacions actuals<\/strong><\/p>\n<\/div><\/div>\n\n\n\n<ul class=\"wp-block-list\">\n<li><strong>Variaci\u00f3 gen\u00f2mica<\/strong> de poblacions actuals: reconstrucci\u00f3 microevolutiva i projecci\u00f3 sanit\u00e0ria.<\/li>\n\n\n\n<li>Estudi de la variaci\u00f3 gen\u00f2mica i molecular amb individus amb <strong>patologies <\/strong>com el c\u00e0ncer, les malalties cardiovasculars i neuro-degeneratives.<\/li>\n\n\n\n<li>Estudi dels mecanismes evolutius del <strong>DNA mitocondrial<\/strong>.<\/li>\n<\/ul>\n<\/div>\n<\/div>\n\n\n\n<p><\/p>\n","protected":false},"excerpt":{"rendered":"","protected":false},"author":20,"featured_media":0,"parent":0,"menu_order":0,"comment_status":"closed","ping_status":"closed","template":"","meta":{"footnotes":""},"class_list":["post-43","page","type-page","status-publish","hentry"],"_links":{"self":[{"href":"https:\/\/webs.uab.cat\/greab\/ca\/wp-json\/wp\/v2\/pages\/43","targetHints":{"allow":["GET"]}}],"collection":[{"href":"https:\/\/webs.uab.cat\/greab\/ca\/wp-json\/wp\/v2\/pages"}],"about":[{"href":"https:\/\/webs.uab.cat\/greab\/ca\/wp-json\/wp\/v2\/types\/page"}],"author":[{"embeddable":true,"href":"https:\/\/webs.uab.cat\/greab\/ca\/wp-json\/wp\/v2\/users\/20"}],"replies":[{"embeddable":true,"href":"https:\/\/webs.uab.cat\/greab\/ca\/wp-json\/wp\/v2\/comments?post=43"}],"version-history":[{"count":20,"href":"https:\/\/webs.uab.cat\/greab\/ca\/wp-json\/wp\/v2\/pages\/43\/revisions"}],"predecessor-version":[{"id":1062,"href":"https:\/\/webs.uab.cat\/greab\/ca\/wp-json\/wp\/v2\/pages\/43\/revisions\/1062"}],"wp:attachment":[{"href":"https:\/\/webs.uab.cat\/greab\/ca\/wp-json\/wp\/v2\/media?parent=43"}],"curies":[{"name":"wp","href":"https:\/\/api.w.org\/{rel}","templated":true}]}}