{"id":48,"date":"2009-05-25T13:54:03","date_gmt":"2009-05-25T13:54:03","guid":{"rendered":"https:\/\/webs.uab.cat\/greab\/fons-publics\/"},"modified":"2025-05-30T15:10:43","modified_gmt":"2025-05-30T15:10:43","slug":"fons-publics","status":"publish","type":"page","link":"https:\/\/webs.uab.cat\/greab\/ca\/fons-publics\/","title":{"rendered":"Finan\u00e7ats amb fons p\u00fablics"},"content":{"rendered":"\n<h2 class=\"wp-block-heading alignwide\">\u00daltims 5 anys<\/h2>\n\n\n\n<div class=\"wp-block-columns alignwide is-layout-flex wp-container-core-columns-is-layout-9d6595d7 wp-block-columns-is-layout-flex\">\n<div class=\"wp-block-column is-layout-flow wp-block-column-is-layout-flow\">\n<blockquote class=\"wp-block-quote is-layout-flow wp-block-quote-is-layout-flow\">\n<p><strong>Organizaci\u00f3n demogr\u00e1fica y social, movilidad, parentesco y enfermedad durante la Edad de Bronce: el desaf\u00edo de los entierros colectivos <\/strong><\/p>\n<cite><strong>Entitat finan\u00e7adora:<\/strong>&nbsp;Ministerio de Ciencia e Innovaci\u00f3n<br><strong>Refer\u00e8ncia:&nbsp;<\/strong>PID2022-136748NB-I00<br><strong>Duraci\u00f3:<\/strong> 1\/09\/23&nbsp;&#8211;&nbsp;31\/08\/27<br><strong>Investigador responsable:&nbsp;<\/strong>Cristina Maria Pereira dos Santos i Assumpci\u00f3 Malgosa<\/cite><\/blockquote>\n<\/div>\n\n\n\n<div class=\"wp-block-column is-layout-flow wp-block-column-is-layout-flow\">\n<blockquote class=\"wp-block-quote is-layout-flow wp-block-quote-is-layout-flow\">\n<p><strong>Towards a better understanding of the human oral microbiome: a prelimilary study to investigate how the oral microbiome has evolved<\/strong><\/p>\n<cite><strong>Duraci\u00f3:<\/strong> 17\/09\/24 \u2013 16\/09\/25<br><strong>Investigador responsable:&nbsp;<\/strong>Gaya Vidal, M., Campoy Caballero, M., Pereira Dos Santos, C.,<\/cite><\/blockquote>\n<\/div>\n<\/div>\n\n\n\n<div class=\"wp-block-columns alignwide is-layout-flex wp-container-core-columns-is-layout-9d6595d7 wp-block-columns-is-layout-flex\">\n<div class=\"wp-block-column is-layout-flow wp-block-column-is-layout-flow\">\n<blockquote class=\"wp-block-quote is-layout-flow wp-block-quote-is-layout-flow\">\n<p><strong><strong>Implementaci\u00f3n de un sistema de gesti\u00f3n de datos interdisciplinares para la identificaci\u00f3n de personas desaparecidas en fosas de la guerra civil en las Islas Baleares<\/strong><\/strong><\/p>\n<cite><strong>Entitat finan\u00e7adora:<\/strong>&nbsp;Ministerio de la Presidencia, Relaciones con la Cortes y Mem\u00f3ria Democr\u00e1tica<br><strong>Refer\u00e8ncia:&nbsp;<\/strong>170-MD-2020; 782-248547<br><strong>Duraci\u00f3:<\/strong> 15\/12\/20&nbsp; &#8211; 14\/12\/21<br><strong>Investigador responsable:&nbsp;<\/strong>Assumpci\u00f3 Malgosa Morera<\/cite><\/blockquote>\n<\/div>\n\n\n\n<div class=\"wp-block-column is-layout-flow wp-block-column-is-layout-flow\">\n<blockquote class=\"wp-block-quote is-layout-flow wp-block-quote-is-layout-flow\">\n<p><strong>Reevaluaci\u00f3n del infanticidio y selecci\u00f3n de sexo en \u00e9poca ib\u00e9rica<\/strong>.<\/p>\n<cite><strong>Entitat finan\u00e7adora:<\/strong>&nbsp;Ministerio de Ciencia, Innovaci\u00f3n y Universidades (PGC2018-096666-B-I00)<br><strong>Entitats participants:<\/strong>&nbsp;Universidad Aut\u00f3noma de Barcelona, Museu d\u2019Historia de Catalunya, Hospital Sagrat Cor, Institut de Medicina Legal de Catalunya.<br><strong>Durada<\/strong>: 2019 &#8211; 2022&nbsp;&nbsp;&nbsp;&nbsp;&nbsp;&nbsp;&nbsp;&nbsp;&nbsp;&nbsp;&nbsp;&nbsp;&nbsp;&nbsp;&nbsp;&nbsp;&nbsp;&nbsp;&nbsp;&nbsp;&nbsp;&nbsp;<br><strong>Investigador responsable:<\/strong> Cristina Maria Pereira dos Santos i&nbsp;Assumpci\u00f3 Malgosa Morera<\/cite><\/blockquote>\n<\/div>\n<\/div>\n\n\n\n<div class=\"wp-block-columns alignwide is-layout-flex wp-container-core-columns-is-layout-9d6595d7 wp-block-columns-is-layout-flex\">\n<div class=\"wp-block-column is-layout-flow wp-block-column-is-layout-flow\">\n<blockquote class=\"wp-block-quote is-layout-flow wp-block-quote-is-layout-flow\">\n<p><strong>Aproximaci\u00f3n a las primeras comunidades neol\u00edticas del Mediterr\u00e1neo nordoccidental: construyendo respuesta des de los an\u00e1lisis paleoantropol\u00f3gicos y gen\u00e9ticos<\/strong><\/p>\n<cite><strong>Entitat finan\u00e7adora: <\/strong>Ministerio de Ciencia e Innovaci\u00f3n. Programas de investigaci\u00f3n fundamental no orientada&nbsp;&nbsp;&nbsp;&nbsp;<br><strong>Refer\u00e8ncia de la concessi\u00f3: <\/strong>HAR2015-67323-C2-1-P<br><strong>Durada<\/strong>: 1\/1\/16 &#8211; 31\/12\/19<br><strong>Investigador\/a principal: <\/strong>M. Eul\u00e0lia Subir\u00e0<\/cite><\/blockquote>\n<\/div>\n<\/div>\n\n\n\n<div class=\"wp-block-columns alignwide is-layout-flex wp-container-core-columns-is-layout-9d6595d7 wp-block-columns-is-layout-flex\">\n<div class=\"wp-block-column is-layout-flow wp-block-column-is-layout-flow\">\n<blockquote class=\"wp-block-quote is-layout-flow wp-block-quote-is-layout-flow\">\n<p><strong>Paisaje y Sociedad. El valle medio del Ebro entre el 6000 y el 500 cal ANE<\/strong><\/p>\n<cite><strong>Entitat finan\u00e7adora: <\/strong>Ministerio de Ciencia e Innovaci\u00f3n. Programas de investigaci\u00f3n fundamental no orientada.<br><strong>Refer\u00e8ncia de la concessi\u00f3: <\/strong>HAR2015-65620P<br><strong>Durada<\/strong>: 1\/1\/16 -31\/12\/19<br><strong>Investigador\/a principal: <\/strong>Dr J.M. Rodan\u00e9s<\/cite><\/blockquote>\n<\/div>\n\n\n\n<div class=\"wp-block-column is-layout-flow wp-block-column-is-layout-flow\"><\/div>\n<\/div>\n\n\n\n<div class=\"wp-block-columns alignwide is-layout-flex wp-container-core-columns-is-layout-9d6595d7 wp-block-columns-is-layout-flex\">\n<div class=\"wp-block-column is-layout-flow wp-block-column-is-layout-flow\"><\/div>\n\n\n\n<div class=\"wp-block-column is-layout-flow wp-block-column-is-layout-flow\"><\/div>\n<\/div>\n","protected":false},"excerpt":{"rendered":"<p>\u00daltims 5 anys Organizaci\u00f3n demogr\u00e1fica y social, movilidad, parentesco y enfermedad durante la Edad de Bronce: el desaf\u00edo de los entierros colectivos Towards a better understanding of the human oral microbiome: a prelimilary study to investigate how the oral microbiome has evolved Implementaci\u00f3n de un sistema de gesti\u00f3n de datos interdisciplinares para la identificaci\u00f3n de [&hellip;]<\/p>\n","protected":false},"author":20,"featured_media":0,"parent":0,"menu_order":0,"comment_status":"closed","ping_status":"closed","template":"","meta":{"footnotes":""},"class_list":["post-48","page","type-page","status-publish","hentry"],"_links":{"self":[{"href":"https:\/\/webs.uab.cat\/greab\/ca\/wp-json\/wp\/v2\/pages\/48","targetHints":{"allow":["GET"]}}],"collection":[{"href":"https:\/\/webs.uab.cat\/greab\/ca\/wp-json\/wp\/v2\/pages"}],"about":[{"href":"https:\/\/webs.uab.cat\/greab\/ca\/wp-json\/wp\/v2\/types\/page"}],"author":[{"embeddable":true,"href":"https:\/\/webs.uab.cat\/greab\/ca\/wp-json\/wp\/v2\/users\/20"}],"replies":[{"embeddable":true,"href":"https:\/\/webs.uab.cat\/greab\/ca\/wp-json\/wp\/v2\/comments?post=48"}],"version-history":[{"count":16,"href":"https:\/\/webs.uab.cat\/greab\/ca\/wp-json\/wp\/v2\/pages\/48\/revisions"}],"predecessor-version":[{"id":2344,"href":"https:\/\/webs.uab.cat\/greab\/ca\/wp-json\/wp\/v2\/pages\/48\/revisions\/2344"}],"wp:attachment":[{"href":"https:\/\/webs.uab.cat\/greab\/ca\/wp-json\/wp\/v2\/media?parent=48"}],"curies":[{"name":"wp","href":"https:\/\/api.w.org\/{rel}","templated":true}]}}