{"id":49,"date":"2009-05-25T13:54:57","date_gmt":"2009-05-25T13:54:57","guid":{"rendered":"https:\/\/webs.uab.cat\/greab\/fons-privats\/"},"modified":"2025-05-30T14:52:50","modified_gmt":"2025-05-30T14:52:50","slug":"fons-privats","status":"publish","type":"page","link":"https:\/\/webs.uab.cat\/greab\/ca\/fons-privats\/","title":{"rendered":"Finan\u00e7ats amb fons privats"},"content":{"rendered":"\n<h2 class=\"wp-block-heading alignwide\">\u00daltims 5 anys<\/h2>\n\n\n\n<div class=\"wp-block-columns alignwide is-layout-flex wp-container-core-columns-is-layout-9d6595d7 wp-block-columns-is-layout-flex\">\n<div class=\"wp-block-column is-layout-flow wp-block-column-is-layout-flow\">\n<blockquote class=\"wp-block-quote is-layout-flow wp-block-quote-is-layout-flow\">\n<p><strong>Estudio histol\u00f3gico y paleogen\u00f3mico de los perinatales de Camp de Les Lloses<\/strong><\/p>\n<cite>Investigador\/principal: Cristina Santos i Assumpci\u00f3 Malgosa<br><strong>Entitat finan\u00e7adora:<\/strong> Fundaci\u00f3n PALARC<br><strong>Durada:<\/strong> 2022-2023<\/cite><\/blockquote>\n\n\n\n<blockquote class=\"wp-block-quote is-layout-flow wp-block-quote-is-layout-flow\">\n<p><strong><strong>Conjunt Monumental d\u2019Ol\u00e8rdola (Ol\u00e8rdola, Alt Pened\u00e8s, Barcelona, Catalunya)<\/strong><\/strong><\/p>\n<cite><strong>Duraci\u00f3:<\/strong> 28\/09\/22&nbsp;&#8211;&nbsp;31\/12\/23<br><strong>Entitat finan\u00e7adora:<\/strong>&nbsp;Fundaci\u00f3n Palarq, Paleontolog\u00eda y Arqueolog\u00eda&nbsp;<br><strong>Refer\u00e8ncia de la concessi\u00f3:&nbsp;<\/strong>Conjunt Monumental d\u2019Ol\u00e8rdola (Ol\u00e8rdola, Alt Pened\u00e8s, Barcelona, Catalunya)<br><strong>Investigador responsable:&nbsp;<\/strong>M. Eul\u00e0lia Subir\u00e0<\/cite><\/blockquote>\n\n\n\n<blockquote class=\"wp-block-quote is-layout-flow wp-block-quote-is-layout-flow\">\n<p><strong><strong>Conjunto monumental del Castell de Besora y las epidemias de la Edad Media<\/strong><\/strong><\/p>\n<cite>Investigador\/principal: Cristina Santos<br>Entitat finan\u00e7adora:\u00a0Fundaci\u00f3n PALARC<br>Durada:\u00a02025<\/cite><\/blockquote>\n<\/div>\n<\/div>\n\n\n\n<div class=\"wp-block-columns alignwide is-layout-flex wp-container-core-columns-is-layout-9d6595d7 wp-block-columns-is-layout-flex\">\n<div class=\"wp-block-column is-layout-flow wp-block-column-is-layout-flow\">\n<p><\/p>\n<\/div>\n<\/div>\n","protected":false},"excerpt":{"rendered":"<p>\u00daltims 5 anys Estudio histol\u00f3gico y paleogen\u00f3mico de los perinatales de Camp de Les Lloses Conjunt Monumental d\u2019Ol\u00e8rdola (Ol\u00e8rdola, Alt Pened\u00e8s, Barcelona, Catalunya) Conjunto monumental del Castell de Besora y las epidemias de la Edad Media<\/p>\n","protected":false},"author":20,"featured_media":0,"parent":0,"menu_order":0,"comment_status":"closed","ping_status":"closed","template":"","meta":{"footnotes":""},"class_list":["post-49","page","type-page","status-publish","hentry"],"_links":{"self":[{"href":"https:\/\/webs.uab.cat\/greab\/ca\/wp-json\/wp\/v2\/pages\/49","targetHints":{"allow":["GET"]}}],"collection":[{"href":"https:\/\/webs.uab.cat\/greab\/ca\/wp-json\/wp\/v2\/pages"}],"about":[{"href":"https:\/\/webs.uab.cat\/greab\/ca\/wp-json\/wp\/v2\/types\/page"}],"author":[{"embeddable":true,"href":"https:\/\/webs.uab.cat\/greab\/ca\/wp-json\/wp\/v2\/users\/20"}],"replies":[{"embeddable":true,"href":"https:\/\/webs.uab.cat\/greab\/ca\/wp-json\/wp\/v2\/comments?post=49"}],"version-history":[{"count":11,"href":"https:\/\/webs.uab.cat\/greab\/ca\/wp-json\/wp\/v2\/pages\/49\/revisions"}],"predecessor-version":[{"id":2325,"href":"https:\/\/webs.uab.cat\/greab\/ca\/wp-json\/wp\/v2\/pages\/49\/revisions\/2325"}],"wp:attachment":[{"href":"https:\/\/webs.uab.cat\/greab\/ca\/wp-json\/wp\/v2\/media?parent=49"}],"curies":[{"name":"wp","href":"https:\/\/api.w.org\/{rel}","templated":true}]}}