{"id":567,"date":"2024-06-14T09:26:11","date_gmt":"2024-06-14T09:26:11","guid":{"rendered":"https:\/\/webs.uab.cat\/greab\/?page_id=567"},"modified":"2024-07-01T11:51:38","modified_gmt":"2024-07-01T11:51:38","slug":"ruben-de-la-fuente-seoane","status":"publish","type":"page","link":"https:\/\/webs.uab.cat\/greab\/ca\/ruben-de-la-fuente-seoane\/","title":{"rendered":"Rub\u00e9n de la Fuente Seoane"},"content":{"rendered":"\n<div class=\"wp-block-cover alignfull is-light\" style=\"min-height:468px;aspect-ratio:unset;\"><span aria-hidden=\"true\" class=\"wp-block-cover__background has-background-dim-100 has-background-dim\" style=\"background-color:#ffffff\"><\/span><div class=\"wp-block-cover__inner-container is-layout-flow wp-block-cover-is-layout-flow\">\n<div class=\"wp-block-media-text alignwide is-stacked-on-mobile is-vertically-aligned-center is-image-fill\" style=\"grid-template-columns:29% auto\"><figure class=\"wp-block-media-text__media\" style=\"background-image:url(https:\/\/webs.uab.cat\/greab\/wp-content\/uploads\/sites\/182\/2024\/06\/fotos-23-1024x1024.png);background-position:50% 50%\"><img loading=\"lazy\" decoding=\"async\" width=\"1024\" height=\"1024\" src=\"https:\/\/webs.uab.cat\/greab\/wp-content\/uploads\/sites\/182\/2024\/06\/fotos-23-1024x1024.png\" alt=\"\" class=\"wp-image-836 size-full\" srcset=\"https:\/\/webs.uab.cat\/greab\/wp-content\/uploads\/sites\/182\/2024\/06\/fotos-23-1024x1024.png 1024w, https:\/\/webs.uab.cat\/greab\/wp-content\/uploads\/sites\/182\/2024\/06\/fotos-23-300x300.png 300w, https:\/\/webs.uab.cat\/greab\/wp-content\/uploads\/sites\/182\/2024\/06\/fotos-23-150x150.png 150w, https:\/\/webs.uab.cat\/greab\/wp-content\/uploads\/sites\/182\/2024\/06\/fotos-23-768x768.png 768w, https:\/\/webs.uab.cat\/greab\/wp-content\/uploads\/sites\/182\/2024\/06\/fotos-23-1536x1536.png 1536w, https:\/\/webs.uab.cat\/greab\/wp-content\/uploads\/sites\/182\/2024\/06\/fotos-23-1200x1200.png 1200w, https:\/\/webs.uab.cat\/greab\/wp-content\/uploads\/sites\/182\/2024\/06\/fotos-23-1980x1980.png 1980w, https:\/\/webs.uab.cat\/greab\/wp-content\/uploads\/sites\/182\/2024\/06\/fotos-23.png 2000w\" sizes=\"auto, (max-width: 1024px) 100vw, 1024px\" \/><\/figure><div class=\"wp-block-media-text__content\">\n<p><strong><span class=\"OYPEnA text-decoration-none text-strikethrough-none\"><strong><a href=\"https:\/\/orcid.org\/0000-0003-2626-8323\" target=\"_blank\" rel=\"noreferrer noopener\">ORCID iD: 0000-0003-2626-8323<\/a><\/strong><\/span><\/strong><\/p>\n\n\n\n<p class=\"has-text-color\" style=\"color:#000000;font-size:17px\"><span class=\"OYPEnA text-decoration-none text-strikethrough-none\">Em vaig graduar en Arqueologia el 2015 a la Universitat Aut\u00f2noma de Barcelona, on tamb\u00e9 vaig obtenir el M\u00e0ster en Prehist\u00f2ria, Antiguitat i Edat Mitjana\u00a0el 2016. Des del 2017 fins al 2019, vaig treballar com a becari d&#8217;arqueologia a la Diputaci\u00f3 de Coru\u00f1a. El 2019 vaig iniciar la meva tesi doctoral, titulada &#8220;Una aproximaci\u00f3 a l&#8217;estudi de la Mobilitat a trav\u00e9s del temps: An\u00e0lisi <em>multiproxy <\/em>d&#8217;is\u00f2tops d&#8217;<\/span> <sup>87<\/sup><span class=\"OYPEnA text-decoration-none text-strikethrough-none\">Sr\/<\/span> <sup>86<\/sup><span class=\"OYPEnA text-decoration-none text-strikethrough-none\">Sr i de\u00a0\u03b4<\/span> <sup>18<\/sup><span class=\"OYPEnA text-decoration-none text-strikethrough-none\">O al NE Ib\u00e8ric des del Neol\u00edtic Mitj\u00e0 fins a l&#8217;Edat Mitjana&#8221; dins del programa de doctorat en Biodiversitat (UAB).<\/span><\/p>\n\n\n\n<div class=\"wp-block-buttons alignwide is-layout-flex wp-block-buttons-is-layout-flex\">\n<div class=\"wp-block-button is-style-outline is-style-outline--1\"><a class=\"wp-block-button__link wp-element-button\" href=\"https:\/\/www.researchgate.net\/profile\/Ruben-De-La-Fuente-Seoane\" target=\"_blank\" rel=\"noreferrer noopener\">https:\/\/www.researchgate.net\/profile\/Ruben-De-La-Fuente-Seoane<\/a><\/div>\n<\/div>\n<\/div><\/div>\n<\/div><\/div>\n\n\n\n<div class=\"wp-block-group alignfull has-background\" style=\"background-color:#f2f0e9\"><div class=\"wp-block-group__inner-container is-layout-flow wp-block-group-is-layout-flow\">\n<div class=\"wp-block-columns alignwide are-vertically-aligned-center is-layout-flex wp-container-core-columns-is-layout-9d6595d7 wp-block-columns-is-layout-flex\">\n<div class=\"wp-block-column is-layout-flow wp-block-column-is-layout-flow\" style=\"flex-basis:50%\">\n<p class=\"has-text-color\" style=\"color:#000000;font-size:30px;line-height:1.1\"><strong>Principals \u00e0rees d&#8217;investigaci\u00f3<\/strong><\/p>\n<\/div>\n\n\n\n<div class=\"wp-block-column is-layout-flow wp-block-column-is-layout-flow\" style=\"flex-basis:50%\"><\/div>\n<\/div>\n\n\n\n<p><\/p>\n\n\n\n<div class=\"wp-block-columns alignwide is-layout-flex wp-container-core-columns-is-layout-9d6595d7 wp-block-columns-is-layout-flex\">\n<div class=\"wp-block-column is-layout-flow wp-block-column-is-layout-flow\">\n<ul class=\"wp-block-list\">\n<li>Estudis de mobilitat i l\u2019explotaci\u00f3 del territori de les societats passades del nord-est de la Pen\u00ednsula Ib\u00e8rica, utilitzant an\u00e0lisis d\u2019is\u00f2tops (<sup>87<\/sup>Sr\/<sup>86<\/sup>Sr i de \u03b4<sup>18<\/sup>O) en restes humanes.<\/li>\n\n\n\n<li>Aplicaci\u00f3 de les an\u00e0lisi de \u03b4<sup>34<\/sup>S per a la paleomobilitat i de \u03b4<sup>13<\/sup>C i \u03b4<sup>15<\/sup>N per a la paleodieta.<\/li>\n<\/ul>\n<\/div>\n<\/div>\n\n\n\n<div style=\"height:40px\" aria-hidden=\"true\" class=\"wp-block-spacer\"><\/div>\n<\/div><\/div>\n","protected":false},"excerpt":{"rendered":"<p>Principals \u00e0rees d&#8217;investigaci\u00f3<\/p>\n","protected":false},"author":2921,"featured_media":0,"parent":0,"menu_order":0,"comment_status":"closed","ping_status":"closed","template":"","meta":{"footnotes":""},"class_list":["post-567","page","type-page","status-publish","hentry"],"_links":{"self":[{"href":"https:\/\/webs.uab.cat\/greab\/ca\/wp-json\/wp\/v2\/pages\/567","targetHints":{"allow":["GET"]}}],"collection":[{"href":"https:\/\/webs.uab.cat\/greab\/ca\/wp-json\/wp\/v2\/pages"}],"about":[{"href":"https:\/\/webs.uab.cat\/greab\/ca\/wp-json\/wp\/v2\/types\/page"}],"author":[{"embeddable":true,"href":"https:\/\/webs.uab.cat\/greab\/ca\/wp-json\/wp\/v2\/users\/2921"}],"replies":[{"embeddable":true,"href":"https:\/\/webs.uab.cat\/greab\/ca\/wp-json\/wp\/v2\/comments?post=567"}],"version-history":[{"count":21,"href":"https:\/\/webs.uab.cat\/greab\/ca\/wp-json\/wp\/v2\/pages\/567\/revisions"}],"predecessor-version":[{"id":1241,"href":"https:\/\/webs.uab.cat\/greab\/ca\/wp-json\/wp\/v2\/pages\/567\/revisions\/1241"}],"wp:attachment":[{"href":"https:\/\/webs.uab.cat\/greab\/ca\/wp-json\/wp\/v2\/media?parent=567"}],"curies":[{"name":"wp","href":"https:\/\/api.w.org\/{rel}","templated":true}]}}