{"id":638,"date":"2024-06-18T11:53:27","date_gmt":"2024-06-18T11:53:27","guid":{"rendered":"https:\/\/webs.uab.cat\/greab\/?page_id=638"},"modified":"2024-07-19T09:00:10","modified_gmt":"2024-07-19T09:00:10","slug":"ignasi-galtes-vicente","status":"publish","type":"page","link":"https:\/\/webs.uab.cat\/greab\/ca\/ignasi-galtes-vicente\/","title":{"rendered":"Ignasi Galt\u00e9s Vicente"},"content":{"rendered":"\n<div class=\"wp-block-media-text alignwide is-stacked-on-mobile\" style=\"grid-template-columns:26% auto\"><figure class=\"wp-block-media-text__media\"><img loading=\"lazy\" decoding=\"async\" width=\"1024\" height=\"1024\" src=\"https:\/\/webs.uab.cat\/greab\/wp-content\/uploads\/sites\/182\/2024\/07\/fotos-57-1024x1024.png\" alt=\"\" class=\"wp-image-2015 size-full\" srcset=\"https:\/\/webs.uab.cat\/greab\/wp-content\/uploads\/sites\/182\/2024\/07\/fotos-57-1024x1024.png 1024w, https:\/\/webs.uab.cat\/greab\/wp-content\/uploads\/sites\/182\/2024\/07\/fotos-57-300x300.png 300w, https:\/\/webs.uab.cat\/greab\/wp-content\/uploads\/sites\/182\/2024\/07\/fotos-57-150x150.png 150w, https:\/\/webs.uab.cat\/greab\/wp-content\/uploads\/sites\/182\/2024\/07\/fotos-57-768x768.png 768w, https:\/\/webs.uab.cat\/greab\/wp-content\/uploads\/sites\/182\/2024\/07\/fotos-57-1536x1536.png 1536w, https:\/\/webs.uab.cat\/greab\/wp-content\/uploads\/sites\/182\/2024\/07\/fotos-57-1200x1200.png 1200w, https:\/\/webs.uab.cat\/greab\/wp-content\/uploads\/sites\/182\/2024\/07\/fotos-57-1980x1980.png 1980w, https:\/\/webs.uab.cat\/greab\/wp-content\/uploads\/sites\/182\/2024\/07\/fotos-57.png 2000w\" sizes=\"auto, (max-width: 1024px) 100vw, 1024px\" \/><\/figure><div class=\"wp-block-media-text__content\">\n<p><strong><a href=\"https:\/\/orcid.org\/0000-0002-5758-2668\" target=\"_blank\" rel=\"noreferrer noopener\">ORCID iD: 0000-0002-5758-2668<\/a><\/strong><\/p>\n\n\n\n<p>Llicenciat en Medicina i Cirurgia el 1996, soc metge forense des de 1999 (cos de metges forenses, Ministeri de Just\u00edcia). El 2008, vaig obtenir el doctorat en Antropologia Biol\u00f2gica per la Universitat Aut\u00f2noma de Barcelona (UAB), amb la tesi \u201cEstudi morfofuncional del radi hum\u00e0: morfog\u00e8nesi, biomec\u00e0nica i evoluci\u00f3\u201d, dirigit per la Dra. Assumpci\u00f3 Malgosa i el Dr. Joan Manyosa. Actualment treballo a l\u2019Institut de Medicina Legal i Ci\u00e8ncies Forenses de Catalunya (IMLCFC), i soc professor associat en medicina forense i legal de la UAB. El meu camp d\u2019especialitzaci\u00f3 \u00e9s l\u2019antropologia forense. <\/p>\n<\/div><\/div>\n\n\n\n<div class=\"wp-block-buttons alignwide is-content-justification-center is-layout-flex wp-container-core-buttons-is-layout-16018d1d wp-block-buttons-is-layout-flex\">\n<div class=\"wp-block-button is-style-outline is-style-outline--1\"><a class=\"wp-block-button__link wp-element-button\" href=\"https:\/\/portalrecerca.uab.cat\/en\/persons\/joan-ignasi-galtes-vicente-7\" target=\"_blank\" rel=\"noreferrer noopener\">https:\/\/portalrecerca.uab.cat\/en\/persons\/joan-ignasi-galtes-vicente-7<\/a><\/div>\n<\/div>\n\n\n\n<div class=\"wp-block-group alignfull has-background\" style=\"background-color:#f2f0e9\"><div class=\"wp-block-group__inner-container is-layout-flow wp-block-group-is-layout-flow\">\n<div class=\"wp-block-columns alignwide are-vertically-aligned-center is-layout-flex wp-container-core-columns-is-layout-9d6595d7 wp-block-columns-is-layout-flex\">\n<div class=\"wp-block-column is-layout-flow wp-block-column-is-layout-flow\" style=\"flex-basis:50%\">\n<p class=\"has-text-color\" style=\"color:#000000;font-size:30px;line-height:1.1\"><strong>Principals \u00e0rees d&#8217;investigaci\u00f3<\/strong><\/p>\n\n\n\n<p><\/p>\n<\/div>\n<\/div>\n\n\n\n<div class=\"wp-block-columns alignwide is-layout-flex wp-container-core-columns-is-layout-9d6595d7 wp-block-columns-is-layout-flex\">\n<div class=\"wp-block-column is-layout-flow wp-block-column-is-layout-flow\">\n<ul class=\"wp-block-list\">\n<li>Patologia forense<\/li>\n\n\n\n<li>Tafonomia<\/li>\n\n\n\n<li>Lesions traum\u00e0tiques en os hum\u00e0: traumatisme contundent, traumatisme per arma blanca i per arma de foc. <\/li>\n<\/ul>\n<\/div>\n<\/div>\n\n\n\n<div style=\"height:40px\" aria-hidden=\"true\" class=\"wp-block-spacer\"><\/div>\n<\/div><\/div>\n","protected":false},"excerpt":{"rendered":"<p>ORCID iD: 0000-0002-5758-2668 Llicenciat en Medicina i Cirurgia el 1996, soc metge forense des de 1999 (cos de metges forenses, Ministeri de Just\u00edcia). El 2008, vaig obtenir el doctorat en Antropologia Biol\u00f2gica per la Universitat Aut\u00f2noma de Barcelona (UAB), amb la tesi \u201cEstudi morfofuncional del radi hum\u00e0: morfog\u00e8nesi, biomec\u00e0nica i evoluci\u00f3\u201d, dirigit per la Dra. [&hellip;]<\/p>\n","protected":false},"author":2921,"featured_media":0,"parent":0,"menu_order":0,"comment_status":"closed","ping_status":"closed","template":"","meta":{"footnotes":""},"class_list":["post-638","page","type-page","status-publish","hentry"],"_links":{"self":[{"href":"https:\/\/webs.uab.cat\/greab\/ca\/wp-json\/wp\/v2\/pages\/638","targetHints":{"allow":["GET"]}}],"collection":[{"href":"https:\/\/webs.uab.cat\/greab\/ca\/wp-json\/wp\/v2\/pages"}],"about":[{"href":"https:\/\/webs.uab.cat\/greab\/ca\/wp-json\/wp\/v2\/types\/page"}],"author":[{"embeddable":true,"href":"https:\/\/webs.uab.cat\/greab\/ca\/wp-json\/wp\/v2\/users\/2921"}],"replies":[{"embeddable":true,"href":"https:\/\/webs.uab.cat\/greab\/ca\/wp-json\/wp\/v2\/comments?post=638"}],"version-history":[{"count":10,"href":"https:\/\/webs.uab.cat\/greab\/ca\/wp-json\/wp\/v2\/pages\/638\/revisions"}],"predecessor-version":[{"id":2018,"href":"https:\/\/webs.uab.cat\/greab\/ca\/wp-json\/wp\/v2\/pages\/638\/revisions\/2018"}],"wp:attachment":[{"href":"https:\/\/webs.uab.cat\/greab\/ca\/wp-json\/wp\/v2\/media?parent=638"}],"curies":[{"name":"wp","href":"https:\/\/api.w.org\/{rel}","templated":true}]}}