{"id":641,"date":"2024-06-18T11:59:33","date_gmt":"2024-06-18T11:59:33","guid":{"rendered":"https:\/\/webs.uab.cat\/greab\/?page_id=641"},"modified":"2024-07-18T07:12:23","modified_gmt":"2024-07-18T07:12:23","slug":"eulalia-subira-de-galdacano","status":"publish","type":"page","link":"https:\/\/webs.uab.cat\/greab\/ca\/eulalia-subira-de-galdacano\/","title":{"rendered":"Eul\u00e0lia Subir\u00e0 de Gald\u00e0cano"},"content":{"rendered":"\n<div class=\"wp-block-media-text alignwide is-stacked-on-mobile\" style=\"grid-template-columns:30% auto\"><figure class=\"wp-block-media-text__media\"><img loading=\"lazy\" decoding=\"async\" width=\"1024\" height=\"1024\" src=\"https:\/\/webs.uab.cat\/greab\/wp-content\/uploads\/sites\/182\/2024\/07\/fotos-38-1-1024x1024.png\" alt=\"\" class=\"wp-image-1785 size-full\" srcset=\"https:\/\/webs.uab.cat\/greab\/wp-content\/uploads\/sites\/182\/2024\/07\/fotos-38-1-1024x1024.png 1024w, https:\/\/webs.uab.cat\/greab\/wp-content\/uploads\/sites\/182\/2024\/07\/fotos-38-1-300x300.png 300w, https:\/\/webs.uab.cat\/greab\/wp-content\/uploads\/sites\/182\/2024\/07\/fotos-38-1-150x150.png 150w, https:\/\/webs.uab.cat\/greab\/wp-content\/uploads\/sites\/182\/2024\/07\/fotos-38-1-768x768.png 768w, https:\/\/webs.uab.cat\/greab\/wp-content\/uploads\/sites\/182\/2024\/07\/fotos-38-1-1536x1536.png 1536w, https:\/\/webs.uab.cat\/greab\/wp-content\/uploads\/sites\/182\/2024\/07\/fotos-38-1-1200x1200.png 1200w, https:\/\/webs.uab.cat\/greab\/wp-content\/uploads\/sites\/182\/2024\/07\/fotos-38-1-1980x1980.png 1980w, https:\/\/webs.uab.cat\/greab\/wp-content\/uploads\/sites\/182\/2024\/07\/fotos-38-1.png 2000w\" sizes=\"auto, (max-width: 1024px) 100vw, 1024px\" \/><\/figure><div class=\"wp-block-media-text__content\">\n<h5 class=\"wp-block-heading\"><strong><a href=\"https:\/\/orcid.org\/0000-0001-5315-0051\" target=\"_blank\" rel=\"noreferrer noopener\">ORCID iD: 0000-0001-5315-0051<\/a><\/strong><\/h5>\n\n\n\n<p>Doctora en Ci\u00e8ncies Biol\u00f2giques (1989), m\u00e0ster en biologia Humana (1989) i Diplomada en Hist\u00f2ria (1993), actualment soc professora a la Unitat d\u2019Antropologia Biol\u00f2gica de la Universitat Aut\u00f2noma de Barcelona.<\/p>\n\n\n\n<p>El meu marc de recerca engloba des de la prospecci\u00f3 de jaciments amb restes humanes, fins a l\u2019excavaci\u00f3 i l\u2019estudi posterior dels materials. Per aquest prop\u00f2sit faig servir diverses t\u00e8cniques, des de metodologies morfol\u00f2giques a tests bioqu\u00edmics com l\u2019an\u00e0lisi d\u2019is\u00f2tops estables i l\u2019estudi de DNA. La cronologia a la que treballo \u00e9s \u00e0mplia, del Pleistoc\u00e8 Mig a temps moderns.<\/p>\n\n\n\n<p>Des de&nbsp;2020 soc responsable del laboratori d\u2019Antropologia&nbsp;de restes \u00f2ssies humanes de la Guerra Civil i la dictadura franquista&nbsp;dins el pla de fosses del Departament de Just\u00edcia de la Generalitat de Catalunya.<\/p>\n<\/div><\/div>\n\n\n\n<div class=\"wp-block-buttons alignwide is-content-justification-center is-layout-flex wp-container-core-buttons-is-layout-16018d1d wp-block-buttons-is-layout-flex\">\n<div class=\"wp-block-button is-style-outline is-style-outline--1\"><a class=\"wp-block-button__link wp-element-button\" href=\"https:\/\/portalrecerca.uab.cat\/en\/persons\/m%C2%AA-eul%C3%A0lia-subir%C3%A0-de-gald%C3%A0cano\" target=\"_blank\" rel=\"noreferrer noopener\">https:\/\/portalrecerca.uab.cat\/en\/persons\/m%C2%AA-eul%C3%A0lia-subir%C3%A0-de-gald%C3%A0cano<\/a><\/div>\n<\/div>\n","protected":false},"excerpt":{"rendered":"<p>ORCID iD: 0000-0001-5315-0051 Doctora en Ci\u00e8ncies Biol\u00f2giques (1989), m\u00e0ster en biologia Humana (1989) i Diplomada en Hist\u00f2ria (1993), actualment soc professora a la Unitat d\u2019Antropologia Biol\u00f2gica de la Universitat Aut\u00f2noma de Barcelona. El meu marc de recerca engloba des de la prospecci\u00f3 de jaciments amb restes humanes, fins a l\u2019excavaci\u00f3 i l\u2019estudi posterior dels materials. [&hellip;]<\/p>\n","protected":false},"author":2921,"featured_media":0,"parent":0,"menu_order":0,"comment_status":"closed","ping_status":"closed","template":"","meta":{"footnotes":""},"class_list":["post-641","page","type-page","status-publish","hentry"],"_links":{"self":[{"href":"https:\/\/webs.uab.cat\/greab\/ca\/wp-json\/wp\/v2\/pages\/641","targetHints":{"allow":["GET"]}}],"collection":[{"href":"https:\/\/webs.uab.cat\/greab\/ca\/wp-json\/wp\/v2\/pages"}],"about":[{"href":"https:\/\/webs.uab.cat\/greab\/ca\/wp-json\/wp\/v2\/types\/page"}],"author":[{"embeddable":true,"href":"https:\/\/webs.uab.cat\/greab\/ca\/wp-json\/wp\/v2\/users\/2921"}],"replies":[{"embeddable":true,"href":"https:\/\/webs.uab.cat\/greab\/ca\/wp-json\/wp\/v2\/comments?post=641"}],"version-history":[{"count":8,"href":"https:\/\/webs.uab.cat\/greab\/ca\/wp-json\/wp\/v2\/pages\/641\/revisions"}],"predecessor-version":[{"id":1789,"href":"https:\/\/webs.uab.cat\/greab\/ca\/wp-json\/wp\/v2\/pages\/641\/revisions\/1789"}],"wp:attachment":[{"href":"https:\/\/webs.uab.cat\/greab\/ca\/wp-json\/wp\/v2\/media?parent=641"}],"curies":[{"name":"wp","href":"https:\/\/api.w.org\/{rel}","templated":true}]}}