{"id":660,"date":"2024-06-18T12:35:21","date_gmt":"2024-06-18T12:35:21","guid":{"rendered":"https:\/\/webs.uab.cat\/greab\/?page_id=660"},"modified":"2024-07-19T08:16:05","modified_gmt":"2024-07-19T08:16:05","slug":"maria-molina-moreno","status":"publish","type":"page","link":"https:\/\/webs.uab.cat\/greab\/ca\/maria-molina-moreno\/","title":{"rendered":"Maria Molina Moreno"},"content":{"rendered":"\n<div class=\"wp-block-media-text alignwide is-stacked-on-mobile\" style=\"grid-template-columns:25% auto\"><figure class=\"wp-block-media-text__media\"><img loading=\"lazy\" decoding=\"async\" width=\"1024\" height=\"1024\" src=\"https:\/\/webs.uab.cat\/greab\/wp-content\/uploads\/sites\/182\/2024\/06\/fotos-17-1024x1024.png\" alt=\"\" class=\"wp-image-815 size-full\" srcset=\"https:\/\/webs.uab.cat\/greab\/wp-content\/uploads\/sites\/182\/2024\/06\/fotos-17-1024x1024.png 1024w, https:\/\/webs.uab.cat\/greab\/wp-content\/uploads\/sites\/182\/2024\/06\/fotos-17-300x300.png 300w, https:\/\/webs.uab.cat\/greab\/wp-content\/uploads\/sites\/182\/2024\/06\/fotos-17-150x150.png 150w, https:\/\/webs.uab.cat\/greab\/wp-content\/uploads\/sites\/182\/2024\/06\/fotos-17-768x768.png 768w, https:\/\/webs.uab.cat\/greab\/wp-content\/uploads\/sites\/182\/2024\/06\/fotos-17-1536x1536.png 1536w, https:\/\/webs.uab.cat\/greab\/wp-content\/uploads\/sites\/182\/2024\/06\/fotos-17-1200x1200.png 1200w, https:\/\/webs.uab.cat\/greab\/wp-content\/uploads\/sites\/182\/2024\/06\/fotos-17-1980x1980.png 1980w, https:\/\/webs.uab.cat\/greab\/wp-content\/uploads\/sites\/182\/2024\/06\/fotos-17.png 2000w\" sizes=\"auto, (max-width: 1024px) 100vw, 1024px\" \/><\/figure><div class=\"wp-block-media-text__content\">\n<p><a href=\"https:\/\/orcid.org\/0000-0001-9914-2567\" target=\"_blank\" rel=\"noreferrer noopener\"><strong>ORCID iD: 0000-0001-9914-2567<\/strong><\/a><\/p>\n\n\n\n<p>Com a investigadora postdoctoral Juan de la Cierva al GREAB, em dedico tant a la investigaci\u00f3 com a la doc\u00e8ncia en l&#8217;\u00e0rea de l&#8217;antropologia biol\u00f2gica i forense. La meva traject\u00f2ria investigadora s&#8217;ha centrat en els estudis de les primeres etapes de vida en poblacions arqueol\u00f2giques de diferents contextos de la Pen\u00ednsula Ib\u00e8rica i el Mediterrani, des de l&#8217;Edat de Bronze fins a l&#8217;\u00e8poca medieval. Especialment dirigits a explorar la microanatomia de l&#8217;os en l&#8217;etapa perinatal, els meus treballs tenen un enfocament multidisciplinar, en el que hi conflueixen l&#8217;antropologia f\u00edsica, la paleohistologia i la histotafonomia de restes \u00f2ssies humanes procedents d&#8217;inhumacions i cremacions.<\/p>\n<\/div><\/div>\n\n\n\n<div class=\"wp-block-buttons alignwide is-content-justification-center is-layout-flex wp-container-core-buttons-is-layout-16018d1d wp-block-buttons-is-layout-flex\">\n<div class=\"wp-block-button is-style-outline is-style-outline--1\"><a class=\"wp-block-button__link has-text-align-center wp-element-button\" href=\"https:\/\/portalrecerca.uab.cat\/en\/persons\/maria-molina-moreno\" target=\"_blank\" rel=\"noreferrer noopener\">https:\/\/portalrecerca.uab.cat\/en\/persons\/maria-molina-moreno<\/a><\/div>\n<\/div>\n\n\n\n<div class=\"wp-block-group alignfull has-background\" style=\"background-color:#f2f0e9\"><div class=\"wp-block-group__inner-container is-layout-flow wp-block-group-is-layout-flow\">\n<div class=\"wp-block-columns alignwide are-vertically-aligned-center is-layout-flex wp-container-core-columns-is-layout-9d6595d7 wp-block-columns-is-layout-flex\">\n<div class=\"wp-block-column is-layout-flow wp-block-column-is-layout-flow\" style=\"flex-basis:50%\">\n<p class=\"has-text-color\" style=\"color:#000000;font-size:30px;line-height:1.1\"><strong>Principals \u00e0rees d&#8217;investigaci\u00f3<\/strong><\/p>\n\n\n\n<p><\/p>\n<\/div>\n\n\n\n<div class=\"wp-block-column is-layout-flow wp-block-column-is-layout-flow\" style=\"flex-basis:50%\"><\/div>\n<\/div>\n\n\n\n<div class=\"wp-block-columns alignwide is-layout-flex wp-container-core-columns-is-layout-9d6595d7 wp-block-columns-is-layout-flex\">\n<div class=\"wp-block-column is-layout-flow wp-block-column-is-layout-flow\">\n<ul class=\"wp-block-list\">\n<li>Arqueobiologia<\/li>\n\n\n\n<li>Histotafonomia<\/li>\n\n\n\n<li>Esquelet immadur<\/li>\n<\/ul>\n<\/div>\n<\/div>\n<\/div><\/div>\n","protected":false},"excerpt":{"rendered":"<p>ORCID iD: 0000-0001-9914-2567 Com a investigadora postdoctoral Juan de la Cierva al GREAB, em dedico tant a la investigaci\u00f3 com a la doc\u00e8ncia en l&#8217;\u00e0rea de l&#8217;antropologia biol\u00f2gica i forense. La meva traject\u00f2ria investigadora s&#8217;ha centrat en els estudis de les primeres etapes de vida en poblacions arqueol\u00f2giques de diferents contextos de la Pen\u00ednsula Ib\u00e8rica [&hellip;]<\/p>\n","protected":false},"author":2921,"featured_media":0,"parent":0,"menu_order":0,"comment_status":"closed","ping_status":"closed","template":"","meta":{"footnotes":""},"class_list":["post-660","page","type-page","status-publish","hentry"],"_links":{"self":[{"href":"https:\/\/webs.uab.cat\/greab\/ca\/wp-json\/wp\/v2\/pages\/660","targetHints":{"allow":["GET"]}}],"collection":[{"href":"https:\/\/webs.uab.cat\/greab\/ca\/wp-json\/wp\/v2\/pages"}],"about":[{"href":"https:\/\/webs.uab.cat\/greab\/ca\/wp-json\/wp\/v2\/types\/page"}],"author":[{"embeddable":true,"href":"https:\/\/webs.uab.cat\/greab\/ca\/wp-json\/wp\/v2\/users\/2921"}],"replies":[{"embeddable":true,"href":"https:\/\/webs.uab.cat\/greab\/ca\/wp-json\/wp\/v2\/comments?post=660"}],"version-history":[{"count":15,"href":"https:\/\/webs.uab.cat\/greab\/ca\/wp-json\/wp\/v2\/pages\/660\/revisions"}],"predecessor-version":[{"id":1983,"href":"https:\/\/webs.uab.cat\/greab\/ca\/wp-json\/wp\/v2\/pages\/660\/revisions\/1983"}],"wp:attachment":[{"href":"https:\/\/webs.uab.cat\/greab\/ca\/wp-json\/wp\/v2\/media?parent=660"}],"curies":[{"name":"wp","href":"https:\/\/api.w.org\/{rel}","templated":true}]}}