{"id":82,"date":"2015-02-05T21:26:43","date_gmt":"2015-02-05T21:26:43","guid":{"rendered":"https:\/\/webs.uab.cat\/greab\/formacio-0\/"},"modified":"2025-05-30T15:52:12","modified_gmt":"2025-05-30T15:52:12","slug":"formacio-0","status":"publish","type":"page","link":"https:\/\/webs.uab.cat\/greab\/ca\/formacio-0\/","title":{"rendered":"Formaci\u00f3"},"content":{"rendered":"\n<h4 class=\"wp-block-heading alignwide has-negre-eben-color has-text-color has-link-color wp-elements-90f39b61b896ebd838ec2d7554fa7d16\">M\u00e0ster Oficial Universitari en Antropologia Biol\u00f2gica (UB\/UAB)<\/h4>\n\n\n\n<div class=\"wp-block-media-text alignwide is-stacked-on-mobile\" style=\"grid-template-columns:55% auto\"><figure class=\"wp-block-media-text__media\"><img loading=\"lazy\" decoding=\"async\" width=\"1024\" height=\"724\" src=\"https:\/\/webs.uab.cat\/greab\/wp-content\/uploads\/sites\/182\/2025\/05\/horitzontal-catala-1024x724.png\" alt=\"\" class=\"wp-image-2372 size-full\" srcset=\"https:\/\/webs.uab.cat\/greab\/wp-content\/uploads\/sites\/182\/2025\/05\/horitzontal-catala-1024x724.png 1024w, https:\/\/webs.uab.cat\/greab\/wp-content\/uploads\/sites\/182\/2025\/05\/horitzontal-catala-300x212.png 300w, https:\/\/webs.uab.cat\/greab\/wp-content\/uploads\/sites\/182\/2025\/05\/horitzontal-catala-768x543.png 768w, https:\/\/webs.uab.cat\/greab\/wp-content\/uploads\/sites\/182\/2025\/05\/horitzontal-catala-1536x1086.png 1536w, https:\/\/webs.uab.cat\/greab\/wp-content\/uploads\/sites\/182\/2025\/05\/horitzontal-catala-2048x1448.png 2048w, https:\/\/webs.uab.cat\/greab\/wp-content\/uploads\/sites\/182\/2025\/05\/horitzontal-catala-1200x848.png 1200w, https:\/\/webs.uab.cat\/greab\/wp-content\/uploads\/sites\/182\/2025\/05\/horitzontal-catala-1980x1400.png 1980w\" sizes=\"auto, (max-width: 1024px) 100vw, 1024px\" \/><\/figure><div class=\"wp-block-media-text__content\">\n<p>El m\u00e0ster en Antropologia Biol\u00f2gica dona una formaci\u00f3 actualitzada, innovadora i aplicada en diversitat humana, el seu origen i evoluci\u00f3, i les seves implicacions biom\u00e8diques, aix\u00ed com una formaci\u00f3 capdavantera i aplicada en antropologia f\u00edsica i forense.<\/p>\n\n\n\n<p><a href=\"https:\/\/www.uab.cat\/web\/informacio-academica-dels-masters-oficials\/l-oferta-de-masters-oficials\/informacio-general\/antropologia-biologica-1096480139517.html?param1=1096480220661\" data-type=\"link\" data-id=\"https:\/\/www.uab.cat\/web\/informacio-academica-dels-masters-oficials\/l-oferta-de-masters-oficials\/informacio-general\/antropologia-biologica-1096480139517.html?param1=1096480220661\" target=\"_blank\" rel=\"noreferrer noopener\">Universitat Aut\u00f2noma de Barcelona<\/a><\/p>\n\n\n\n<div class=\"wp-block-buttons is-layout-flex wp-block-buttons-is-layout-flex\">\n<div class=\"wp-block-button is-style-outline is-style-outline--1\"><a class=\"wp-block-button__link wp-element-button\" href=\"https:\/\/uab-my.sharepoint.com\/personal\/2102593_uab_cat\/_layouts\/15\/stream.aspx?id=%2Fpersonal%2F2102593%5Fuab%5Fcat%2FDocuments%2FDatos%20adjuntos%2FSESSIO%20VIRTUAL%20MASTER%20AB%2D20240528%5F160140%2DEnregistrament%20de%20la%20reuni%C3%B3%2Emp4&amp;referrer=StreamWebApp%2EWeb&amp;referrerScenario=AddressBarCopied%2Eview%2E02de082d%2D6820%2D4b07%2Db605%2D8faca52275d2\" target=\"_blank\" rel=\"noreferrer noopener\">SESSI\u00f3 VIRTUAL M\u00e0STER<\/a><\/div>\n<\/div>\n\n\n\n<p><\/p>\n\n\n\n<ul class=\"wp-block-social-links is-layout-flex wp-block-social-links-is-layout-flex\"><li class=\"wp-social-link wp-social-link-instagram  wp-block-social-link\"><a href=\"https:\/\/www.instagram.com\/master_antropologia_biologica\/\" class=\"wp-block-social-link-anchor\"><svg width=\"24\" height=\"24\" viewBox=\"0 0 24 24\" version=\"1.1\" xmlns=\"http:\/\/www.w3.org\/2000\/svg\" aria-hidden=\"true\" focusable=\"false\"><path d=\"M12,4.622c2.403,0,2.688,0.009,3.637,0.052c0.877,0.04,1.354,0.187,1.671,0.31c0.42,0.163,0.72,0.358,1.035,0.673 c0.315,0.315,0.51,0.615,0.673,1.035c0.123,0.317,0.27,0.794,0.31,1.671c0.043,0.949,0.052,1.234,0.052,3.637 s-0.009,2.688-0.052,3.637c-0.04,0.877-0.187,1.354-0.31,1.671c-0.163,0.42-0.358,0.72-0.673,1.035 c-0.315,0.315-0.615,0.51-1.035,0.673c-0.317,0.123-0.794,0.27-1.671,0.31c-0.949,0.043-1.233,0.052-3.637,0.052 s-2.688-0.009-3.637-0.052c-0.877-0.04-1.354-0.187-1.671-0.31c-0.42-0.163-0.72-0.358-1.035-0.673 c-0.315-0.315-0.51-0.615-0.673-1.035c-0.123-0.317-0.27-0.794-0.31-1.671C4.631,14.688,4.622,14.403,4.622,12 s0.009-2.688,0.052-3.637c0.04-0.877,0.187-1.354,0.31-1.671c0.163-0.42,0.358-0.72,0.673-1.035 c0.315-0.315,0.615-0.51,1.035-0.673c0.317-0.123,0.794-0.27,1.671-0.31C9.312,4.631,9.597,4.622,12,4.622 M12,3 C9.556,3,9.249,3.01,8.289,3.054C7.331,3.098,6.677,3.25,6.105,3.472C5.513,3.702,5.011,4.01,4.511,4.511 c-0.5,0.5-0.808,1.002-1.038,1.594C3.25,6.677,3.098,7.331,3.054,8.289C3.01,9.249,3,9.556,3,12c0,2.444,0.01,2.751,0.054,3.711 c0.044,0.958,0.196,1.612,0.418,2.185c0.23,0.592,0.538,1.094,1.038,1.594c0.5,0.5,1.002,0.808,1.594,1.038 c0.572,0.222,1.227,0.375,2.185,0.418C9.249,20.99,9.556,21,12,21s2.751-0.01,3.711-0.054c0.958-0.044,1.612-0.196,2.185-0.418 c0.592-0.23,1.094-0.538,1.594-1.038c0.5-0.5,0.808-1.002,1.038-1.594c0.222-0.572,0.375-1.227,0.418-2.185 C20.99,14.751,21,14.444,21,12s-0.01-2.751-0.054-3.711c-0.044-0.958-0.196-1.612-0.418-2.185c-0.23-0.592-0.538-1.094-1.038-1.594 c-0.5-0.5-1.002-0.808-1.594-1.038c-0.572-0.222-1.227-0.375-2.185-0.418C14.751,3.01,14.444,3,12,3L12,3z M12,7.378 c-2.552,0-4.622,2.069-4.622,4.622S9.448,16.622,12,16.622s4.622-2.069,4.622-4.622S14.552,7.378,12,7.378z M12,15 c-1.657,0-3-1.343-3-3s1.343-3,3-3s3,1.343,3,3S13.657,15,12,15z M16.804,6.116c-0.596,0-1.08,0.484-1.08,1.08 s0.484,1.08,1.08,1.08c0.596,0,1.08-0.484,1.08-1.08S17.401,6.116,16.804,6.116z\"><\/path><\/svg><span class=\"wp-block-social-link-label screen-reader-text\">Instagram<\/span><\/a><\/li><\/ul>\n<\/div><\/div>\n\n\n\n<hr class=\"wp-block-separator alignwide has-alpha-channel-opacity\" \/>\n\n\n\n<h4 class=\"wp-block-heading alignwide has-negre-eben-color has-text-color has-link-color wp-elements-9b5f92fe2164fdccb0dd1c1d5e309e23\">Doctorat de Biodiversitat<\/h4>\n\n\n\n<div class=\"wp-block-media-text alignwide is-stacked-on-mobile\" style=\"grid-template-columns:21% auto\"><figure class=\"wp-block-media-text__media\"><img loading=\"lazy\" decoding=\"async\" width=\"1024\" height=\"1024\" src=\"https:\/\/webs.uab.cat\/greab\/wp-content\/uploads\/sites\/182\/2024\/07\/fotos-28-1024x1024.png\" alt=\"\" class=\"wp-image-1269 size-full\" srcset=\"https:\/\/webs.uab.cat\/greab\/wp-content\/uploads\/sites\/182\/2024\/07\/fotos-28-1024x1024.png 1024w, https:\/\/webs.uab.cat\/greab\/wp-content\/uploads\/sites\/182\/2024\/07\/fotos-28-300x300.png 300w, https:\/\/webs.uab.cat\/greab\/wp-content\/uploads\/sites\/182\/2024\/07\/fotos-28-150x150.png 150w, https:\/\/webs.uab.cat\/greab\/wp-content\/uploads\/sites\/182\/2024\/07\/fotos-28-768x768.png 768w, https:\/\/webs.uab.cat\/greab\/wp-content\/uploads\/sites\/182\/2024\/07\/fotos-28-1536x1536.png 1536w, https:\/\/webs.uab.cat\/greab\/wp-content\/uploads\/sites\/182\/2024\/07\/fotos-28-1200x1200.png 1200w, https:\/\/webs.uab.cat\/greab\/wp-content\/uploads\/sites\/182\/2024\/07\/fotos-28-1980x1980.png 1980w, https:\/\/webs.uab.cat\/greab\/wp-content\/uploads\/sites\/182\/2024\/07\/fotos-28.png 2000w\" sizes=\"auto, (max-width: 1024px) 100vw, 1024px\" \/><\/figure><div class=\"wp-block-media-text__content\">\n<p>El Doctorat de Biodiversitat t\u00e9 com a finalitat la formaci\u00f3 d&#8217;investigadors especialistes en l&#8217;origen, manteniment, evoluci\u00f3 i \u00fas sostenible de la diversitat biol\u00f2gica i capacitar-los per a la seva futura incorporaci\u00f3 en universitats, institucions d&#8217;investigaci\u00f3 i centres de gesti\u00f3 tant privats com de l&#8217;Administraci\u00f3. <\/p>\n\n\n\n<p><a href=\"https:\/\/www.uab.cat\/ca\/doctorats\/biodiversitat#seccio-inici\" target=\"_blank\" rel=\"noreferrer noopener\">Universitat Aut\u00f2noma de Barcelona<\/a><\/p>\n\n\n\n<p><a href=\"https:\/\/www.ub.edu\/portal\/web\/biologia\/doctorat-biodiversitat\" target=\"_blank\" rel=\"noreferrer noopener\">Universitat de Barcelona<\/a><\/p>\n<\/div><\/div>\n\n\n\n<p><\/p>\n","protected":false},"excerpt":{"rendered":"<p>M\u00e0ster Oficial Universitari en Antropologia Biol\u00f2gica (UB\/UAB) Doctorat de Biodiversitat El Doctorat de Biodiversitat t\u00e9 com a finalitat la formaci\u00f3 d&#8217;investigadors especialistes en l&#8217;origen, manteniment, evoluci\u00f3 i \u00fas sostenible de la diversitat biol\u00f2gica i capacitar-los per a la seva futura incorporaci\u00f3 en universitats, institucions d&#8217;investigaci\u00f3 i centres de gesti\u00f3 tant privats com de l&#8217;Administraci\u00f3. Universitat [&hellip;]<\/p>\n","protected":false},"author":20,"featured_media":0,"parent":0,"menu_order":0,"comment_status":"closed","ping_status":"closed","template":"","meta":{"footnotes":""},"class_list":["post-82","page","type-page","status-publish","hentry"],"_links":{"self":[{"href":"https:\/\/webs.uab.cat\/greab\/ca\/wp-json\/wp\/v2\/pages\/82","targetHints":{"allow":["GET"]}}],"collection":[{"href":"https:\/\/webs.uab.cat\/greab\/ca\/wp-json\/wp\/v2\/pages"}],"about":[{"href":"https:\/\/webs.uab.cat\/greab\/ca\/wp-json\/wp\/v2\/types\/page"}],"author":[{"embeddable":true,"href":"https:\/\/webs.uab.cat\/greab\/ca\/wp-json\/wp\/v2\/users\/20"}],"replies":[{"embeddable":true,"href":"https:\/\/webs.uab.cat\/greab\/ca\/wp-json\/wp\/v2\/comments?post=82"}],"version-history":[{"count":22,"href":"https:\/\/webs.uab.cat\/greab\/ca\/wp-json\/wp\/v2\/pages\/82\/revisions"}],"predecessor-version":[{"id":2376,"href":"https:\/\/webs.uab.cat\/greab\/ca\/wp-json\/wp\/v2\/pages\/82\/revisions\/2376"}],"wp:attachment":[{"href":"https:\/\/webs.uab.cat\/greab\/ca\/wp-json\/wp\/v2\/media?parent=82"}],"curies":[{"name":"wp","href":"https:\/\/api.w.org\/{rel}","templated":true}]}}