{"id":1031,"date":"2024-06-14T09:47:36","date_gmt":"2024-06-14T09:47:36","guid":{"rendered":"https:\/\/webs.uab.cat\/greab\/carolina-sandoval-avila-2\/"},"modified":"2024-07-01T11:37:47","modified_gmt":"2024-07-01T11:37:47","slug":"carolina-sandoval-avila-2","status":"publish","type":"page","link":"https:\/\/webs.uab.cat\/greab\/es\/carolina-sandoval-avila-2\/","title":{"rendered":"Carolina Sandoval \u00c1vila"},"content":{"rendered":"\n<div class=\"wp-block-cover alignfull is-light\" style=\"min-height:498px;aspect-ratio:unset;\"><span aria-hidden=\"true\" class=\"wp-block-cover__background has-background-dim-100 has-background-dim\" style=\"background-color:#ffffff\"><\/span><div class=\"wp-block-cover__inner-container is-layout-flow wp-block-cover-is-layout-flow\">\n<div class=\"wp-block-media-text alignwide is-stacked-on-mobile is-vertically-aligned-center is-image-fill\" style=\"grid-template-columns:31% auto\"><figure class=\"wp-block-media-text__media\" style=\"background-image:url(https:\/\/webs.uab.cat\/greab\/wp-content\/uploads\/sites\/182\/2024\/06\/fotos-1-1024x1024.png);background-position:50% 50%\"><img loading=\"lazy\" decoding=\"async\" width=\"1024\" height=\"1024\" src=\"https:\/\/webs.uab.cat\/greab\/wp-content\/uploads\/sites\/182\/2024\/06\/fotos-1-1024x1024.png\" alt=\"\" class=\"wp-image-613 size-full\" srcset=\"https:\/\/webs.uab.cat\/greab\/wp-content\/uploads\/sites\/182\/2024\/06\/fotos-1-1024x1024.png 1024w, https:\/\/webs.uab.cat\/greab\/wp-content\/uploads\/sites\/182\/2024\/06\/fotos-1-300x300.png 300w, https:\/\/webs.uab.cat\/greab\/wp-content\/uploads\/sites\/182\/2024\/06\/fotos-1-150x150.png 150w, https:\/\/webs.uab.cat\/greab\/wp-content\/uploads\/sites\/182\/2024\/06\/fotos-1-768x768.png 768w, https:\/\/webs.uab.cat\/greab\/wp-content\/uploads\/sites\/182\/2024\/06\/fotos-1-1536x1536.png 1536w, https:\/\/webs.uab.cat\/greab\/wp-content\/uploads\/sites\/182\/2024\/06\/fotos-1-1200x1200.png 1200w, https:\/\/webs.uab.cat\/greab\/wp-content\/uploads\/sites\/182\/2024\/06\/fotos-1-1980x1980.png 1980w, https:\/\/webs.uab.cat\/greab\/wp-content\/uploads\/sites\/182\/2024\/06\/fotos-1.png 2000w\" sizes=\"auto, (max-width: 1024px) 100vw, 1024px\" \/><\/figure><div class=\"wp-block-media-text__content\">\n<p><strong><strong><a href=\"https:\/\/orcid.org\/0000-0001-7678-1390\" target=\"_blank\" rel=\"noreferrer noopener\">ORCID iD: 0000-0001-7678-1390<\/a><\/strong><\/strong><\/p>\n\n\n\n<p>Antrop\u00f3loga F\u00edsica graduada en la Universidad de Concepci\u00f3n (Chile) y M\u00e1ster en Antropolog\u00eda Biol\u00f3gica (UB\/UAB). Actualmente soy doctorando y miembro del Grupo de Investigaci\u00f3n en Antropolog\u00eda Biol\u00f3gica de la UAB. Mi experiencia profesional abarca desde el \u00e1rea de la antropolog\u00eda forense, trabajando en proyectos de identificaci\u00f3n humana y estudios paleopatol\u00f3gicos en contextos forenses, hasta la bioarqueolog\u00eda, \u00e1rea en la que trabajo hoy en d\u00eda. Mi trabajo se enfoca en el an\u00e1lisis osteol\u00f3gico de los individuos no adultos, espec\u00edficamente perinatales, en la Protohistoria. Mis \u00faltimas investigaciones se refieren a la validaci\u00f3n de metodolog\u00edas para el perfil biol\u00f3gico, variabilidad esquel\u00e9tica, porosidades, patolog\u00edas y conservaci\u00f3n de restos \u00f3seos infantiles.<\/p>\n\n\n\n<div class=\"wp-block-buttons is-layout-flex wp-block-buttons-is-layout-flex\">\n<div class=\"wp-block-button is-style-outline is-style-outline--1\"><a class=\"wp-block-button__link wp-element-button\" href=\"https:\/\/www.researchgate.net\/profile\/Carolina-Sandoval-Avila\" target=\"_blank\" rel=\"noreferrer noopener\">https:\/\/www.researchgate.net\/profile\/Carolina-Sandoval-Avila<\/a><\/div>\n<\/div>\n<\/div><\/div>\n\n\n\n<div class=\"wp-block-group alignfull has-background\" style=\"background-color:#f2f0e9\"><div class=\"wp-block-group__inner-container is-layout-flow wp-block-group-is-layout-flow\">\n<div class=\"wp-block-columns alignwide are-vertically-aligned-center is-layout-flex wp-container-core-columns-is-layout-9d6595d7 wp-block-columns-is-layout-flex\">\n<div class=\"wp-block-column is-layout-flow wp-block-column-is-layout-flow\" style=\"flex-basis:50%\">\n<h1 class=\"wp-block-heading has-text-color\" style=\"color:#000000;font-size:30px\"><strong>Principales \u00e1reas de investigaci\u00f3n<\/strong><\/h1>\n<\/div>\n<\/div>\n\n\n\n<p><\/p>\n\n\n\n<div class=\"wp-block-columns alignwide is-layout-flex wp-container-core-columns-is-layout-9d6595d7 wp-block-columns-is-layout-flex\">\n<div class=\"wp-block-column is-layout-flow wp-block-column-is-layout-flow\">\n<ul class=\"wp-block-list\">\n<li>Bioarqueolog\u00eda<\/li>\n\n\n\n<li>Antropolog\u00eda forense<\/li>\n\n\n\n<li>Osteolog\u00eda infantil<\/li>\n\n\n\n<li>M\u00e9todos de identificaci\u00f3n <\/li>\n\n\n\n<li>Paleopatolog\u00edas <\/li>\n<\/ul>\n<\/div>\n<\/div>\n\n\n\n<div style=\"height:40px\" aria-hidden=\"true\" class=\"wp-block-spacer\"><\/div>\n<\/div><\/div>\n<\/div><\/div>\n","protected":false},"excerpt":{"rendered":"","protected":false},"author":2921,"featured_media":0,"parent":0,"menu_order":0,"comment_status":"closed","ping_status":"closed","template":"","meta":{"footnotes":""},"class_list":["post-1031","page","type-page","status-publish","hentry"],"_links":{"self":[{"href":"https:\/\/webs.uab.cat\/greab\/es\/wp-json\/wp\/v2\/pages\/1031","targetHints":{"allow":["GET"]}}],"collection":[{"href":"https:\/\/webs.uab.cat\/greab\/es\/wp-json\/wp\/v2\/pages"}],"about":[{"href":"https:\/\/webs.uab.cat\/greab\/es\/wp-json\/wp\/v2\/types\/page"}],"author":[{"embeddable":true,"href":"https:\/\/webs.uab.cat\/greab\/es\/wp-json\/wp\/v2\/users\/2921"}],"replies":[{"embeddable":true,"href":"https:\/\/webs.uab.cat\/greab\/es\/wp-json\/wp\/v2\/comments?post=1031"}],"version-history":[{"count":3,"href":"https:\/\/webs.uab.cat\/greab\/es\/wp-json\/wp\/v2\/pages\/1031\/revisions"}],"predecessor-version":[{"id":1190,"href":"https:\/\/webs.uab.cat\/greab\/es\/wp-json\/wp\/v2\/pages\/1031\/revisions\/1190"}],"wp:attachment":[{"href":"https:\/\/webs.uab.cat\/greab\/es\/wp-json\/wp\/v2\/media?parent=1031"}],"curies":[{"name":"wp","href":"https:\/\/api.w.org\/{rel}","templated":true}]}}