{"id":109,"date":"2015-02-11T19:26:02","date_gmt":"2015-02-11T19:26:02","guid":{"rendered":"https:\/\/webs.uab.cat\/greab\/colaboraciones\/"},"modified":"2024-07-18T09:07:07","modified_gmt":"2024-07-18T09:07:07","slug":"colaboraciones","status":"publish","type":"page","link":"https:\/\/webs.uab.cat\/greab\/es\/colaboraciones\/","title":{"rendered":"Colaboraciones"},"content":{"rendered":"\n<div class=\"wp-block-media-text alignwide is-stacked-on-mobile\" style=\"grid-template-columns:15% auto\"><figure class=\"wp-block-media-text__media\"><img loading=\"lazy\" decoding=\"async\" width=\"1024\" height=\"1024\" src=\"https:\/\/webs.uab.cat\/greab\/wp-content\/uploads\/sites\/182\/2024\/07\/fotos-43-1024x1024.png\" alt=\"\" class=\"wp-image-1814 size-full\" srcset=\"https:\/\/webs.uab.cat\/greab\/wp-content\/uploads\/sites\/182\/2024\/07\/fotos-43-1024x1024.png 1024w, https:\/\/webs.uab.cat\/greab\/wp-content\/uploads\/sites\/182\/2024\/07\/fotos-43-300x300.png 300w, https:\/\/webs.uab.cat\/greab\/wp-content\/uploads\/sites\/182\/2024\/07\/fotos-43-150x150.png 150w, https:\/\/webs.uab.cat\/greab\/wp-content\/uploads\/sites\/182\/2024\/07\/fotos-43-768x768.png 768w, https:\/\/webs.uab.cat\/greab\/wp-content\/uploads\/sites\/182\/2024\/07\/fotos-43-1536x1536.png 1536w, https:\/\/webs.uab.cat\/greab\/wp-content\/uploads\/sites\/182\/2024\/07\/fotos-43-1200x1200.png 1200w, https:\/\/webs.uab.cat\/greab\/wp-content\/uploads\/sites\/182\/2024\/07\/fotos-43-1980x1980.png 1980w, https:\/\/webs.uab.cat\/greab\/wp-content\/uploads\/sites\/182\/2024\/07\/fotos-43.png 2000w\" sizes=\"auto, (max-width: 1024px) 100vw, 1024px\" \/><\/figure><div class=\"wp-block-media-text__content\">\n<p><strong><a href=\"https:\/\/www.researchgate.net\/profile\/Bastien-Llamas\" target=\"_blank\" rel=\"noreferrer noopener\">Bastien Llamas<\/a><\/strong><\/p>\n\n\n\n<p>Australian Centre for Ancient DNA (ACAD) \u2013 University of Adelaida (Australia)<\/p>\n<\/div><\/div>\n\n\n\n<div class=\"wp-block-media-text alignwide is-stacked-on-mobile\" style=\"grid-template-columns:15% auto\"><figure class=\"wp-block-media-text__media\"><img loading=\"lazy\" decoding=\"async\" width=\"1024\" height=\"1024\" src=\"https:\/\/webs.uab.cat\/greab\/wp-content\/uploads\/sites\/182\/2024\/07\/fotos-47-1024x1024.png\" alt=\"\" class=\"wp-image-1826 size-full\" srcset=\"https:\/\/webs.uab.cat\/greab\/wp-content\/uploads\/sites\/182\/2024\/07\/fotos-47-1024x1024.png 1024w, https:\/\/webs.uab.cat\/greab\/wp-content\/uploads\/sites\/182\/2024\/07\/fotos-47-300x300.png 300w, https:\/\/webs.uab.cat\/greab\/wp-content\/uploads\/sites\/182\/2024\/07\/fotos-47-150x150.png 150w, https:\/\/webs.uab.cat\/greab\/wp-content\/uploads\/sites\/182\/2024\/07\/fotos-47-768x768.png 768w, https:\/\/webs.uab.cat\/greab\/wp-content\/uploads\/sites\/182\/2024\/07\/fotos-47-1536x1536.png 1536w, https:\/\/webs.uab.cat\/greab\/wp-content\/uploads\/sites\/182\/2024\/07\/fotos-47-1200x1200.png 1200w, https:\/\/webs.uab.cat\/greab\/wp-content\/uploads\/sites\/182\/2024\/07\/fotos-47-1980x1980.png 1980w, https:\/\/webs.uab.cat\/greab\/wp-content\/uploads\/sites\/182\/2024\/07\/fotos-47.png 2000w\" sizes=\"auto, (max-width: 1024px) 100vw, 1024px\" \/><\/figure><div class=\"wp-block-media-text__content\">\n<p><strong><a href=\"https:\/\/www.researchgate.net\/profile\/Conceicao-Bettencourt\">Concei\u00e7\u00e3o Bettencourt<\/a><\/strong><\/p>\n\n\n\n<p>University College London (Reino Unido)<\/p>\n<\/div><\/div>\n\n\n\n<div class=\"wp-block-media-text alignwide is-stacked-on-mobile\" style=\"grid-template-columns:15% auto\"><figure class=\"wp-block-media-text__media\"><img loading=\"lazy\" decoding=\"async\" width=\"1024\" height=\"1024\" src=\"https:\/\/webs.uab.cat\/greab\/wp-content\/uploads\/sites\/182\/2024\/07\/fotos-45-1024x1024.png\" alt=\"\" class=\"wp-image-1820 size-full\" srcset=\"https:\/\/webs.uab.cat\/greab\/wp-content\/uploads\/sites\/182\/2024\/07\/fotos-45-1024x1024.png 1024w, https:\/\/webs.uab.cat\/greab\/wp-content\/uploads\/sites\/182\/2024\/07\/fotos-45-300x300.png 300w, https:\/\/webs.uab.cat\/greab\/wp-content\/uploads\/sites\/182\/2024\/07\/fotos-45-150x150.png 150w, https:\/\/webs.uab.cat\/greab\/wp-content\/uploads\/sites\/182\/2024\/07\/fotos-45-768x768.png 768w, https:\/\/webs.uab.cat\/greab\/wp-content\/uploads\/sites\/182\/2024\/07\/fotos-45-1536x1536.png 1536w, https:\/\/webs.uab.cat\/greab\/wp-content\/uploads\/sites\/182\/2024\/07\/fotos-45-1200x1200.png 1200w, https:\/\/webs.uab.cat\/greab\/wp-content\/uploads\/sites\/182\/2024\/07\/fotos-45-1980x1980.png 1980w, https:\/\/webs.uab.cat\/greab\/wp-content\/uploads\/sites\/182\/2024\/07\/fotos-45.png 2000w\" sizes=\"auto, (max-width: 1024px) 100vw, 1024px\" \/><\/figure><div class=\"wp-block-media-text__content\">\n<p><strong><a href=\"https:\/\/www.researchgate.net\/profile\/Bastien-Llamas\" target=\"_blank\" rel=\"noreferrer noopener\"><\/a><a href=\"https:\/\/www.researchgate.net\/profile\/Xavier-Roca-Rada\" target=\"_blank\" rel=\"noreferrer noopener\"><\/a><a href=\"https:\/\/easynet.academia.edu\/DiegoLopezOnaindia\">Diego Lopez Onaindia<\/a><\/strong><\/p>\n\n\n\n<p>University of Bordeaux (Francia)<\/p>\n<\/div><\/div>\n\n\n\n<div class=\"wp-block-media-text alignwide is-stacked-on-mobile\" style=\"grid-template-columns:15% auto\"><figure class=\"wp-block-media-text__media\"><img loading=\"lazy\" decoding=\"async\" width=\"1024\" height=\"1024\" src=\"https:\/\/webs.uab.cat\/greab\/wp-content\/uploads\/sites\/182\/2024\/07\/fotos-44-1024x1024.png\" alt=\"\" class=\"wp-image-1817 size-full\" srcset=\"https:\/\/webs.uab.cat\/greab\/wp-content\/uploads\/sites\/182\/2024\/07\/fotos-44-1024x1024.png 1024w, https:\/\/webs.uab.cat\/greab\/wp-content\/uploads\/sites\/182\/2024\/07\/fotos-44-300x300.png 300w, https:\/\/webs.uab.cat\/greab\/wp-content\/uploads\/sites\/182\/2024\/07\/fotos-44-150x150.png 150w, https:\/\/webs.uab.cat\/greab\/wp-content\/uploads\/sites\/182\/2024\/07\/fotos-44-768x768.png 768w, https:\/\/webs.uab.cat\/greab\/wp-content\/uploads\/sites\/182\/2024\/07\/fotos-44-1536x1536.png 1536w, https:\/\/webs.uab.cat\/greab\/wp-content\/uploads\/sites\/182\/2024\/07\/fotos-44-1200x1200.png 1200w, https:\/\/webs.uab.cat\/greab\/wp-content\/uploads\/sites\/182\/2024\/07\/fotos-44-1980x1980.png 1980w, https:\/\/webs.uab.cat\/greab\/wp-content\/uploads\/sites\/182\/2024\/07\/fotos-44.png 2000w\" sizes=\"auto, (max-width: 1024px) 100vw, 1024px\" \/><\/figure><div class=\"wp-block-media-text__content\">\n<p><strong><a href=\"https:\/\/www.researchgate.net\/profile\/Xavier-Roca-Rada\">Xavier Roca-Rada<\/a><\/strong><\/p>\n\n\n\n<p>Brown University (EUA)<\/p>\n<\/div><\/div>\n\n\n\n<div class=\"wp-block-media-text alignwide is-stacked-on-mobile\" style=\"grid-template-columns:15% auto\"><figure class=\"wp-block-media-text__media\"><img loading=\"lazy\" decoding=\"async\" width=\"1024\" height=\"1024\" src=\"https:\/\/webs.uab.cat\/greab\/wp-content\/uploads\/sites\/182\/2024\/07\/fotos-46-1024x1024.png\" alt=\"\" class=\"wp-image-1823 size-full\" srcset=\"https:\/\/webs.uab.cat\/greab\/wp-content\/uploads\/sites\/182\/2024\/07\/fotos-46-1024x1024.png 1024w, https:\/\/webs.uab.cat\/greab\/wp-content\/uploads\/sites\/182\/2024\/07\/fotos-46-300x300.png 300w, https:\/\/webs.uab.cat\/greab\/wp-content\/uploads\/sites\/182\/2024\/07\/fotos-46-150x150.png 150w, https:\/\/webs.uab.cat\/greab\/wp-content\/uploads\/sites\/182\/2024\/07\/fotos-46-768x768.png 768w, https:\/\/webs.uab.cat\/greab\/wp-content\/uploads\/sites\/182\/2024\/07\/fotos-46-1536x1536.png 1536w, https:\/\/webs.uab.cat\/greab\/wp-content\/uploads\/sites\/182\/2024\/07\/fotos-46-1200x1200.png 1200w, https:\/\/webs.uab.cat\/greab\/wp-content\/uploads\/sites\/182\/2024\/07\/fotos-46-1980x1980.png 1980w, https:\/\/webs.uab.cat\/greab\/wp-content\/uploads\/sites\/182\/2024\/07\/fotos-46.png 2000w\" sizes=\"auto, (max-width: 1024px) 100vw, 1024px\" \/><\/figure><div class=\"wp-block-media-text__content\">\n<p><strong><a href=\"https:\/\/www.researchgate.net\/profile\/Manuela-Lima-4\" target=\"_blank\" rel=\"noreferrer noopener\">Manuela Lima<\/a><\/strong><\/p>\n\n\n\n<p>University of the Azores (Portugal)<\/p>\n<\/div><\/div>\n\n\n\n<div class=\"wp-block-media-text alignwide is-stacked-on-mobile\" style=\"grid-template-columns:15% auto\"><figure class=\"wp-block-media-text__media\"><img loading=\"lazy\" decoding=\"async\" width=\"1024\" height=\"1024\" src=\"https:\/\/webs.uab.cat\/greab\/wp-content\/uploads\/sites\/182\/2024\/07\/fotos-52-1024x1024.png\" alt=\"\" class=\"wp-image-1850 size-full\" srcset=\"https:\/\/webs.uab.cat\/greab\/wp-content\/uploads\/sites\/182\/2024\/07\/fotos-52-1024x1024.png 1024w, https:\/\/webs.uab.cat\/greab\/wp-content\/uploads\/sites\/182\/2024\/07\/fotos-52-300x300.png 300w, https:\/\/webs.uab.cat\/greab\/wp-content\/uploads\/sites\/182\/2024\/07\/fotos-52-150x150.png 150w, https:\/\/webs.uab.cat\/greab\/wp-content\/uploads\/sites\/182\/2024\/07\/fotos-52-768x768.png 768w, https:\/\/webs.uab.cat\/greab\/wp-content\/uploads\/sites\/182\/2024\/07\/fotos-52-1536x1536.png 1536w, https:\/\/webs.uab.cat\/greab\/wp-content\/uploads\/sites\/182\/2024\/07\/fotos-52-1200x1200.png 1200w, https:\/\/webs.uab.cat\/greab\/wp-content\/uploads\/sites\/182\/2024\/07\/fotos-52-1980x1980.png 1980w, https:\/\/webs.uab.cat\/greab\/wp-content\/uploads\/sites\/182\/2024\/07\/fotos-52.png 2000w\" sizes=\"auto, (max-width: 1024px) 100vw, 1024px\" \/><\/figure><div class=\"wp-block-media-text__content\">\n<p><strong><a href=\"https:\/\/www.researchgate.net\/profile\/Xavier-Jordana\" target=\"_blank\" rel=\"noreferrer noopener\">Xavier Jordana Com\u00edn<\/a><\/strong><\/p>\n\n\n\n<p>Universitat de Vic (Espa\u00f1a))<\/p>\n<\/div><\/div>\n\n\n\n<div class=\"wp-block-media-text alignwide is-stacked-on-mobile\" style=\"grid-template-columns:15% auto\"><figure class=\"wp-block-media-text__media\"><img loading=\"lazy\" decoding=\"async\" width=\"1024\" height=\"1024\" src=\"https:\/\/webs.uab.cat\/greab\/wp-content\/uploads\/sites\/182\/2024\/07\/fotos-42-1024x1024.png\" alt=\"\" class=\"wp-image-1811 size-full\" srcset=\"https:\/\/webs.uab.cat\/greab\/wp-content\/uploads\/sites\/182\/2024\/07\/fotos-42-1024x1024.png 1024w, https:\/\/webs.uab.cat\/greab\/wp-content\/uploads\/sites\/182\/2024\/07\/fotos-42-300x300.png 300w, https:\/\/webs.uab.cat\/greab\/wp-content\/uploads\/sites\/182\/2024\/07\/fotos-42-150x150.png 150w, https:\/\/webs.uab.cat\/greab\/wp-content\/uploads\/sites\/182\/2024\/07\/fotos-42-768x768.png 768w, https:\/\/webs.uab.cat\/greab\/wp-content\/uploads\/sites\/182\/2024\/07\/fotos-42-1536x1536.png 1536w, https:\/\/webs.uab.cat\/greab\/wp-content\/uploads\/sites\/182\/2024\/07\/fotos-42-1200x1200.png 1200w, https:\/\/webs.uab.cat\/greab\/wp-content\/uploads\/sites\/182\/2024\/07\/fotos-42-1980x1980.png 1980w, https:\/\/webs.uab.cat\/greab\/wp-content\/uploads\/sites\/182\/2024\/07\/fotos-42.png 2000w\" sizes=\"auto, (max-width: 1024px) 100vw, 1024px\" \/><\/figure><div class=\"wp-block-media-text__content\">\n<p><a href=\"https:\/\/research.ku.dk\/search\/result\/?pure=en%2Fpersons%2Fhannes-schroeder(729dda11-08e3-4021-a927-b13c22c5e7ff).html\" target=\"_blank\" rel=\"noreferrer noopener\"><strong>Hannes Schroeder<\/strong><\/a><\/p>\n\n\n\n<p>GLOBE Institute \u2013 University of Copenhagen (Dinamarca)<\/p>\n<\/div><\/div>\n\n\n\n<div class=\"wp-block-media-text alignwide is-stacked-on-mobile\" style=\"grid-template-columns:15% auto\"><figure class=\"wp-block-media-text__media\"><img loading=\"lazy\" decoding=\"async\" width=\"1024\" height=\"1024\" src=\"https:\/\/webs.uab.cat\/greab\/wp-content\/uploads\/sites\/182\/2024\/07\/fotos-49-1024x1024.png\" alt=\"\" class=\"wp-image-1835 size-full\" srcset=\"https:\/\/webs.uab.cat\/greab\/wp-content\/uploads\/sites\/182\/2024\/07\/fotos-49-1024x1024.png 1024w, https:\/\/webs.uab.cat\/greab\/wp-content\/uploads\/sites\/182\/2024\/07\/fotos-49-300x300.png 300w, https:\/\/webs.uab.cat\/greab\/wp-content\/uploads\/sites\/182\/2024\/07\/fotos-49-150x150.png 150w, https:\/\/webs.uab.cat\/greab\/wp-content\/uploads\/sites\/182\/2024\/07\/fotos-49-768x768.png 768w, https:\/\/webs.uab.cat\/greab\/wp-content\/uploads\/sites\/182\/2024\/07\/fotos-49-1536x1536.png 1536w, https:\/\/webs.uab.cat\/greab\/wp-content\/uploads\/sites\/182\/2024\/07\/fotos-49-1200x1200.png 1200w, https:\/\/webs.uab.cat\/greab\/wp-content\/uploads\/sites\/182\/2024\/07\/fotos-49-1980x1980.png 1980w, https:\/\/webs.uab.cat\/greab\/wp-content\/uploads\/sites\/182\/2024\/07\/fotos-49.png 2000w\" sizes=\"auto, (max-width: 1024px) 100vw, 1024px\" \/><\/figure><div class=\"wp-block-media-text__content\">\n<p><strong><strong><a href=\"https:\/\/uni-tuebingen.academia.edu\/MartaD%C3%ADazZoritaBonilla\" target=\"_blank\" rel=\"noreferrer noopener\">Marta Diaz-Zorita<\/a><\/strong><\/strong><\/p>\n\n\n\n<p>Institut f\u00fcr Geowissenschaften, University of T\u00fcbingen (Alemania)<\/p>\n<\/div><\/div>\n\n\n\n<div class=\"wp-block-media-text alignwide is-stacked-on-mobile\" style=\"grid-template-columns:15% auto\"><figure class=\"wp-block-media-text__media\"><img loading=\"lazy\" decoding=\"async\" width=\"1024\" height=\"1024\" src=\"https:\/\/webs.uab.cat\/greab\/wp-content\/uploads\/sites\/182\/2024\/07\/fotos-50-1024x1024.png\" alt=\"\" class=\"wp-image-1838 size-full\" srcset=\"https:\/\/webs.uab.cat\/greab\/wp-content\/uploads\/sites\/182\/2024\/07\/fotos-50-1024x1024.png 1024w, https:\/\/webs.uab.cat\/greab\/wp-content\/uploads\/sites\/182\/2024\/07\/fotos-50-300x300.png 300w, https:\/\/webs.uab.cat\/greab\/wp-content\/uploads\/sites\/182\/2024\/07\/fotos-50-150x150.png 150w, https:\/\/webs.uab.cat\/greab\/wp-content\/uploads\/sites\/182\/2024\/07\/fotos-50-768x768.png 768w, https:\/\/webs.uab.cat\/greab\/wp-content\/uploads\/sites\/182\/2024\/07\/fotos-50-1536x1536.png 1536w, https:\/\/webs.uab.cat\/greab\/wp-content\/uploads\/sites\/182\/2024\/07\/fotos-50-1200x1200.png 1200w, https:\/\/webs.uab.cat\/greab\/wp-content\/uploads\/sites\/182\/2024\/07\/fotos-50-1980x1980.png 1980w, https:\/\/webs.uab.cat\/greab\/wp-content\/uploads\/sites\/182\/2024\/07\/fotos-50.png 2000w\" sizes=\"auto, (max-width: 1024px) 100vw, 1024px\" \/><\/figure><div class=\"wp-block-media-text__content\">\n<p><strong><strong><a href=\"https:\/\/www.researchgate.net\/profile\/Katrin-Beyer\" target=\"_blank\" rel=\"noreferrer noopener\">Katrin Beyer<\/a><\/strong><\/strong><\/p>\n\n\n\n<p>Fundaci\u00f3 Institut Investigaci\u00f3 Germans Trias i Pujol (Espa\u00f1a))<\/p>\n<\/div><\/div>\n\n\n\n<div class=\"wp-block-media-text alignwide is-stacked-on-mobile\" style=\"grid-template-columns:15% auto\"><figure class=\"wp-block-media-text__media\"><img loading=\"lazy\" decoding=\"async\" width=\"1024\" height=\"1024\" src=\"https:\/\/webs.uab.cat\/greab\/wp-content\/uploads\/sites\/182\/2024\/07\/fotos-51-1024x1024.png\" alt=\"\" class=\"wp-image-1841 size-full\" srcset=\"https:\/\/webs.uab.cat\/greab\/wp-content\/uploads\/sites\/182\/2024\/07\/fotos-51-1024x1024.png 1024w, https:\/\/webs.uab.cat\/greab\/wp-content\/uploads\/sites\/182\/2024\/07\/fotos-51-300x300.png 300w, https:\/\/webs.uab.cat\/greab\/wp-content\/uploads\/sites\/182\/2024\/07\/fotos-51-150x150.png 150w, https:\/\/webs.uab.cat\/greab\/wp-content\/uploads\/sites\/182\/2024\/07\/fotos-51-768x768.png 768w, https:\/\/webs.uab.cat\/greab\/wp-content\/uploads\/sites\/182\/2024\/07\/fotos-51-1536x1536.png 1536w, https:\/\/webs.uab.cat\/greab\/wp-content\/uploads\/sites\/182\/2024\/07\/fotos-51-1200x1200.png 1200w, https:\/\/webs.uab.cat\/greab\/wp-content\/uploads\/sites\/182\/2024\/07\/fotos-51-1980x1980.png 1980w, https:\/\/webs.uab.cat\/greab\/wp-content\/uploads\/sites\/182\/2024\/07\/fotos-51.png 2000w\" sizes=\"auto, (max-width: 1024px) 100vw, 1024px\" \/><\/figure><div class=\"wp-block-media-text__content\">\n<p><strong><strong><a href=\"https:\/\/www.researchgate.net\/profile\/Nuria-Armentano\">N\u00faria Armentano<\/a><\/strong><\/strong><\/p>\n\n\n\n<p>Museu d&#8217;Arqueologia de Catalunya (Espa\u00f1a))<\/p>\n<\/div><\/div>\n\n\n\n<p>\u00a0<strong><a href=\"https:\/\/www.researchgate.net\/profile\/Giampaolo-Piga\" target=\"_blank\" rel=\"noreferrer noopener\">Giampaolo Piga<\/a><\/strong><\/p>\n\n\n\n<p>Universit\u00e0 degli Studi di Sassari (Italia)<\/p>\n\n\n\n<p>&nbsp;<\/p>\n","protected":false},"excerpt":{"rendered":"<p>Bastien Llamas Australian Centre for Ancient DNA (ACAD) \u2013 University of Adelaida (Australia) Concei\u00e7\u00e3o Bettencourt University College London (Reino Unido) Diego Lopez Onaindia University of Bordeaux (Francia) Xavier Roca-Rada Brown University (EUA) Manuela Lima University of the Azores (Portugal) Xavier Jordana Com\u00edn Universitat de Vic (Espa\u00f1a)) Hannes Schroeder GLOBE Institute \u2013 University of Copenhagen (Dinamarca) [&hellip;]<\/p>\n","protected":false},"author":20,"featured_media":0,"parent":0,"menu_order":0,"comment_status":"closed","ping_status":"closed","template":"","meta":{"footnotes":""},"class_list":["post-109","page","type-page","status-publish","hentry"],"_links":{"self":[{"href":"https:\/\/webs.uab.cat\/greab\/es\/wp-json\/wp\/v2\/pages\/109","targetHints":{"allow":["GET"]}}],"collection":[{"href":"https:\/\/webs.uab.cat\/greab\/es\/wp-json\/wp\/v2\/pages"}],"about":[{"href":"https:\/\/webs.uab.cat\/greab\/es\/wp-json\/wp\/v2\/types\/page"}],"author":[{"embeddable":true,"href":"https:\/\/webs.uab.cat\/greab\/es\/wp-json\/wp\/v2\/users\/20"}],"replies":[{"embeddable":true,"href":"https:\/\/webs.uab.cat\/greab\/es\/wp-json\/wp\/v2\/comments?post=109"}],"version-history":[{"count":2,"href":"https:\/\/webs.uab.cat\/greab\/es\/wp-json\/wp\/v2\/pages\/109\/revisions"}],"predecessor-version":[{"id":1853,"href":"https:\/\/webs.uab.cat\/greab\/es\/wp-json\/wp\/v2\/pages\/109\/revisions\/1853"}],"wp:attachment":[{"href":"https:\/\/webs.uab.cat\/greab\/es\/wp-json\/wp\/v2\/media?parent=109"}],"curies":[{"name":"wp","href":"https:\/\/api.w.org\/{rel}","templated":true}]}}