{"id":1236,"date":"2024-06-27T13:59:41","date_gmt":"2024-06-27T13:59:41","guid":{"rendered":"https:\/\/webs.uab.cat\/greab\/maria-magdalena-gaya-vidal\/"},"modified":"2024-07-02T17:31:46","modified_gmt":"2024-07-02T17:31:46","slug":"maria-magdalena-gaya-vidal","status":"publish","type":"page","link":"https:\/\/webs.uab.cat\/greab\/es\/maria-magdalena-gaya-vidal\/","title":{"rendered":"Maria Magdalena Gay\u00e0 Vidal"},"content":{"rendered":"\n<div class=\"wp-block-media-text alignwide is-stacked-on-mobile\" style=\"grid-template-columns:28% auto\"><figure class=\"wp-block-media-text__media\"><img loading=\"lazy\" decoding=\"async\" width=\"1024\" height=\"1024\" src=\"https:\/\/webs.uab.cat\/greab\/wp-content\/uploads\/sites\/182\/2024\/06\/fotos-26-1-1024x1024.png\" alt=\"\" class=\"wp-image-1159 size-full\" srcset=\"https:\/\/webs.uab.cat\/greab\/wp-content\/uploads\/sites\/182\/2024\/06\/fotos-26-1-1024x1024.png 1024w, https:\/\/webs.uab.cat\/greab\/wp-content\/uploads\/sites\/182\/2024\/06\/fotos-26-1-300x300.png 300w, https:\/\/webs.uab.cat\/greab\/wp-content\/uploads\/sites\/182\/2024\/06\/fotos-26-1-150x150.png 150w, https:\/\/webs.uab.cat\/greab\/wp-content\/uploads\/sites\/182\/2024\/06\/fotos-26-1-768x768.png 768w, https:\/\/webs.uab.cat\/greab\/wp-content\/uploads\/sites\/182\/2024\/06\/fotos-26-1-1536x1536.png 1536w, https:\/\/webs.uab.cat\/greab\/wp-content\/uploads\/sites\/182\/2024\/06\/fotos-26-1-1200x1200.png 1200w, https:\/\/webs.uab.cat\/greab\/wp-content\/uploads\/sites\/182\/2024\/06\/fotos-26-1-1980x1980.png 1980w, https:\/\/webs.uab.cat\/greab\/wp-content\/uploads\/sites\/182\/2024\/06\/fotos-26-1.png 2000w\" sizes=\"auto, (max-width: 1024px) 100vw, 1024px\" \/><\/figure><div class=\"wp-block-media-text__content\">\n<p><strong><a href=\"https:\/\/orcid.org\/0000-0002-7042-8948\" target=\"_blank\" rel=\"noreferrer noopener\">ORCID iD: 0000-0002-7042-8948<\/a><\/strong><\/p>\n\n\n\n<p>Soy licenciada en Biolog\u00eda por la Universidad de Barcelona (2005) y tengo un m\u00e1ster en Antropolog\u00eda Biol\u00f3gica (Univ. Toulouse III). Hice el doctorado en co-tutela (UB y Universit\u00e9 Toulouse III) centrado en el estudio de dos poblaciones nativas americanas de Bolivia. Despu\u00e9s, hice un m\u00e1ster en Bioinform\u00e1tica, donde busqu\u00e9 firmas de selecci\u00f3n positiva en el linaje humano en el grupo de Gen\u00f3mica Evolutiva del IMIM (PRBB, Barcelona). Hice un postdoctorado en el IBB-Universidad Aut\u00f3noma de Barcelona (2012-2014), trabajando en un proyecto centrado en las inversiones polim\u00f3rficas humanas. Integr\u00e9 el grupo de gen\u00e9tica evolutiva humana (HUMEVOL) del CIBIO, en Oporto, Portugal (2014-2024), para estudiar poblaciones de diferentes regiones africanas (Angola, Mozambique, S\u00e3o Tom\u00e9 y Pr\u00edncipe), abordando cuestiones sobre la historia poblacional de estas regiones, as\u00ed como analizar el microbioma oral.<\/p>\n\n\n\n<p>Desde 2024 soy profesora lectora en la Unidad de Antropolog\u00eda Biol\u00f3gica de la UAB. Mi investigaci\u00f3n se centra en estudiar distintos aspectos de la variabilidad gen\u00e9tica humana. Me interesa especialmente poder reconstruir la historia de las poblaciones e investigar c\u00f3mo \u00e9stas se han adaptado a los nuevos ambientes, y, m\u00e1s recientemente, saber qu\u00e9 factores influyen en el microbioma oral.<\/p>\n\n\n\n<div class=\"wp-block-buttons is-layout-flex wp-block-buttons-is-layout-flex\">\n<div class=\"wp-block-button is-style-outline is-style-outline--1\"><a class=\"wp-block-button__link wp-element-button\" href=\"https:\/\/portalrecerca.uab.cat\/es\/persons\/maria-magdalena-gaya-vidal\" target=\"_blank\" rel=\"noreferrer noopener\">https:\/\/portalrecerca.uab.cat\/es\/persons\/maria-magdalena-gaya-vidal<\/a><\/div>\n<\/div>\n<\/div><\/div>\n\n<div class=\"wp-block-group alignfull has-background\" style=\"background-color:#f2f0e9\"><div class=\"wp-block-group__inner-container is-layout-flow wp-block-group-is-layout-flow\">\n<div class=\"wp-block-columns alignwide are-vertically-aligned-center is-layout-flex wp-container-core-columns-is-layout-9d6595d7 wp-block-columns-is-layout-flex\">\n<div class=\"wp-block-column is-layout-flow wp-block-column-is-layout-flow\" style=\"flex-basis:50%\">\n<p class=\"has-text-color\" style=\"color:#000000;font-size:30px;line-height:1.1\"><strong>Principales \u00e1reas de investigaci\u00f3n<\/strong><\/p>\n\n\n\n<p><\/p>\n<\/div>\n\n\n\n<div class=\"wp-block-column is-layout-flow wp-block-column-is-layout-flow\" style=\"flex-basis:50%\"><\/div>\n<\/div>\n\n\n\n<div class=\"wp-block-columns alignwide is-layout-flex wp-container-core-columns-is-layout-9d6595d7 wp-block-columns-is-layout-flex\">\n<div class=\"wp-block-column is-layout-flow wp-block-column-is-layout-flow\">\n<ul class=\"wp-block-list\">\n<li>Gen\u00f3mica de las poblaciones humanas <\/li>\n\n\n\n<li>Estudio del microbioma humano <\/li>\n<\/ul>\n<\/div>\n<\/div>\n\n\n\n<div style=\"height:40px\" aria-hidden=\"true\" class=\"wp-block-spacer\"><\/div>\n<\/div><\/div>\n","protected":false},"excerpt":{"rendered":"<p>Principales \u00e1reas de investigaci\u00f3n<\/p>\n","protected":false},"author":2921,"featured_media":0,"parent":0,"menu_order":0,"comment_status":"closed","ping_status":"closed","template":"","meta":{"footnotes":""},"class_list":["post-1236","page","type-page","status-publish","hentry"],"_links":{"self":[{"href":"https:\/\/webs.uab.cat\/greab\/es\/wp-json\/wp\/v2\/pages\/1236","targetHints":{"allow":["GET"]}}],"collection":[{"href":"https:\/\/webs.uab.cat\/greab\/es\/wp-json\/wp\/v2\/pages"}],"about":[{"href":"https:\/\/webs.uab.cat\/greab\/es\/wp-json\/wp\/v2\/types\/page"}],"author":[{"embeddable":true,"href":"https:\/\/webs.uab.cat\/greab\/es\/wp-json\/wp\/v2\/users\/2921"}],"replies":[{"embeddable":true,"href":"https:\/\/webs.uab.cat\/greab\/es\/wp-json\/wp\/v2\/comments?post=1236"}],"version-history":[{"count":11,"href":"https:\/\/webs.uab.cat\/greab\/es\/wp-json\/wp\/v2\/pages\/1236\/revisions"}],"predecessor-version":[{"id":1448,"href":"https:\/\/webs.uab.cat\/greab\/es\/wp-json\/wp\/v2\/pages\/1236\/revisions\/1448"}],"wp:attachment":[{"href":"https:\/\/webs.uab.cat\/greab\/es\/wp-json\/wp\/v2\/media?parent=1236"}],"curies":[{"name":"wp","href":"https:\/\/api.w.org\/{rel}","templated":true}]}}