{"id":1256,"date":"2024-06-25T08:58:27","date_gmt":"2024-06-25T08:58:27","guid":{"rendered":"https:\/\/webs.uab.cat\/greab\/rafael-montiel-duarte-2\/"},"modified":"2024-09-03T22:53:33","modified_gmt":"2024-09-03T22:53:33","slug":"rafael-montiel-duarte-2","status":"publish","type":"page","link":"https:\/\/webs.uab.cat\/greab\/es\/rafael-montiel-duarte-2\/","title":{"rendered":"Rafael Montiel Duarte"},"content":{"rendered":"\n<div class=\"wp-block-media-text alignwide is-stacked-on-mobile\" style=\"grid-template-columns:25% auto\"><figure class=\"wp-block-media-text__media\"><img loading=\"lazy\" decoding=\"async\" width=\"1024\" height=\"1024\" src=\"https:\/\/webs.uab.cat\/greab\/wp-content\/uploads\/sites\/182\/2024\/07\/fotos-55-1-1024x1024.png\" alt=\"\" class=\"wp-image-1918 size-full\" srcset=\"https:\/\/webs.uab.cat\/greab\/wp-content\/uploads\/sites\/182\/2024\/07\/fotos-55-1-1024x1024.png 1024w, https:\/\/webs.uab.cat\/greab\/wp-content\/uploads\/sites\/182\/2024\/07\/fotos-55-1-300x300.png 300w, https:\/\/webs.uab.cat\/greab\/wp-content\/uploads\/sites\/182\/2024\/07\/fotos-55-1-150x150.png 150w, https:\/\/webs.uab.cat\/greab\/wp-content\/uploads\/sites\/182\/2024\/07\/fotos-55-1-768x768.png 768w, https:\/\/webs.uab.cat\/greab\/wp-content\/uploads\/sites\/182\/2024\/07\/fotos-55-1-1536x1536.png 1536w, https:\/\/webs.uab.cat\/greab\/wp-content\/uploads\/sites\/182\/2024\/07\/fotos-55-1-1200x1200.png 1200w, https:\/\/webs.uab.cat\/greab\/wp-content\/uploads\/sites\/182\/2024\/07\/fotos-55-1-1980x1980.png 1980w, https:\/\/webs.uab.cat\/greab\/wp-content\/uploads\/sites\/182\/2024\/07\/fotos-55-1.png 2000w\" sizes=\"auto, (max-width: 1024px) 100vw, 1024px\" \/><\/figure><div class=\"wp-block-media-text__content\">\n<p><strong><a href=\"https:\/\/orcid.org\/0000-0001-8052-0679\" target=\"_blank\" rel=\"noreferrer noopener\">ORCID iD: 0000-0001-8052-0679<\/a><\/strong><\/p>\n\n\n\n<p>Soy licenciado en Biolog\u00eda por la Universidad Aut\u00f3noma Metropolitana (M\u00e9xico), Doctor en Biolog\u00eda por la Universidad Aut\u00f3noma de Barcelona (Espa\u00f1a) e hice una estancia postdoctoral en la Universidad dos Azores (Portugal) trabajando en diferentes proyectos de gen\u00e9tica molecular. Despu\u00e9s fui profesor investigador en la Unidad de Gen\u00f3mica Avanzada del Cinvestav (M\u00e9xico), donde instal\u00e9 y coordin\u00e9 el primer laboratorio de Paleogen\u00f3mica del pa\u00eds y conduje investigaci\u00f3n en diferentes \u00e1mbitos de la gen\u00f3mica. He dirigido 8 tesis de doctorado, 19 trabajos finales de master y 8 trabajos finales de grado. Con mis colaboradores he publicado m\u00e1s de 50 art\u00edculos en revistas internacionales indexadas con factor de impacto y 10 cap\u00edtulos de libro.   <\/p>\n\n\n\n<p>Actualmente soy profesor lector en la Unidad de Antropolog\u00eda de la UAB donde quiero investigar la variaci\u00f3n, tanto normal como patol\u00f3gica, de la funci\u00f3n mitocondrial en la poblaci\u00f3n humana.<\/p>\n\n\n\n<p><\/p>\n\n\n\n<div class=\"wp-block-buttons is-layout-flex wp-block-buttons-is-layout-flex\">\n<div class=\"wp-block-button is-style-outline is-style-outline--1\"><a class=\"wp-block-button__link wp-element-button\" href=\"https:\/\/portalrecerca.uab.cat\/es\/persons\/rafael-montiel-duarte\" target=\"_blank\" rel=\"noreferrer noopener\">https:\/\/portalrecerca.uab.cat\/es\/persons\/rafael-montiel-duarte<\/a><\/div>\n<\/div>\n<\/div><\/div>\n\n<div class=\"wp-block-group alignfull has-background\" style=\"background-color:#f2f0e9\"><div class=\"wp-block-group__inner-container is-layout-flow wp-block-group-is-layout-flow\">\n<div class=\"wp-block-columns alignwide are-vertically-aligned-center is-layout-flex wp-container-core-columns-is-layout-9d6595d7 wp-block-columns-is-layout-flex\">\n<div class=\"wp-block-column is-layout-flow wp-block-column-is-layout-flow\" style=\"flex-basis:50%\">\n<p class=\"has-text-color\" style=\"color:#000000;font-size:30px;line-height:1.1\"><strong>Principales \u00e1reas de investigaci\u00f3n<\/strong><\/p>\n<\/div>\n\n\n\n<div class=\"wp-block-column is-layout-flow wp-block-column-is-layout-flow\" style=\"flex-basis:50%\"><\/div>\n<\/div>\n\n\n\n<p><\/p>\n\n\n\n<div class=\"wp-block-columns alignwide is-layout-flex wp-container-core-columns-is-layout-9d6595d7 wp-block-columns-is-layout-flex\">\n<div class=\"wp-block-column is-layout-flow wp-block-column-is-layout-flow\">\n<ul class=\"wp-block-list\">\n<li>Papel de la funci\u00f3n mitocondrial en procesos evolutivos &#8211; consecuencias evolutivas de la introgresi\u00f3n mitocondrial; el ADN mitocondrial como presi\u00f3n de selecci\u00f3n del genoma nuclear; desequilibrio mitonuclear.<\/li>\n\n\n\n<li>Paleogen\u00f3mica\u2013 an\u00e1lisis de individuos de Xalla, sitio arqueol\u00f3gico de Teotihuacan, M\u00e9xico (en colaboraci\u00f3n con Linda R. Manzanilla); paleopatolog\u00eda.<\/li>\n<\/ul>\n<\/div>\n<\/div>\n\n\n\n<div style=\"height:40px\" aria-hidden=\"true\" class=\"wp-block-spacer\"><\/div>\n<\/div><\/div>\n","protected":false},"excerpt":{"rendered":"<p>Principales \u00e1reas de investigaci\u00f3n<\/p>\n","protected":false},"author":2921,"featured_media":0,"parent":0,"menu_order":0,"comment_status":"closed","ping_status":"closed","template":"","meta":{"footnotes":""},"class_list":["post-1256","page","type-page","status-publish","hentry"],"_links":{"self":[{"href":"https:\/\/webs.uab.cat\/greab\/es\/wp-json\/wp\/v2\/pages\/1256","targetHints":{"allow":["GET"]}}],"collection":[{"href":"https:\/\/webs.uab.cat\/greab\/es\/wp-json\/wp\/v2\/pages"}],"about":[{"href":"https:\/\/webs.uab.cat\/greab\/es\/wp-json\/wp\/v2\/types\/page"}],"author":[{"embeddable":true,"href":"https:\/\/webs.uab.cat\/greab\/es\/wp-json\/wp\/v2\/users\/2921"}],"replies":[{"embeddable":true,"href":"https:\/\/webs.uab.cat\/greab\/es\/wp-json\/wp\/v2\/comments?post=1256"}],"version-history":[{"count":6,"href":"https:\/\/webs.uab.cat\/greab\/es\/wp-json\/wp\/v2\/pages\/1256\/revisions"}],"predecessor-version":[{"id":2303,"href":"https:\/\/webs.uab.cat\/greab\/es\/wp-json\/wp\/v2\/pages\/1256\/revisions\/2303"}],"wp:attachment":[{"href":"https:\/\/webs.uab.cat\/greab\/es\/wp-json\/wp\/v2\/media?parent=1256"}],"curies":[{"name":"wp","href":"https:\/\/api.w.org\/{rel}","templated":true}]}}