{"id":1753,"date":"2024-07-11T13:26:13","date_gmt":"2024-07-11T13:26:13","guid":{"rendered":"https:\/\/webs.uab.cat\/greab\/divulgacion\/"},"modified":"2025-05-30T21:09:19","modified_gmt":"2025-05-30T21:09:19","slug":"divulgacion","status":"publish","type":"page","link":"https:\/\/webs.uab.cat\/greab\/es\/divulgacion\/","title":{"rendered":"Divulgaci\u00f3n"},"content":{"rendered":"\n<h2 class=\"wp-block-heading alignwide\">\u00daltimas noticias<\/h2>\n\n\n\n<div class=\"wp-block-media-text alignwide is-stacked-on-mobile\" style=\"grid-template-columns:38% auto\"><figure class=\"wp-block-media-text__media\"><img loading=\"lazy\" decoding=\"async\" width=\"1024\" height=\"686\" src=\"https:\/\/webs.uab.cat\/greab\/wp-content\/uploads\/sites\/182\/2025\/05\/2024_0_129Vides-jpg-1024x686.webp\" alt=\"\" class=\"wp-image-2416 size-full\" srcset=\"https:\/\/webs.uab.cat\/greab\/wp-content\/uploads\/sites\/182\/2025\/05\/2024_0_129Vides-jpg-1024x686.webp 1024w, https:\/\/webs.uab.cat\/greab\/wp-content\/uploads\/sites\/182\/2025\/05\/2024_0_129Vides-jpg-300x201.webp 300w, https:\/\/webs.uab.cat\/greab\/wp-content\/uploads\/sites\/182\/2025\/05\/2024_0_129Vides-jpg-768x514.webp 768w, https:\/\/webs.uab.cat\/greab\/wp-content\/uploads\/sites\/182\/2025\/05\/2024_0_129Vides-jpg-1200x803.webp 1200w, https:\/\/webs.uab.cat\/greab\/wp-content\/uploads\/sites\/182\/2025\/05\/2024_0_129Vides-jpg.webp 1380w\" sizes=\"auto, (max-width: 1024px) 100vw, 1024px\" \/><\/figure><div class=\"wp-block-media-text__content\">\n<p><strong><strong><strong><strong><strong>129 vidas: De cuando la peste negra lleg\u00f3 a Vilafranca<\/strong><\/strong><\/strong><\/strong><\/strong><\/p>\n\n\n\n<p>La exposici\u00f3n da a conocer una parte importante del yacimiento arqueol\u00f3gico que apareci\u00f3 durante las obras de construcci\u00f3n del nuevo VINSEUM. Con el derribo del edificio de Cal Pa i Figues, en verano de 2018, emergi\u00f3 inesperadamente una necr\u00f3polis medieval, improvisada por la llegada de la peste negra y de la que se han recuperado los restos de 129 personas.<\/p>\n<\/div><\/div>\n\n\n\n<hr class=\"wp-block-separator alignwide has-alpha-channel-opacity\" \/>\n\n\n\n<div class=\"wp-block-media-text alignwide is-stacked-on-mobile\" style=\"grid-template-columns:38% auto\"><figure class=\"wp-block-media-text__media\"><img loading=\"lazy\" decoding=\"async\" width=\"670\" height=\"378\" src=\"https:\/\/webs.uab.cat\/greab\/wp-content\/uploads\/sites\/182\/2025\/05\/1742814741052_670.webp\" alt=\"\" class=\"wp-image-2412 size-full\" srcset=\"https:\/\/webs.uab.cat\/greab\/wp-content\/uploads\/sites\/182\/2025\/05\/1742814741052_670.webp 670w, https:\/\/webs.uab.cat\/greab\/wp-content\/uploads\/sites\/182\/2025\/05\/1742814741052_670-300x169.webp 300w\" sizes=\"auto, (max-width: 670px) 100vw, 670px\" \/><\/figure><div class=\"wp-block-media-text__content\">\n<p><strong><strong><strong><strong>Nuevos datos de los beb\u00e9s del yacimiento \u00edbero de Ullastret: ni sacrificios, ni selecci\u00f3n por sexo<\/strong><\/strong><\/strong><\/strong><\/p>\n\n\n\n<p>Los 15 beb\u00e9s descubiertos en el yacimiento \u00edbero de Ullastret tuvieron muerte natural y un entierro en casa, seg\u00fan un estudio de la UAB con las t\u00e9cnicas cient\u00edficas m\u00e1s avanzadas<\/p>\n\n\n\n<div class=\"wp-block-buttons is-layout-flex wp-block-buttons-is-layout-flex\">\n<div class=\"wp-block-button is-style-outline is-style-outline--1\"><a class=\"wp-block-button__link wp-element-button\" href=\"https:\/\/www.3cat.cat\/324\/noves-dades-dels-nadons-del-jaciment-iber-dullastret-ni-sacrificis-ni-seleccio-per-sexe\/noticia\/3342470\/?fbclid=PAZXh0bgNhZW0CMTEAAaa6bHGmch78fDxE4wj9JazXRQtVWE5Otj9w5aqoJaqHp0GViFUs2Lxv88E_aem_PpIv4QgK7F1dRDOki6WXhw\">NOTICIA<\/a><\/div>\n<\/div>\n<\/div><\/div>\n\n\n\n<hr class=\"wp-block-separator alignwide has-alpha-channel-opacity\" \/>\n\n\n\n<div class=\"wp-block-media-text alignwide is-stacked-on-mobile\" style=\"grid-template-columns:38% auto\"><figure class=\"wp-block-media-text__media\"><img loading=\"lazy\" decoding=\"async\" width=\"900\" height=\"506\" src=\"https:\/\/webs.uab.cat\/greab\/wp-content\/uploads\/sites\/182\/2025\/05\/NadonsIbers_webUAB1.jpg\" alt=\"\" class=\"wp-image-2407 size-full\" srcset=\"https:\/\/webs.uab.cat\/greab\/wp-content\/uploads\/sites\/182\/2025\/05\/NadonsIbers_webUAB1.jpg 900w, https:\/\/webs.uab.cat\/greab\/wp-content\/uploads\/sites\/182\/2025\/05\/NadonsIbers_webUAB1-300x169.jpg 300w, https:\/\/webs.uab.cat\/greab\/wp-content\/uploads\/sites\/182\/2025\/05\/NadonsIbers_webUAB1-768x432.jpg 768w\" sizes=\"auto, (max-width: 900px) 100vw, 900px\" \/><\/figure><div class=\"wp-block-media-text__content\">\n<p><strong><strong><strong>El estudio microsc\u00f3pico de los dientes de leche desvela el misterio de la muerte de los beb\u00e9s \u00edberos enterrados en las casas<\/strong><\/strong><\/strong><\/p>\n\n\n\n<p>Un estudio de la UAB con la colaboraci\u00f3n de la UVic-UCC y el Sincrotr\u00f3n ALBA concluye que los beb\u00e9s de la cultura \u00edbera (VIII-I a. C.) que fueron inhumados en contextos dom\u00e9sticos murieron por causas naturales, como complicaciones en el parto o prematuridad, y no por pr\u00e1cticas rituales.<\/p>\n\n\n\n<div class=\"wp-block-buttons is-layout-flex wp-block-buttons-is-layout-flex\">\n<div class=\"wp-block-button is-style-outline is-style-outline--2\"><a class=\"wp-block-button__link wp-element-button\" href=\"https:\/\/www.uab.cat\/web\/sala-de-prensa\/detalle-noticia\/el-estudio-microscopico-de-los-dientes-de-leche-desvela-el-misterio-de-la-muerte-de-los-bebes-iberos-enterrados-en-las-casas-1345830290069.html?detid=1345928902821\">NOTICIA<\/a><\/div>\n<\/div>\n<\/div><\/div>\n\n\n\n<hr class=\"wp-block-separator alignwide has-alpha-channel-opacity\" \/>\n\n\n\n<div class=\"wp-block-media-text alignwide is-stacked-on-mobile\" style=\"grid-template-columns:38% auto\"><figure class=\"wp-block-media-text__media\"><img loading=\"lazy\" decoding=\"async\" width=\"1024\" height=\"727\" src=\"https:\/\/webs.uab.cat\/greab\/wp-content\/uploads\/sites\/182\/2025\/05\/GqwA9SVXoAAobuw-1024x727.jpg\" alt=\"\" class=\"wp-image-2402 size-full\" srcset=\"https:\/\/webs.uab.cat\/greab\/wp-content\/uploads\/sites\/182\/2025\/05\/GqwA9SVXoAAobuw-1024x727.jpg 1024w, https:\/\/webs.uab.cat\/greab\/wp-content\/uploads\/sites\/182\/2025\/05\/GqwA9SVXoAAobuw-300x213.jpg 300w, https:\/\/webs.uab.cat\/greab\/wp-content\/uploads\/sites\/182\/2025\/05\/GqwA9SVXoAAobuw-768x545.jpg 768w, https:\/\/webs.uab.cat\/greab\/wp-content\/uploads\/sites\/182\/2025\/05\/GqwA9SVXoAAobuw-1536x1090.jpg 1536w, https:\/\/webs.uab.cat\/greab\/wp-content\/uploads\/sites\/182\/2025\/05\/GqwA9SVXoAAobuw-2048x1453.jpg 2048w, https:\/\/webs.uab.cat\/greab\/wp-content\/uploads\/sites\/182\/2025\/05\/GqwA9SVXoAAobuw-1200x852.jpg 1200w, https:\/\/webs.uab.cat\/greab\/wp-content\/uploads\/sites\/182\/2025\/05\/GqwA9SVXoAAobuw-1980x1405.jpg 1980w\" sizes=\"auto, (max-width: 1024px) 100vw, 1024px\" \/><\/figure><div class=\"wp-block-media-text__content\">\n<p><strong><strong>Identifican los restos del hermano de Aurora Picornell y cinco v\u00edctimas m\u00e1s del franquismo a Son Coletes y a Formentera.<\/strong><\/strong><\/p>\n\n\n\n<p>El hallazgo corresponde a las excavaciones realizadas entre 2020 y 2023 en Manacor, dentro del II, III y IV Pla de Fosses y en la segunda parte de las excavaciones en el cementerio de Formentera (IV Pla de Fosses).<\/p>\n\n\n\n<div class=\"wp-block-buttons is-layout-flex wp-block-buttons-is-layout-flex\">\n<div class=\"wp-block-button is-style-outline is-style-outline--3\"><a class=\"wp-block-button__link wp-element-button\" href=\"https:\/\/www.vilaweb.cat\/noticies\/identifiquen-restes-germa-aurora-picornell\/\">NOTICIA<\/a><\/div>\n<\/div>\n<\/div><\/div>\n\n\n\n<hr class=\"wp-block-separator alignwide has-alpha-channel-opacity\" \/>\n\n\n\n<div class=\"wp-block-media-text alignwide is-stacked-on-mobile\" style=\"grid-template-columns:38% auto\"><figure class=\"wp-block-media-text__media\"><img loading=\"lazy\" decoding=\"async\" width=\"1024\" height=\"683\" src=\"https:\/\/webs.uab.cat\/greab\/wp-content\/uploads\/sites\/182\/2024\/07\/940d84c6-287c-4ec2-a8ed-b206ad208973-1236x824-3-1024x683.jpg\" alt=\"\" class=\"wp-image-2169 size-full\" srcset=\"https:\/\/webs.uab.cat\/greab\/wp-content\/uploads\/sites\/182\/2024\/07\/940d84c6-287c-4ec2-a8ed-b206ad208973-1236x824-3-1024x683.jpg 1024w, https:\/\/webs.uab.cat\/greab\/wp-content\/uploads\/sites\/182\/2024\/07\/940d84c6-287c-4ec2-a8ed-b206ad208973-1236x824-3-300x200.jpg 300w, https:\/\/webs.uab.cat\/greab\/wp-content\/uploads\/sites\/182\/2024\/07\/940d84c6-287c-4ec2-a8ed-b206ad208973-1236x824-3-768x512.jpg 768w, https:\/\/webs.uab.cat\/greab\/wp-content\/uploads\/sites\/182\/2024\/07\/940d84c6-287c-4ec2-a8ed-b206ad208973-1236x824-3-1200x800.jpg 1200w, https:\/\/webs.uab.cat\/greab\/wp-content\/uploads\/sites\/182\/2024\/07\/940d84c6-287c-4ec2-a8ed-b206ad208973-1236x824-3.jpg 1236w\" sizes=\"auto, (max-width: 1024px) 100vw, 1024px\" \/><\/figure><div class=\"wp-block-media-text__content\">\n<p><strong>Identificada la bacteria de la peste negra,<\/strong> Yersinia pestis, en un individuo que fue enterrado en el cementerio del Castillo de Besora, en la comarca de Osona, en el siglo XIV.<\/p>\n\n\n\n<div class=\"wp-block-buttons is-layout-flex wp-block-buttons-is-layout-flex\">\n<div class=\"wp-block-button is-style-outline is-style-outline--4\"><a class=\"wp-block-button__link wp-element-button\" href=\"https:\/\/www.uab.cat\/web\/sala-de-prensa\/detalle-noticia\/localizadas-victimas-de-la-peste-negra-del-siglo-xiv-en-la-cataluna-central-1345830290069.html?detid=1345922736217\">NOTICIA<\/a><\/div>\n<\/div>\n<\/div><\/div>\n\n\n\n<hr class=\"wp-block-separator alignwide has-alpha-channel-opacity\" \/>\n\n\n\n<div class=\"wp-block-media-text alignwide is-stacked-on-mobile\" style=\"grid-template-columns:31% auto\"><figure class=\"wp-block-media-text__media\"><img loading=\"lazy\" decoding=\"async\" width=\"320\" height=\"320\" src=\"https:\/\/webs.uab.cat\/greab\/wp-content\/uploads\/sites\/182\/2024\/07\/baixa.jpg\" alt=\"\" class=\"wp-image-2033 size-full\" srcset=\"https:\/\/webs.uab.cat\/greab\/wp-content\/uploads\/sites\/182\/2024\/07\/baixa.jpg 320w, https:\/\/webs.uab.cat\/greab\/wp-content\/uploads\/sites\/182\/2024\/07\/baixa-300x300.jpg 300w, https:\/\/webs.uab.cat\/greab\/wp-content\/uploads\/sites\/182\/2024\/07\/baixa-150x150.jpg 150w\" sizes=\"auto, (max-width: 320px) 100vw, 320px\" \/><\/figure><div class=\"wp-block-media-text__content\">\n<p><strong>Despertando la Dama de las monta\u00f1as <\/strong>&#8211; Programa especial desde el Museo de Arqueolog\u00eda de Catalu\u00f1a para descubrir la Se\u00f1ora de las Monta\u00f1as y el conjunto sepulcral de la cueva de Montanissell (2024).<\/p>\n\n\n\n<p>El descubrimiento, hace 20 a\u00f1os, de la cueva sepulcral de Montanisell (Sallent-Coll de Narg\u00f3, Alt Urgell) con los restos de 8 esqueletos pertenecientes a una poblaci\u00f3n que vivi\u00f3 en esta zona del Prepirineo leridano hace unos 5500 a\u00f1os, en el edad del Bronce, sigue siendo un enigma, a pesar de los importantes frutos que ha dado la investigaci\u00f3n cient\u00edfica en estas d\u00e9cadas de investigaci\u00f3n.<\/p>\n\n\n\n<div class=\"wp-block-buttons is-layout-flex wp-block-buttons-is-layout-flex\">\n<div class=\"wp-block-button is-style-outline is-style-outline--5\"><a class=\"wp-block-button__link wp-element-button\" href=\"https:\/\/www.rtve.es\/play\/audios\/sense-memoria\/despertant-dama-les-muntanyes\/16014268\/\" target=\"_blank\" rel=\"noreferrer noopener\">programa rtve<\/a><\/div>\n<\/div>\n<\/div><\/div>\n\n\n\n<hr class=\"wp-block-separator alignwide has-alpha-channel-opacity\" \/>\n\n\n\n<div class=\"wp-block-media-text alignwide is-stacked-on-mobile\" style=\"grid-template-columns:27% auto\"><figure class=\"wp-block-media-text__media\"><img loading=\"lazy\" decoding=\"async\" width=\"1024\" height=\"602\" src=\"https:\/\/webs.uab.cat\/greab\/wp-content\/uploads\/sites\/182\/2024\/07\/Sense-titol-1024x602.png\" alt=\"\" class=\"wp-image-2047 size-full\" srcset=\"https:\/\/webs.uab.cat\/greab\/wp-content\/uploads\/sites\/182\/2024\/07\/Sense-titol-1024x602.png 1024w, https:\/\/webs.uab.cat\/greab\/wp-content\/uploads\/sites\/182\/2024\/07\/Sense-titol-300x176.png 300w, https:\/\/webs.uab.cat\/greab\/wp-content\/uploads\/sites\/182\/2024\/07\/Sense-titol-768x451.png 768w, https:\/\/webs.uab.cat\/greab\/wp-content\/uploads\/sites\/182\/2024\/07\/Sense-titol-1536x902.png 1536w, https:\/\/webs.uab.cat\/greab\/wp-content\/uploads\/sites\/182\/2024\/07\/Sense-titol-1200x705.png 1200w, https:\/\/webs.uab.cat\/greab\/wp-content\/uploads\/sites\/182\/2024\/07\/Sense-titol.png 1736w\" sizes=\"auto, (max-width: 1024px) 100vw, 1024px\" \/><\/figure><div class=\"wp-block-media-text__content\">\n<p><strong>Los restos encontrados en Cal Pa i Figues evidencian el paso de la peste por Catalu\u00f1a en el siglo XIV (2023)<\/strong>. Un estudio antropol\u00f3gico y gen\u00e9tico firmado por N\u00faria Armentano y Cristina Santos ha confirmado las sospechas que surgieron durante la excavaci\u00f3n arqueol\u00f3gica de Cal Pa i Figues, abierta entre los a\u00f1os 2018 y 2021 y motivada por las obras de construcci\u00f3n del futuro nuevo VINSEUM: una parte de los individuos inhumados en la necr\u00f3polis del siglo XIV que se descubri\u00f3 all\u00ed murieron a causa de la peste negra.<\/p>\n\n\n\n<div class=\"wp-block-buttons is-layout-flex wp-block-buttons-is-layout-flex\">\n<div class=\"wp-block-button is-style-outline is-style-outline--6\"><a class=\"wp-block-button__link wp-element-button\" href=\"https:\/\/www.rtvvilafranca.cat\/2023\/05\/les-restes-trobades-a-cal-pa-i-figues-evidencien-el-pas-de-la-pesta-per-catalunya-al-segle-xiv\/\" target=\"_blank\" rel=\"noreferrer noopener\">RTV VILAFRANCA<\/a><\/div>\n<\/div>\n<\/div><\/div>\n\n\n\n<hr class=\"wp-block-separator alignwide has-alpha-channel-opacity\" \/>\n\n\n\n<div class=\"wp-block-media-text alignwide is-stacked-on-mobile\" style=\"grid-template-columns:15% auto\"><figure class=\"wp-block-media-text__media\"><img loading=\"lazy\" decoding=\"async\" width=\"178\" height=\"169\" src=\"https:\/\/webs.uab.cat\/greab\/wp-content\/uploads\/sites\/182\/2024\/07\/cll0fuvh4uioqsnevb9j-1.jpg\" alt=\"\" class=\"wp-image-1747 size-full\" \/><\/figure><div class=\"wp-block-media-text__content\">\n<p><strong>F\u00f2rum de ci\u00e8ncia <\/strong>&#8211; Entrevista a Assumpci\u00f3 Malgosa Morera a R\u00e0dio l&#8217;Escala (2022)<\/p>\n\n\n\n<div class=\"wp-block-buttons is-layout-flex wp-block-buttons-is-layout-flex\">\n<div class=\"wp-block-button is-style-outline is-style-outline--7\"><a class=\"wp-block-button__link wp-element-button\" href=\"https:\/\/www.radiolescala.cat\/audio\/34280-forum-de-ciencia-assumpcio-malgosa\" target=\"_blank\" rel=\"noreferrer noopener\">F\u00f2rum de Ci\u00e8ncia &#8211; Assumpci\u00f3 Malgosa &#8211; R\u00e0dio l&#8217;Escala (radiolescala.cat)<\/a><\/div>\n<\/div>\n<\/div><\/div>\n\n\n\n<hr class=\"wp-block-separator alignwide has-alpha-channel-opacity\" \/>\n\n\n\n<div class=\"wp-block-columns alignwide is-layout-flex wp-container-core-columns-is-layout-9d6595d7 wp-block-columns-is-layout-flex\">\n<div class=\"wp-block-column is-layout-flow wp-block-column-is-layout-flow\">\n<figure class=\"wp-block-embed is-type-video is-provider-youtube wp-block-embed-youtube wp-embed-aspect-16-9 wp-has-aspect-ratio\"><div class=\"wp-block-embed__wrapper\">\n<iframe loading=\"lazy\" title=\"Taula rodona: EL CEMENTIRI ISL\u00c0MIC DEL BORN\" width=\"580\" height=\"326\" src=\"https:\/\/www.youtube.com\/embed\/CbOYLivObcg?start=329&#038;feature=oembed\" frameborder=\"0\" allow=\"accelerometer; autoplay; clipboard-write; encrypted-media; gyroscope; picture-in-picture; web-share\" referrerpolicy=\"strict-origin-when-cross-origin\" allowfullscreen><\/iframe>\n<\/div><\/figure>\n<\/div>\n\n\n\n<div class=\"wp-block-column is-layout-flow wp-block-column-is-layout-flow\">\n<p><strong>El cementerio isl\u00e1mico de El Born<\/strong> &#8211; Mesa redonda con Assumpci\u00f3 Malgosa, Cristina Santos, N\u00faria Armentano, Dolors Bramon, L\u00eddia Font, Antoni Rigo y Anna Molina (2021)<\/p>\n\n\n\n<p>En 1991 en la Plaza Comercial se descubri\u00f3 la \u00fanica necr\u00f3polis de ritual funerario isl\u00e1mico encontrada en Barcelona. Por primera vez se documentaba en la ciudad una necr\u00f3polis de este tipo, que data aproximadamente del a\u00f1o 1100. Desde entonces, nuevas intervenciones arqueol\u00f3gicas han confirmado que el espacio de entierro ocupaba un gran sector de esta \u00e1rea del barrio de la Ribera. Gracias a los estudios ya la tecnolog\u00eda, ahora disponemos de diversa informaci\u00f3n sobre las personas enterradas.<\/p>\n<\/div>\n<\/div>\n\n\n\n<div class=\"wp-block-buttons alignwide is-content-justification-center is-layout-flex wp-container-core-buttons-is-layout-16018d1d wp-block-buttons-is-layout-flex\">\n<div class=\"wp-block-button is-style-outline is-style-outline--8\"><a class=\"wp-block-button__link wp-element-button\" href=\"https:\/\/www.uab.cat\/web\/sala-de-prensa\/detalle-noticia\/investigadoras-de-la-uab-ponen-luz-sobre-los-restos-del-cementerio-islamico-medieval-del-born-1345830290069.html?detid=1345852629647\" target=\"_blank\" rel=\"noreferrer noopener\">Investigadoras de la UAB ponen luz sobre los restos del cementerio isl\u00e1mico medieval del Born<\/a><\/div>\n<\/div>\n","protected":false},"excerpt":{"rendered":"<p>\u00daltimas noticias 129 vidas: De cuando la peste negra lleg\u00f3 a Vilafranca La exposici\u00f3n da a conocer una parte importante del yacimiento arqueol\u00f3gico que apareci\u00f3 durante las obras de construcci\u00f3n del nuevo VINSEUM. Con el derribo del edificio de Cal Pa i Figues, en verano de 2018, emergi\u00f3 inesperadamente una necr\u00f3polis medieval, improvisada por la [&hellip;]<\/p>\n","protected":false},"author":2921,"featured_media":0,"parent":0,"menu_order":0,"comment_status":"closed","ping_status":"closed","template":"","meta":{"footnotes":""},"class_list":["post-1753","page","type-page","status-publish","hentry"],"_links":{"self":[{"href":"https:\/\/webs.uab.cat\/greab\/es\/wp-json\/wp\/v2\/pages\/1753","targetHints":{"allow":["GET"]}}],"collection":[{"href":"https:\/\/webs.uab.cat\/greab\/es\/wp-json\/wp\/v2\/pages"}],"about":[{"href":"https:\/\/webs.uab.cat\/greab\/es\/wp-json\/wp\/v2\/types\/page"}],"author":[{"embeddable":true,"href":"https:\/\/webs.uab.cat\/greab\/es\/wp-json\/wp\/v2\/users\/2921"}],"replies":[{"embeddable":true,"href":"https:\/\/webs.uab.cat\/greab\/es\/wp-json\/wp\/v2\/comments?post=1753"}],"version-history":[{"count":23,"href":"https:\/\/webs.uab.cat\/greab\/es\/wp-json\/wp\/v2\/pages\/1753\/revisions"}],"predecessor-version":[{"id":2433,"href":"https:\/\/webs.uab.cat\/greab\/es\/wp-json\/wp\/v2\/pages\/1753\/revisions\/2433"}],"wp:attachment":[{"href":"https:\/\/webs.uab.cat\/greab\/es\/wp-json\/wp\/v2\/media?parent=1753"}],"curies":[{"name":"wp","href":"https:\/\/api.w.org\/{rel}","templated":true}]}}