{"id":62,"date":"2009-05-25T13:20:37","date_gmt":"2009-05-25T13:20:37","guid":{"rendered":"https:\/\/webs.uab.cat\/greab\/investigacion\/"},"modified":"2024-07-18T20:55:59","modified_gmt":"2024-07-18T20:55:59","slug":"investigacion","status":"publish","type":"page","link":"https:\/\/webs.uab.cat\/greab\/es\/investigacion\/","title":{"rendered":"Investigaci\u00f3n"},"content":{"rendered":"\n<p>P\u00e1gina destinada a la investigaci\u00f3n del grupo.<\/p>\n\n\n\n<p><a href=\"https:\/\/webs.uab.cat\/greab\/es\/lineas-de-investigacion\/\" target=\"_blank\" rel=\"noreferrer noopener\">L\u00edneas de investigaci\u00f3n<\/a><\/p>\n\n\n\n<p><a href=\"https:\/\/webs.uab.cat\/greab\/es\/infraestructura\/\" target=\"_blank\" rel=\"noreferrer noopener\">Infraestructura<\/a><\/p>\n","protected":false},"excerpt":{"rendered":"<p>P\u00e1gina destinada a la investigaci\u00f3n del grupo. L\u00edneas de investigaci\u00f3n Infraestructura<\/p>\n","protected":false},"author":20,"featured_media":0,"parent":0,"menu_order":0,"comment_status":"closed","ping_status":"closed","template":"","meta":{"footnotes":""},"class_list":["post-62","page","type-page","status-publish","hentry"],"_links":{"self":[{"href":"https:\/\/webs.uab.cat\/greab\/es\/wp-json\/wp\/v2\/pages\/62","targetHints":{"allow":["GET"]}}],"collection":[{"href":"https:\/\/webs.uab.cat\/greab\/es\/wp-json\/wp\/v2\/pages"}],"about":[{"href":"https:\/\/webs.uab.cat\/greab\/es\/wp-json\/wp\/v2\/types\/page"}],"author":[{"embeddable":true,"href":"https:\/\/webs.uab.cat\/greab\/es\/wp-json\/wp\/v2\/users\/20"}],"replies":[{"embeddable":true,"href":"https:\/\/webs.uab.cat\/greab\/es\/wp-json\/wp\/v2\/comments?post=62"}],"version-history":[{"count":1,"href":"https:\/\/webs.uab.cat\/greab\/es\/wp-json\/wp\/v2\/pages\/62\/revisions"}],"predecessor-version":[{"id":1975,"href":"https:\/\/webs.uab.cat\/greab\/es\/wp-json\/wp\/v2\/pages\/62\/revisions\/1975"}],"wp:attachment":[{"href":"https:\/\/webs.uab.cat\/greab\/es\/wp-json\/wp\/v2\/media?parent=62"}],"curies":[{"name":"wp","href":"https:\/\/api.w.org\/{rel}","templated":true}]}}