{"id":74,"date":"2009-05-25T13:22:59","date_gmt":"2009-05-25T13:22:59","guid":{"rendered":"https:\/\/webs.uab.cat\/greab\/servicios\/"},"modified":"2025-05-30T20:26:41","modified_gmt":"2025-05-30T20:26:41","slug":"servicios","status":"publish","type":"page","link":"https:\/\/webs.uab.cat\/greab\/es\/servicios\/","title":{"rendered":"Servicios"},"content":{"rendered":"\n<div class=\"wp-block-columns alignwide is-layout-flex wp-container-core-columns-is-layout-9d6595d7 wp-block-columns-is-layout-flex\">\n<div class=\"wp-block-column is-layout-flow wp-block-column-is-layout-flow\">\n<div class=\"wp-block-cover\" style=\"min-height:137px;aspect-ratio:unset;\"><span aria-hidden=\"true\" class=\"wp-block-cover__background has-background-dim\"><\/span><img loading=\"lazy\" decoding=\"async\" width=\"980\" height=\"588\" class=\"wp-block-cover__image-background wp-image-1877\" alt=\"\" src=\"https:\/\/webs.uab.cat\/greab\/wp-content\/uploads\/sites\/182\/2024\/07\/portada-articulo-cientifico.jpg\" data-object-fit=\"cover\" srcset=\"https:\/\/webs.uab.cat\/greab\/wp-content\/uploads\/sites\/182\/2024\/07\/portada-articulo-cientifico.jpg 980w, https:\/\/webs.uab.cat\/greab\/wp-content\/uploads\/sites\/182\/2024\/07\/portada-articulo-cientifico-300x180.jpg 300w, https:\/\/webs.uab.cat\/greab\/wp-content\/uploads\/sites\/182\/2024\/07\/portada-articulo-cientifico-768x461.jpg 768w\" sizes=\"auto, (max-width: 980px) 100vw, 980px\" \/><div class=\"wp-block-cover__inner-container is-layout-constrained wp-block-cover-is-layout-constrained\">\n<p class=\"has-text-align-center has-large-font-size\"><\/p>\n<\/div><\/div>\n\n\n\n<details class=\"wp-block-details is-layout-flow wp-block-details-is-layout-flow\"><summary>Caracterizaci\u00f3n gen\u00e9tica de poblaciones antiguas<\/summary>\n<ul class=\"wp-block-list\">\n<li><strong>An\u00e1lisis gen\u00e9tico para la captura espec\u00edfica del genoma de Yersinia pestes de 16 muestras de individuos del yacimiento arqueol\u00f3gico de Cal Pa i Figues (Vilafranca del Pened\u00e8s, Alt Pened\u00e8s),<\/strong> Servicio del Patrimonio Arqueol\u00f3gico y Paleontol\u00f3gico, Departamento de Cultura, Generalitat de Catalunya, 2024-2025<\/li>\n\n\n\n<li><strong>An\u00e1lisis gen\u00e9tico de secuenciaci\u00f3n del genoma a baja cobertura de 14 individuos de la Necr\u00f3polis Jud\u00eda de las Roquetas (T\u00e0rrega, Urgell).<\/strong> Servicio del Patrimonio Arqueol\u00f3gico y Paleontol\u00f3gico, Departamento de Cultura, Generalidad de Catalu\u00f1a, 2024-2025<\/li>\n\n\n\n<li><strong>An\u00e1lisis gen\u00e9ticos de los individuos de la Necr\u00f3polis Romana de Can Batll\u00f3 con el objetivo de realizar la determinaci\u00f3n sexual, establecer parentesco por v\u00eda materna y determinar el origen poblacional de los individuos. <\/strong>ATICS SL. 2022-2023, 2024-2025.<\/li>\n\n\n\n<li><strong>An\u00e1lisis gen\u00e9ticos de restos \u00f3seos de dos individuos, un adulto y un infantil, hallados en un entierro de Serrat dels Espinyers para posteriormente comparar los perfiles gen\u00e9ticos y analizar una posible relaci\u00f3n familiar. <\/strong>Departamento de Historia y Arqueolog\u00eda de la Universidad de Barcelona. 2022.<\/li>\n\n\n\n<li><strong>B\u00fasqueda de evidencias gen\u00e9ticas de virus o bacterias que aporten informaci\u00f3n sobre la causa la muerte de los individuos enterrados en la necr\u00f3polis del siglo XIV de Cal Pa i Figues (Vilafranca del Pened\u00e8s, Alt Pened\u00e8s). <\/strong>Departamento de Cultura de la Generalidad de Catalu\u00f1a. 2021-2022. Investigador principal: Asunci\u00f3n Malgosa y Cristina Santos.<\/li>\n\n\n\n<li><strong>An\u00e1lisis de ADN mitocondrial de los restos esquel\u00e9ticos de 18 individuos de los entierros isl\u00e1micos localizados en el yacimiento de la calle Comercial en el barrio del Born de Barcelona.<\/strong> Servicio de Arqueolog\u00eda de Barcelona, \u200b\u200bDirecci\u00f3n de Memoria, Historia y Patrimonio. 2019-2020<\/li>\n\n\n\n<li><strong>An\u00e1lisis de ADN mitocondrial de los restos esquel\u00e9ticos de un individuo recuperado en la M\u00e9rida Romana para determinar el origen poblacional.<\/strong> Centro de Investigaci\u00f3n en Antropolog\u00eda y Sa\u00fade (CIAS), Departamento de Ciencias de la Vida de la Universidad de Coimbra (Portugal). 2019<\/li>\n<\/ul>\n<\/details>\n<\/div>\n\n\n\n<div class=\"wp-block-column is-layout-flow wp-block-column-is-layout-flow\">\n<div class=\"wp-block-cover\" style=\"min-height:137px;aspect-ratio:unset;\"><span aria-hidden=\"true\" class=\"wp-block-cover__background has-background-dim\"><\/span><img loading=\"lazy\" decoding=\"async\" width=\"960\" height=\"720\" class=\"wp-block-cover__image-background wp-image-2186\" alt=\"\" src=\"https:\/\/webs.uab.cat\/greab\/wp-content\/uploads\/sites\/182\/2024\/07\/Genetica-c.jpg\" data-object-fit=\"cover\" srcset=\"https:\/\/webs.uab.cat\/greab\/wp-content\/uploads\/sites\/182\/2024\/07\/Genetica-c.jpg 960w, https:\/\/webs.uab.cat\/greab\/wp-content\/uploads\/sites\/182\/2024\/07\/Genetica-c-300x225.jpg 300w, https:\/\/webs.uab.cat\/greab\/wp-content\/uploads\/sites\/182\/2024\/07\/Genetica-c-768x576.jpg 768w\" sizes=\"auto, (max-width: 960px) 100vw, 960px\" \/><div class=\"wp-block-cover__inner-container is-layout-constrained wp-block-cover-is-layout-constrained\">\n<p class=\"has-text-align-center has-large-font-size\"><\/p>\n<\/div><\/div>\n\n\n\n<details class=\"wp-block-details is-layout-flow wp-block-details-is-layout-flow\"><summary>Caracterizaci\u00f3n gen\u00e9tica de poblaciones modernas<\/summary>\n<p><\/p>\n<\/details>\n<\/div>\n<\/div>\n\n\n\n<div class=\"wp-block-columns alignwide is-layout-flex wp-container-core-columns-is-layout-9d6595d7 wp-block-columns-is-layout-flex\">\n<div class=\"wp-block-column is-layout-flow wp-block-column-is-layout-flow\">\n<div class=\"wp-block-cover\" style=\"min-height:137px;aspect-ratio:unset;\"><span aria-hidden=\"true\" class=\"wp-block-cover__background has-background-dim\"><\/span><img loading=\"lazy\" decoding=\"async\" width=\"2200\" height=\"1100\" class=\"wp-block-cover__image-background wp-image-2193\" alt=\"\" src=\"https:\/\/webs.uab.cat\/greab\/wp-content\/uploads\/sites\/182\/2024\/07\/genetica-forense-portada-epb.jpg\" data-object-fit=\"cover\" srcset=\"https:\/\/webs.uab.cat\/greab\/wp-content\/uploads\/sites\/182\/2024\/07\/genetica-forense-portada-epb.jpg 2200w, https:\/\/webs.uab.cat\/greab\/wp-content\/uploads\/sites\/182\/2024\/07\/genetica-forense-portada-epb-300x150.jpg 300w, https:\/\/webs.uab.cat\/greab\/wp-content\/uploads\/sites\/182\/2024\/07\/genetica-forense-portada-epb-1024x512.jpg 1024w, https:\/\/webs.uab.cat\/greab\/wp-content\/uploads\/sites\/182\/2024\/07\/genetica-forense-portada-epb-768x384.jpg 768w, https:\/\/webs.uab.cat\/greab\/wp-content\/uploads\/sites\/182\/2024\/07\/genetica-forense-portada-epb-1536x768.jpg 1536w, https:\/\/webs.uab.cat\/greab\/wp-content\/uploads\/sites\/182\/2024\/07\/genetica-forense-portada-epb-2048x1024.jpg 2048w, https:\/\/webs.uab.cat\/greab\/wp-content\/uploads\/sites\/182\/2024\/07\/genetica-forense-portada-epb-1200x600.jpg 1200w, https:\/\/webs.uab.cat\/greab\/wp-content\/uploads\/sites\/182\/2024\/07\/genetica-forense-portada-epb-1980x990.jpg 1980w\" sizes=\"auto, (max-width: 2200px) 100vw, 2200px\" \/><div class=\"wp-block-cover__inner-container is-layout-constrained wp-block-cover-is-layout-constrained\">\n<p class=\"has-text-align-center has-large-font-size\"><\/p>\n<\/div><\/div>\n\n\n\n<details class=\"wp-block-details is-layout-flow wp-block-details-is-layout-flow\"><summary>Estudios gen\u00e9tico-forenses<\/summary>\n<ul class=\"wp-block-list\">\n<li><strong>Excavaci\u00f3n, exhumaci\u00f3n e identificaci\u00f3n de cuerpos hallados en las fosas de la Guerra Civil, t\u00e9cnico coordinador, estudio antropol\u00f3gico e hist\u00f3rico.<\/strong> Consejer\u00eda de Administraciones P\u00fablicas y Modernizaci\u00f3n. Islas Baleares. Participante de identificaci\u00f3n gen\u00e9tica. Universidad Aut\u00f3noma de Barcelona (UAB). 2019-2020, 2021-2022, 2023-2024 y 2025-2026.<\/li>\n\n\n\n<li><strong>An\u00e1lisis de DNA y confirmaci\u00f3n e identificaci\u00f3n de difuntos. <\/strong>Investigador principal: Assumpci\u00f3 Malgosa. Empresa financiadora: Cementiris de Barcelona SAU. 01\/03\/2018 &#8211; 31\/12\/2018. 2023-2025.<\/li>\n<\/ul>\n<\/details>\n<\/div>\n\n\n\n<div class=\"wp-block-column is-layout-flow wp-block-column-is-layout-flow\">\n<div class=\"wp-block-cover\" style=\"min-height:138px;aspect-ratio:unset;\"><span aria-hidden=\"true\" class=\"wp-block-cover__background has-background-dim\"><\/span><img loading=\"lazy\" decoding=\"async\" width=\"1920\" height=\"1280\" class=\"wp-block-cover__image-background wp-image-1895\" alt=\"\" src=\"https:\/\/webs.uab.cat\/greab\/wp-content\/uploads\/sites\/182\/2024\/07\/big-data-grundlagen.jpg\" data-object-fit=\"cover\" srcset=\"https:\/\/webs.uab.cat\/greab\/wp-content\/uploads\/sites\/182\/2024\/07\/big-data-grundlagen.jpg 1920w, https:\/\/webs.uab.cat\/greab\/wp-content\/uploads\/sites\/182\/2024\/07\/big-data-grundlagen-300x200.jpg 300w, https:\/\/webs.uab.cat\/greab\/wp-content\/uploads\/sites\/182\/2024\/07\/big-data-grundlagen-1024x683.jpg 1024w, https:\/\/webs.uab.cat\/greab\/wp-content\/uploads\/sites\/182\/2024\/07\/big-data-grundlagen-768x512.jpg 768w, https:\/\/webs.uab.cat\/greab\/wp-content\/uploads\/sites\/182\/2024\/07\/big-data-grundlagen-1536x1024.jpg 1536w, https:\/\/webs.uab.cat\/greab\/wp-content\/uploads\/sites\/182\/2024\/07\/big-data-grundlagen-1200x800.jpg 1200w\" sizes=\"auto, (max-width: 1920px) 100vw, 1920px\" \/><div class=\"wp-block-cover__inner-container is-layout-constrained wp-block-cover-is-layout-constrained\">\n<p class=\"has-text-align-center has-large-font-size\"><\/p>\n<\/div><\/div>\n\n\n\n<details class=\"wp-block-details is-layout-flow wp-block-details-is-layout-flow\"><summary>Estudios epidemiol\u00f3gicos y estad\u00edsticos: entrada de datos y an\u00e1lisis estad\u00edstico<\/summary>\n<p><\/p>\n<\/details>\n<\/div>\n<\/div>\n\n\n\n<div class=\"wp-block-columns alignwide is-layout-flex wp-container-core-columns-is-layout-9d6595d7 wp-block-columns-is-layout-flex\">\n<div class=\"wp-block-column is-layout-flow wp-block-column-is-layout-flow\">\n<div class=\"wp-block-cover\" style=\"min-height:137px;aspect-ratio:unset;\"><span aria-hidden=\"true\" class=\"wp-block-cover__background has-background-dim\"><\/span><img loading=\"lazy\" decoding=\"async\" width=\"916\" height=\"687\" class=\"wp-block-cover__image-background wp-image-2097\" alt=\"\" src=\"https:\/\/webs.uab.cat\/greab\/wp-content\/uploads\/sites\/182\/2024\/07\/Imagen9-1.jpg\" data-object-fit=\"cover\" srcset=\"https:\/\/webs.uab.cat\/greab\/wp-content\/uploads\/sites\/182\/2024\/07\/Imagen9-1.jpg 916w, https:\/\/webs.uab.cat\/greab\/wp-content\/uploads\/sites\/182\/2024\/07\/Imagen9-1-300x225.jpg 300w, https:\/\/webs.uab.cat\/greab\/wp-content\/uploads\/sites\/182\/2024\/07\/Imagen9-1-768x576.jpg 768w\" sizes=\"auto, (max-width: 916px) 100vw, 916px\" \/><div class=\"wp-block-cover__inner-container is-layout-constrained wp-block-cover-is-layout-constrained\">\n<p class=\"has-text-align-center has-large-font-size\"><\/p>\n<\/div><\/div>\n\n\n\n<details class=\"wp-block-details is-layout-flow wp-block-details-is-layout-flow\"><summary>Estudios antropol\u00f3gico-forenses<\/summary>\n<ul class=\"wp-block-list\">\n<li><strong>Servicios de localizaci\u00f3n, recuperaci\u00f3n y an\u00e1lisis antropol\u00f3gico y gen\u00e9tico de restos \u00f3seos humanos de la Guerra Civil y la dictadura franquista.<\/strong> Departamento de Justicia de la Generalidad de Catalu\u00f1a. Universidad Aut\u00f3noma de Barcelona (UAB). 2017-2019. 2020-2022. 2023-2025. Cristina Pereira y Assumpci\u00f3 Malgosa.<\/li>\n\n\n\n<li><strong>Estudio antropol\u00f3gico de los restos humanos de la necr\u00f3polis de \u00e9poca bizantina de Sa Tanca Vella. <\/strong>Investigador responsable: M. Eul\u00e0lia Subir\u00e0. Duraci\u00f3n: 5\/05\/18 &#8211; 5\/05\/19. <\/li>\n<\/ul>\n<\/details>\n<\/div>\n\n\n\n<div class=\"wp-block-column is-layout-flow wp-block-column-is-layout-flow\">\n<div class=\"wp-block-cover\" style=\"min-height:138px;aspect-ratio:unset;\"><span aria-hidden=\"true\" class=\"wp-block-cover__background has-background-dim\"><\/span><img loading=\"lazy\" decoding=\"async\" width=\"1280\" height=\"720\" class=\"wp-block-cover__image-background wp-image-2077\" alt=\"\" src=\"https:\/\/webs.uab.cat\/greab\/wp-content\/uploads\/sites\/182\/2024\/07\/pompeya1_f5fd5c3b_1280x720.jpg\" data-object-fit=\"cover\" srcset=\"https:\/\/webs.uab.cat\/greab\/wp-content\/uploads\/sites\/182\/2024\/07\/pompeya1_f5fd5c3b_1280x720.jpg 1280w, https:\/\/webs.uab.cat\/greab\/wp-content\/uploads\/sites\/182\/2024\/07\/pompeya1_f5fd5c3b_1280x720-300x169.jpg 300w, https:\/\/webs.uab.cat\/greab\/wp-content\/uploads\/sites\/182\/2024\/07\/pompeya1_f5fd5c3b_1280x720-1024x576.jpg 1024w, https:\/\/webs.uab.cat\/greab\/wp-content\/uploads\/sites\/182\/2024\/07\/pompeya1_f5fd5c3b_1280x720-768x432.jpg 768w, https:\/\/webs.uab.cat\/greab\/wp-content\/uploads\/sites\/182\/2024\/07\/pompeya1_f5fd5c3b_1280x720-1200x675.jpg 1200w\" sizes=\"auto, (max-width: 1280px) 100vw, 1280px\" \/><div class=\"wp-block-cover__inner-container is-layout-constrained wp-block-cover-is-layout-constrained\">\n<p class=\"has-text-align-center has-large-font-size\"><\/p>\n<\/div><\/div>\n\n\n\n<details class=\"wp-block-details is-layout-flow wp-block-details-is-layout-flow\"><summary>Estudios antropol\u00f3gicos poblacionales<\/summary>\n<ul class=\"wp-block-list\">\n<li><strong>Estudio de 50 individuos procedentes de las excavaciones arqueol\u00f3gicas realizadas en La Sagrera.<\/strong> Investigador principal: Dra. M. Eul\u00e0lia Subir\u00e0. Entidad financiadora: Antequem SL. Duraci\u00f3n: desde 2018.<\/li>\n\n\n\n<li><strong>Estudio antropol\u00f3gico y patol\u00f3gico de los restos excavados en el interior de la Casa Trinit\u00e0ria d&#8217;Avinganya desde 1986 a 1992. <\/strong>Entidad financiadora: Serveis T\u00e8cnics Arqueologia Diputaci\u00f3 de Lleida. Duraci\u00f3n: 2018 &#8211; 2021. Investigador principal: M. Eul\u00e0lia Subir\u00e0.<\/li>\n<\/ul>\n<\/details>\n<\/div>\n<\/div>\n","protected":false},"excerpt":{"rendered":"","protected":false},"author":20,"featured_media":0,"parent":0,"menu_order":0,"comment_status":"closed","ping_status":"closed","template":"","meta":{"footnotes":""},"class_list":["post-74","page","type-page","status-publish","hentry"],"_links":{"self":[{"href":"https:\/\/webs.uab.cat\/greab\/es\/wp-json\/wp\/v2\/pages\/74","targetHints":{"allow":["GET"]}}],"collection":[{"href":"https:\/\/webs.uab.cat\/greab\/es\/wp-json\/wp\/v2\/pages"}],"about":[{"href":"https:\/\/webs.uab.cat\/greab\/es\/wp-json\/wp\/v2\/types\/page"}],"author":[{"embeddable":true,"href":"https:\/\/webs.uab.cat\/greab\/es\/wp-json\/wp\/v2\/users\/20"}],"replies":[{"embeddable":true,"href":"https:\/\/webs.uab.cat\/greab\/es\/wp-json\/wp\/v2\/comments?post=74"}],"version-history":[{"count":23,"href":"https:\/\/webs.uab.cat\/greab\/es\/wp-json\/wp\/v2\/pages\/74\/revisions"}],"predecessor-version":[{"id":2390,"href":"https:\/\/webs.uab.cat\/greab\/es\/wp-json\/wp\/v2\/pages\/74\/revisions\/2390"}],"wp:attachment":[{"href":"https:\/\/webs.uab.cat\/greab\/es\/wp-json\/wp\/v2\/media?parent=74"}],"curies":[{"name":"wp","href":"https:\/\/api.w.org\/{rel}","templated":true}]}}