{"id":1252,"date":"2024-06-25T08:58:27","date_gmt":"2024-06-25T08:58:27","guid":{"rendered":"https:\/\/webs.uab.cat\/greab\/rafael-montiel-duarte\/"},"modified":"2024-09-03T22:54:32","modified_gmt":"2024-09-03T22:54:32","slug":"rafael-montiel-duarte","status":"publish","type":"page","link":"https:\/\/webs.uab.cat\/greab\/rafael-montiel-duarte\/","title":{"rendered":"Rafael Montiel Duarte"},"content":{"rendered":"\n<div class=\"wp-block-media-text alignwide is-stacked-on-mobile\" style=\"grid-template-columns:25% auto\"><figure class=\"wp-block-media-text__media\"><img loading=\"lazy\" decoding=\"async\" width=\"1024\" height=\"1024\" src=\"https:\/\/webs.uab.cat\/greab\/wp-content\/uploads\/sites\/182\/2024\/07\/fotos-55-1-1024x1024.png\" alt=\"\" class=\"wp-image-1917 size-full\" srcset=\"https:\/\/webs.uab.cat\/greab\/wp-content\/uploads\/sites\/182\/2024\/07\/fotos-55-1-1024x1024.png 1024w, https:\/\/webs.uab.cat\/greab\/wp-content\/uploads\/sites\/182\/2024\/07\/fotos-55-1-300x300.png 300w, https:\/\/webs.uab.cat\/greab\/wp-content\/uploads\/sites\/182\/2024\/07\/fotos-55-1-150x150.png 150w, https:\/\/webs.uab.cat\/greab\/wp-content\/uploads\/sites\/182\/2024\/07\/fotos-55-1-768x768.png 768w, https:\/\/webs.uab.cat\/greab\/wp-content\/uploads\/sites\/182\/2024\/07\/fotos-55-1-1536x1536.png 1536w, https:\/\/webs.uab.cat\/greab\/wp-content\/uploads\/sites\/182\/2024\/07\/fotos-55-1-1200x1200.png 1200w, https:\/\/webs.uab.cat\/greab\/wp-content\/uploads\/sites\/182\/2024\/07\/fotos-55-1-1980x1980.png 1980w, https:\/\/webs.uab.cat\/greab\/wp-content\/uploads\/sites\/182\/2024\/07\/fotos-55-1.png 2000w\" sizes=\"auto, (max-width: 1024px) 100vw, 1024px\" \/><\/figure><div class=\"wp-block-media-text__content\">\n<p><strong><a href=\"https:\/\/orcid.org\/0000-0001-8052-0679\" target=\"_blank\" rel=\"noreferrer noopener\">ORCID iD: 0000-0001-8052-0679<\/a><\/strong><\/p>\n\n\n\n<p>I have a degree in Biology from the Universidad Aut\u00f3noma Metropolitana (Mexico), a PhD in Biology from the Universitat Aut\u00f2noma de Barcelona (Spain) and I did a postdoctoral stay at the Universidade dos A\u00e7ores (Portugal) working on different molecular genetics projects. Later I was a research professor in the Advanced Genomics Unit of Cinvestav (Mexico), where I set up and coordinated the first Paleogenomics laboratory in the country and conducted research in different areas of genomics. I have supervised 8 doctoral theses, 19 master&#8217;s final theses and 8 bachelor&#8217;s final theses. With my collaborators I have published more than 50 articles in indexed international journals with an impact factor and 10 book chapters.   <\/p>\n\n\n\n<p>I am currently a lecturer at the Anthropology Unit of the UAB where I want to investigate the variation, both normal and pathological, of mitochondrial function in the human population.<\/p>\n\n\n\n<p><\/p>\n\n\n\n<div class=\"wp-block-buttons is-layout-flex wp-block-buttons-is-layout-flex\">\n<div class=\"wp-block-button is-style-outline is-style-outline--1\"><a class=\"wp-block-button__link wp-element-button\" href=\"https:\/\/portalrecerca.uab.cat\/es\/persons\/rafael-montiel-duarte\" target=\"_blank\" rel=\"noreferrer noopener\">https:\/\/portalrecerca.uab.cat\/es\/persons\/rafael-montiel-duarte<\/a><\/div>\n<\/div>\n<\/div><\/div>\n\n<div class=\"wp-block-group alignfull has-background\" style=\"background-color:#f2f0e9\"><div class=\"wp-block-group__inner-container is-layout-flow wp-block-group-is-layout-flow\">\n<div class=\"wp-block-columns alignwide are-vertically-aligned-center is-layout-flex wp-container-core-columns-is-layout-9d6595d7 wp-block-columns-is-layout-flex\">\n<div class=\"wp-block-column is-layout-flow wp-block-column-is-layout-flow\" style=\"flex-basis:50%\">\n<p class=\"has-text-color\" style=\"color:#000000;font-size:30px;line-height:1.1\"><strong>Main areas of research<\/strong><\/p>\n<\/div>\n\n\n\n<div class=\"wp-block-column is-layout-flow wp-block-column-is-layout-flow\" style=\"flex-basis:50%\"><\/div>\n<\/div>\n\n\n\n<p><\/p>\n\n\n\n<div class=\"wp-block-columns alignwide is-layout-flex wp-container-core-columns-is-layout-9d6595d7 wp-block-columns-is-layout-flex\">\n<div class=\"wp-block-column is-layout-flow wp-block-column-is-layout-flow\">\n<ul class=\"wp-block-list\">\n<li>Role of mitochondrial function in evolutionary processes \u2013 evolutionary consequences of mitochondrial introgression; mitochondrial DNA as selection pressure of the nuclear genome; mitochondrial imbalance.<\/li>\n\n\n\n<li>Paleogenomics \u2013 analysis of individuals from Xalla, archaeological site of Teotihuacan, Mexico (in collaboration with Linda R. Manzanilla); paleopathology<\/li>\n<\/ul>\n<\/div>\n<\/div>\n\n\n\n<div style=\"height:40px\" aria-hidden=\"true\" class=\"wp-block-spacer\"><\/div>\n<\/div><\/div>\n","protected":false},"excerpt":{"rendered":"<p>Main areas of research<\/p>\n","protected":false},"author":2921,"featured_media":0,"parent":0,"menu_order":0,"comment_status":"closed","ping_status":"closed","template":"","meta":{"footnotes":""},"class_list":["post-1252","page","type-page","status-publish","hentry"],"_links":{"self":[{"href":"https:\/\/webs.uab.cat\/greab\/wp-json\/wp\/v2\/pages\/1252","targetHints":{"allow":["GET"]}}],"collection":[{"href":"https:\/\/webs.uab.cat\/greab\/wp-json\/wp\/v2\/pages"}],"about":[{"href":"https:\/\/webs.uab.cat\/greab\/wp-json\/wp\/v2\/types\/page"}],"author":[{"embeddable":true,"href":"https:\/\/webs.uab.cat\/greab\/wp-json\/wp\/v2\/users\/2921"}],"replies":[{"embeddable":true,"href":"https:\/\/webs.uab.cat\/greab\/wp-json\/wp\/v2\/comments?post=1252"}],"version-history":[{"count":5,"href":"https:\/\/webs.uab.cat\/greab\/wp-json\/wp\/v2\/pages\/1252\/revisions"}],"predecessor-version":[{"id":2304,"href":"https:\/\/webs.uab.cat\/greab\/wp-json\/wp\/v2\/pages\/1252\/revisions\/2304"}],"wp:attachment":[{"href":"https:\/\/webs.uab.cat\/greab\/wp-json\/wp\/v2\/media?parent=1252"}],"curies":[{"name":"wp","href":"https:\/\/api.w.org\/{rel}","templated":true}]}}