{"id":1956,"date":"2024-07-11T13:26:13","date_gmt":"2024-07-11T13:26:13","guid":{"rendered":"https:\/\/webs.uab.cat\/greab\/divulgacio\/"},"modified":"2025-05-30T21:09:12","modified_gmt":"2025-05-30T21:09:12","slug":"divulgacio","status":"publish","type":"page","link":"https:\/\/webs.uab.cat\/greab\/divulgacio\/","title":{"rendered":"Divulgation"},"content":{"rendered":"\n<h2 class=\"wp-block-heading alignwide\">News<\/h2>\n\n\n\n<div class=\"wp-block-media-text alignwide is-stacked-on-mobile\" style=\"grid-template-columns:38% auto\"><figure class=\"wp-block-media-text__media\"><img loading=\"lazy\" decoding=\"async\" width=\"1024\" height=\"686\" src=\"https:\/\/webs.uab.cat\/greab\/wp-content\/uploads\/sites\/182\/2025\/05\/2024_0_129Vides-jpg-1024x686.webp\" alt=\"\" class=\"wp-image-2415 size-full\" srcset=\"https:\/\/webs.uab.cat\/greab\/wp-content\/uploads\/sites\/182\/2025\/05\/2024_0_129Vides-jpg-1024x686.webp 1024w, https:\/\/webs.uab.cat\/greab\/wp-content\/uploads\/sites\/182\/2025\/05\/2024_0_129Vides-jpg-300x201.webp 300w, https:\/\/webs.uab.cat\/greab\/wp-content\/uploads\/sites\/182\/2025\/05\/2024_0_129Vides-jpg-768x514.webp 768w, https:\/\/webs.uab.cat\/greab\/wp-content\/uploads\/sites\/182\/2025\/05\/2024_0_129Vides-jpg-1200x803.webp 1200w, https:\/\/webs.uab.cat\/greab\/wp-content\/uploads\/sites\/182\/2025\/05\/2024_0_129Vides-jpg.webp 1380w\" sizes=\"auto, (max-width: 1024px) 100vw, 1024px\" \/><\/figure><div class=\"wp-block-media-text__content\">\n<p><strong><strong><strong><strong><strong><strong>129 lifes: When the black plague arrived in Vilafranca<\/strong><\/strong><\/strong><\/strong><\/strong><\/strong><\/p>\n\n\n\n<p>The exhibition presents an important part of the archaeological site that appeared during the construction works of the new VINSEUM. With the demolition of the Cal Pa i Figues building, in the summer of 2018, a medieval necropolis unexpectedly emerged, improvised by the arrival of the Black Death and from which the remains of 129 people have been recovered.<\/p>\n<\/div><\/div>\n\n\n\n<hr class=\"wp-block-separator alignwide has-alpha-channel-opacity\" \/>\n\n\n\n<div class=\"wp-block-media-text alignwide is-stacked-on-mobile\" style=\"grid-template-columns:38% auto\"><figure class=\"wp-block-media-text__media\"><img loading=\"lazy\" decoding=\"async\" width=\"670\" height=\"378\" src=\"https:\/\/webs.uab.cat\/greab\/wp-content\/uploads\/sites\/182\/2025\/05\/1742814741052_670.webp\" alt=\"\" class=\"wp-image-2411 size-full\" srcset=\"https:\/\/webs.uab.cat\/greab\/wp-content\/uploads\/sites\/182\/2025\/05\/1742814741052_670.webp 670w, https:\/\/webs.uab.cat\/greab\/wp-content\/uploads\/sites\/182\/2025\/05\/1742814741052_670-300x169.webp 300w\" sizes=\"auto, (max-width: 670px) 100vw, 670px\" \/><\/figure><div class=\"wp-block-media-text__content\">\n<p><strong><strong><strong><strong><strong>New data about the babies from the Iberian site of Ullastret: no sacrifices, no sex selection<\/strong><\/strong><\/strong><\/strong><\/strong><\/p>\n\n\n\n<p>The 15 babies discovered at the Iberian site of Ullastret died naturally and were buried at home, according to a UAB study using the most advanced scientific techniques.<\/p>\n\n\n\n<div class=\"wp-block-buttons is-layout-flex wp-block-buttons-is-layout-flex\">\n<div class=\"wp-block-button is-style-outline is-style-outline--1\"><a class=\"wp-block-button__link wp-element-button\" href=\"https:\/\/www.3cat.cat\/324\/noves-dades-dels-nadons-del-jaciment-iber-dullastret-ni-sacrificis-ni-seleccio-per-sexe\/noticia\/3342470\/?fbclid=PAZXh0bgNhZW0CMTEAAaa6bHGmch78fDxE4wj9JazXRQtVWE5Otj9w5aqoJaqHp0GViFUs2Lxv88E_aem_PpIv4QgK7F1dRDOki6WXhw\">REPORT<\/a><\/div>\n<\/div>\n<\/div><\/div>\n\n\n\n<hr class=\"wp-block-separator alignwide has-alpha-channel-opacity\" \/>\n\n\n\n<div class=\"wp-block-media-text alignwide is-stacked-on-mobile\" style=\"grid-template-columns:38% auto\"><figure class=\"wp-block-media-text__media\"><img loading=\"lazy\" decoding=\"async\" width=\"900\" height=\"506\" src=\"https:\/\/webs.uab.cat\/greab\/wp-content\/uploads\/sites\/182\/2025\/05\/NadonsIbers_webUAB1.jpg\" alt=\"\" class=\"wp-image-2406 size-full\" srcset=\"https:\/\/webs.uab.cat\/greab\/wp-content\/uploads\/sites\/182\/2025\/05\/NadonsIbers_webUAB1.jpg 900w, https:\/\/webs.uab.cat\/greab\/wp-content\/uploads\/sites\/182\/2025\/05\/NadonsIbers_webUAB1-300x169.jpg 300w, https:\/\/webs.uab.cat\/greab\/wp-content\/uploads\/sites\/182\/2025\/05\/NadonsIbers_webUAB1-768x432.jpg 768w\" sizes=\"auto, (max-width: 900px) 100vw, 900px\" \/><\/figure><div class=\"wp-block-media-text__content\">\n<p><strong>Microscopic study of milk teeth reveals mystery of death of Iberian culture newborns buried inside homes<\/strong><\/p>\n\n\n\n<p>A UAB study in collaboration with the UVic-UCC and the ALBA synchrotron concludes that the Iberian culture (8th to 1st centuries BCE) newborns buried within domestic spaces died of natural causes, such as complications during labour or premature births, and not due to ritual practices.<\/p>\n\n\n\n<div class=\"wp-block-buttons is-layout-flex wp-block-buttons-is-layout-flex\">\n<div class=\"wp-block-button is-style-outline is-style-outline--2\"><a class=\"wp-block-button__link wp-element-button\" href=\"https:\/\/www.uab.cat\/web\/newsroom\/news-detail\/microscopic-study-of-milk-teeth-reveals-mystery-of-death-of-iberian-culture-newborns-buried-inside-homes-1345830290613.html?detid=1345928902821\">REPORT<\/a><\/div>\n<\/div>\n<\/div><\/div>\n\n\n\n<hr class=\"wp-block-separator alignwide has-alpha-channel-opacity\" \/>\n\n\n\n<div class=\"wp-block-media-text alignwide is-stacked-on-mobile\" style=\"grid-template-columns:38% auto\"><figure class=\"wp-block-media-text__media\"><img loading=\"lazy\" decoding=\"async\" width=\"1024\" height=\"727\" src=\"https:\/\/webs.uab.cat\/greab\/wp-content\/uploads\/sites\/182\/2025\/05\/GqwA9SVXoAAobuw-1024x727.jpg\" alt=\"\" class=\"wp-image-2401 size-full\" srcset=\"https:\/\/webs.uab.cat\/greab\/wp-content\/uploads\/sites\/182\/2025\/05\/GqwA9SVXoAAobuw-1024x727.jpg 1024w, https:\/\/webs.uab.cat\/greab\/wp-content\/uploads\/sites\/182\/2025\/05\/GqwA9SVXoAAobuw-300x213.jpg 300w, https:\/\/webs.uab.cat\/greab\/wp-content\/uploads\/sites\/182\/2025\/05\/GqwA9SVXoAAobuw-768x545.jpg 768w, https:\/\/webs.uab.cat\/greab\/wp-content\/uploads\/sites\/182\/2025\/05\/GqwA9SVXoAAobuw-1536x1090.jpg 1536w, https:\/\/webs.uab.cat\/greab\/wp-content\/uploads\/sites\/182\/2025\/05\/GqwA9SVXoAAobuw-2048x1453.jpg 2048w, https:\/\/webs.uab.cat\/greab\/wp-content\/uploads\/sites\/182\/2025\/05\/GqwA9SVXoAAobuw-1200x852.jpg 1200w, https:\/\/webs.uab.cat\/greab\/wp-content\/uploads\/sites\/182\/2025\/05\/GqwA9SVXoAAobuw-1980x1405.jpg 1980w\" sizes=\"auto, (max-width: 1024px) 100vw, 1024px\" \/><\/figure><div class=\"wp-block-media-text__content\">\n<p><strong><strong><strong>The remains of Aurora Picornell&#8217;s brother and five other victims of Francoism have been identified in Son Coletes and Formentera.<\/strong><\/strong><\/strong><\/p>\n\n\n\n<p>These findings correspond to the excavations carried out between 2020 and 2023 in Manacor, within the II, III and IV Pla de Fosses and in the second part of the excavations in the Formentera cemetery (IV Pla de Fosses).<\/p>\n\n\n\n<div class=\"wp-block-buttons is-layout-flex wp-block-buttons-is-layout-flex\">\n<div class=\"wp-block-button is-style-outline is-style-outline--3\"><a class=\"wp-block-button__link wp-element-button\" href=\"https:\/\/www.vilaweb.cat\/noticies\/identifiquen-restes-germa-aurora-picornell\/\">REPORT<\/a><\/div>\n<\/div>\n<\/div><\/div>\n\n\n\n<hr class=\"wp-block-separator alignwide has-alpha-channel-opacity\" \/>\n\n\n\n<div class=\"wp-block-media-text alignwide is-stacked-on-mobile\" style=\"grid-template-columns:38% auto\"><figure class=\"wp-block-media-text__media\"><img loading=\"lazy\" decoding=\"async\" width=\"1024\" height=\"683\" src=\"https:\/\/webs.uab.cat\/greab\/wp-content\/uploads\/sites\/182\/2024\/07\/940d84c6-287c-4ec2-a8ed-b206ad208973-1236x824-3-1024x683.jpg\" alt=\"\" class=\"wp-image-2168 size-full\" srcset=\"https:\/\/webs.uab.cat\/greab\/wp-content\/uploads\/sites\/182\/2024\/07\/940d84c6-287c-4ec2-a8ed-b206ad208973-1236x824-3-1024x683.jpg 1024w, https:\/\/webs.uab.cat\/greab\/wp-content\/uploads\/sites\/182\/2024\/07\/940d84c6-287c-4ec2-a8ed-b206ad208973-1236x824-3-300x200.jpg 300w, https:\/\/webs.uab.cat\/greab\/wp-content\/uploads\/sites\/182\/2024\/07\/940d84c6-287c-4ec2-a8ed-b206ad208973-1236x824-3-768x512.jpg 768w, https:\/\/webs.uab.cat\/greab\/wp-content\/uploads\/sites\/182\/2024\/07\/940d84c6-287c-4ec2-a8ed-b206ad208973-1236x824-3-1200x800.jpg 1200w, https:\/\/webs.uab.cat\/greab\/wp-content\/uploads\/sites\/182\/2024\/07\/940d84c6-287c-4ec2-a8ed-b206ad208973-1236x824-3.jpg 1236w\" sizes=\"auto, (max-width: 1024px) 100vw, 1024px\" \/><\/figure><div class=\"wp-block-media-text__content\">\n<p><strong><strong><strong>The remains of Aurora Picornell&#8217;s brother and five other victims of Francoism have been identified in Son Coletes and Formentera.<\/strong><\/strong><\/strong><\/p>\n\n\n\n<p>The bacterium of the Black Plague, <em>Yersinia pestis<\/em>, has been identified in an individual who was buried in the cemetery of Castell de Besora (Osona), in the 14th century.<\/p>\n\n\n\n<div class=\"wp-block-buttons is-layout-flex wp-block-buttons-is-layout-flex\">\n<div class=\"wp-block-button is-style-outline is-style-outline--4\"><a class=\"wp-block-button__link wp-element-button\" href=\"https:\/\/www.uab.cat\/web\/newsroom\/news-detail\/-1345830290613.html?detid=1345922736217\">Victims of 14th century bubonic plague located in central Catalonia<\/a><\/div>\n<\/div>\n<\/div><\/div>\n\n\n\n<hr class=\"wp-block-separator alignwide has-alpha-channel-opacity\" \/>\n\n\n\n<div class=\"wp-block-media-text alignwide is-stacked-on-mobile\" style=\"grid-template-columns:21% auto\"><figure class=\"wp-block-media-text__media\"><img loading=\"lazy\" decoding=\"async\" width=\"320\" height=\"320\" src=\"https:\/\/webs.uab.cat\/greab\/wp-content\/uploads\/sites\/182\/2024\/07\/baixa.jpg\" alt=\"\" class=\"wp-image-2032 size-full\" srcset=\"https:\/\/webs.uab.cat\/greab\/wp-content\/uploads\/sites\/182\/2024\/07\/baixa.jpg 320w, https:\/\/webs.uab.cat\/greab\/wp-content\/uploads\/sites\/182\/2024\/07\/baixa-300x300.jpg 300w, https:\/\/webs.uab.cat\/greab\/wp-content\/uploads\/sites\/182\/2024\/07\/baixa-150x150.jpg 150w\" sizes=\"auto, (max-width: 320px) 100vw, 320px\" \/><\/figure><div class=\"wp-block-media-text__content\">\n<p><em>Despertant la dama de les muntanyes<\/em> &#8211; Special program from the Museum of Archeology of Catalonia to discover the Lady of the Mountains and the sepulchral complex of the Montanissell cave (2024).<\/p>\n\n\n\n<p>The discovery, now 20 years ago, of the sepulchral cave of Montanissell (Sallent-Coll de Narg\u00f3, Alt Urgell) with the remains of 8 skeletons belonging to a population that lived in this area of \u200b\u200bthe Lleida Pre-Pyrenees about 5500 years ago, in the &#8216;Bronze Age, remains an enigma, despite the important fruits that scientific research has produced in these decades of research.<\/p>\n\n\n\n<div class=\"wp-block-buttons is-layout-flex wp-block-buttons-is-layout-flex\">\n<div class=\"wp-block-button is-style-outline is-style-outline--5\"><a class=\"wp-block-button__link wp-element-button\" href=\"https:\/\/www.rtve.es\/play\/audios\/sense-memoria\/despertant-dama-les-muntanyes\/16014268\/\" target=\"_blank\" rel=\"noreferrer noopener\">rtve program<\/a><\/div>\n<\/div>\n<\/div><\/div>\n\n\n\n<hr class=\"wp-block-separator alignwide has-alpha-channel-opacity\" \/>\n\n\n\n<div class=\"wp-block-media-text alignwide is-stacked-on-mobile\" style=\"grid-template-columns:26% auto\"><figure class=\"wp-block-media-text__media\"><img loading=\"lazy\" decoding=\"async\" width=\"1024\" height=\"602\" src=\"https:\/\/webs.uab.cat\/greab\/wp-content\/uploads\/sites\/182\/2024\/07\/Sense-titol-1024x602.png\" alt=\"\" class=\"wp-image-2046 size-full\" srcset=\"https:\/\/webs.uab.cat\/greab\/wp-content\/uploads\/sites\/182\/2024\/07\/Sense-titol-1024x602.png 1024w, https:\/\/webs.uab.cat\/greab\/wp-content\/uploads\/sites\/182\/2024\/07\/Sense-titol-300x176.png 300w, https:\/\/webs.uab.cat\/greab\/wp-content\/uploads\/sites\/182\/2024\/07\/Sense-titol-768x451.png 768w, https:\/\/webs.uab.cat\/greab\/wp-content\/uploads\/sites\/182\/2024\/07\/Sense-titol-1536x902.png 1536w, https:\/\/webs.uab.cat\/greab\/wp-content\/uploads\/sites\/182\/2024\/07\/Sense-titol-1200x705.png 1200w, https:\/\/webs.uab.cat\/greab\/wp-content\/uploads\/sites\/182\/2024\/07\/Sense-titol.png 1736w\" sizes=\"auto, (max-width: 1024px) 100vw, 1024px\" \/><\/figure><div class=\"wp-block-media-text__content\">\n<p><strong>The remains found in <em>Cal Pa and Figues<\/em> show that the plague passed through Catalonia in the 14th century (2023).<\/strong> An anthropological and genetic study signed by N\u00faria Armentano and Cristina Santos has confirmed the suspicions that arose during the archaeological excavation of Cal Pa i Figues, open between the years 2018 and 2021 and motivated by the construction works of the future new VINSEUM: a part of the individuals buried in the 14th century necropolis that was discovered there died due to the Black Death.<\/p>\n\n\n\n<div class=\"wp-block-buttons is-layout-flex wp-block-buttons-is-layout-flex\">\n<div class=\"wp-block-button is-style-outline is-style-outline--6\"><a class=\"wp-block-button__link wp-element-button\" href=\"https:\/\/www.rtvvilafranca.cat\/2023\/05\/les-restes-trobades-a-cal-pa-i-figues-evidencien-el-pas-de-la-pesta-per-catalunya-al-segle-xiv\/\" target=\"_blank\" rel=\"noreferrer noopener\">RTV VILAFRANCA<\/a><\/div>\n<\/div>\n<\/div><\/div>\n\n\n\n<hr class=\"wp-block-separator alignwide has-alpha-channel-opacity\" \/>\n\n\n\n<div class=\"wp-block-media-text alignwide is-stacked-on-mobile\" style=\"grid-template-columns:15% auto\"><figure class=\"wp-block-media-text__media\"><img loading=\"lazy\" decoding=\"async\" width=\"178\" height=\"169\" src=\"https:\/\/webs.uab.cat\/greab\/wp-content\/uploads\/sites\/182\/2024\/07\/cll0fuvh4uioqsnevb9j-1.jpg\" alt=\"\" class=\"wp-image-1746 size-full\" \/><\/figure><div class=\"wp-block-media-text__content\">\n<p><strong><em>F\u00f2rum de ci\u00e8ncia<\/em> <\/strong>&#8211; Interview with Assumption Malgosa Morera on R\u00e0dio l&#8217;Escala (2022)<\/p>\n\n\n\n<div class=\"wp-block-buttons is-layout-flex wp-block-buttons-is-layout-flex\">\n<div class=\"wp-block-button is-style-outline is-style-outline--7\"><a class=\"wp-block-button__link wp-element-button\" href=\"https:\/\/www.radiolescala.cat\/audio\/34280-forum-de-ciencia-assumpcio-malgosa\" target=\"_blank\" rel=\"noreferrer noopener\">F\u00f2rum de Ci\u00e8ncia &#8211; Assumpci\u00f3 Malgosa &#8211; R\u00e0dio l&#8217;Escala (radiolescala.cat)<\/a><\/div>\n<\/div>\n<\/div><\/div>\n\n\n\n<hr class=\"wp-block-separator alignwide has-alpha-channel-opacity\" \/>\n\n\n\n<div class=\"wp-block-columns alignwide is-layout-flex wp-container-core-columns-is-layout-9d6595d7 wp-block-columns-is-layout-flex\">\n<div class=\"wp-block-column is-layout-flow wp-block-column-is-layout-flow\">\n<figure class=\"wp-block-embed is-type-video is-provider-youtube wp-block-embed-youtube wp-embed-aspect-16-9 wp-has-aspect-ratio\"><div class=\"wp-block-embed__wrapper\">\n<iframe loading=\"lazy\" title=\"Taula rodona: EL CEMENTIRI ISL\u00c0MIC DEL BORN\" width=\"580\" height=\"326\" src=\"https:\/\/www.youtube.com\/embed\/CbOYLivObcg?start=329&#038;feature=oembed\" frameborder=\"0\" allow=\"accelerometer; autoplay; clipboard-write; encrypted-media; gyroscope; picture-in-picture; web-share\" referrerpolicy=\"strict-origin-when-cross-origin\" allowfullscreen><\/iframe>\n<\/div><\/figure>\n<\/div>\n\n\n\n<div class=\"wp-block-column is-layout-flow wp-block-column-is-layout-flow\">\n<p><strong>The Islamic cemetery of El Born<\/strong> &#8211; Round table with Assumption Malgosa, Cristina Santos, N\u00faria Armentano, Dolors Bramon, L\u00eddia Font, Antoni Rigo and Anna Molina (2021).<\/p>\n\n\n\n<p>In 1991, the only Islamic burial ritual necropolis found in Barcelona was discovered in Pla\u00e7a Comercial. For the first time, a necropolis of this type was documented in the city, dating from approximately the year 1100. Since then, new archaeological interventions have confirmed that the burial space occupied a large sector of this area of Ribera neighborhood. Thanks to studies and technology, we now have information about the buried people.<\/p>\n<\/div>\n<\/div>\n\n\n\n<div class=\"wp-block-buttons alignwide is-content-justification-center is-layout-flex wp-container-core-buttons-is-layout-16018d1d wp-block-buttons-is-layout-flex\">\n<div class=\"wp-block-button is-style-outline is-style-outline--8\"><a class=\"wp-block-button__link wp-element-button\" href=\"https:\/\/www.uab.cat\/web\/newsroom\/news-detail\/uab-researchers-shed-light-on-the-remains-of-born-s-medieval-islamic-cemetery-1345830290613.html?detid=1345852629647\" target=\"_blank\" rel=\"noreferrer noopener\">UAB researchers shed light on the remains of Born&#8217;s medieval Islamic cemetery<\/a><\/div>\n<\/div>\n","protected":false},"excerpt":{"rendered":"<p>News 129 lifes: When the black plague arrived in Vilafranca The exhibition presents an important part of the archaeological site that appeared during the construction works of the new VINSEUM. With the demolition of the Cal Pa i Figues building, in the summer of 2018, a medieval necropolis unexpectedly emerged, improvised by the arrival of [&hellip;]<\/p>\n","protected":false},"author":2921,"featured_media":0,"parent":0,"menu_order":0,"comment_status":"closed","ping_status":"closed","template":"","meta":{"footnotes":""},"class_list":["post-1956","page","type-page","status-publish","hentry"],"_links":{"self":[{"href":"https:\/\/webs.uab.cat\/greab\/wp-json\/wp\/v2\/pages\/1956","targetHints":{"allow":["GET"]}}],"collection":[{"href":"https:\/\/webs.uab.cat\/greab\/wp-json\/wp\/v2\/pages"}],"about":[{"href":"https:\/\/webs.uab.cat\/greab\/wp-json\/wp\/v2\/types\/page"}],"author":[{"embeddable":true,"href":"https:\/\/webs.uab.cat\/greab\/wp-json\/wp\/v2\/users\/2921"}],"replies":[{"embeddable":true,"href":"https:\/\/webs.uab.cat\/greab\/wp-json\/wp\/v2\/comments?post=1956"}],"version-history":[{"count":20,"href":"https:\/\/webs.uab.cat\/greab\/wp-json\/wp\/v2\/pages\/1956\/revisions"}],"predecessor-version":[{"id":2431,"href":"https:\/\/webs.uab.cat\/greab\/wp-json\/wp\/v2\/pages\/1956\/revisions\/2431"}],"wp:attachment":[{"href":"https:\/\/webs.uab.cat\/greab\/wp-json\/wp\/v2\/media?parent=1956"}],"curies":[{"name":"wp","href":"https:\/\/api.w.org\/{rel}","templated":true}]}}