{"id":73,"date":"2009-05-25T13:22:59","date_gmt":"2009-05-25T13:22:59","guid":{"rendered":"https:\/\/webs.uab.cat\/greab\/services\/"},"modified":"2025-05-30T20:28:03","modified_gmt":"2025-05-30T20:28:03","slug":"services","status":"publish","type":"page","link":"https:\/\/webs.uab.cat\/greab\/services\/","title":{"rendered":"Services"},"content":{"rendered":"\n<div class=\"wp-block-columns alignwide is-layout-flex wp-container-core-columns-is-layout-9d6595d7 wp-block-columns-is-layout-flex\">\n<div class=\"wp-block-column is-layout-flow wp-block-column-is-layout-flow\">\n<div class=\"wp-block-cover\" style=\"min-height:137px;aspect-ratio:unset;\"><span aria-hidden=\"true\" class=\"wp-block-cover__background has-background-dim\"><\/span><img loading=\"lazy\" decoding=\"async\" width=\"980\" height=\"588\" class=\"wp-block-cover__image-background wp-image-1876\" alt=\"\" src=\"https:\/\/webs.uab.cat\/greab\/wp-content\/uploads\/sites\/182\/2024\/07\/portada-articulo-cientifico.jpg\" data-object-fit=\"cover\" srcset=\"https:\/\/webs.uab.cat\/greab\/wp-content\/uploads\/sites\/182\/2024\/07\/portada-articulo-cientifico.jpg 980w, https:\/\/webs.uab.cat\/greab\/wp-content\/uploads\/sites\/182\/2024\/07\/portada-articulo-cientifico-300x180.jpg 300w, https:\/\/webs.uab.cat\/greab\/wp-content\/uploads\/sites\/182\/2024\/07\/portada-articulo-cientifico-768x461.jpg 768w\" sizes=\"auto, (max-width: 980px) 100vw, 980px\" \/><div class=\"wp-block-cover__inner-container is-layout-constrained wp-block-cover-is-layout-constrained\">\n<p class=\"has-text-align-center has-large-font-size\"><\/p>\n<\/div><\/div>\n\n\n\n<details class=\"wp-block-details is-layout-flow wp-block-details-is-layout-flow\"><summary>Genetic characterization of ancient populations<\/summary>\n<ul class=\"wp-block-list\">\n<li><strong>Genetic analysis for the specific capture of the Yersinia pestis genome from 16 samples of individuals from the archaeological site of Cal Pa i Figues (Vilafranca del Pened\u00e8s, Alt Pened\u00e8s)<\/strong>, Archaeological and Paleontological Heritage Service, Department of Culture, Generalitat of Catalonia, 2024-2025<\/li>\n\n\n\n<li><strong>Genetic analysis of genome sequencing at low coverage of 14 individuals from the Jewish Necropolis of les Roquetes (T\u00e0rrega, Urgell).<\/strong> Archaeological and Paleontological Heritage Service, Department of Culture, Generalitat de Catalunya, 2024-2025<\/li>\n\n\n\n<li><strong>Genetic analyzes of individuals from the Roman Necropolis of Can Batll\u00f3 with the aim of determining sex, establishing maternal kinship and determining the population origin of the individuals. <\/strong>ATICS SL. 2022-2023, 2024-2025.<\/li>\n\n\n\n<li><strong>Genetic analyses of bone remains of two individuals, an adult and a child, found in a burial in Serrat dels Espinyers to subsequently compare genetic profiles and analyze a possible family relationship. <\/strong>Department of History and Archaeology of the University of Barcelona. 2022.<\/li>\n\n\n\n<li><strong>Search for genetic evidence of viruses or bacteria that provide information on the cause of death of individuals buried in the 14th century necropolis of Cal Pa i Figues (Vilafranca del Pened\u00e8s, Alt Pened\u00e8s). <\/strong>Department of Culture of the Generalitat of Catalonia. 2021-2022. Principal investigator: Assumpci\u00f3 Malgosa and Cristina Santos.<\/li>\n\n\n\n<li><strong>Mitochondrial DNA analysis of the skeletal remains of 18 individuals from Islamic burials located in the site of Carrer Comercial in the Born neighborhood of Barcelona.<\/strong> Barcelona Archaeology Service, Department of Memory, History and Heritage. 2019-2020<\/li>\n\n\n\n<li><strong>Mitochondrial DNA analysis of the skeletal remains of an individual recovered in Roman Merida to determine the population origin. <\/strong>Anthropology and Health Research Center (CIAS), Life Sciences Department of the University of Coimbra (Portugal). 2019<\/li>\n<\/ul>\n<\/details>\n<\/div>\n\n\n\n<div class=\"wp-block-column is-layout-flow wp-block-column-is-layout-flow\">\n<div class=\"wp-block-cover\" style=\"min-height:137px;aspect-ratio:unset;\"><span aria-hidden=\"true\" class=\"wp-block-cover__background has-background-dim\"><\/span><img loading=\"lazy\" decoding=\"async\" width=\"960\" height=\"720\" class=\"wp-block-cover__image-background wp-image-2185\" alt=\"\" src=\"https:\/\/webs.uab.cat\/greab\/wp-content\/uploads\/sites\/182\/2024\/07\/Genetica-c.jpg\" data-object-fit=\"cover\" srcset=\"https:\/\/webs.uab.cat\/greab\/wp-content\/uploads\/sites\/182\/2024\/07\/Genetica-c.jpg 960w, https:\/\/webs.uab.cat\/greab\/wp-content\/uploads\/sites\/182\/2024\/07\/Genetica-c-300x225.jpg 300w, https:\/\/webs.uab.cat\/greab\/wp-content\/uploads\/sites\/182\/2024\/07\/Genetica-c-768x576.jpg 768w\" sizes=\"auto, (max-width: 960px) 100vw, 960px\" \/><div class=\"wp-block-cover__inner-container is-layout-constrained wp-block-cover-is-layout-constrained\">\n<p class=\"has-text-align-center has-large-font-size\"><\/p>\n<\/div><\/div>\n\n\n\n<details class=\"wp-block-details is-layout-flow wp-block-details-is-layout-flow\"><summary>Genetic characterization of modern populations<\/summary>\n<p><\/p>\n<\/details>\n<\/div>\n<\/div>\n\n\n\n<div class=\"wp-block-columns alignwide is-layout-flex wp-container-core-columns-is-layout-9d6595d7 wp-block-columns-is-layout-flex\">\n<div class=\"wp-block-column is-layout-flow wp-block-column-is-layout-flow\">\n<div class=\"wp-block-cover\" style=\"min-height:137px;aspect-ratio:unset;\"><span aria-hidden=\"true\" class=\"wp-block-cover__background has-background-dim\"><\/span><img loading=\"lazy\" decoding=\"async\" width=\"2200\" height=\"1100\" class=\"wp-block-cover__image-background wp-image-2192\" alt=\"\" src=\"https:\/\/webs.uab.cat\/greab\/wp-content\/uploads\/sites\/182\/2024\/07\/genetica-forense-portada-epb.jpg\" data-object-fit=\"cover\" srcset=\"https:\/\/webs.uab.cat\/greab\/wp-content\/uploads\/sites\/182\/2024\/07\/genetica-forense-portada-epb.jpg 2200w, https:\/\/webs.uab.cat\/greab\/wp-content\/uploads\/sites\/182\/2024\/07\/genetica-forense-portada-epb-300x150.jpg 300w, https:\/\/webs.uab.cat\/greab\/wp-content\/uploads\/sites\/182\/2024\/07\/genetica-forense-portada-epb-1024x512.jpg 1024w, https:\/\/webs.uab.cat\/greab\/wp-content\/uploads\/sites\/182\/2024\/07\/genetica-forense-portada-epb-768x384.jpg 768w, https:\/\/webs.uab.cat\/greab\/wp-content\/uploads\/sites\/182\/2024\/07\/genetica-forense-portada-epb-1536x768.jpg 1536w, https:\/\/webs.uab.cat\/greab\/wp-content\/uploads\/sites\/182\/2024\/07\/genetica-forense-portada-epb-2048x1024.jpg 2048w, https:\/\/webs.uab.cat\/greab\/wp-content\/uploads\/sites\/182\/2024\/07\/genetica-forense-portada-epb-1200x600.jpg 1200w, https:\/\/webs.uab.cat\/greab\/wp-content\/uploads\/sites\/182\/2024\/07\/genetica-forense-portada-epb-1980x990.jpg 1980w\" sizes=\"auto, (max-width: 2200px) 100vw, 2200px\" \/><div class=\"wp-block-cover__inner-container is-layout-constrained wp-block-cover-is-layout-constrained\">\n<p class=\"has-text-align-center has-large-font-size\"><\/p>\n<\/div><\/div>\n\n\n\n<details class=\"wp-block-details is-layout-flow wp-block-details-is-layout-flow\"><summary>Genetic-forensic studies<\/summary>\n<ul class=\"wp-block-list\">\n<li><strong>Excavation, exhumation and identification of bodies found in Civil War graves, coordinating technician, anthropological and historical study.<\/strong> Consejer\u00eda de Administraciones P\u00fablicas y Modernizaci\u00f3n. Illes Balears. Genetic identification participant. Universitat Aut\u00f2noma de Barcelona (UAB). 2019-2020, 2021-2022, 2023-2024 and 2025-2026.<\/li>\n\n\n\n<li><strong>An\u00e0lisi d\u2019ADN i confirmaci\u00f3 i identificaci\u00f3 de difunts. <\/strong>Principal investigator: Assumpci\u00f3 Malgosa. Funding entity: Cementiris de Barcelona SAU. 01\/03\/2018 &#8211; 31\/12\/2018. 2023-2025.<\/li>\n<\/ul>\n<\/details>\n<\/div>\n\n\n\n<div class=\"wp-block-column is-layout-flow wp-block-column-is-layout-flow\">\n<div class=\"wp-block-cover\" style=\"min-height:138px;aspect-ratio:unset;\"><span aria-hidden=\"true\" class=\"wp-block-cover__background has-background-dim\"><\/span><img loading=\"lazy\" decoding=\"async\" width=\"1920\" height=\"1280\" class=\"wp-block-cover__image-background wp-image-1894\" alt=\"\" src=\"https:\/\/webs.uab.cat\/greab\/wp-content\/uploads\/sites\/182\/2024\/07\/big-data-grundlagen.jpg\" data-object-fit=\"cover\" srcset=\"https:\/\/webs.uab.cat\/greab\/wp-content\/uploads\/sites\/182\/2024\/07\/big-data-grundlagen.jpg 1920w, https:\/\/webs.uab.cat\/greab\/wp-content\/uploads\/sites\/182\/2024\/07\/big-data-grundlagen-300x200.jpg 300w, https:\/\/webs.uab.cat\/greab\/wp-content\/uploads\/sites\/182\/2024\/07\/big-data-grundlagen-1024x683.jpg 1024w, https:\/\/webs.uab.cat\/greab\/wp-content\/uploads\/sites\/182\/2024\/07\/big-data-grundlagen-768x512.jpg 768w, https:\/\/webs.uab.cat\/greab\/wp-content\/uploads\/sites\/182\/2024\/07\/big-data-grundlagen-1536x1024.jpg 1536w, https:\/\/webs.uab.cat\/greab\/wp-content\/uploads\/sites\/182\/2024\/07\/big-data-grundlagen-1200x800.jpg 1200w\" sizes=\"auto, (max-width: 1920px) 100vw, 1920px\" \/><div class=\"wp-block-cover__inner-container is-layout-constrained wp-block-cover-is-layout-constrained\">\n<p class=\"has-text-align-center has-large-font-size\"><\/p>\n<\/div><\/div>\n\n\n\n<details class=\"wp-block-details is-layout-flow wp-block-details-is-layout-flow\"><summary>Epidemiological and statistical studies: data entry and statistical analysis<\/summary>\n<p><\/p>\n<\/details>\n<\/div>\n<\/div>\n\n\n\n<div class=\"wp-block-columns alignwide is-layout-flex wp-container-core-columns-is-layout-9d6595d7 wp-block-columns-is-layout-flex\">\n<div class=\"wp-block-column is-layout-flow wp-block-column-is-layout-flow\">\n<div class=\"wp-block-cover\" style=\"min-height:137px;aspect-ratio:unset;\"><span aria-hidden=\"true\" class=\"wp-block-cover__background has-background-dim\"><\/span><img loading=\"lazy\" decoding=\"async\" width=\"916\" height=\"687\" class=\"wp-block-cover__image-background wp-image-2096\" alt=\"\" src=\"https:\/\/webs.uab.cat\/greab\/wp-content\/uploads\/sites\/182\/2024\/07\/Imagen9-1.jpg\" data-object-fit=\"cover\" srcset=\"https:\/\/webs.uab.cat\/greab\/wp-content\/uploads\/sites\/182\/2024\/07\/Imagen9-1.jpg 916w, https:\/\/webs.uab.cat\/greab\/wp-content\/uploads\/sites\/182\/2024\/07\/Imagen9-1-300x225.jpg 300w, https:\/\/webs.uab.cat\/greab\/wp-content\/uploads\/sites\/182\/2024\/07\/Imagen9-1-768x576.jpg 768w\" sizes=\"auto, (max-width: 916px) 100vw, 916px\" \/><div class=\"wp-block-cover__inner-container is-layout-constrained wp-block-cover-is-layout-constrained\">\n<p class=\"has-text-align-center has-large-font-size\"><\/p>\n<\/div><\/div>\n\n\n\n<details class=\"wp-block-details is-layout-flow wp-block-details-is-layout-flow\"><summary>Anthropological-forensic studies<\/summary>\n<ul class=\"wp-block-list\">\n<li><strong>Location services, recovery and anthropological and genetic analysis of human bone remains from the Civil War and the Franco dictatorship.<\/strong> Departament de Just\u00edcia de la Generalitat de Catalunya. Universitat Aut\u00f2noma de Barcelona (UAB). 2017-2019. 2020-2022. 2023-2025. Cristina Pereira and Assumpci\u00f3 Malgosa. <\/li>\n\n\n\n<li><strong>Estudi antropol\u00f2gic de les restes humanes de la necr\u00f2polis d&#8217;\u00e8poca bizantina de Sa Tanca Vella. <\/strong>Principal investigator: M. Eul\u00e0lia Subir\u00e0. Duration: 5\/05\/18 &#8211; 5\/05\/19. <\/li>\n<\/ul>\n<\/details>\n<\/div>\n\n\n\n<div class=\"wp-block-column is-layout-flow wp-block-column-is-layout-flow\">\n<div class=\"wp-block-cover\" style=\"min-height:138px;aspect-ratio:unset;\"><span aria-hidden=\"true\" class=\"wp-block-cover__background has-background-dim\"><\/span><img loading=\"lazy\" decoding=\"async\" width=\"1280\" height=\"720\" class=\"wp-block-cover__image-background wp-image-2076\" alt=\"\" src=\"https:\/\/webs.uab.cat\/greab\/wp-content\/uploads\/sites\/182\/2024\/07\/pompeya1_f5fd5c3b_1280x720.jpg\" data-object-fit=\"cover\" srcset=\"https:\/\/webs.uab.cat\/greab\/wp-content\/uploads\/sites\/182\/2024\/07\/pompeya1_f5fd5c3b_1280x720.jpg 1280w, https:\/\/webs.uab.cat\/greab\/wp-content\/uploads\/sites\/182\/2024\/07\/pompeya1_f5fd5c3b_1280x720-300x169.jpg 300w, https:\/\/webs.uab.cat\/greab\/wp-content\/uploads\/sites\/182\/2024\/07\/pompeya1_f5fd5c3b_1280x720-1024x576.jpg 1024w, https:\/\/webs.uab.cat\/greab\/wp-content\/uploads\/sites\/182\/2024\/07\/pompeya1_f5fd5c3b_1280x720-768x432.jpg 768w, https:\/\/webs.uab.cat\/greab\/wp-content\/uploads\/sites\/182\/2024\/07\/pompeya1_f5fd5c3b_1280x720-1200x675.jpg 1200w\" sizes=\"auto, (max-width: 1280px) 100vw, 1280px\" \/><div class=\"wp-block-cover__inner-container is-layout-constrained wp-block-cover-is-layout-constrained\">\n<p class=\"has-text-align-center has-large-font-size\"><\/p>\n<\/div><\/div>\n\n\n\n<details class=\"wp-block-details is-layout-flow wp-block-details-is-layout-flow\"><summary>Population anthropological studies<\/summary>\n<ul class=\"wp-block-list\">\n<li><strong>Study of 50 individuals from the archaeological excavations carried out in La Sagrera.<\/strong> Principal investigator: Dra. M. Eul\u00e0lia Subir\u00e0. Funding entity: Antequem SL. Duration: since 2018.<\/li>\n\n\n\n<li><strong>Estudi antropol\u00f2gic i patol\u00f2gic de les restes excavades a l\u2019interior de la Casa trinit\u00e0ria d\u2019Avinganya els anys 1986 a 1992. <\/strong>Funding entity: Serveis T\u00e8cnics Arqueologia Diputaci\u00f3 de Lleida. Duration: 2018 &#8211; 2021. Principal investigator: M. Eul\u00e0lia Subir\u00e0.<\/li>\n<\/ul>\n<\/details>\n<\/div>\n<\/div>\n\n\n\n<p><\/p>\n","protected":false},"excerpt":{"rendered":"","protected":false},"author":20,"featured_media":0,"parent":0,"menu_order":0,"comment_status":"closed","ping_status":"closed","template":"","meta":{"footnotes":""},"class_list":["post-73","page","type-page","status-publish","hentry"],"_links":{"self":[{"href":"https:\/\/webs.uab.cat\/greab\/wp-json\/wp\/v2\/pages\/73","targetHints":{"allow":["GET"]}}],"collection":[{"href":"https:\/\/webs.uab.cat\/greab\/wp-json\/wp\/v2\/pages"}],"about":[{"href":"https:\/\/webs.uab.cat\/greab\/wp-json\/wp\/v2\/types\/page"}],"author":[{"embeddable":true,"href":"https:\/\/webs.uab.cat\/greab\/wp-json\/wp\/v2\/users\/20"}],"replies":[{"embeddable":true,"href":"https:\/\/webs.uab.cat\/greab\/wp-json\/wp\/v2\/comments?post=73"}],"version-history":[{"count":23,"href":"https:\/\/webs.uab.cat\/greab\/wp-json\/wp\/v2\/pages\/73\/revisions"}],"predecessor-version":[{"id":2392,"href":"https:\/\/webs.uab.cat\/greab\/wp-json\/wp\/v2\/pages\/73\/revisions\/2392"}],"wp:attachment":[{"href":"https:\/\/webs.uab.cat\/greab\/wp-json\/wp\/v2\/media?parent=73"}],"curies":[{"name":"wp","href":"https:\/\/api.w.org\/{rel}","templated":true}]}}