{"id":107,"date":"2017-12-05T13:11:39","date_gmt":"2017-12-05T13:11:39","guid":{"rendered":"https:\/\/webs.uab.cat\/greal\/2004-2\/"},"modified":"2017-12-05T13:11:39","modified_gmt":"2017-12-05T13:11:39","slug":"2004-2","status":"publish","type":"page","link":"https:\/\/webs.uab.cat\/greal\/2004-2\/","title":{"rendered":"2004"},"content":{"rendered":"<p class=\"rtejustify\">P\u00c9REZ, J.; BATALLER, F. (2004) 10 ex\u00e0mens de valenci\u00e0 mitj\u00e0. Barcelona: Editorial Teide S. A.<br \/>\nP\u00c9REZ, J.; BATALLER, F. (2004) 10 ex\u00e0mens de valenci\u00e0 elemental. Barcelona: Editorial Teide S. A.<br \/>\nP\u00c9REZ, J.; BATALLER, F. (2004) 10 ex\u00e0mens de valenci\u00e0 superior. Barcelona: Editorial Teide S. A.<br \/>\nCAMPS, A. (2004) &#8220;Actividades verbales y aprendizaje del uso de la lengua en la escuela primaria\u201d a GONZ\u00c1LEZ LANDA, C. i ALVAREZ ANGULO, T. (dir.): Leer y escribir desde la educaci\u00f3n infantil y primaria. Madrid: MEC, Instituto Superior de Formaci\u00f3n del Profesorado (col. Aulas de verano), 169-189. [ISBN: 84-369-3872-0]<br \/>\nCAMPS, A.; GUASCH, O.; MILIAN, M.; RIBAS, T. (2004) &nbsp;\u201cEl escrito en la oralidad: el texto intentado\u201d a Archivos de Ciencias de la Educaci\u00f3n, any 1, n\u00fam. 1, quarta \u00e8poca. Universidad de La Plata. [ISSN 0518-3669]<br \/>\nGUASCH, O. (2004) \u201cHablar para escribir\u201d a La composici\u00f3n escrita (de 3 a 16 a\u00f1os). Barcelona: Editorial Gra\u00f3, 39-46.<br \/>\nGRACIA, C. (2004) &#8220;L&#8217;aspecte verbal en les narracions de ficci\u00f3. Una reflexi\u00f3 interling\u00fc\u00edstica\u201d. Articles de Did\u00e0ctica de la Llengua i la Literatura, n\u00fam. 33. [ISSN:1133-9845]<br \/>\nMILIAN, M. (2004) \u201cLa ense\u00f1anza de la gram\u00e1tica: pensar la oraci\u00f3n\u201d a Textos de Did\u00e1ctica de la Lengua y la Literatura. Barcelona: volum 37, 36-51.[ISSN: 1133-9829]<br \/>\nCAMPS, A.; MILIAN, M.; BIGAS, M.; CAMPS, M.; CABR\u00c9, P. (2004) La ense\u00f1anza de la ortograf\u00eda. Barcelona: Editorial Gra\u00f3.<br \/>\nGUASCH, O.; MILIAN, M. (2004) \u201cLa formaci\u00f3n del profesorado en las comunidades con dos lenguas oficiales\u201d. Textos de did\u00e1ctica de lengua y de la literatura, 37. Barcelona: 105-110.<br \/>\nRUIZ, &nbsp;U.; VERA, M. (2004) \u201cLa reflexi\u00f3n sobre la lengua\u201d. Textos de Did\u00e1ctica de la Lengua y la Literatura. Barcelona: Editorial Gra\u00f3, &nbsp;n\u00fam. 37, 9-15. [ISSN: 1133-9829]<br \/>\nGUASCH, O; GRACIA, C.; CARRASCO, P. (2004) L&#8217;aspecte verbal en les narracions de ficci\u00f3. Una reflexi\u00f3 interling\u00fc\u00edstica. Articles de Did\u00e0ctica de la Llengua i la Literatura, 33. Barcelona: 57-68. [ISSN 1133-9845]<br \/>\nCAMPS, A.; MILIAN, M.; BIGAS, M.; CAMPS, M. (2004) L\u2019ensenyament de l\u2019ortografia. Barcelona: Editorial Gra\u00f3.<br \/>\nCAMPS, A. (2004) &#8220;Miradas diversas a la ense\u00f1anza y aprendizaje de la composici\u00f3n escrita&#8221;. Lectura y Vida any 24, n\u00fam. 4, 14-23.<br \/>\nGUASCH, O.; MILIAN, M. (2004) \u201cMulticulturalismo y pluriling\u00fcismo escolar. la formaci\u00f3n inicial del profesorado de la ense\u00f1anza obligatoria en las comunidades con dos lenguas oficiales\u201d.Tarbiya: Revista de investigaci\u00f3n e innovaci\u00f3n educativa, 34. Barcelona: 125-134.<br \/>\nCAMPS, A. (2004) \u201cObjeto, modalidades y \u00e1mbitos de la investigaci\u00f3n en Did\u00e1ctica de la Lengua\u201d. Lenguaje, 32 (Escuela de Ciencias del Lenguaje: Cali, Colombia), 7-27.<br \/>\nRODR\u00cdGUEZ, C. ; ZAYAS, F. (2004) &nbsp;\u201cSintaxis y educaci\u00f3n literaria\u201d. Textos de Did\u00e1ctica de la Lengua y de la Literatura. Barcelona: n\u00fam. 37, 65- 75. [ISSN: 1133-9829]<br \/>\nCASAS, M.; DAN\u00c9S, A. (2004) Tots els colors de la llengua. Vic: L\u2019\u00c0lber. [ISBN: 978-84-88887-83-2]<\/p>\n","protected":false},"excerpt":{"rendered":"<p>P\u00c9REZ, J.; BATALLER, F. (2004) 10 ex\u00e0mens de valenci\u00e0 mitj\u00e0. Barcelona: Editorial Teide S. A. P\u00c9REZ, J.; BATALLER, F. (2004) 10 ex\u00e0mens de valenci\u00e0 elemental. Barcelona: Editorial Teide S. A. P\u00c9REZ, J.; BATALLER, F. (2004) 10 ex\u00e0mens de valenci\u00e0 superior. Barcelona: Editorial Teide S. A. CAMPS, A. (2004) &#8220;Actividades verbales y aprendizaje del uso de [&hellip;]<\/p>\n","protected":false},"author":20,"featured_media":0,"parent":0,"menu_order":0,"comment_status":"closed","ping_status":"closed","template":"","meta":{"footnotes":""},"class_list":["post-107","page","type-page","status-publish","hentry"],"_links":{"self":[{"href":"https:\/\/webs.uab.cat\/greal\/wp-json\/wp\/v2\/pages\/107","targetHints":{"allow":["GET"]}}],"collection":[{"href":"https:\/\/webs.uab.cat\/greal\/wp-json\/wp\/v2\/pages"}],"about":[{"href":"https:\/\/webs.uab.cat\/greal\/wp-json\/wp\/v2\/types\/page"}],"author":[{"embeddable":true,"href":"https:\/\/webs.uab.cat\/greal\/wp-json\/wp\/v2\/users\/20"}],"replies":[{"embeddable":true,"href":"https:\/\/webs.uab.cat\/greal\/wp-json\/wp\/v2\/comments?post=107"}],"version-history":[{"count":0,"href":"https:\/\/webs.uab.cat\/greal\/wp-json\/wp\/v2\/pages\/107\/revisions"}],"wp:attachment":[{"href":"https:\/\/webs.uab.cat\/greal\/wp-json\/wp\/v2\/media?parent=107"}],"curies":[{"name":"wp","href":"https:\/\/api.w.org\/{rel}","templated":true}]}}