{"id":126,"date":"2017-12-11T13:11:16","date_gmt":"2017-12-11T13:11:16","guid":{"rendered":"https:\/\/webs.uab.cat\/greal\/xavier-fontich-vicens\/"},"modified":"2022-07-26T17:19:28","modified_gmt":"2022-07-26T17:19:28","slug":"xavier-fontich-vicens","status":"publish","type":"page","link":"https:\/\/webs.uab.cat\/greal\/xavier-fontich-vicens\/","title":{"rendered":"Xavier Fontich Vicens"},"content":{"rendered":"<p class=\"rtejustify\"><img loading=\"lazy\" decoding=\"async\" class=\" size-full wp-image-120\" alt=\"xavier_fontich_0.jpg\" src=\"https:\/\/webs.uab.cat\/greal\/wp-content\/uploads\/sites\/69\/2017\/12\/xavier_fontich_0.jpg\" style=\"width:184px; height:184px; float:left\" width=\"184\" height=\"184\" srcset=\"https:\/\/webs.uab.cat\/greal\/wp-content\/uploads\/sites\/69\/2017\/12\/xavier_fontich_0.jpg 184w, https:\/\/webs.uab.cat\/greal\/wp-content\/uploads\/sites\/69\/2017\/12\/xavier_fontich_0-150x150.jpg 150w\" sizes=\"auto, (max-width: 184px) 100vw, 184px\" \/>Professor de la Universitat Aut\u00f2noma de Barcelona&nbsp;<\/p>\n<p class=\"rtejustify\">Adre\u00e7a electr\u00f2nica: xavier.fontich@uab.cat<\/p>\n<p class=\"rtejustify\">Professor de secund\u00e0ria des de 1995 i des de 2005 tamb\u00e9 professor associat al Departament de Did\u00e0ctica de la Llengua i la Literatura de la Universitat Aut\u00f2noma de Barcelona. Ha publicat diversos treballs sobre l&#8217;ensenyament de llengua, entre els quals destaquen el llibre Hablar y escribir para aprender gram\u00e0tica (2006), I Premi d&#8217;Innovaci\u00f3 Educativa Xavier Gil (UB-ICE), i l&#8217;article &#8220;Llegir i escriure a la secund\u00e0ria: una wikillibreta de vacances&#8221;, Premio Tel\u00e9maco 2009.<\/p>\n<p class=\"rtejustify\">Doctor en Did\u00e0ctica de la Llengua i la Literatura amb la tesi La construcci\u00f3 del saber metaling\u00fc\u00edstic.<\/p>\n<p class=\"rtejustify\"><a href=\"http:\/\/grupsderecerca.uab.cat\/greal\/sites\/grupsderecerca.uab.cat.greal\/files\/cv_xf_febrer_2019_v2.pdf\" target=\"_blank\" rel=\"noopener\">Curr\u00edculum<\/a><\/p>\n<p class=\"rtejustify\"><img loading=\"lazy\" decoding=\"async\" class=\" size-full wp-image-123\" alt=\"llibret.fw__2.png\" src=\"https:\/\/webs.uab.cat\/greal\/wp-content\/uploads\/sites\/69\/2017\/12\/llibret.fw__2.png\" style=\"width:50px;height:50px;\" width=\"50\" height=\"50\"><a href=\"http:\/\/grupsderecerca.uab.cat\/greal\/ca\/content\/publicacions-xavier-fontich-vicens\">Publicacions<\/a><\/p>\n","protected":false},"excerpt":{"rendered":"<p>Professor de la Universitat Aut\u00f2noma de Barcelona&nbsp; Adre\u00e7a electr\u00f2nica: xavier.fontich@uab.cat Professor de secund\u00e0ria des de 1995 i des de 2005 tamb\u00e9 professor associat al Departament de Did\u00e0ctica de la Llengua i la Literatura de la Universitat Aut\u00f2noma de Barcelona. Ha publicat diversos treballs sobre l&#8217;ensenyament de llengua, entre els quals destaquen el llibre Hablar y [&hellip;]<\/p>\n","protected":false},"author":20,"featured_media":0,"parent":0,"menu_order":0,"comment_status":"closed","ping_status":"closed","template":"","meta":{"footnotes":""},"class_list":["post-126","page","type-page","status-publish","hentry"],"_links":{"self":[{"href":"https:\/\/webs.uab.cat\/greal\/wp-json\/wp\/v2\/pages\/126","targetHints":{"allow":["GET"]}}],"collection":[{"href":"https:\/\/webs.uab.cat\/greal\/wp-json\/wp\/v2\/pages"}],"about":[{"href":"https:\/\/webs.uab.cat\/greal\/wp-json\/wp\/v2\/types\/page"}],"author":[{"embeddable":true,"href":"https:\/\/webs.uab.cat\/greal\/wp-json\/wp\/v2\/users\/20"}],"replies":[{"embeddable":true,"href":"https:\/\/webs.uab.cat\/greal\/wp-json\/wp\/v2\/comments?post=126"}],"version-history":[{"count":1,"href":"https:\/\/webs.uab.cat\/greal\/wp-json\/wp\/v2\/pages\/126\/revisions"}],"predecessor-version":[{"id":301,"href":"https:\/\/webs.uab.cat\/greal\/wp-json\/wp\/v2\/pages\/126\/revisions\/301"}],"wp:attachment":[{"href":"https:\/\/webs.uab.cat\/greal\/wp-json\/wp\/v2\/media?parent=126"}],"curies":[{"name":"wp","href":"https:\/\/api.w.org\/{rel}","templated":true}]}}