{"id":133,"date":"2017-12-11T13:20:43","date_gmt":"2017-12-11T13:20:43","guid":{"rendered":"https:\/\/webs.uab.cat\/greal\/publicacions-rosa-gil-juan\/"},"modified":"2017-12-11T13:20:43","modified_gmt":"2017-12-11T13:20:43","slug":"publicacions-rosa-gil-juan","status":"publish","type":"page","link":"https:\/\/webs.uab.cat\/greal\/publicacions-rosa-gil-juan\/","title":{"rendered":"Publicacions Rosa Gil Juan"},"content":{"rendered":"<p class=\"rtejustify\">Gil Juan, M.R.; Birelo, M. (2014). Creencias sobre la ense\u00f1anza de la composici\u00f3n escrita y de la gram\u00e1tica de estudiantes del grado de prim\u00e0ria y de eduaci\u00f3n infantil. Tejuelo. Revista de Did\u00e1ctica de la Lengua y la Literatura. Any VII, n\u00ba10, 11-26<br \/>\nGil Juan, R.M.; Bigas, M. (2014). The use of metalinguistic terms inn writing activities in early primary school classrooms. Dins Ribas, T.; Fontich, X.; Guasch, O. (eds.) Grammar at School. Research on Metalinguistic Activity in Language Education. Brussel\u00b7les: Peter Lang. (ISBN: 978-2-87574-201-8).<br \/>\nGIL, M. R. (2012) \u00c1lbumes que versionan y acogen: nuevas oportunidades para los cl\u00e1sicos de siempre. A COLOMER, T.; FITTIPALDI, M. (coords.) (2012) La literatura que acoge. Inmigraci\u00f3n y lectura de \u00e1lbumes ilustrados. Barcelona\/Caracas: Banco del Libro.<br \/>\nBIGAS, M.; GIL, M. R. (en premsa) Influencia de las creencias de los docentes en el proceso de alfabetizaci\u00f3n inicial. 2\u00ba Congreso Internacional do Ensinho de la Lingua Portuguesa. Lisboa: EXEDRA. Escola Superior de Educa\u00e7\u00e2o de Coimbra (ESEC).<br \/>\nBOFARULL, M. T.; CEREZO, M.; GIL, M. R.; JOLIBERT, J.; MART\u00cdNEZ RICO, G.; OLLER, C.; PIPKIN, M.; QUINTANAL, J.; SERRA, J.; SOL\u00c9, I.; SOLIVA, M. ; TEBEROSKY, A.; TOLCHINSKY, L.; VIDAL ABARCA, E. (2001) &#8220;Rincones para aprender a leer&#8221; al llibre Comprensi\u00f3n Lectora. El uso de la lengua como procedimiento. Barcelona: Editorial Gra\u00f3. volum 1, 111-131.<\/p>\n","protected":false},"excerpt":{"rendered":"<p>Gil Juan, M.R.; Birelo, M. (2014). Creencias sobre la ense\u00f1anza de la composici\u00f3n escrita y de la gram\u00e1tica de estudiantes del grado de prim\u00e0ria y de eduaci\u00f3n infantil. Tejuelo. Revista de Did\u00e1ctica de la Lengua y la Literatura. Any VII, n\u00ba10, 11-26 Gil Juan, R.M.; Bigas, M. (2014). The use of metalinguistic terms inn writing [&hellip;]<\/p>\n","protected":false},"author":20,"featured_media":0,"parent":0,"menu_order":0,"comment_status":"closed","ping_status":"closed","template":"","meta":{"footnotes":""},"class_list":["post-133","page","type-page","status-publish","hentry"],"_links":{"self":[{"href":"https:\/\/webs.uab.cat\/greal\/wp-json\/wp\/v2\/pages\/133","targetHints":{"allow":["GET"]}}],"collection":[{"href":"https:\/\/webs.uab.cat\/greal\/wp-json\/wp\/v2\/pages"}],"about":[{"href":"https:\/\/webs.uab.cat\/greal\/wp-json\/wp\/v2\/types\/page"}],"author":[{"embeddable":true,"href":"https:\/\/webs.uab.cat\/greal\/wp-json\/wp\/v2\/users\/20"}],"replies":[{"embeddable":true,"href":"https:\/\/webs.uab.cat\/greal\/wp-json\/wp\/v2\/comments?post=133"}],"version-history":[{"count":0,"href":"https:\/\/webs.uab.cat\/greal\/wp-json\/wp\/v2\/pages\/133\/revisions"}],"wp:attachment":[{"href":"https:\/\/webs.uab.cat\/greal\/wp-json\/wp\/v2\/media?parent=133"}],"curies":[{"name":"wp","href":"https:\/\/api.w.org\/{rel}","templated":true}]}}