{"id":143,"date":"2017-12-11T13:29:32","date_gmt":"2017-12-11T13:29:32","guid":{"rendered":"https:\/\/webs.uab.cat\/greal\/anna-camps-i-mundo\/"},"modified":"2022-07-26T17:20:17","modified_gmt":"2022-07-26T17:20:17","slug":"anna-camps-i-mundo","status":"publish","type":"page","link":"https:\/\/webs.uab.cat\/greal\/anna-camps-i-mundo\/","title":{"rendered":"Anna Camps i Mund\u00f3"},"content":{"rendered":"<p class=\"rtejustify\"><img loading=\"lazy\" decoding=\"async\" class=\" size-full wp-image-140\" alt=\"anna_camps_0.jpg\" src=\"https:\/\/webs.uab.cat\/greal\/wp-content\/uploads\/sites\/69\/2017\/12\/anna_camps_0.jpg\" style=\"width:184px; height:184px; float:left\" width=\"184\" height=\"184\" srcset=\"https:\/\/webs.uab.cat\/greal\/wp-content\/uploads\/sites\/69\/2017\/12\/anna_camps_0.jpg 184w, https:\/\/webs.uab.cat\/greal\/wp-content\/uploads\/sites\/69\/2017\/12\/anna_camps_0-150x150.jpg 150w\" sizes=\"auto, (max-width: 184px) 100vw, 184px\" \/>Professora de la Universitat Aut\u00f2noma de Barcelona<br \/>\nAdre\u00e7a electr\u00f2nica: anna.camps@uab.cat<\/p>\n<p class=\"rtejustify\">Catedr\u00e0tica em\u00e8rita de Did\u00e0ctica de la Llengua. \u00c9s mestra, llicenciada en Pedagogia i en Filologia rom\u00e0nica i Doctora en Psicologia. Ha impartit doc\u00e8ncia en formaci\u00f3 inicial i permanent del professorat i en diversos m\u00e0sters i doctorats.<\/p>\n<p class=\"rtejustify\">Les seves l\u00ednies d\u2019investigaci\u00f3 priorit\u00e0ries giren entorn de l\u2019ensenyament de la llengua escrita i de la reflexi\u00f3 metaling\u00fc\u00edstica i l\u2019ensenyament de la gram\u00e0tica en els nivells &nbsp;de prim\u00e0ria i de secund\u00e0ria. Ha estat investigadora principal de projectes relacionats amb aquests temes i ha dirigit nombroses tesis doctorals. Tamb\u00e9 ha coordinat i participat en diverses xarxes de grups recerca.<\/p>\n<p class=\"rtejustify\">T\u00e9 m\u00e9s de dues-centes publicacions sobre temes de Did\u00e0ctica de la llengua i sobre recerca i ha impartit confer\u00e8ncies en diverses universitats i congressos internacionals.<\/p>\n<p class=\"rtejustify\">Forma part de l\u2019equip de direcci\u00f3 de la revista \u201cArticles\u201d i \u00e9s membre dels consells assessors de nombroses revistes sobre ling\u00fc\u00edstica i sobre ensenyament de la llengua i la literatura.<\/p>\n<p class=\"rtejustify\">&nbsp;<\/p>\n<p class=\"rtejustify\"><img loading=\"lazy\" decoding=\"async\" class=\" size-full wp-image-91\" alt=\"llibret.fw_.png\" src=\"https:\/\/webs.uab.cat\/greal\/wp-content\/uploads\/sites\/69\/2017\/12\/llibret.fw_.png\" style=\"width:50px;height:50px;\" width=\"50\" height=\"50\"><a href=\"http:\/\/grupsderecerca.uab.cat\/greal\/ca\/content\/publicacions-anna-camps-i-mund%C3%B3\">Publicacions<\/a><\/p>\n","protected":false},"excerpt":{"rendered":"<p>Professora de la Universitat Aut\u00f2noma de Barcelona Adre\u00e7a electr\u00f2nica: anna.camps@uab.cat Catedr\u00e0tica em\u00e8rita de Did\u00e0ctica de la Llengua. \u00c9s mestra, llicenciada en Pedagogia i en Filologia rom\u00e0nica i Doctora en Psicologia. Ha impartit doc\u00e8ncia en formaci\u00f3 inicial i permanent del professorat i en diversos m\u00e0sters i doctorats. Les seves l\u00ednies d\u2019investigaci\u00f3 priorit\u00e0ries giren entorn de l\u2019ensenyament [&hellip;]<\/p>\n","protected":false},"author":20,"featured_media":0,"parent":0,"menu_order":0,"comment_status":"closed","ping_status":"closed","template":"","meta":{"footnotes":""},"class_list":["post-143","page","type-page","status-publish","hentry"],"_links":{"self":[{"href":"https:\/\/webs.uab.cat\/greal\/wp-json\/wp\/v2\/pages\/143","targetHints":{"allow":["GET"]}}],"collection":[{"href":"https:\/\/webs.uab.cat\/greal\/wp-json\/wp\/v2\/pages"}],"about":[{"href":"https:\/\/webs.uab.cat\/greal\/wp-json\/wp\/v2\/types\/page"}],"author":[{"embeddable":true,"href":"https:\/\/webs.uab.cat\/greal\/wp-json\/wp\/v2\/users\/20"}],"replies":[{"embeddable":true,"href":"https:\/\/webs.uab.cat\/greal\/wp-json\/wp\/v2\/comments?post=143"}],"version-history":[{"count":1,"href":"https:\/\/webs.uab.cat\/greal\/wp-json\/wp\/v2\/pages\/143\/revisions"}],"predecessor-version":[{"id":304,"href":"https:\/\/webs.uab.cat\/greal\/wp-json\/wp\/v2\/pages\/143\/revisions\/304"}],"wp:attachment":[{"href":"https:\/\/webs.uab.cat\/greal\/wp-json\/wp\/v2\/media?parent=143"}],"curies":[{"name":"wp","href":"https:\/\/api.w.org\/{rel}","templated":true}]}}