{"id":151,"date":"2017-12-11T13:34:39","date_gmt":"2017-12-11T13:34:39","guid":{"rendered":"https:\/\/webs.uab.cat\/greal\/oriol-guasch-boye\/"},"modified":"2022-07-26T17:20:29","modified_gmt":"2022-07-26T17:20:29","slug":"oriol-guasch-boye","status":"publish","type":"page","link":"https:\/\/webs.uab.cat\/greal\/oriol-guasch-boye\/","title":{"rendered":"Oriol Guasch Boy\u00e9"},"content":{"rendered":"<p class=\"rtejustify\"><img loading=\"lazy\" decoding=\"async\" class=\" size-full wp-image-145\" alt=\"oriol_guasch_0.jpg\" src=\"https:\/\/webs.uab.cat\/greal\/wp-content\/uploads\/sites\/69\/2017\/12\/oriol_guasch_0.jpg\" style=\"width:184px; height:184px; float:left\" width=\"184\" height=\"184\" srcset=\"https:\/\/webs.uab.cat\/greal\/wp-content\/uploads\/sites\/69\/2017\/12\/oriol_guasch_0.jpg 184w, https:\/\/webs.uab.cat\/greal\/wp-content\/uploads\/sites\/69\/2017\/12\/oriol_guasch_0-150x150.jpg 150w\" sizes=\"auto, (max-width: 184px) 100vw, 184px\" \/>Professor de la Universitat Aut\u00f2noma de Barcelona<br \/>\nAdre\u00e7a electr\u00f2nica: oriol.guasch@uab.cat<\/p>\n<p class=\"rtejustify\">Llicenciat en Filologia i Lletres (Secci\u00f3 de Filologia Rom\u00e0nica &#8211; Subsecci\u00f3 Catalana) per la Universitat de Barcelona (1974). &nbsp;Doctor en Filologia Rom\u00e0nica per la Universitat Aut\u00f2noma de Barcelona (1999). La seva activitat docent es desenvolupa fonamentalment a la Facultat de Ci\u00e8ncies de l&#8217;Educaci\u00f3 de la UAB, a les titulacions d\u2019Educaci\u00f3 Infantil i d\u2019Educaci\u00f3 Prim\u00e0ria, al M\u00e0ster de recerca en did\u00e0ctica de la llengua i la literatura i al M\u00e0ster de formaci\u00f3 del professorat de secund\u00e0ria (especialitat Llengua i literatura)<\/p>\n<p class=\"rtejustify\">La seva activitat investigadora s\u2019ha centrat en l\u2019ensenyament i l\u2019aprenentatge de la composici\u00f3 escrita en segones lleng\u00fces, l\u2019ensenyament i l\u2019aprenentatge de la gram\u00e0tica i la planificaci\u00f3 de l\u2019educaci\u00f3 de l\u2019educaci\u00f3 pluriling\u00fce. Les seves publicacions versen sobre aquests tres temes.<\/p>\n<p class=\"rtejustify\">\u00c9s membre del consell de redacci\u00f3 de la revista \u201cArticles de Did\u00e0ctica de la Llengua i la Literatura\u201d.<\/p>\n<p class=\"rtejustify\"><img loading=\"lazy\" decoding=\"async\" class=\" size-full wp-image-148\" alt=\"llibret.fw__0.png\" src=\"https:\/\/webs.uab.cat\/greal\/wp-content\/uploads\/sites\/69\/2017\/12\/llibret.fw__0.png\" style=\"width:50px;height:50px;\" width=\"50\" height=\"50\"><a href=\"http:\/\/grupsderecerca.uab.cat\/greal\/ca\/content\/publicacions-oriol-guasch-boy%C3%A9\">Publicacions<\/a><\/p>\n","protected":false},"excerpt":{"rendered":"<p>Professor de la Universitat Aut\u00f2noma de Barcelona Adre\u00e7a electr\u00f2nica: oriol.guasch@uab.cat Llicenciat en Filologia i Lletres (Secci\u00f3 de Filologia Rom\u00e0nica &#8211; Subsecci\u00f3 Catalana) per la Universitat de Barcelona (1974). &nbsp;Doctor en Filologia Rom\u00e0nica per la Universitat Aut\u00f2noma de Barcelona (1999). La seva activitat docent es desenvolupa fonamentalment a la Facultat de Ci\u00e8ncies de l&#8217;Educaci\u00f3 de la [&hellip;]<\/p>\n","protected":false},"author":20,"featured_media":0,"parent":0,"menu_order":0,"comment_status":"closed","ping_status":"closed","template":"","meta":{"footnotes":""},"class_list":["post-151","page","type-page","status-publish","hentry"],"_links":{"self":[{"href":"https:\/\/webs.uab.cat\/greal\/wp-json\/wp\/v2\/pages\/151","targetHints":{"allow":["GET"]}}],"collection":[{"href":"https:\/\/webs.uab.cat\/greal\/wp-json\/wp\/v2\/pages"}],"about":[{"href":"https:\/\/webs.uab.cat\/greal\/wp-json\/wp\/v2\/types\/page"}],"author":[{"embeddable":true,"href":"https:\/\/webs.uab.cat\/greal\/wp-json\/wp\/v2\/users\/20"}],"replies":[{"embeddable":true,"href":"https:\/\/webs.uab.cat\/greal\/wp-json\/wp\/v2\/comments?post=151"}],"version-history":[{"count":1,"href":"https:\/\/webs.uab.cat\/greal\/wp-json\/wp\/v2\/pages\/151\/revisions"}],"predecessor-version":[{"id":305,"href":"https:\/\/webs.uab.cat\/greal\/wp-json\/wp\/v2\/pages\/151\/revisions\/305"}],"wp:attachment":[{"href":"https:\/\/webs.uab.cat\/greal\/wp-json\/wp\/v2\/media?parent=151"}],"curies":[{"name":"wp","href":"https:\/\/api.w.org\/{rel}","templated":true}]}}