{"id":156,"date":"2017-12-11T13:39:01","date_gmt":"2017-12-11T13:39:01","guid":{"rendered":"https:\/\/webs.uab.cat\/greal\/marta-milian-gubern\/"},"modified":"2022-07-26T17:20:40","modified_gmt":"2022-07-26T17:20:40","slug":"marta-milian-gubern","status":"publish","type":"page","link":"https:\/\/webs.uab.cat\/greal\/marta-milian-gubern\/","title":{"rendered":"Marta Milian Gubern"},"content":{"rendered":"<p class=\"rtejustify\"><img loading=\"lazy\" decoding=\"async\" class=\" size-full wp-image-153\" alt=\"marta_milian_1.jpg\" src=\"https:\/\/webs.uab.cat\/greal\/wp-content\/uploads\/sites\/69\/2017\/12\/marta_milian_1.jpg\" style=\"width:184px; height:184px; float:left\" width=\"184\" height=\"184\" srcset=\"https:\/\/webs.uab.cat\/greal\/wp-content\/uploads\/sites\/69\/2017\/12\/marta_milian_1.jpg 184w, https:\/\/webs.uab.cat\/greal\/wp-content\/uploads\/sites\/69\/2017\/12\/marta_milian_1-150x150.jpg 150w\" sizes=\"auto, (max-width: 184px) 100vw, 184px\" \/>Professora de la Universitat Aut\u00f2noma de Barcelona<br \/>\nAdre\u00e7a electr\u00f2nica: marta.milian@uab.cat<\/p>\n<p class=\"rtejustify\">Marta Milian Gubern \u00e9s Llicenciada en Filologia (Idiomes Moderns) i en Filologia Catalana per la Universitat de Barcelona, i Doctora en Filosofia i Lletres per la Universitat Aut\u00f2noma de Barcelona. \u00c9s docent de la Facultat de Ci\u00e8ncies de l&#8217;Educaci\u00f3 de la Universitat Aut\u00f2noma de Barcelona des de 1980.<br \/>\nLa seva traject\u00f2ria investigadora s&#8217;orienta a l&#8217;ensenyament i aprenentatge de la composici\u00f3 escrita i g\u00e8neres discursius, l&#8217;ensenyament i aprenentatge de la gram\u00e0tica i l&#8217;activitat\/reflexi\u00f3 metaling\u00fc\u00edstica en entorns pluriling\u00fces. Les l\u00ednies d&#8217;investigaci\u00f3 utilitzen l&#8217;an\u00e0lisi de la interacci\u00f3 entre els alumnes i\/o entre alumnes i professor com a base per aprofundir en l&#8217;activitat d&#8217;ensenyament i aprenentatge que es desenvolupa en contexts d&#8217;aula.<br \/>\n\u00c9s membre actiu del grup GREAL, dirigit per la Dra. AnnaCamps, grup coordinador de la Xarxa Incentivadorade Recerca sobre l&#8217;Educaci\u00f3 Ling\u00fc\u00edstica i Liter\u00e0ria en Entorns Pluriling\u00fces (LLERA), finan\u00e7ada pels Departaments d&#8217;Educaci\u00f3 i d&#8217;Universitats de la Generalitat de Catalunya (2006-2009). Ha participat en diversos projectes d&#8217;investigaci\u00f3, aix\u00ed com tamb\u00e9 en programes europeus de formaci\u00f3 de professorat de lleng\u00fces.<br \/>\nHa participat, des del seu inici (1995-96), com a professora de L\u2019ensenyament de la composici\u00f3 escrita, en el programa de Doctorat de Did\u00e0ctica de la Llengua i la Literatura, coordinat pel Departament de Did\u00e0ctica de la Llengua i la Literatura de la UAB, programa que ha obtingut la Menci\u00f3 de Qualitat consecutivament des del curs 2006-07. Actualment imparteix doc\u00e8ncia sobre aquest mateix tema en el m\u00f2dul amb el mateix t\u00edtol, del qual assumeix la coordinaci\u00f3, i sobre Metodologia de Recerca en Did\u00e0ctica de la Llengua i la Literatura (marc general) en el M\u00e0ster Oficial de Recerca en Did\u00e0ctica de la Llengua i la Literatura organitzat pel mateix departament de la UAB.<\/p>\n<p class=\"rtejustify\"><img loading=\"lazy\" decoding=\"async\" class=\" size-full wp-image-148\" alt=\"llibret.fw__0.png\" src=\"https:\/\/webs.uab.cat\/greal\/wp-content\/uploads\/sites\/69\/2017\/12\/llibret.fw__0.png\" style=\"width:50px;height:50px;\" width=\"50\" height=\"50\"><a href=\"http:\/\/grupsderecerca.uab.cat\/greal\/ca\/content\/publicacions-marta-milian-gubern\">Publicacions<\/a><\/p>\n","protected":false},"excerpt":{"rendered":"<p>Professora de la Universitat Aut\u00f2noma de Barcelona Adre\u00e7a electr\u00f2nica: marta.milian@uab.cat Marta Milian Gubern \u00e9s Llicenciada en Filologia (Idiomes Moderns) i en Filologia Catalana per la Universitat de Barcelona, i Doctora en Filosofia i Lletres per la Universitat Aut\u00f2noma de Barcelona. \u00c9s docent de la Facultat de Ci\u00e8ncies de l&#8217;Educaci\u00f3 de la Universitat Aut\u00f2noma de Barcelona [&hellip;]<\/p>\n","protected":false},"author":20,"featured_media":0,"parent":0,"menu_order":0,"comment_status":"closed","ping_status":"closed","template":"","meta":{"footnotes":""},"class_list":["post-156","page","type-page","status-publish","hentry"],"_links":{"self":[{"href":"https:\/\/webs.uab.cat\/greal\/wp-json\/wp\/v2\/pages\/156","targetHints":{"allow":["GET"]}}],"collection":[{"href":"https:\/\/webs.uab.cat\/greal\/wp-json\/wp\/v2\/pages"}],"about":[{"href":"https:\/\/webs.uab.cat\/greal\/wp-json\/wp\/v2\/types\/page"}],"author":[{"embeddable":true,"href":"https:\/\/webs.uab.cat\/greal\/wp-json\/wp\/v2\/users\/20"}],"replies":[{"embeddable":true,"href":"https:\/\/webs.uab.cat\/greal\/wp-json\/wp\/v2\/comments?post=156"}],"version-history":[{"count":1,"href":"https:\/\/webs.uab.cat\/greal\/wp-json\/wp\/v2\/pages\/156\/revisions"}],"predecessor-version":[{"id":306,"href":"https:\/\/webs.uab.cat\/greal\/wp-json\/wp\/v2\/pages\/156\/revisions\/306"}],"wp:attachment":[{"href":"https:\/\/webs.uab.cat\/greal\/wp-json\/wp\/v2\/media?parent=156"}],"curies":[{"name":"wp","href":"https:\/\/api.w.org\/{rel}","templated":true}]}}