{"id":161,"date":"2017-12-11T13:43:57","date_gmt":"2017-12-11T13:43:57","guid":{"rendered":"https:\/\/webs.uab.cat\/greal\/felipe-zayas-hernando\/"},"modified":"2022-07-26T17:20:50","modified_gmt":"2022-07-26T17:20:50","slug":"felipe-zayas-hernando","status":"publish","type":"page","link":"https:\/\/webs.uab.cat\/greal\/felipe-zayas-hernando\/","title":{"rendered":"Felipe Zayas Hernando"},"content":{"rendered":"<p class=\"rtejustify\"><img loading=\"lazy\" decoding=\"async\" class=\" size-full wp-image-158\" alt=\"fzayas_1.jpg\" src=\"https:\/\/webs.uab.cat\/greal\/wp-content\/uploads\/sites\/69\/2017\/12\/fzayas_1.jpg\" style=\"width:184px; height:184px; float:left\" width=\"184\" height=\"184\" srcset=\"https:\/\/webs.uab.cat\/greal\/wp-content\/uploads\/sites\/69\/2017\/12\/fzayas_1.jpg 184w, https:\/\/webs.uab.cat\/greal\/wp-content\/uploads\/sites\/69\/2017\/12\/fzayas_1-150x150.jpg 150w\" sizes=\"auto, (max-width: 184px) 100vw, 184px\" \/>Catedr\u00e0tic d&#8217;Educaci\u00f3 Secund\u00e0ria i&nbsp;professor al M\u00e0ster d\u2019 Educaci\u00f3 Secund\u00e0ria a la Universitat de Val\u00e8ncia<\/p>\n<p class=\"rtejustify\">Adre\u00e7a electr\u00f2nica:&nbsp;<a href=\"mailto:Felipe.Zayas@uv.es\">Felipe.Zayas@uv.es<\/a><\/p>\n<p class=\"rtejustify\">Twitter: @fzayas<\/p>\n<p class=\"rtejustify\">Llicenciat en Filosofia i Lletres per la Universitat de Val\u00e8ncia. Catedr\u00e0tic d\u2019 Educaci\u00f3 Secund\u00e0ria, professor de Lengua castellana y Literatura des de 1977 i professor al M\u00e0ster d\u2019 Educaci\u00f3 Secund\u00e0ria, a la Universitat de Val\u00e8ncia, entre 2009 i2012. Membre dels equips redactors del curr\u00edculum de Castellano: Lengua y Literatura i de Lengua castellana y Literatura (ESO) a la Conselleria d\u2019Educaci\u00f3 de la Generalitat Valenciana i al Ministerio de Educaci\u00f3n. Autor de materials did\u00e0ctics i de diverses publicacions, ponent en cursos de formaci\u00f3 del profesorat en temes de did\u00e0ctica de la llengua i de la literatura i de l\u2019 \u00fas de les TIC. Membre del consell assessor de les revistas Textos de Did\u00e1ctica de la Lengua y de la Literatura i Aula de Innovaci\u00f3n Educativa.<\/p>\n<p><img loading=\"lazy\" decoding=\"async\" class=\" size-full wp-image-123\" alt=\"llibret.fw__2.png\" src=\"https:\/\/webs.uab.cat\/greal\/wp-content\/uploads\/sites\/69\/2017\/12\/llibret.fw__2.png\" style=\"width:50px;height:50px;\" width=\"50\" height=\"50\"><a href=\"http:\/\/grupsderecerca.uab.cat\/greal\/ca\/content\/publicacions-felipe-zayas-hernando\">Publicacions<\/a><\/p>\n","protected":false},"excerpt":{"rendered":"<p>Catedr\u00e0tic d&#8217;Educaci\u00f3 Secund\u00e0ria i&nbsp;professor al M\u00e0ster d\u2019 Educaci\u00f3 Secund\u00e0ria a la Universitat de Val\u00e8ncia Adre\u00e7a electr\u00f2nica:&nbsp;Felipe.Zayas@uv.es Twitter: @fzayas Llicenciat en Filosofia i Lletres per la Universitat de Val\u00e8ncia. Catedr\u00e0tic d\u2019 Educaci\u00f3 Secund\u00e0ria, professor de Lengua castellana y Literatura des de 1977 i professor al M\u00e0ster d\u2019 Educaci\u00f3 Secund\u00e0ria, a la Universitat de Val\u00e8ncia, entre 2009 [&hellip;]<\/p>\n","protected":false},"author":20,"featured_media":0,"parent":0,"menu_order":0,"comment_status":"closed","ping_status":"closed","template":"","meta":{"footnotes":""},"class_list":["post-161","page","type-page","status-publish","hentry"],"_links":{"self":[{"href":"https:\/\/webs.uab.cat\/greal\/wp-json\/wp\/v2\/pages\/161","targetHints":{"allow":["GET"]}}],"collection":[{"href":"https:\/\/webs.uab.cat\/greal\/wp-json\/wp\/v2\/pages"}],"about":[{"href":"https:\/\/webs.uab.cat\/greal\/wp-json\/wp\/v2\/types\/page"}],"author":[{"embeddable":true,"href":"https:\/\/webs.uab.cat\/greal\/wp-json\/wp\/v2\/users\/20"}],"replies":[{"embeddable":true,"href":"https:\/\/webs.uab.cat\/greal\/wp-json\/wp\/v2\/comments?post=161"}],"version-history":[{"count":1,"href":"https:\/\/webs.uab.cat\/greal\/wp-json\/wp\/v2\/pages\/161\/revisions"}],"predecessor-version":[{"id":307,"href":"https:\/\/webs.uab.cat\/greal\/wp-json\/wp\/v2\/pages\/161\/revisions\/307"}],"wp:attachment":[{"href":"https:\/\/webs.uab.cat\/greal\/wp-json\/wp\/v2\/media?parent=161"}],"curies":[{"name":"wp","href":"https:\/\/api.w.org\/{rel}","templated":true}]}}