{"id":171,"date":"2017-12-11T13:51:42","date_gmt":"2017-12-11T13:51:42","guid":{"rendered":"https:\/\/webs.uab.cat\/greal\/marina-casadella\/"},"modified":"2022-07-26T17:21:11","modified_gmt":"2022-07-26T17:21:11","slug":"marina-casadella","status":"publish","type":"page","link":"https:\/\/webs.uab.cat\/greal\/marina-casadella\/","title":{"rendered":"Marina Casadell\u00e0"},"content":{"rendered":"<p class=\"rtejustify\"><img loading=\"lazy\" decoding=\"async\" class=\" size-full wp-image-168\" alt=\"casadella.jpg\" src=\"https:\/\/webs.uab.cat\/greal\/wp-content\/uploads\/sites\/69\/2017\/12\/casadella.jpg\" style=\"width:184px; height:184px; float:left\" width=\"184\" height=\"184\" srcset=\"https:\/\/webs.uab.cat\/greal\/wp-content\/uploads\/sites\/69\/2017\/12\/casadella.jpg 184w, https:\/\/webs.uab.cat\/greal\/wp-content\/uploads\/sites\/69\/2017\/12\/casadella-150x150.jpg 150w\" sizes=\"auto, (max-width: 184px) 100vw, 184px\" \/>Bec\u00e0ria PIF del Grup GREAL de la Universitat Aut\u00f2noma de Barcelona<\/p>\n<p class=\"rtejustify\">Adre\u00e7a electr\u00f2nica: marina.casadella@uab.cat<br \/>\nLlicenciada en Pedagogia per la UAB (2012). Va seguir els seus estudis cursant el M\u00e0ster de Recerca en Did\u00e0ctica de la Llengua i la Literatura a la mateixa universitat, on va presentar el Treball de Final de M\u00e0ster El tractament integrat del verb a les assignatures de llengua catalana i llengua castellana a 2n d\u2019ESO (2013), dirigit pel professor Oriol Guasch.&nbsp;<\/p>\n<p class=\"rtejustify\">Actualment, forma part del grup GREAL com a bec\u00e0ria PIF (Personal d\u2019Investigaci\u00f3 en Formaci\u00f3) de la UAB, combinant la col\u00b7laboraci\u00f3 amb el grup de recerca, la doc\u00e8ncia universit\u00e0ria i els estudis de Doctorat. La seva Tesi Doctoral en curs, dirigida pels professors Xavier Fontich i Teresa Ribas, porta per t\u00edtol La formaci\u00f3 continuada del professorat de secund\u00e0ria en un context de comunitat d&#8217;aprenentatge. Un estudi de cas sobre les concepcions dels docents al voltant de l&#8217;avaluaci\u00f3 en l&#8217;ensenyament i l&#8217;aprenentatge de la composici\u00f3 escrita.<\/p>\n<p class=\"rtejustify\"><img loading=\"lazy\" decoding=\"async\" class=\" size-full wp-image-123\" alt=\"llibret.fw__2.png\" src=\"https:\/\/webs.uab.cat\/greal\/wp-content\/uploads\/sites\/69\/2017\/12\/llibret.fw__2.png\" style=\"width:50px;height:50px;\" width=\"50\" height=\"50\"><a href=\"http:\/\/grupsderecerca.uab.cat\/greal\/ca\/content\/publicacions-marina-casadell%C3%A0\">Publicacions<\/a><\/p>\n","protected":false},"excerpt":{"rendered":"<p>Bec\u00e0ria PIF del Grup GREAL de la Universitat Aut\u00f2noma de Barcelona Adre\u00e7a electr\u00f2nica: marina.casadella@uab.cat Llicenciada en Pedagogia per la UAB (2012). Va seguir els seus estudis cursant el M\u00e0ster de Recerca en Did\u00e0ctica de la Llengua i la Literatura a la mateixa universitat, on va presentar el Treball de Final de M\u00e0ster El tractament integrat [&hellip;]<\/p>\n","protected":false},"author":20,"featured_media":0,"parent":0,"menu_order":0,"comment_status":"closed","ping_status":"closed","template":"","meta":{"footnotes":""},"class_list":["post-171","page","type-page","status-publish","hentry"],"_links":{"self":[{"href":"https:\/\/webs.uab.cat\/greal\/wp-json\/wp\/v2\/pages\/171","targetHints":{"allow":["GET"]}}],"collection":[{"href":"https:\/\/webs.uab.cat\/greal\/wp-json\/wp\/v2\/pages"}],"about":[{"href":"https:\/\/webs.uab.cat\/greal\/wp-json\/wp\/v2\/types\/page"}],"author":[{"embeddable":true,"href":"https:\/\/webs.uab.cat\/greal\/wp-json\/wp\/v2\/users\/20"}],"replies":[{"embeddable":true,"href":"https:\/\/webs.uab.cat\/greal\/wp-json\/wp\/v2\/comments?post=171"}],"version-history":[{"count":1,"href":"https:\/\/webs.uab.cat\/greal\/wp-json\/wp\/v2\/pages\/171\/revisions"}],"predecessor-version":[{"id":309,"href":"https:\/\/webs.uab.cat\/greal\/wp-json\/wp\/v2\/pages\/171\/revisions\/309"}],"wp:attachment":[{"href":"https:\/\/webs.uab.cat\/greal\/wp-json\/wp\/v2\/media?parent=171"}],"curies":[{"name":"wp","href":"https:\/\/api.w.org\/{rel}","templated":true}]}}