{"id":176,"date":"2017-12-11T13:57:25","date_gmt":"2017-12-11T13:57:25","guid":{"rendered":"https:\/\/webs.uab.cat\/greal\/mariona-casas-i-deseures\/"},"modified":"2022-07-26T17:21:21","modified_gmt":"2022-07-26T17:21:21","slug":"mariona-casas-i-deseures","status":"publish","type":"page","link":"https:\/\/webs.uab.cat\/greal\/mariona-casas-i-deseures\/","title":{"rendered":"Mariona Casas i Deseures"},"content":{"rendered":"<p class=\"rtejustify\"><img loading=\"lazy\" decoding=\"async\" class=\" size-full wp-image-173\" alt=\"mariona_casas_0_0.jpg\" src=\"https:\/\/webs.uab.cat\/greal\/wp-content\/uploads\/sites\/69\/2017\/12\/mariona_casas_0_0.jpg\" style=\"width:184px; height:184px; float:left\" width=\"184\" height=\"184\" srcset=\"https:\/\/webs.uab.cat\/greal\/wp-content\/uploads\/sites\/69\/2017\/12\/mariona_casas_0_0.jpg 184w, https:\/\/webs.uab.cat\/greal\/wp-content\/uploads\/sites\/69\/2017\/12\/mariona_casas_0_0-150x150.jpg 150w\" sizes=\"auto, (max-width: 184px) 100vw, 184px\" \/>Professora de la Universitat de Vic<\/p>\n<p class=\"rtejustify\">Adre\u00e7a electr\u00f2nica: mariona.casas@uvic.cat<br \/>\nDoctora en Did\u00e0ctica de la Llengua i la Literatura amb la tesi La construcci\u00f3 del coneixement sobre els valors del temps verbal del present a l\u2019educaci\u00f3 prim\u00e0ria. Un estudi de cas sobre l\u2019\u00fas ling\u00fc\u00edstic, la reflexi\u00f3 gramatical i la interacci\u00f3 en l\u2019ensenyament-aprenentatge de la llengua, dirigida per la Dra. Marta Milian (UAB, 2012).<\/p>\n<p class=\"rtejustify\">Professora agregada del Departament de Filologia i de Did\u00e0ctica de la Llengua i de la Literatura de la Facultat d\u2019Educaci\u00f3, Traducci\u00f3 i Ci\u00e8ncies Humanes de la Universitat de Vic (UVic), participa en el grup de recerca d\u2019Ensenyament i Aprenentatge de Lleng\u00fces (GREAL, UAB) i en el grup de recerca en Educaci\u00f3, Llenguatge i Literatura (GRELL, UVic). \u00c9s autora de diverses publicacions vinculades a les seg\u00fcents l\u00ednies de recerca: did\u00e0ctica de la gram\u00e0tica i la formaci\u00f3 ling\u00fc\u00edstica i discursiva del professorat de lleng\u00fces.<\/p>\n<p class=\"rtejustify\">Llicenciada en Periodisme i en Humanitats, t\u00e9 el certificat de Professional de la Llengua (K) de la Junta Permanent de Catal\u00e0 i ha estat professora col\u00b7laboradora del Consorci per a la Normalitzaci\u00f3 Ling\u00fc\u00edstica.<\/p>\n<p><img loading=\"lazy\" decoding=\"async\" class=\" size-full wp-image-123\" alt=\"llibret.fw__2.png\" src=\"https:\/\/webs.uab.cat\/greal\/wp-content\/uploads\/sites\/69\/2017\/12\/llibret.fw__2.png\" style=\"width:50px;height:50px;\" width=\"50\" height=\"50\"><a href=\"http:\/\/grupsderecerca.uab.cat\/greal\/ca\/content\/publicacions-marina-casas-i-deseures\">Publicacions<\/a><\/p>\n","protected":false},"excerpt":{"rendered":"<p>Professora de la Universitat de Vic Adre\u00e7a electr\u00f2nica: mariona.casas@uvic.cat Doctora en Did\u00e0ctica de la Llengua i la Literatura amb la tesi La construcci\u00f3 del coneixement sobre els valors del temps verbal del present a l\u2019educaci\u00f3 prim\u00e0ria. Un estudi de cas sobre l\u2019\u00fas ling\u00fc\u00edstic, la reflexi\u00f3 gramatical i la interacci\u00f3 en l\u2019ensenyament-aprenentatge de la llengua, dirigida [&hellip;]<\/p>\n","protected":false},"author":20,"featured_media":0,"parent":0,"menu_order":0,"comment_status":"closed","ping_status":"closed","template":"","meta":{"footnotes":""},"class_list":["post-176","page","type-page","status-publish","hentry"],"_links":{"self":[{"href":"https:\/\/webs.uab.cat\/greal\/wp-json\/wp\/v2\/pages\/176","targetHints":{"allow":["GET"]}}],"collection":[{"href":"https:\/\/webs.uab.cat\/greal\/wp-json\/wp\/v2\/pages"}],"about":[{"href":"https:\/\/webs.uab.cat\/greal\/wp-json\/wp\/v2\/types\/page"}],"author":[{"embeddable":true,"href":"https:\/\/webs.uab.cat\/greal\/wp-json\/wp\/v2\/users\/20"}],"replies":[{"embeddable":true,"href":"https:\/\/webs.uab.cat\/greal\/wp-json\/wp\/v2\/comments?post=176"}],"version-history":[{"count":1,"href":"https:\/\/webs.uab.cat\/greal\/wp-json\/wp\/v2\/pages\/176\/revisions"}],"predecessor-version":[{"id":310,"href":"https:\/\/webs.uab.cat\/greal\/wp-json\/wp\/v2\/pages\/176\/revisions\/310"}],"wp:attachment":[{"href":"https:\/\/webs.uab.cat\/greal\/wp-json\/wp\/v2\/media?parent=176"}],"curies":[{"name":"wp","href":"https:\/\/api.w.org\/{rel}","templated":true}]}}